{"id":7525,"date":"2019-06-19T14:36:32","date_gmt":"2019-06-19T12:36:32","guid":{"rendered":"https:\/\/minesup.gov.cm\/?page_id=7525"},"modified":"2022-08-26T13:21:31","modified_gmt":"2022-08-26T12:21:31","slug":"institut-universitaire-agricole-de-management-des-metiers-de-la-production","status":"publish","type":"page","link":"https:\/\/www.minesup.gov.cm\/index.php\/centre\/institut-universitaire-agricole-de-management-des-metiers-de-la-production\/","title":{"rendered":"Institut Universitaire Agricole de Management des M\u00e9tiers de la Production (IUAMMP)"},"content":{"rendered":"<p style=\"text-align: center;\"><strong>INFORMATIONS D&rsquo;IDENTIFICATION<\/strong><\/p>\n<p style=\"text-align: justify;\"><strong>Nom de l\u2019institution\u00a0<\/strong>: Institut Universitaire Agricole de Management des M\u00e9tiers de la Production (IUAMMP)<br \/><strong>Nom du promoteur<\/strong>\u00a0: KENGNE NOTONG Jules L\u00e9a<br \/><strong>R\u00e9gion\u00a0<\/strong>: Centre<br \/><strong>D\u00e9partement\u00a0<\/strong>: Mfoundi<br \/><strong>Arrondissement\u00a0<\/strong>: Yaound\u00e9 5<br \/><strong>Site de localisation\u00a0<\/strong>: Ngousso, Ngoulmekong Petit March\u00e9 Fourgeole, Route Stade Olemb\u00e9<br \/><strong>Adresse postale<\/strong> : Poste Centrale Yaound\u00e9<br \/><strong>B.P<\/strong>. : 11894<br \/><strong>T\u00e9l\u00e9phone <\/strong>: +237 696 75 78 07\u00a0\u00a0 \/\u00a0\u00a0\u00a0 677 69 47 52<br \/><strong>Email<\/strong> : <a href=\"mailto:universiteagricole@gmail.com\">universiteagricole@gmail.com<\/a>\u00a0<br \/><strong>Site web<\/strong> : <a href=\"http:\/\/www.uammp.org\">www.uammp.org<\/a>\u00a0<br \/><strong>Adresse dans les r\u00e9seaux sociaux\u00a0<\/strong>: <a href=\"https:\/\/www.facebook.com\/profile.php?id=100009515034334\" target=\"_blank\" rel=\"noopener\">1- <\/a><em><a href=\"https:\/\/www.facebook.com\/profile.php?id=100009515034334\" target=\"_blank\" rel=\"noopener\">Universit\u00e9 Agricole Afrique<\/a> ; 2- <a href=\"https:\/\/www.facebook.com\/collegesuperieuragricole\" target=\"_blank\" rel=\"noopener\">Coll\u00e8ge Sup\u00e9rieur Agricole de Management des M\u00e9tiers de la Production<\/a> ; 3- <a href=\"https:\/\/www.facebook.com\/institutunivseritairedesarts\" target=\"_blank\" rel=\"noopener\">Institut Universitaire des Arts et M\u00e9tiers<\/a> ; 4- <a href=\"https:\/\/www.facebook.com\/profile.php?id=100065119113735\" target=\"_blank\" rel=\"noopener\">Ecole sup\u00e9rieure des sciences \u00e9conomique, juridiques et sociales<\/a><\/em><\/p>\n<p style=\"text-align: center;\"><strong>\u00a0INFORMATIONS SUR LE STATUT D\u2019ACCR\u00c9DITATION<\/strong><\/p>\n<p style=\"text-align: justify;\"><strong>Arr\u00eat\u00e9s portant cr\u00e9ation <\/strong>: N\u00b013\/0407\/MINESUP\/SG\/DDES du 10 septembre 2013<br \/><strong>Autorisation d\u2019ouverture<\/strong>\u00a0: N\u00b013\/01147\/N\/MINESUP\/DDES\/ESUP\/SAC\/NJE\/ebm du 28 f\u00e9vrier 2013<\/p>\n<p style=\"text-align: center;\"><strong>FILI\u00c8RES, SP\u00c9CIALIT\u00c9S ET DIPL\u00d4MES AUTORIS\u00c9ES<\/strong><\/p>\n<ul style=\"text-align: justify;\">\n<li><strong><em>Coll\u00e8ge Sup\u00e9rieur de Management des m\u00e9tiers de la production (CSAMMP)<\/em><\/strong><\/li>\n<\/ul>\n<p><strong>Dipl\u00f4me Licence <\/strong> <br \/><strong><u>Fili\u00e8re 1<\/u><\/strong><strong>\u00a0: <\/strong>G\u00e9nie Agricole et Agrobusiness <br \/><strong><u>Fili\u00e8re 2<\/u><\/strong><strong>\u00a0:<\/strong> G\u00e9nie Pastoral <br \/><strong><u>Fili\u00e8re 3 :<\/u><\/strong>\u00a0G\u00e9nie Agroalimentaire <br \/><strong><u>Fili\u00e8re 4<\/u><\/strong><strong>\u00a0:<\/strong> G\u00e9nie et Economie Rurale <br \/><strong><u>Fili\u00e8re 5<\/u><\/strong><strong>\u00a0: <\/strong>Sciences Environnementales<\/p>\n<ul style=\"text-align: justify;\">\n<li><strong><em>Institut Universitaire des Arts et M\u00e9tiers (IUAM)<\/em><\/strong><\/li>\n<\/ul>\n<p><strong>Dipl\u00f4me Licence\u00a0 <\/strong> <br \/><strong><u>Fili\u00e8re1<\/u><\/strong>\u00a0: H\u00f4tellerie et Tourisme <br \/><strong><u>Fili\u00e8re 2<\/u><\/strong>\u00a0: G\u00e9nie Informatique et T\u00e9l\u00e9communication <br \/><strong><u>Fili\u00e8re 3<\/u><\/strong><strong>\u00a0: <\/strong>G\u00e9nie Industriel <br \/><strong><u>Fili\u00e8re 4<\/u><\/strong><strong>\u00a0: <\/strong>G\u00e9nie Civil <br \/><strong><u>Fili\u00e8re 5<\/u><\/strong><strong>\u00a0: <\/strong>Industrie d\u2019Habillement<\/p>\n<p><strong>Dipl\u00f4me BTS <\/strong> <br \/><strong><u>Fili\u00e8re 1<\/u><\/strong><strong>\u00a0: Touristique et Sociale<\/strong> <br \/><strong><u>Sp\u00e9cialit\u00e9<\/u><\/strong> : H\u00f4tellerie et restauration \u2013 Tourisme et Loisir &#8211; Gestion Logistique et Transport <br \/><strong><u>Fili\u00e8re 2<\/u><\/strong><strong>\u00a0: Commerciale et de Gestion<\/strong> <br \/><strong><u>Sp\u00e9cialit\u00e9<\/u><\/strong> : Gestion Logistique et Transport<\/p>\n<ul style=\"text-align: justify;\">\n<li><strong><em>Ecole Sup\u00e9rieure des Sciences Economiques, Juridiques et Sociales<\/em><\/strong><\/li>\n<\/ul>\n<p><strong>Dipl\u00f4me Licence<\/strong> <br \/><strong><u>Fili\u00e8re 1<\/u><\/strong><strong>\u00a0:<\/strong> Business Administration <br \/><strong><u>Fili\u00e8re 2<\/u><\/strong><strong>\u00a0: <\/strong>Management des Sports <br \/><strong><u>Fili\u00e8re 3<\/u><\/strong><strong>\u00a0: <\/strong>Sciences Sociales <br \/><strong><u>Fili\u00e8re 4<\/u><\/strong><strong>\u00a0: <\/strong>Sciences de l\u2019Information et de la Communication <br \/><strong><u>Fili\u00e8re 5<\/u><\/strong><strong>\u00a0: <\/strong>Sciences Juridiques<\/p>\n<p style=\"text-align: justify;\"><strong>Dipl\u00f4me\u00a0: BTS<\/strong><br \/><strong><u>Fili\u00e8re<\/u><\/strong><strong> : Commerciale et de Gestion<\/strong><br \/><strong><u>Sp\u00e9cialit\u00e9s<\/u><\/strong> : Banque &#8211; Action Commerciale &#8211; Commerce International &#8211; Comptabilit\u00e9 et Gestion des Entreprises &#8211; Informatique de Gestion.<\/p>\n<p style=\"text-align: justify;\"><strong>Dipl\u00f4me\u00a0: DSEP<\/strong><br \/><strong><u>Fili\u00e8re 1<\/u><\/strong><strong> : Marketing, Commerce Vente<\/strong><br \/><strong><u>Fili\u00e8re 2<\/u><\/strong><strong> : Finance et Comptabilit\u00e9<\/strong><br \/><strong><u>Fili\u00e8re 3<\/u><\/strong><strong> : Expertise Comptable<\/strong><br \/><strong><u>Fili\u00e8re 4<\/u><\/strong><strong> : Gestions des Entreprises et des Administrations<\/strong><br \/><u>Sp\u00e9cialit\u00e9<\/u> : Ressources Humaines.<\/p>\n<p>\u00a0<\/p>\n\n\n<p><\/p>\n","protected":false},"excerpt":{"rendered":"<p>&#46;&#46;&#46;<\/p>\n","protected":false},"author":2,"featured_media":0,"parent":1728,"menu_order":0,"comment_status":"closed","ping_status":"closed","template":"","meta":[],"_links":{"self":[{"href":"https:\/\/www.minesup.gov.cm\/index.php\/wp-json\/wp\/v2\/pages\/7525"}],"collection":[{"href":"https:\/\/www.minesup.gov.cm\/index.php\/wp-json\/wp\/v2\/pages"}],"about":[{"href":"https:\/\/www.minesup.gov.cm\/index.php\/wp-json\/wp\/v2\/types\/page"}],"author":[{"embeddable":true,"href":"https:\/\/www.minesup.gov.cm\/index.php\/wp-json\/wp\/v2\/users\/2"}],"replies":[{"embeddable":true,"href":"https:\/\/www.minesup.gov.cm\/index.php\/wp-json\/wp\/v2\/comments?post=7525"}],"version-history":[{"count":0,"href":"https:\/\/www.minesup.gov.cm\/index.php\/wp-json\/wp\/v2\/pages\/7525\/revisions"}],"up":[{"embeddable":true,"href":"https:\/\/www.minesup.gov.cm\/index.php\/wp-json\/wp\/v2\/pages\/1728"}],"wp:attachment":[{"href":"https:\/\/www.minesup.gov.cm\/index.php\/wp-json\/wp\/v2\/media?parent=7525"}],"curies":[{"name":"wp","href":"https:\/\/api.w.org\/{rel}","templated":true}]}}