{"id":7531,"date":"2019-06-19T14:40:37","date_gmt":"2019-06-19T12:40:37","guid":{"rendered":"https:\/\/minesup.gov.cm\/?page_id=7531"},"modified":"2019-06-24T06:34:56","modified_gmt":"2019-06-24T04:34:56","slug":"institut-superieur-des-sciences-et-techniques-de-yaounde-issty","status":"publish","type":"page","link":"https:\/\/www.minesup.gov.cm\/index.php\/centre\/institut-superieur-des-sciences-et-techniques-de-yaounde-issty\/","title":{"rendered":"Institut Sup\u00e9rieur des Sciences et Techniques de Yaound\u00e9 (ISSTY)"},"content":{"rendered":"<p style=\"text-align: center;\"><strong>INFORMATIONS D\u2019IDENTIFICATION<\/strong><\/p>\n<p style=\"text-align: justify;\"><strong>Nom de l\u2019institution\u00a0<\/strong>: Institut Sup\u00e9rieur des Sciences et Techniques de Yaound\u00e9 (ISSTY)<br \/>\n<strong>Nom du promoteur<\/strong>\u00a0: ZINGUI MESSOMO Xavier<br \/>\n<strong>R\u00e9gion\u00a0<\/strong>: Centre<br \/>\n<strong>D\u00e9partement\u00a0<\/strong>: Mfoundi<br \/>\n<strong>Arrondissement\u00a0<\/strong>: Yaound\u00e9<br \/>\n<strong>Site de localisation\u00a0<\/strong>: Nyom<br \/>\n<strong>Adresse postale<\/strong>\u00a0:<br \/>\n<strong>B.P<\/strong>. : 5988<br \/>\n<strong>T\u00e9l\u00e9phone\u00a0<\/strong>: 699\u00a0669\u00a0624 \/ 22 20 92 93<br \/>\n<strong>Email<\/strong>\u00a0:<br \/>\n<strong>Site web<\/strong>\u00a0:<br \/>\n<strong>Adresse dans les r\u00e9seaux sociaux\u00a0<\/strong>:<\/p>\n<p style=\"text-align: center;\"><strong>INFORMATIONS SUR LE STATUT D\u2019ACCR\u00c9DITATION<\/strong><\/p>\n<p style=\"text-align: justify;\"><strong>Arr\u00eat\u00e9s portant cr\u00e9ation <\/strong>: N\u00b015\/06811\/L\/MINESUP\/SG\/DDES\/ESUP\/SDA\/LMN du\u00a0 16 juillet 2015<br \/>\n<strong>Autorisation d\u2019ouverture<\/strong>\u00a0: N\u00b015\/06811\/L\/MINESUP\/SG\/DDES\/ESUP\/SDA\/LMN du 16 juillet 2015<\/p>\n<p style=\"text-align: center;\"><strong>FILI\u00c8RES, SP\u00c9CIALIT\u00c9S ET DIPL\u00d4MES AUTORIS\u00c9ES<\/strong><\/p>\n<ul>\n<li><strong><em>Institut Sup\u00e9rieur des Sciences et Techniques de Yaound\u00e9 (ISSTY)<\/em><\/strong><\/li>\n<\/ul>\n<p><strong>Dipl\u00f4me\u00a0: HND<\/strong><br \/>\n<strong><u>Fili\u00e8re 1<\/u><\/strong><strong>\u00a0: <\/strong><strong>Agricultural and Food Sciences <\/strong><br \/>\n<strong><u>Sp\u00e9cialit\u00e9<\/u><\/strong><strong>\u00a0:<\/strong> Agro pastoral Entrepreunership.<br \/>\n<strong><u>Fili\u00e8re 2<\/u><\/strong><strong>\u00a0: <\/strong><strong>Medical and Biomedical Sciences<\/strong><br \/>\n<strong><u>Sp\u00e9cialit\u00e9s<\/u><\/strong><strong>\u00a0:<\/strong> Health care management &#8211; Midwifery\u00a0&#8211; Medical laboratory studies.<br \/>\n<strong><u>Fili\u00e8re 3<\/u><\/strong><strong>\u00a0: <\/strong><strong>Computer Engineering<\/strong><br \/>\n<strong><u>Sp\u00e9cialit\u00e9<\/u><\/strong><strong>\u00a0:<\/strong> Computer maintenance.<br \/>\n<strong><u>Fili\u00e8re 3<\/u><\/strong><strong>\u00a0: <\/strong><strong>Network and Telecommunication<\/strong><br \/>\n<strong><u>Sp\u00e9cialit\u00e9<\/u><\/strong><strong>\u00a0: <\/strong>Telecommunications.<\/p>\n<ul>\n<li><strong><em>Institut Sup\u00e9rieur des Sciences Economiques et de Gestion (ISSEG)<\/em><\/strong><\/li>\n<\/ul>\n<p><strong>Dipl\u00f4me\u00a0: HND<\/strong><br \/>\n<strong><u>Fili\u00e8re 1<\/u><\/strong><strong>\u00a0: <\/strong><strong>Business and Finance<\/strong><br \/>\n<strong><u>Sp\u00e9cialit\u00e9<\/u><\/strong><strong>\u00a0: <\/strong>Accountancy.<br \/>\n<strong><u>Fili\u00e8re 2<\/u><\/strong><strong>\u00a0: <\/strong><strong>Management<\/strong><br \/>\n<strong><u>Sp\u00e9cialit\u00e9<\/u><\/strong><strong>\u00a0:<\/strong> Project Management.<\/p>\n","protected":false},"excerpt":{"rendered":"<p>&#46;&#46;&#46;<\/p>\n","protected":false},"author":2,"featured_media":0,"parent":1728,"menu_order":0,"comment_status":"closed","ping_status":"closed","template":"","meta":[],"_links":{"self":[{"href":"https:\/\/www.minesup.gov.cm\/index.php\/wp-json\/wp\/v2\/pages\/7531"}],"collection":[{"href":"https:\/\/www.minesup.gov.cm\/index.php\/wp-json\/wp\/v2\/pages"}],"about":[{"href":"https:\/\/www.minesup.gov.cm\/index.php\/wp-json\/wp\/v2\/types\/page"}],"author":[{"embeddable":true,"href":"https:\/\/www.minesup.gov.cm\/index.php\/wp-json\/wp\/v2\/users\/2"}],"replies":[{"embeddable":true,"href":"https:\/\/www.minesup.gov.cm\/index.php\/wp-json\/wp\/v2\/comments?post=7531"}],"version-history":[{"count":0,"href":"https:\/\/www.minesup.gov.cm\/index.php\/wp-json\/wp\/v2\/pages\/7531\/revisions"}],"up":[{"embeddable":true,"href":"https:\/\/www.minesup.gov.cm\/index.php\/wp-json\/wp\/v2\/pages\/1728"}],"wp:attachment":[{"href":"https:\/\/www.minesup.gov.cm\/index.php\/wp-json\/wp\/v2\/media?parent=7531"}],"curies":[{"name":"wp","href":"https:\/\/api.w.org\/{rel}","templated":true}]}}