{"id":7775,"date":"2019-06-24T11:13:41","date_gmt":"2019-06-24T09:13:41","guid":{"rendered":"https:\/\/minesup.gov.cm\/?page_id=7775"},"modified":"2019-06-25T23:18:41","modified_gmt":"2019-06-25T21:18:41","slug":"bamenda-university-institute-of-science-and-technology-buist","status":"publish","type":"page","link":"https:\/\/www.minesup.gov.cm\/index.php\/region-nord-ouest\/bamenda-university-institute-of-science-and-technology-buist\/","title":{"rendered":"Bamenda University Institute of Science and Technology (BUIST)"},"content":{"rendered":"<p style=\"text-align: center;\"><strong>INFORMATIONS D\u2019IDENTIFICATION<\/strong><\/p>\n<p style=\"text-align: justify;\"><strong>Nom de l\u2019institution\u00a0<\/strong>: Bamenda University Institute of Science and Technology (BUIST)<br \/>\n<strong>Nom du promoteur<\/strong>\u00a0: <em>Anna FONCHA<\/em><br \/>\n<strong>R\u00e9gion\u00a0<\/strong>: Nord-Ouest<br \/>\n<strong>D\u00e9partement\u00a0<\/strong>: Mezam<br \/>\n<strong>Arrondissement\u00a0<\/strong>: Bamenda 3<br \/>\n<strong>Site de localisation\u00a0<\/strong>: Bamenda (Mile 3 Nkwen)<br \/>\n<strong>Adresse postale<\/strong>\u00a0: <strong>B.P<\/strong>.\u00a0277 Bamenda<br \/>\n<strong>T\u00e9l\u00e9phone\u00a0<\/strong>: +237 33 36 1774 \/ 677 26 17 89<br \/>\n<strong>Email<\/strong>\u00a0:<br \/>\n<strong>Site web<\/strong>\u00a0:<br \/>\n<strong>Adresse dans les r\u00e9seaux sociaux\u00a0<\/strong>:<\/p>\n<p style=\"text-align: center;\"><strong>INFORMATIONS SUR LE STATUT D\u2019ACCR\u00c9DITATION<\/strong><\/p>\n<p style=\"text-align: justify;\"><strong>Arr\u00eat\u00e9s portant cr\u00e9ation <\/strong>: N\u00b005\/0083\/MINESUP\u00a0;\u00a0N\u00b005\/0084\/MINESUP ;\u00a0 N\u00b005\/0085\/MINESUP\u00a0;\u00a0 N\u00b005\/0086\/MINESUP du 07\u00a0septembre 2005<br \/>\n<strong>Autorisation d\u2019ouverture<\/strong>\u00a0: N\u00b005\/0088\/MINESUP\u00a0; N\u00b005\/0089\/MINESUP\u00a0; N\u00b005\/0092\/MINESUP\u00a0; \u00a0N\u00b005\/0093\/MINESUP\u00a0;\u00a0 du 07\u00a0septembre 2005.<\/p>\n<p style=\"text-align: center;\"><strong>FILI\u00c8RES, SP\u00c9CIALIT\u00c9S ET DIPL\u00d4MES AUTORIS\u00c9S<\/strong><\/p>\n<p style=\"text-align: justify;\"><strong>Dipl\u00f4me\u00a0: HND\/HPD<\/strong><\/p>\n<p style=\"text-align: justify;\">Fili\u00e8re 1:<strong> Teaching, Education and Professional Development<\/strong><\/p>\n<p style=\"text-align: justify;\"><strong><u>Sp\u00e9cialit\u00e9s<\/u><\/strong> : Education (<em><u>Options<\/u><\/em> : Didactics; \u00a0Educational Planning and\u00a0 Development ; Educational Management and Administration ; \u00a0Special Education (for the Gifted, the Handicapped)) &#8211; Vocational Guidance and Student Counseling &#8211; Professional Studies in Education (Option : Early Childhood ; Secondary ; Tertiary).<\/p>\n<p style=\"text-align: justify;\">Fili\u00e8re 2: <strong>Medical and Biomedical\u00a0Studies<\/strong><\/p>\n<p style=\"text-align: justify;\"><strong><u>Sp\u00e9cialit\u00e9s<\/u><\/strong> : Medical Laboratory Studies &#8211; Nursing &#8211; Health Care Management<strong>.<\/strong><\/p>\n<p style=\"text-align: justify;\">Fili\u00e8re 3: <strong>Engineering and Technology<\/strong><\/p>\n<p style=\"text-align: justify;\"><strong><u>Sp\u00e9cialit\u00e9s<\/u><\/strong> : Agriculture and Food Sciences (<em><u>Options<\/u><\/em> : Agricultural Engineering ; Agricultural and Management ; Food Technology Rural Development Planning and Administration).<\/p>\n<p style=\"text-align: justify;\">Fili\u00e8re 4\u00a0: <strong>Gestion des Entreprises et des Administrations<\/strong><\/p>\n<p style=\"text-align: justify;\"><strong><u>Sp\u00e9cialit\u00e9s<\/u><\/strong><strong>\u00a0<\/strong>: Ressources Humaines &#8211; Gestion des Petite et Moyennes Organisation.<\/p>\n<p style=\"text-align: justify;\">Fili\u00e8re 5:<strong> Business, Finance and Management<\/strong><\/p>\n<p style=\"text-align: justify;\"><strong><u>Sp\u00e9cialit\u00e9s<\/u><\/strong> : Banking and Finance &#8211; Management &#8211; Marketing &#8211; Accountancy &#8211; Secretarial Studies, Public Service and Administration (<em><u>Options<\/u><\/em> : \u00a0Public Service and Administration; Executive Secretarial Studies; Bilingual Secretarial Studies) &#8211; Insurance Business and Information.<\/p>\n<p style=\"text-align: justify;\"><strong><u>Fili\u00e8re 6<\/u><\/strong><strong>\u00a0: Finance et Comptabilit\u00e9<\/strong><\/p>\n<p style=\"text-align: justify;\"><strong><u>Fili\u00e8re 7<\/u><\/strong><strong>\u00a0: Droit<\/strong><\/p>\n<p style=\"text-align: justify;\"><strong><u>Sp\u00e9cialit\u00e9s<\/u><\/strong>\u00a0: Carri\u00e8res Juridiques &#8211; Droit des Affaires.<\/p>\n<p style=\"text-align: justify;\"><strong>Dipl\u00f4me\u00a0:<\/strong> <strong>Licence Professionnelle des\u00a0 l\u2019Universit\u00e9s de Buea et Dschang<\/strong><\/p>\n<p style=\"text-align: justify;\">Fili\u00e8re 1:<strong> Teaching, Education and Professional Development<\/strong><\/p>\n<p style=\"text-align: justify;\"><strong><u>Sp\u00e9cialit\u00e9s<\/u><\/strong><strong>:<\/strong> Teaching Education (<em><u>Option<\/u><\/em>: Sciences and Arts Subjects) &#8211; Human Development, Guidance and Counselling &#8211; Community and Adult Education &#8211; Didactics of Philosophy &#8211; Mathematics and Home Economics<strong>.<\/strong><\/p>\n<p style=\"text-align: justify;\">Fili\u00e8re 2: <strong>Medical and Biomedical Sciences<\/strong><\/p>\n<p style=\"text-align: justify;\"><strong><u>Sp\u00e9cialit\u00e9s<\/u><\/strong><strong>:<\/strong> Laboratory Sciences &#8211; Nursing &#8211; State Registered Nurse.<\/p>\n<p style=\"text-align: justify;\">Fili\u00e8re 3: <strong>Engineering and Technology<\/strong><\/p>\n<p style=\"text-align: justify;\"><strong><u>Sp\u00e9cialit\u00e9s<\/u><\/strong> : Agricultural &#8211; Economics and Rural Sociology &#8211; Agronomy and Soil Sciences &#8211; Environmental Studies and Water Resources Management &#8211; Human Nutrition and Catering &#8211; Animal Science.<\/p>\n<p style=\"text-align: justify;\">Fili\u00e8re 4: <strong>Home Economics, tourism and hotel Management<\/strong><\/p>\n<p style=\"text-align: justify;\"><strong><u>Sp\u00e9cialit\u00e9s<\/u><\/strong> : Home Economics &#8211; Community Development Management of Cooperative<\/p>\n<p style=\"text-align: justify;\">Fili\u00e8re 5: <strong>Business, Finance and Management<\/strong><\/p>\n<p style=\"text-align: justify;\"><strong><u>Sp\u00e9cialit\u00e9s<\/u><\/strong> : Banking and Finance &#8211; Business Management &#8211; Marketing &#8211; Accountancy &#8211; Economics Sciences &#8211; Law.<\/p>\n","protected":false},"excerpt":{"rendered":"<p>&#46;&#46;&#46;<\/p>\n","protected":false},"author":2,"featured_media":0,"parent":1747,"menu_order":0,"comment_status":"closed","ping_status":"closed","template":"","meta":[],"_links":{"self":[{"href":"https:\/\/www.minesup.gov.cm\/index.php\/wp-json\/wp\/v2\/pages\/7775"}],"collection":[{"href":"https:\/\/www.minesup.gov.cm\/index.php\/wp-json\/wp\/v2\/pages"}],"about":[{"href":"https:\/\/www.minesup.gov.cm\/index.php\/wp-json\/wp\/v2\/types\/page"}],"author":[{"embeddable":true,"href":"https:\/\/www.minesup.gov.cm\/index.php\/wp-json\/wp\/v2\/users\/2"}],"replies":[{"embeddable":true,"href":"https:\/\/www.minesup.gov.cm\/index.php\/wp-json\/wp\/v2\/comments?post=7775"}],"version-history":[{"count":0,"href":"https:\/\/www.minesup.gov.cm\/index.php\/wp-json\/wp\/v2\/pages\/7775\/revisions"}],"up":[{"embeddable":true,"href":"https:\/\/www.minesup.gov.cm\/index.php\/wp-json\/wp\/v2\/pages\/1747"}],"wp:attachment":[{"href":"https:\/\/www.minesup.gov.cm\/index.php\/wp-json\/wp\/v2\/media?parent=7775"}],"curies":[{"name":"wp","href":"https:\/\/api.w.org\/{rel}","templated":true}]}}