{"id":7779,"date":"2019-06-24T11:15:39","date_gmt":"2019-06-24T09:15:39","guid":{"rendered":"https:\/\/minesup.gov.cm\/?page_id=7779"},"modified":"2026-01-19T08:46:59","modified_gmt":"2026-01-19T07:46:59","slug":"capitol-higher-institute-of-health-sciences-and-beauty-therapy","status":"publish","type":"page","link":"https:\/\/www.minesup.gov.cm\/index.php\/region-nord-ouest\/capitol-higher-institute-of-health-sciences-and-beauty-therapy\/","title":{"rendered":"Capitol Higher Institute of Health Sciences and Beauty Therapy"},"content":{"rendered":"<p style=\"text-align: center;\"><strong>INFORMATIONS D\u2019IDENTIFICATION<\/strong><\/p>\n<p><strong>Nom de l\u2019institution\u00a0<\/strong>: Capitol Higher Institute of Health Sciences and Beauty Therapy<br \/>\n<strong>Nom du promoteur<\/strong>\u00a0: NGALAH Edward KWENDUBILA<br \/>\n<strong>R\u00e9gion\u00a0<\/strong>: Nord-Ouest<br \/>\n<strong>D\u00e9partement\u00a0<\/strong>: Mezam<br \/>\n<strong>Arrondissement\u00a0<\/strong>: Bamenda 3<br \/>\n<strong>Site de localisation\u00a0<\/strong>: Bamenda (Mile 3 Nkwen)<br \/>\n<strong>Adresse postale<\/strong> : B.P: 875 Bamenda<br \/>\n<strong>T\u00e9l\u00e9phone\u00a0<\/strong>: +237 677 65 99 52<br \/>\n<strong>Email<\/strong>\u00a0:<br \/>\n<strong>Site web<\/strong>\u00a0:<br \/>\n<strong>Adresse dans les r\u00e9seaux sociaux\u00a0<\/strong>:<\/p>\n<p style=\"text-align: center;\"><strong>INFORMATIONS SUR LE STATUT D\u2019ACCR\u00c9DITATION<\/strong><\/p>\n<p><strong>Arr\u00eat\u00e9s portant cr\u00e9ation <\/strong>: N\u00b005\/0078\/MINESUP du\u00a0 07 septembre 2005<br \/>\n<strong>Autorisation d\u2019ouverture<\/strong>\u00a0: N\u00b013\/0052\/MINESUP du\u00a0 09 janvier 2013<\/p>\n<p style=\"text-align: center;\"><strong>FILI\u00c8RES, SP\u00c9CIALIT\u00c9S ET DIPL\u00d4MES AUTORIS\u00c9S<\/strong><\/p>\n<ul>\n<li><strong>Dipl\u00f4me: HND\/HPD\/Associate\/BSc<\/strong><\/li>\n<\/ul>\n<p>Fili\u00e8re 1:<strong> Medical and Biomedical Studies<\/strong><\/p>\n<p><strong><u>Sp\u00e9cialit\u00e9s<\/u><\/strong>\u00a0: Nursing\u00a0 &#8211;\u00a0 Laboratory Studies &#8211; Beauty Therapy<\/p>\n<p>Fili\u00e8re 2\u00a0: <strong>Professions M\u00e9dico-Sanitaire<\/strong><\/p>\n<p><strong><u>Sp\u00e9cialit\u00e9s<\/u><\/strong>\u00a0: Soins Infirmiers &#8211; Techniques\u00a0 de Laboratoire M\u00e9dical.<\/p>\n","protected":false},"excerpt":{"rendered":"<p>&#46;&#46;&#46;<\/p>\n","protected":false},"author":2,"featured_media":0,"parent":1747,"menu_order":0,"comment_status":"closed","ping_status":"closed","template":"","meta":[],"_links":{"self":[{"href":"https:\/\/www.minesup.gov.cm\/index.php\/wp-json\/wp\/v2\/pages\/7779"}],"collection":[{"href":"https:\/\/www.minesup.gov.cm\/index.php\/wp-json\/wp\/v2\/pages"}],"about":[{"href":"https:\/\/www.minesup.gov.cm\/index.php\/wp-json\/wp\/v2\/types\/page"}],"author":[{"embeddable":true,"href":"https:\/\/www.minesup.gov.cm\/index.php\/wp-json\/wp\/v2\/users\/2"}],"replies":[{"embeddable":true,"href":"https:\/\/www.minesup.gov.cm\/index.php\/wp-json\/wp\/v2\/comments?post=7779"}],"version-history":[{"count":2,"href":"https:\/\/www.minesup.gov.cm\/index.php\/wp-json\/wp\/v2\/pages\/7779\/revisions"}],"predecessor-version":[{"id":20064,"href":"https:\/\/www.minesup.gov.cm\/index.php\/wp-json\/wp\/v2\/pages\/7779\/revisions\/20064"}],"up":[{"embeddable":true,"href":"https:\/\/www.minesup.gov.cm\/index.php\/wp-json\/wp\/v2\/pages\/1747"}],"wp:attachment":[{"href":"https:\/\/www.minesup.gov.cm\/index.php\/wp-json\/wp\/v2\/media?parent=7779"}],"curies":[{"name":"wp","href":"https:\/\/api.w.org\/{rel}","templated":true}]}}