{"id":7781,"date":"2019-06-24T11:17:35","date_gmt":"2019-06-24T09:17:35","guid":{"rendered":"https:\/\/minesup.gov.cm\/?page_id=7781"},"modified":"2019-06-24T11:17:35","modified_gmt":"2019-06-24T09:17:35","slug":"catholic-university-institute-of-bamenda","status":"publish","type":"page","link":"https:\/\/www.minesup.gov.cm\/index.php\/region-nord-ouest\/catholic-university-institute-of-bamenda\/","title":{"rendered":"Catholic University Institute of Bamenda"},"content":{"rendered":"<p><strong>INFORMATIONS D\u2019IDENTIFICATION<\/strong><\/p>\n<p><strong>Nom de l\u2019institution\u00a0<\/strong>: <strong>Catholic University Institute of Bamenda<\/strong><br \/>\n<strong>Nom du promoteur<\/strong>\u00a0: <strong><em>Archibishop Cornelius ESUA<\/em><\/strong><br \/>\n<strong>R\u00e9gion\u00a0<\/strong>: Nord-Ouest<br \/>\n<strong>D\u00e9partement\u00a0<\/strong>: Mezam<br \/>\n<strong>Arrondissement\u00a0<\/strong>:<br \/>\n<strong>Site de localisation\u00a0<\/strong>: <strong>Bamenda <\/strong>(Up Station)<br \/>\n<strong>Adresse postale<\/strong>\u00a0: <strong>B.P<\/strong>.\u00a0782<br \/>\n<strong>T\u00e9l\u00e9phone\u00a0<\/strong>: +237 677 67 84 26\/ 691 62 73 87<br \/>\n<strong>Email<\/strong>\u00a0:\u00a0<a href=\"mailto:info@catuc.org\">info@catuc.org<\/a>.<br \/>\n<strong>Site web<\/strong>\u00a0:<br \/>\n<strong>Adresse dans les r\u00e9seaux sociaux\u00a0<\/strong>:<\/p>\n<p><strong>INFORMATIONS SUR LE STATUT D\u2019ACCR\u00c9DITATION<\/strong><\/p>\n<p><strong>Arr\u00eat\u00e9s portant cr\u00e9ation <\/strong>: N\u00b012\/00359\/MINESUP\u00a0 du 06 ao\u00fbt 2012<br \/>\n<strong>Autorisation d\u2019ouverture<\/strong>\u00a0: N\u00b011\/0047\/MINESUP du 12 janvier 2011<\/p>\n<p><strong>FILI\u00c8RES, SP\u00c9CIALIT\u00c9S ET DIPL\u00d4MES AUTORIS\u00c9S<\/strong><\/p>\n<p><strong>Dipl\u00f4me <\/strong>Bachelor, Master et Doctorat de l\u2019Universit\u00e9 de Buea<\/p>\n<p><strong><u>Sp\u00e9cialit\u00e9s<\/u><\/strong> : English &#8211; French &#8211; History &#8211; Applied Anthropology &#8211; Geography and Environmental Studies &#8211; Philosophy &#8211; Psychology<strong>.<\/strong><\/p>\n<p><strong><u>Sp\u00e9cialit\u00e9s<\/u><\/strong> : Applied Mathematics &#8211; Chemistry &#8211; Environmental Science &#8211; Biology &#8211; Botany &#8211; Physics &#8211; Biochemistry &#8211; Microbiology &#8211; Zoology &#8211; Geology &#8211; Computer Science and Physic.<\/p>\n<p><strong><u>Sp\u00e9cialit\u00e9<\/u><\/strong> : Banking and Finance &#8211; Business Management &#8211; Business (Marketing) &#8211; Economics &#8211; Accountancy &#8211; Micro-Finance<\/p>\n<p><strong><u>Sp\u00e9cialit\u00e9s<\/u><\/strong> : Nursing &#8211; Medical Laboratory.<\/p>\n<p><strong>\u00a0<\/strong><\/p>\n","protected":false},"excerpt":{"rendered":"<p>&#46;&#46;&#46;<\/p>\n","protected":false},"author":2,"featured_media":0,"parent":1747,"menu_order":0,"comment_status":"closed","ping_status":"closed","template":"","meta":[],"_links":{"self":[{"href":"https:\/\/www.minesup.gov.cm\/index.php\/wp-json\/wp\/v2\/pages\/7781"}],"collection":[{"href":"https:\/\/www.minesup.gov.cm\/index.php\/wp-json\/wp\/v2\/pages"}],"about":[{"href":"https:\/\/www.minesup.gov.cm\/index.php\/wp-json\/wp\/v2\/types\/page"}],"author":[{"embeddable":true,"href":"https:\/\/www.minesup.gov.cm\/index.php\/wp-json\/wp\/v2\/users\/2"}],"replies":[{"embeddable":true,"href":"https:\/\/www.minesup.gov.cm\/index.php\/wp-json\/wp\/v2\/comments?post=7781"}],"version-history":[{"count":0,"href":"https:\/\/www.minesup.gov.cm\/index.php\/wp-json\/wp\/v2\/pages\/7781\/revisions"}],"up":[{"embeddable":true,"href":"https:\/\/www.minesup.gov.cm\/index.php\/wp-json\/wp\/v2\/pages\/1747"}],"wp:attachment":[{"href":"https:\/\/www.minesup.gov.cm\/index.php\/wp-json\/wp\/v2\/media?parent=7781"}],"curies":[{"name":"wp","href":"https:\/\/api.w.org\/{rel}","templated":true}]}}