{"id":7783,"date":"2019-06-24T11:19:17","date_gmt":"2019-06-24T09:19:17","guid":{"rendered":"https:\/\/minesup.gov.cm\/?page_id=7783"},"modified":"2019-06-24T11:19:17","modified_gmt":"2019-06-24T09:19:17","slug":"christian-university-institute","status":"publish","type":"page","link":"https:\/\/www.minesup.gov.cm\/index.php\/region-nord-ouest\/christian-university-institute\/","title":{"rendered":"Christian University Institute"},"content":{"rendered":"<p><strong>INFORMATIONS D\u2019IDENTIFICATION<\/strong><\/p>\n<p><strong>Nom de l\u2019institution\u00a0<\/strong>: <strong>Christian University Institute<\/strong><\/p>\n<p><strong>Nom du promoteur<\/strong>\u00a0: <em>Presbyterian Church in Cameroun<strong> repr\u00e9sent\u00e9e par<\/strong> <strong>ASANA Festus AMBA<\/strong><\/em><br \/>\n<strong>R\u00e9gion\u00a0<\/strong>: Nord-Ouest<br \/>\n<strong>D\u00e9partement\u00a0<\/strong>: Mezam<br \/>\n<strong>Arrondissement\u00a0<\/strong>:<br \/>\n<strong>Site de localisation\u00a0<\/strong>: Mbatu<br \/>\n<strong>Adresse postale<\/strong>\u00a0: <strong>B.P<\/strong>.\u00a0: 19 Bamenda<br \/>\n<strong>T\u00e9l\u00e9phone\u00a0<\/strong>: +237 677 40 56 42\/677 50 04 34<br \/>\n<strong>Email<\/strong>\u00a0:\u00a0<em><a href=\"mailto:vc.ccu@cameroonchristian%20university-pcc.com\">vc.ccu@cameroonchristian university-pcc.com<\/a><\/em> <em><a href=\"mailto:vpk.titanji@yahoo.com\">vpk.titanji@yahoo.com<\/a><\/em><br \/>\n<strong>Site web<\/strong>\u00a0:<br \/>\n<strong>Adresse dans les r\u00e9seaux sociaux\u00a0<\/strong>:<\/p>\n<p><strong>INFORMATIONS SUR LE STATUT D\u2019ACCR\u00c9DITATION<\/strong><\/p>\n<p><strong>Arr\u00eat\u00e9s portant cr\u00e9ation <\/strong>: N\u00b007\/0143\/MINUP du 21 septembre 2007<br \/>\n<strong>Autorisation d\u2019ouverture<\/strong>\u00a0: N\u00b012\/0396\/MINESUP du 17 ao\u00fbt 2012<strong>\u00a0 compl\u00e9t\u00e9e par l\u2019arr\u00eat\u00e9<\/strong> N\u00b013\/0064\/MINSUP du 09 janvier 2013<\/p>\n<p><strong>FILI\u00c8RES, SP\u00c9CIALIT\u00c9S ET DIPL\u00d4MES AUTORIS\u00c9S<\/strong><\/p>\n<p><strong>Dipl\u00f4me <\/strong>HND, HPD, Licence et Master Professionnels de l\u2019Universit\u00e9 de Buea<\/p>\n<p><strong><u>Fili\u00e8re 1<\/u><\/strong><strong>\u00a0:\u00a0 Finance and Management<\/strong><\/p>\n<p><strong><u>Sp\u00e9cialit\u00e9s<\/u><\/strong> : Banking and Finance &#8211; Management &#8211; Marketing &#8211; Accountancy &#8211; Language and Publishing &#8211; Performing Arts and Cinematography.<\/p>\n<p><strong><u>Fili\u00e8re 2<\/u><\/strong>\u00a0<strong>: Philosophy<\/strong><\/p>\n<p><strong><u>Fili\u00e8re 3<\/u><\/strong>\u00a0<strong>: Religious Studies<\/strong><\/p>\n<p><strong><u>Fili\u00e8re 4<\/u><\/strong>\u00a0<strong>: Social Work<\/strong><\/p>\n<p><strong><u>Fili\u00e8re 5<\/u><\/strong>\u00a0<strong>: Clinical Counseling<\/strong><\/p>\n<p><strong>\u00a0Dipl\u00f4me<\/strong> HPD\/DSEP et Licence Professionnelle de l\u2019Universit\u00e9 de Buea<\/p>\n<p><strong><u>Fili\u00e8re 1<\/u><\/strong><strong> : Civil and Structural Engineering<\/strong><\/p>\n<p><strong><u>Fili\u00e8re 2<\/u><\/strong><strong> : Applied, Animal Sciences<\/strong><\/p>\n<p><strong><u>Fili\u00e8re 3<\/u><\/strong><strong> : Petroleum Engineering Technology<\/strong><\/p>\n<p><strong><u>Fili\u00e8re 4<\/u><\/strong><strong> : Mining and Extractive Metallurgy<\/strong><\/p>\n","protected":false},"excerpt":{"rendered":"<p>&#46;&#46;&#46;<\/p>\n","protected":false},"author":2,"featured_media":0,"parent":1747,"menu_order":0,"comment_status":"closed","ping_status":"closed","template":"","meta":[],"_links":{"self":[{"href":"https:\/\/www.minesup.gov.cm\/index.php\/wp-json\/wp\/v2\/pages\/7783"}],"collection":[{"href":"https:\/\/www.minesup.gov.cm\/index.php\/wp-json\/wp\/v2\/pages"}],"about":[{"href":"https:\/\/www.minesup.gov.cm\/index.php\/wp-json\/wp\/v2\/types\/page"}],"author":[{"embeddable":true,"href":"https:\/\/www.minesup.gov.cm\/index.php\/wp-json\/wp\/v2\/users\/2"}],"replies":[{"embeddable":true,"href":"https:\/\/www.minesup.gov.cm\/index.php\/wp-json\/wp\/v2\/comments?post=7783"}],"version-history":[{"count":0,"href":"https:\/\/www.minesup.gov.cm\/index.php\/wp-json\/wp\/v2\/pages\/7783\/revisions"}],"up":[{"embeddable":true,"href":"https:\/\/www.minesup.gov.cm\/index.php\/wp-json\/wp\/v2\/pages\/1747"}],"wp:attachment":[{"href":"https:\/\/www.minesup.gov.cm\/index.php\/wp-json\/wp\/v2\/media?parent=7783"}],"curies":[{"name":"wp","href":"https:\/\/api.w.org\/{rel}","templated":true}]}}