{"id":7787,"date":"2019-06-24T11:26:30","date_gmt":"2019-06-24T09:26:30","guid":{"rendered":"https:\/\/minesup.gov.cm\/?page_id=7787"},"modified":"2019-06-24T11:26:30","modified_gmt":"2019-06-24T09:26:30","slug":"fonab-polytechnic","status":"publish","type":"page","link":"https:\/\/www.minesup.gov.cm\/index.php\/region-nord-ouest\/fonab-polytechnic\/","title":{"rendered":"Fonab Polytechnic"},"content":{"rendered":"<p><strong>INFORMATIONS D\u2019IDENTIFICATION<\/strong><\/p>\n<p><strong>Nom de l\u2019institution\u00a0<\/strong>: <strong>Fonab Polytechnic<\/strong><br \/>\n<strong>Nom du promoteur<\/strong>\u00a0: <strong><em>FONCHE Peter<\/em><\/strong><br \/>\n<strong>R\u00e9gion\u00a0<\/strong>: Nord-Ouest<br \/>\n<strong>D\u00e9partement\u00a0<\/strong>: Mezam<br \/>\n<strong>Arrondissement\u00a0<\/strong>: Bamenda 3<br \/>\n<strong>Site de localisation\u00a0<\/strong>: (Mile 3 Nkwen)<br \/>\n<strong>Adresse postale<\/strong>\u00a0: <strong>B.P<\/strong>.\u00a0370<br \/>\n<strong>T\u00e9l\u00e9phone\u00a0<\/strong>: +237 677 76 05 31<br \/>\n<strong>Email<\/strong>\u00a0:<br \/>\n<strong>Site web<\/strong>\u00a0:<br \/>\n<strong>Adresse dans les r\u00e9seaux sociaux\u00a0<\/strong>:<\/p>\n<p><strong>INFORMATIONS SUR LE STATUT D\u2019ACCR\u00c9DITATION<\/strong><\/p>\n<p><strong>Arr\u00eat\u00e9s portant cr\u00e9ation <\/strong>: N\u00b002\/0051\/MINESUP du <strong>12 juin 2002<\/strong><br \/>\n<strong>Autorisation d\u2019ouverture<\/strong>\u00a0: N\u00b002\/0073\/MINESUP du 13\/08\/2002.<strong> compl\u00e9t\u00e9e par l\u2019arr\u00eat\u00e9<\/strong> N\u00b005\/0036\/MINSUP du 12 janvier 2005,<strong><u> l\u2019arr\u00eat\u00e9 <\/u><\/strong>N\u00b008\/0127\/MINESUP du 06 mai 2008<strong> Et l\u2019arr\u00eat\u00e9 <\/strong>N\u00b012\/0375\/MINESUP du 16 ao\u00fbt 2012<\/p>\n<p><strong>FILI\u00c8RES, SP\u00c9CIALIT\u00c9S ET DIPL\u00d4MES AUTORIS\u00c9S<\/strong><\/p>\n<p><strong>Dipl\u00f4me HND<\/strong><\/p>\n<p><strong><u>Fili\u00e8re 1<\/u><\/strong><strong> :<\/strong><strong> Engineering and Technology.<\/strong><\/p>\n<p><strong><u>Sp\u00e9cialit\u00e9s<\/u><\/strong> : Mechanical Engineering (<em><u>Option<\/u><\/em> : Mechanical Fabrication) &#8211; Computer Engineering (<em><u>Options<\/u><\/em> : Hardware Maintenance; Software Engineering and Computing) &#8211; Electrical and Electronics Engineering (<em><u>Option<\/u><\/em> : Information and Communication Technology).<\/p>\n<p><strong><u>Fili\u00e8re 2<\/u><\/strong><strong> : <\/strong><strong>\u00a0Business, Finance and Management.<\/strong><\/p>\n<p><strong><u>Sp\u00e9cialit\u00e9s<\/u><\/strong> : Banking and Finance &#8211; Management &#8211; Marketing &#8211; Accountancy &#8211; Secretarial Studies, Public Service and Administration (<em><u>Options<\/u><\/em> : \u00a0Public Service and Administration, Executive Secretarial Studies).<\/p>\n<p><strong><u>Fili\u00e8re 3<\/u><\/strong><strong> : <\/strong><strong>\u00a0Home Economics, Tourism and Hotel Management.<\/strong><\/p>\n<p><strong><u>Sp\u00e9cialit\u00e9<\/u><\/strong> : <strong>\u00a0<\/strong>Home Economics (<em><u>Options<\/u><\/em> : Bakery and Food Processing; Fashion Design; Clothing and Textiles).<\/p>\n<p><strong><u>Fili\u00e8re 4<\/u><\/strong><strong> : Teaching Education and Professional Development<\/strong><strong>.<\/strong><\/p>\n<p><strong><u>Sp\u00e9cialit\u00e9s<\/u><\/strong> : Education (<em><u>Options<\/u><\/em> : Didactics ; Education Planning and Curriculum Development).<\/p>\n<p><strong>\u00a0Dipl\u00f4me<\/strong> Licence Professionnelle de l\u2019Universit\u00e9 de Dschang et de l\u2019Universit\u00e9 de\u00a0 Yaound\u00e9 I<\/p>\n<p><strong><u>Fili\u00e8re 1<\/u><\/strong><strong> :<\/strong><strong> Engineering and Technology<\/strong><\/p>\n<p><strong><u>Sp\u00e9cialit\u00e9s<\/u><\/strong> : Mechanical Engineering (<em><u>Option<\/u><\/em> : Mechanical Fabrication)<strong>.<\/strong><\/p>\n<p><strong><u>Fili\u00e8re 2<\/u><\/strong><strong> : <\/strong><strong>\u00a0Teaching Education and Professional Development.<\/strong><\/p>\n<p><strong><u>Sp\u00e9cialit\u00e9s<\/u><\/strong> : Didactics; Educational Planning and Curriculum Development; Clothing and Textiles.<\/p>\n<p><strong><u>Fili\u00e8re 3<\/u><\/strong><strong> : Business, Finance and Management<u>.<\/u><\/strong><\/p>\n<p><strong><u>Sp\u00e9cialit\u00e9s<\/u><\/strong> : Banking and Finance &#8211; Management &#8211; Marketing &#8211; Accountancy &#8211; Secretarial Studies, Public Service and Administration (<em><u>Option<\/u><\/em> : Executive Secretarial Studies).<\/p>\n<p><strong>Dipl\u00f4me<\/strong> Professional Bachelor<\/p>\n<p><strong><u>Fili\u00e8re 1<\/u><\/strong><strong> :<\/strong><strong> Engineering and Technology.<\/strong><\/p>\n<p><strong><u>Sp\u00e9cialit\u00e9s<\/u><\/strong> : Mechanical Engineering (<em><u>Option<\/u><\/em> : Mechanical Fabrication) &#8211; Electrical and Electronics Engineering (<em><u>Option<\/u><\/em> : Information and Communication Technology).<\/p>\n<p><strong><u>Fili\u00e8re 2<\/u><\/strong><strong> : <\/strong><strong>\u00a0Business, Finance and Management.<\/strong><\/p>\n<p><strong><u>Sp\u00e9cialit\u00e9s<\/u><\/strong> : Banking and Finance &#8211; Management &#8211; Marketing &#8211; Accountancy &#8211; Secretarial Studies, Public Service and Administration (<em><u>Option<\/u><\/em> : Executive Secretarial Studies).<\/p>\n<p><strong><u>Fili\u00e8re 3<\/u><\/strong><strong> : <\/strong><strong>\u00a0Home Economics, Tourism and Hotel Management.<\/strong><\/p>\n<p><strong><u>Sp\u00e9cialit\u00e9<\/u><\/strong> : <strong>\u00a0<\/strong>Home Economics (<em><u>Options<\/u><\/em> : Bakery and Food Processing; Fashion Design; Clothing and Textiles).<\/p>\n<p><strong><u>Fili\u00e8re 4<\/u><\/strong><strong> : Education and Professional Development<\/strong><strong>.<\/strong><\/p>\n<p><strong><u>Sp\u00e9cialit\u00e9s<\/u><\/strong> : Education (<em><u>Options<\/u><\/em> : Didactics ; Education Planning and Curriculum Development).<\/p>\n<p><strong>Dipl\u00f4me<\/strong> Advanced Technician Diploma of City and Guilds of London Institute<\/p>\n<p><strong><u>Fili\u00e8re 1<\/u><\/strong><strong> :<\/strong><strong> Engineering and Technology.<\/strong><\/p>\n<p><strong><u>Sp\u00e9cialit\u00e9s<\/u><\/strong> : Mechanical Fabrication (<em><u>Option<\/u><\/em> : Manufacturing) &#8211; Computer Hardware Maintenance &#8211; Software Engineering and Computing &#8211; Electrical Engineering &#8211; Building Sciences.<\/p>\n<p><strong><u>Fili\u00e8re 2<\/u><\/strong><strong> : <\/strong><strong>\u00a0Home Economics<\/strong><\/p>\n<p><strong><u>Sp\u00e9cialit\u00e9<\/u><\/strong> : Bakery and Food Processing; Fashion Design and Clothing.<\/p>\n<p><strong><u>Fili\u00e8re 3<\/u><\/strong><strong> : Education<\/strong><\/p>\n<p><strong><u>Sp\u00e9cialit\u00e9<\/u><\/strong> : Teaching and training.<\/p>\n<p><strong><u>Fili\u00e8re 4<\/u><\/strong><strong> : <\/strong><strong>\u00a0Business, Finance and Management<\/strong><\/p>\n<p><strong><u>Sp\u00e9cialit\u00e9s<\/u><\/strong> : Business and Information Technology &#8211; Management &#8211; Marketing &#8211; Accounting &#8211; Office Information Technology.<\/p>\n","protected":false},"excerpt":{"rendered":"<p>&#46;&#46;&#46;<\/p>\n","protected":false},"author":2,"featured_media":0,"parent":1747,"menu_order":0,"comment_status":"closed","ping_status":"closed","template":"","meta":[],"_links":{"self":[{"href":"https:\/\/www.minesup.gov.cm\/index.php\/wp-json\/wp\/v2\/pages\/7787"}],"collection":[{"href":"https:\/\/www.minesup.gov.cm\/index.php\/wp-json\/wp\/v2\/pages"}],"about":[{"href":"https:\/\/www.minesup.gov.cm\/index.php\/wp-json\/wp\/v2\/types\/page"}],"author":[{"embeddable":true,"href":"https:\/\/www.minesup.gov.cm\/index.php\/wp-json\/wp\/v2\/users\/2"}],"replies":[{"embeddable":true,"href":"https:\/\/www.minesup.gov.cm\/index.php\/wp-json\/wp\/v2\/comments?post=7787"}],"version-history":[{"count":0,"href":"https:\/\/www.minesup.gov.cm\/index.php\/wp-json\/wp\/v2\/pages\/7787\/revisions"}],"up":[{"embeddable":true,"href":"https:\/\/www.minesup.gov.cm\/index.php\/wp-json\/wp\/v2\/pages\/1747"}],"wp:attachment":[{"href":"https:\/\/www.minesup.gov.cm\/index.php\/wp-json\/wp\/v2\/media?parent=7787"}],"curies":[{"name":"wp","href":"https:\/\/api.w.org\/{rel}","templated":true}]}}