{"id":7789,"date":"2019-06-24T11:28:37","date_gmt":"2019-06-24T09:28:37","guid":{"rendered":"https:\/\/minesup.gov.cm\/?page_id=7789"},"modified":"2019-06-24T11:28:37","modified_gmt":"2019-06-24T09:28:37","slug":"havard-higher-institute-of-science-and-technology","status":"publish","type":"page","link":"https:\/\/www.minesup.gov.cm\/index.php\/region-nord-ouest\/havard-higher-institute-of-science-and-technology\/","title":{"rendered":"Havard Higher Institute of Science and Technology"},"content":{"rendered":"<p><strong>INFORMATIONS D\u2019IDENTIFICATION<\/strong><\/p>\n<p><strong>Nom de l\u2019institution\u00a0<\/strong>: <strong>Havard Higher Institute of Science and Technology<\/strong><br \/>\n<strong>Nom du promoteur<\/strong>\u00a0: <strong><em>Marinus CHINJE NDIKUM<\/em><\/strong><br \/>\n<strong>R\u00e9gion\u00a0<\/strong>: Nord-Ouest<br \/>\n<strong>D\u00e9partement\u00a0<\/strong>: Mezam<br \/>\n<strong>Arrondissement\u00a0<\/strong>: Bamenda 1<br \/>\n<strong>Site de localisation\u00a0<\/strong>: Up station<br \/>\n<strong>Adresse postale<\/strong>\u00a0:<strong>B.P<\/strong>.\u00a0351<br \/>\n<strong>T\u00e9l\u00e9phone\u00a0<\/strong>: +237 677 77 69 62<br \/>\n<strong>Email<\/strong>\u00a0:<br \/>\n<strong>Site web<\/strong>\u00a0:<br \/>\n<strong>Adresse dans les r\u00e9seaux sociaux\u00a0<\/strong>:<\/p>\n<p><strong>INFORMATIONS SUR LE STATUT D\u2019ACCR\u00c9DITATION<\/strong><\/p>\n<p><strong>Arr\u00eat\u00e9s portant cr\u00e9ation <\/strong>: N\u00b014\/N\/02628\/MINESUP\/SG\/DDES\/ESUP\/SDA\/MM du 22 avril 2014<br \/>\n<strong>Autorisation d\u2019ouverture<\/strong>\u00a0: N\u00b014\/N\/02628\/MINESUP\/SG\/DDES\/ESUP\/SDA\/MM du 22 avril 2014<\/p>\n<p><strong>FILI\u00c8RES, SP\u00c9CIALIT\u00c9S ET DIPL\u00d4MES AUTORIS\u00c9S<\/strong><\/p>\n<p><strong>Dipl\u00f4me HND<\/strong><\/p>\n<p><strong><u>Fili\u00e8re 1<\/u><\/strong><strong> : Biomedical Studies<\/strong><\/p>\n<p><strong><u>Sp\u00e9cialit\u00e9s<\/u><\/strong> : Nursing &#8211; Medical Laboratory Studies &#8211; Midwifery &#8211; Health Care Management<\/p>\n<p><strong><u>Fili\u00e8re 2<\/u><\/strong><strong> : Engineering and Technology<\/strong><\/p>\n<p><strong><u>Sp\u00e9cialit\u00e9s<\/u><\/strong> :Food Science &#8211; Information and Communication Technology &#8211; Computer Sciences (Options : Hardware Maintenance\u00a0; Software Maintenance).<\/p>\n<p><strong><u>Fili\u00e8re 3<\/u><\/strong><strong> : Business, Finance and Management<\/strong><\/p>\n<p><strong><u>Sp\u00e9cialit\u00e9s<\/u><\/strong> : Accountancy &#8211; Banking and Finance &#8211; Marketing &#8211; Management &#8211; Insurance &#8211; Secretarial Studies, Public Service and Administration (Options : Executive Secretarial Studies ; Public Service and Administration).<\/p>\n<p><strong><u>Fili\u00e8re 4<\/u><\/strong><strong> : Journalism and Media<\/strong><\/p>\n<p><strong><u>Sp\u00e9cialit\u00e9<\/u><\/strong> :Journalism (Option : Print Journalism)<\/p>\n<p><strong><u>Fili\u00e8re 5<\/u><\/strong><strong> : Education and Professional Development<\/strong><\/p>\n<p><strong><u>Sp\u00e9cialit\u00e9<\/u><\/strong> : Education<\/p>\n<p><strong>Dipl\u00f4me HPD<\/strong><\/p>\n<p><strong><u>Fili\u00e8re<\/u><\/strong><strong> : Medico-sanitary<\/strong><\/p>\n<p><strong><u>Sp\u00e9cialit\u00e9s<\/u><\/strong> : Dentistry &#8211; Physiotherapy &#8211; Radiology and Ultrasonography.<\/p>\n<p>&nbsp;<\/p>\n","protected":false},"excerpt":{"rendered":"<p>&#46;&#46;&#46;<\/p>\n","protected":false},"author":2,"featured_media":0,"parent":1747,"menu_order":0,"comment_status":"closed","ping_status":"closed","template":"","meta":[],"_links":{"self":[{"href":"https:\/\/www.minesup.gov.cm\/index.php\/wp-json\/wp\/v2\/pages\/7789"}],"collection":[{"href":"https:\/\/www.minesup.gov.cm\/index.php\/wp-json\/wp\/v2\/pages"}],"about":[{"href":"https:\/\/www.minesup.gov.cm\/index.php\/wp-json\/wp\/v2\/types\/page"}],"author":[{"embeddable":true,"href":"https:\/\/www.minesup.gov.cm\/index.php\/wp-json\/wp\/v2\/users\/2"}],"replies":[{"embeddable":true,"href":"https:\/\/www.minesup.gov.cm\/index.php\/wp-json\/wp\/v2\/comments?post=7789"}],"version-history":[{"count":0,"href":"https:\/\/www.minesup.gov.cm\/index.php\/wp-json\/wp\/v2\/pages\/7789\/revisions"}],"up":[{"embeddable":true,"href":"https:\/\/www.minesup.gov.cm\/index.php\/wp-json\/wp\/v2\/pages\/1747"}],"wp:attachment":[{"href":"https:\/\/www.minesup.gov.cm\/index.php\/wp-json\/wp\/v2\/media?parent=7789"}],"curies":[{"name":"wp","href":"https:\/\/api.w.org\/{rel}","templated":true}]}}