{"id":7791,"date":"2019-06-24T11:30:01","date_gmt":"2019-06-24T09:30:01","guid":{"rendered":"https:\/\/minesup.gov.cm\/?page_id=7791"},"modified":"2019-06-24T11:30:01","modified_gmt":"2019-06-24T09:30:01","slug":"higher-institute-for-business-and-management-sciences","status":"publish","type":"page","link":"https:\/\/www.minesup.gov.cm\/index.php\/region-nord-ouest\/higher-institute-for-business-and-management-sciences\/","title":{"rendered":"Higher Institute for Business and management Sciences"},"content":{"rendered":"<p><strong>INFORMATIONS D\u2019IDENTIFICATION<\/strong><\/p>\n<p><strong>Nom de l\u2019institution\u00a0<\/strong>: <strong>Higher Institute for Business and management Sciences<\/strong><br \/>\n<strong>Nom du promoteur<\/strong>\u00a0: <strong><em>NJAAH Helen<\/em><\/strong><br \/>\n<strong>R\u00e9gion\u00a0<\/strong>: Nord-Ouest<br \/>\n<strong>D\u00e9partement\u00a0<\/strong>: Mezam<br \/>\n<strong>Arrondissement\u00a0<\/strong>: Bamenda 3<br \/>\n<strong>Site de localisation\u00a0<\/strong>: Bamenda (Mbatu)<br \/>\n<strong>Adresse postale<\/strong>\u00a0: <strong>B.P<\/strong>.\u00a0684<br \/>\n<strong>T\u00e9l\u00e9phone\u00a0<\/strong>: +237 675 58 90 61<br \/>\n<strong>Email<\/strong>\u00a0:<br \/>\n<strong>Site web<\/strong>\u00a0:<br \/>\n<strong>Adresse dans les r\u00e9seaux sociaux\u00a0<\/strong>:<\/p>\n<p><strong>INFORMATIONS SUR LE STATUT D\u2019ACCR\u00c9DITATION<\/strong><\/p>\n<p><strong>Arr\u00eat\u00e9s portant cr\u00e9ation <\/strong>: N\u00b006\/0050\/MINESUP du 02 juin 2006<br \/>\n<strong>Autorisation d\u2019ouverture<\/strong>\u00a0: N\u00b012\/0393\/MINESUP du 17 ao\u00fbt 2012<\/p>\n<p><strong>FILI\u00c8RES, SP\u00c9CIALIT\u00c9S ET DIPL\u00d4MES AUTORIS\u00c9S<\/strong><\/p>\n<p><strong>Dipl\u00f4me HND\/Licence Professionnelle<\/strong><\/p>\n<p><strong>Pour le HND<\/strong><\/p>\n<p><strong><u>Fili\u00e8re 1<\/u><\/strong><strong> : Business, Finance and Management<\/strong><\/p>\n<p><strong><u>Sp\u00e9cialit\u00e9s<\/u><\/strong> : Banking and Finance &#8211; Management &#8211; Marketing &#8211; Accountancy &#8211; Insurance.<\/p>\n<p><strong><u>Fili\u00e8re 2<\/u><\/strong><strong> : Engineering and Technology<\/strong><\/p>\n<p><strong><u>Sp\u00e9cialit\u00e9s<\/u><\/strong> : Computer Engineering (<em><u>Options<\/u><\/em> : Hardware Maintenance; Software Engineering and Computing) &#8211; Electrical and Electronics Engineering (<em><u>Option<\/u><\/em> : Information and Communication Technology) &#8211; Civil and Structural Engineering (<em><u>Option<\/u><\/em><em><u>s<\/u><\/em> : Engineering Design; Water System Resources; Urban Planning and Surveying).<\/p>\n<p><strong><u>Fili\u00e8re 3<\/u><\/strong><strong> : Home Economics, Tourism and Hotel Management<\/strong><\/p>\n<p><strong><u>Sp\u00e9cialit\u00e9<\/u><\/strong> : Home Economics (<em><u>Options<\/u><\/em> : Bakery and Food Processing; Fashion Design; Clothing and Textiles).<\/p>\n<p><strong>Pour la Licence Professionnelle sous la tutelle acad\u00e9mique de l\u2019Universit\u00e9 de Bamenda<\/strong><\/p>\n<p><strong><u>Fili\u00e8re 1<\/u><\/strong><strong>\u00a0: Business and Finance Management<\/strong><\/p>\n<p><strong><u>Sp\u00e9cialit\u00e9s<\/u><\/strong> : Banking and Finance &#8211; Marketing &#8211; Accountancy -Management and Entrepreneurial &#8211; Business and Information Technology &#8211; Executive Secretarial Studies.<\/p>\n<p><strong><u>Fili\u00e8re 2<\/u><\/strong><strong>\u00a0: Engineering and Technology<\/strong><\/p>\n<p><strong><u>Sp\u00e9cialit\u00e9<\/u><\/strong>\u00a0: Civil Engineering<\/p>\n","protected":false},"excerpt":{"rendered":"<p>&#46;&#46;&#46;<\/p>\n","protected":false},"author":2,"featured_media":0,"parent":1747,"menu_order":0,"comment_status":"closed","ping_status":"closed","template":"","meta":[],"_links":{"self":[{"href":"https:\/\/www.minesup.gov.cm\/index.php\/wp-json\/wp\/v2\/pages\/7791"}],"collection":[{"href":"https:\/\/www.minesup.gov.cm\/index.php\/wp-json\/wp\/v2\/pages"}],"about":[{"href":"https:\/\/www.minesup.gov.cm\/index.php\/wp-json\/wp\/v2\/types\/page"}],"author":[{"embeddable":true,"href":"https:\/\/www.minesup.gov.cm\/index.php\/wp-json\/wp\/v2\/users\/2"}],"replies":[{"embeddable":true,"href":"https:\/\/www.minesup.gov.cm\/index.php\/wp-json\/wp\/v2\/comments?post=7791"}],"version-history":[{"count":0,"href":"https:\/\/www.minesup.gov.cm\/index.php\/wp-json\/wp\/v2\/pages\/7791\/revisions"}],"up":[{"embeddable":true,"href":"https:\/\/www.minesup.gov.cm\/index.php\/wp-json\/wp\/v2\/pages\/1747"}],"wp:attachment":[{"href":"https:\/\/www.minesup.gov.cm\/index.php\/wp-json\/wp\/v2\/media?parent=7791"}],"curies":[{"name":"wp","href":"https:\/\/api.w.org\/{rel}","templated":true}]}}