{"id":7795,"date":"2019-06-24T11:34:09","date_gmt":"2019-06-24T09:34:09","guid":{"rendered":"https:\/\/minesup.gov.cm\/?page_id=7795"},"modified":"2019-06-24T11:34:09","modified_gmt":"2019-06-24T09:34:09","slug":"international-university-of-bamenda","status":"publish","type":"page","link":"https:\/\/www.minesup.gov.cm\/index.php\/region-nord-ouest\/international-university-of-bamenda\/","title":{"rendered":"International University of  Bamenda"},"content":{"rendered":"<p><strong>INFORMATIONS D\u2019IDENTIFICATION<\/strong><\/p>\n<p><strong>Nom de l\u2019institution\u00a0<\/strong>: <strong>International University of\u00a0 Bamenda<\/strong><br \/>\n<strong>Nom du promoteur<\/strong>\u00a0: <strong><em>Patrick CHEFU FUSI<\/em><\/strong><br \/>\n<strong>R\u00e9gion\u00a0<\/strong>: Nord-ouest<br \/>\n<strong>D\u00e9partement\u00a0<\/strong>: Mezam<br \/>\n<strong>Arrondissement\u00a0<\/strong>:<br \/>\n<strong>Site de localisation\u00a0<\/strong>: Kumbo<br \/>\n<strong>Adresse postale<\/strong>\u00a0: <strong>B.P<\/strong>.\u00a0444<br \/>\n<strong>T\u00e9l\u00e9phone\u00a0<\/strong>: +237 677 88 04 96\/ 677 23 43 31<br \/>\n<strong>Email<\/strong>\u00a0:\u00a0<em><a href=\"mailto:inter_unibda@yahoo.co.uk\">inter_unibda@yahoo.co.uk<\/a><\/em> <em><a href=\"mailto:drfusi@yahoo.com\">drfusi@yahoo.com<\/a><\/em><em>\u00a0 <\/em><br \/>\n<strong>Site web<\/strong>\u00a0:<br \/>\n<strong>Adresse dans les r\u00e9seaux sociaux\u00a0<\/strong>:<\/p>\n<p><strong>INFORMATIONS SUR LE STATUT D\u2019ACCR\u00c9DITATION<\/strong><\/p>\n<p><strong>Arr\u00eat\u00e9s portant cr\u00e9ation <\/strong>: N\u00b011\/00507\/MINESUP\/SG\/DDES du <strong>05 octobre 2011<\/strong><br \/>\n<strong>Autorisation d\u2019ouverture<\/strong>\u00a0: N\u00b012\/0363\/MINESUP du 17 ao\u00fbt 2012<\/p>\n<p><strong>FILI\u00c8RES, SP\u00c9CIALIT\u00c9S ET DIPL\u00d4MES AUTORIS\u00c9S<\/strong><\/p>\n<p><strong>Dipl\u00f4me HND<\/strong><\/p>\n<p><strong><u>Fili\u00e8re\u00a01<\/u><\/strong><strong> : Business, finance and Management<\/strong><\/p>\n<p><strong><u>Sp\u00e9cialit\u00e9s<\/u><\/strong> : Banking and Finance &#8211; Management &#8211; Marketing &#8211; Accountancy &#8211; Secretarial Studies, Public Service and Administration (<em><u>Options<\/u><\/em> : \u00a0Public Service and Administration, Executive Secretarial Studies) &#8211; Logistics and Transport &#8211; Insurance.<\/p>\n<p><strong><u>Fili\u00e8re 2<\/u><\/strong><strong> : Engineering and Technology<\/strong><\/p>\n<p><strong><u>Sp\u00e9cialit\u00e9s<\/u><\/strong> : Mechanical Engineering (<em><u>Option<\/u><\/em> : Mechanical Fabrication) &#8211; Computer Engineering (<em><u>Options<\/u><\/em> : Hardware Maintenance; Software Engineering and Computing) &#8211; Civil and Structural Engineering (<em><u>Option<\/u><\/em> : Engineering Design ; Water System Resources ; Urban Planning and Surveying).<\/p>\n<p><strong><u>Fili\u00e8re 3<\/u><\/strong><strong> : Education and Professional Development<\/strong><\/p>\n<p><strong><u>Sp\u00e9cialit\u00e9<\/u><\/strong> : Education (<em><u>Options<\/u><\/em> : Didactics ; Educational Planning and Curriculum Development).<\/p>\n<p><strong><u>Fili\u00e8re 4<\/u><\/strong><strong>\u00a0: Agriculture<\/strong><\/p>\n<p>&nbsp;<\/p>\n","protected":false},"excerpt":{"rendered":"<p>&#46;&#46;&#46;<\/p>\n","protected":false},"author":2,"featured_media":0,"parent":1747,"menu_order":0,"comment_status":"closed","ping_status":"closed","template":"","meta":[],"_links":{"self":[{"href":"https:\/\/www.minesup.gov.cm\/index.php\/wp-json\/wp\/v2\/pages\/7795"}],"collection":[{"href":"https:\/\/www.minesup.gov.cm\/index.php\/wp-json\/wp\/v2\/pages"}],"about":[{"href":"https:\/\/www.minesup.gov.cm\/index.php\/wp-json\/wp\/v2\/types\/page"}],"author":[{"embeddable":true,"href":"https:\/\/www.minesup.gov.cm\/index.php\/wp-json\/wp\/v2\/users\/2"}],"replies":[{"embeddable":true,"href":"https:\/\/www.minesup.gov.cm\/index.php\/wp-json\/wp\/v2\/comments?post=7795"}],"version-history":[{"count":0,"href":"https:\/\/www.minesup.gov.cm\/index.php\/wp-json\/wp\/v2\/pages\/7795\/revisions"}],"up":[{"embeddable":true,"href":"https:\/\/www.minesup.gov.cm\/index.php\/wp-json\/wp\/v2\/pages\/1747"}],"wp:attachment":[{"href":"https:\/\/www.minesup.gov.cm\/index.php\/wp-json\/wp\/v2\/media?parent=7795"}],"curies":[{"name":"wp","href":"https:\/\/api.w.org\/{rel}","templated":true}]}}