{"id":7799,"date":"2019-06-24T11:38:48","date_gmt":"2019-06-24T09:38:48","guid":{"rendered":"https:\/\/minesup.gov.cm\/?page_id=7799"},"modified":"2019-06-24T11:38:48","modified_gmt":"2019-06-24T09:38:48","slug":"national-polytechnic-bambui","status":"publish","type":"page","link":"https:\/\/www.minesup.gov.cm\/index.php\/region-nord-ouest\/national-polytechnic-bambui\/","title":{"rendered":"National Polytechnic Bambui"},"content":{"rendered":"<p><strong>INFORMATIONS D\u2019IDENTIFICATION<\/strong><\/p>\n<p><strong>Nom de l\u2019institution\u00a0<\/strong>: <strong>National Polytechnic Bambui<\/strong><br \/>\n<strong>Nom du promoteur<\/strong>\u00a0: <strong><em>YONG Francis<\/em><\/strong><br \/>\n<strong>R\u00e9gion\u00a0<\/strong>: Nord-Ouest<br \/>\n<strong>D\u00e9partement\u00a0<\/strong>: Mezam<br \/>\n<strong>Arrondissement\u00a0<\/strong>:<br \/>\n<strong>Site de localisation\u00a0<\/strong>: <strong>Bamenda <\/strong>(Bambui)<br \/>\n<strong>Adresse postale<\/strong>\u00a0: <strong>B.P<\/strong>.\u00a0214<br \/>\n<strong>T\u00e9l\u00e9phone\u00a0<\/strong>: +237 677 49 24 90\/ 677 42 60 62<br \/>\n<strong>Email<\/strong>\u00a0:<br \/>\n<strong>Site web<\/strong>\u00a0:<br \/>\n<strong>Adresse dans les r\u00e9seaux sociaux\u00a0<\/strong>:<\/p>\n<p><strong>INFORMATIONS SUR LE STATUT D\u2019ACCR\u00c9DITATION<\/strong><\/p>\n<p><strong>Arr\u00eat\u00e9s portant cr\u00e9ation <\/strong>: N\u00b002\/0053\/MINESUP du <strong>12 janvier 2002<\/strong><br \/>\n<strong>Autorisation d\u2019ouverture<\/strong>\u00a0: N\u00b002\/0074\/MINESUP du 13 ao\u00fbt 2002 compl\u00e9t\u00e9e par l\u2019arr\u00eat\u00e9 N\u00b006\/0059\/MINESUP du 02 juin 2006<strong> Et l\u2019arr\u00eat\u00e9 <\/strong>N\u00b008\/0131\/MINSUP du 06 mai 2008<\/p>\n<p><strong>FILI\u00c8RES, SP\u00c9CIALIT\u00c9S ET DIPL\u00d4MES AUTORIS\u00c9S<\/strong><\/p>\n<p><strong>Dipl\u00f4me BTS<\/strong><\/p>\n<p><strong>Fili\u00e8re\u00a01 : Commerciale et de Gestion<\/strong><\/p>\n<p><strong><u>Sp\u00e9cialit\u00e9s<\/u><\/strong><strong>\u00a0<\/strong>: Comptabilit\u00e9 et Gestion des Entreprises\u00a0\u00a0&#8211; Informatique de Gestion\u00a0&#8211;\u00a0 Action Commerciale &#8211; Commerce International &#8211; Banque &#8211; Assurances.<\/p>\n<p><strong><u>Fili\u00e8re\u00a02<\/u><\/strong> <strong>: Communication<\/strong><\/p>\n<p><strong><u>Sp\u00e9cialit\u00e9<\/u><\/strong><strong> : <\/strong>Information-Communication (<em><u>Options<\/u><\/em><strong>\u00a0<\/strong>: Communication d\u2019Entreprise<\/p>\n<p>; Journalisme\u00a0; Photographie Audiovisuelle).<\/p>\n<p><strong><u>Fili\u00e8re\u00a03<\/u><\/strong><strong> : Industrielle et Technologique<\/strong><\/p>\n<p><strong><u>Sp\u00e9cialit\u00e9s<\/u><\/strong> : G\u00e9nie Electrique (<em><u>Options<\/u><\/em><strong>\u00a0<\/strong>: Electronique\u00a0; Electrotechnique) &#8211; G\u00e9nie M\u00e9canique (<em><u>Option<\/u><\/em><strong>\u00a0<\/strong>: Maintenance et Apr\u00e8s Vente Automobile) \u00a0&#8211; G\u00e9nie Civil (<em><u>Options<\/u><\/em><strong>\u00a0<\/strong>: B\u00e2timent\u00a0; Travaux Publics).<\/p>\n<p><strong><u>Fili\u00e8re<\/u><\/strong><strong><u>\u00a04<\/u><\/strong> <strong>: Touristique et Sociale<\/strong><\/p>\n<p><strong><u>Sp\u00e9cialit\u00e9s<\/u><\/strong>\u00a0: Tourisme et Loisirs &#8211; H\u00f4tellerie et Restauration &#8211; Economie Sociale et Familiale.<\/p>\n<p><strong>Dipl\u00f4me DSEP<\/strong><\/p>\n<p><strong><u>Fili\u00e8re\u00a01<\/u><\/strong><strong> : Marketing, Commerce et Vente<\/strong><\/p>\n<p><strong><u>Fili\u00e8re\u00a02<\/u><\/strong><strong> : Banque<\/strong><\/p>\n<p><strong><u>Fili\u00e8re\u00a03<\/u><\/strong><strong> : Informatique<\/strong><\/p>\n<p><strong><u>Sp\u00e9cialit\u00e9s<\/u><\/strong> : G\u00e9nie Informatique &#8211; Maintenance Informatique &#8211; Informatique de Gestion.<\/p>\n<p><strong><u>Fili\u00e8re\u00a04<\/u><\/strong><strong> : Gestion des Entreprises et des Administrations<\/strong><\/p>\n<p><strong><u>Sp\u00e9cialit\u00e9s<\/u><\/strong> : Ressources Humaines &#8211; Gestion des Petites et Moyennes Organisations.<\/p>\n<p><strong><u>Fili\u00e8re\u00a05<\/u><\/strong><strong> : Professions M\u00e9dico-Sanitaires<\/strong><\/p>\n<p><strong><u>Sp\u00e9cialit\u00e9s<\/u><\/strong> : Soins Infirmiers &#8211; Techniques de Laboratoire M\u00e9dical &#8211; Techniques Pharmaceutiques &#8211; Etudes M\u00e9dicales\u00a0&#8211; Techniques de Sant\u00e9 Publique.<\/p>\n<p><strong><u>Fili\u00e8re\u00a06<\/u><\/strong><strong> : Finances et Comptabilit\u00e9<\/strong><\/p>\n<p><strong><u>Fili\u00e8re\u00a07<\/u><\/strong><strong> :<\/strong> <strong>Expertise Comptable<\/strong><\/p>\n<p><strong><u>Fili\u00e8re 8<\/u><\/strong>\u00a0<strong>: Droit<\/strong><\/p>\n<p><strong><u>Sp\u00e9cialit\u00e9s<\/u><\/strong> : Carri\u00e8re Juridiques &#8211; Droit des Affaires.<\/p>\n<p><strong><u>Fili\u00e8re\u00a09<\/u><\/strong><strong> : G\u00e9nie Electrique et T\u00e9l\u00e9communications<\/strong><\/p>\n<p><strong><u>Sp\u00e9cialit\u00e9s<\/u><\/strong><strong>\u00a0<\/strong>: T\u00e9l\u00e9communication et R\u00e9seaux &#8211; Electronique et Electrotechnique<\/p>\n<p><strong><u>Fili\u00e8re 10<\/u><\/strong><strong>\u00a0:<\/strong><strong> G\u00e9nie M\u00e9canique<\/strong><\/p>\n<p><strong><u>Sp\u00e9cialit\u00e9<\/u><\/strong> : Fabrication M\u00e9canique.<\/p>\n<p><strong>Dipl\u00f4me HND<\/strong><\/p>\n<p><strong><u>Fili\u00e8re 1<\/u><\/strong><strong>\u00a0: Business, Finance and Management<\/strong><\/p>\n<p><strong><u>Sp\u00e9cialit\u00e9s<\/u><\/strong> : Banking and Finance &#8211; Management &#8211; Marketing &#8211; Accountancy &#8211; Insurance.<\/p>\n<p><strong><u>Fili\u00e8re 2<\/u><\/strong><strong>\u00a0: Journalism and Media<\/strong><\/p>\n<p><strong><u>Sp\u00e9cialit\u00e9<\/u><\/strong> : Journalism (<em><u>Option<\/u><\/em> :\u00a0 Print Journalism)<\/p>\n<p><strong><u>Fili\u00e8re 3<\/u><\/strong><strong>\u00a0: Engineering and Technology<\/strong><\/p>\n<p><strong><u>Sp\u00e9cialit\u00e9s<\/u><\/strong> : Electrical and Electronics Engineering (<em><u>Options<\/u><\/em> : Electrical Power System; Air Conditioning and Refrigeration;\u00a0 Telecommunication) &#8211; Civil and Structural Engineering\u00a0 (<em><u>Option<\/u><\/em> : Civil Engineering and Construction Management ; Water System) &#8211; Computer Engineering (<em><u>Options<\/u><\/em> : Hardware Maintenance; Software Maintenance) &#8211; Agriculture and Food Sciences (<em><u>Options<\/u><\/em> : Agricultural Engineering and Management ; Food Technology; Rural Development Planning and Administration ; Food Safety and Quality Control) &#8211; Mining Engineering &#8211; Automobile Mechanics &#8211; Sheet Metal Fabrication &#8211; Wood Engineering &#8211; Civil and Structural Engineering ( Option: Urban Planning and Surveying).<\/p>\n<p><strong><u>Fili\u00e8re 4<\/u><\/strong><strong> : Education and Professional Development<\/strong><\/p>\n<p><strong><u>Sp\u00e9cialit\u00e9<\/u><\/strong> : Education (<em><u>Options<\/u><\/em> : Didactics; Educational Planning and Development; Educational Management and Administration; Special Education for the Gifted, the Handicapped; Educational Management and Administration).<\/p>\n<p><strong><u>Fili\u00e8re 5<\/u><\/strong><strong> : Home Economics, Tourism and Hotel Management<\/strong><\/p>\n<p><strong><u>Sp\u00e9cialit\u00e9<\/u><\/strong> : Home Economics (<em><u>Options<\/u><\/em> : Bakery and Food Processing; Fashion Design; Clothing and Textiles) &#8211; Tourism and Hotel Management (<em><u>Options<\/u> :<\/em> Food Management and Catering; Food Beverage and Restaurant Management) &#8211; Shipping Administration &#8211; Transport and Logistics.<\/p>\n<p><strong><u>Fili\u00e8re 6<\/u><\/strong><strong> : Medical and Biomedical Sciences<\/strong><\/p>\n<p><strong><u>Sp\u00e9cialit\u00e9s<\/u><\/strong> : Medical Imagery &#8211; Ophthalmology &#8211; Physiotherapy &#8211; Dental Therapy &#8211; Midwifery.<\/p>\n<p><strong>Dipl\u00f4me <\/strong><strong>Licence Professionnelle de l\u2019Universit\u00e9 de Buea<\/strong><\/p>\n<p><strong><u>Fili\u00e8re 1<\/u><\/strong><strong> : Business, Finance and Management<\/strong><\/p>\n<p><strong><u>Sp\u00e9cialit\u00e9s<\/u><\/strong> : Banking and Finance &#8211; Management &#8211; Marketing &#8211; Accountancy &#8211; Insurance.<\/p>\n<p><strong><u>Fili\u00e8re\u00a02<\/u><\/strong><strong> : Teaching Education and Professional Development<\/strong><\/p>\n<p><strong><u>Fili\u00e8re 3<\/u><\/strong><strong>\u00a0: Communication<\/strong><\/p>\n<p><strong><u>Sp\u00e9cialit\u00e9<\/u><\/strong> : Mass Communication and Journalism<\/p>\n<p><strong><u>Fili\u00e8re 4<\/u><\/strong><strong>\u00a0: Droit<\/strong><\/p>\n<p><strong><u>Sp\u00e9cialit\u00e9s<\/u><\/strong> : Carri\u00e8res Juridiques &#8211; Droit des Affaires.<\/p>\n<p><strong><u>Fili\u00e8re\u00a05<\/u><\/strong><strong> : Medical and Biomedical Sciences<\/strong><\/p>\n<p><strong><u>Sp\u00e9cialit\u00e9s<\/u><\/strong> : Nursing &#8211;\u00a0M\u00e9dical Laboratory.<\/p>\n","protected":false},"excerpt":{"rendered":"<p>&#46;&#46;&#46;<\/p>\n","protected":false},"author":2,"featured_media":0,"parent":1747,"menu_order":0,"comment_status":"closed","ping_status":"closed","template":"","meta":[],"_links":{"self":[{"href":"https:\/\/www.minesup.gov.cm\/index.php\/wp-json\/wp\/v2\/pages\/7799"}],"collection":[{"href":"https:\/\/www.minesup.gov.cm\/index.php\/wp-json\/wp\/v2\/pages"}],"about":[{"href":"https:\/\/www.minesup.gov.cm\/index.php\/wp-json\/wp\/v2\/types\/page"}],"author":[{"embeddable":true,"href":"https:\/\/www.minesup.gov.cm\/index.php\/wp-json\/wp\/v2\/users\/2"}],"replies":[{"embeddable":true,"href":"https:\/\/www.minesup.gov.cm\/index.php\/wp-json\/wp\/v2\/comments?post=7799"}],"version-history":[{"count":0,"href":"https:\/\/www.minesup.gov.cm\/index.php\/wp-json\/wp\/v2\/pages\/7799\/revisions"}],"up":[{"embeddable":true,"href":"https:\/\/www.minesup.gov.cm\/index.php\/wp-json\/wp\/v2\/pages\/1747"}],"wp:attachment":[{"href":"https:\/\/www.minesup.gov.cm\/index.php\/wp-json\/wp\/v2\/media?parent=7799"}],"curies":[{"name":"wp","href":"https:\/\/api.w.org\/{rel}","templated":true}]}}