{"id":7801,"date":"2019-06-24T11:40:27","date_gmt":"2019-06-24T09:40:27","guid":{"rendered":"https:\/\/minesup.gov.cm\/?page_id=7801"},"modified":"2019-06-24T11:40:27","modified_gmt":"2019-06-24T09:40:27","slug":"paulss-computer-higher-institute-of-technology-pc-hitech","status":"publish","type":"page","link":"https:\/\/www.minesup.gov.cm\/index.php\/region-nord-ouest\/paulss-computer-higher-institute-of-technology-pc-hitech\/","title":{"rendered":"Pauls\u2019s Computer Higher Institute of Technology (PC-HITECH)"},"content":{"rendered":"<p><strong>INFORMATIONS D\u2019IDENTIFICATION<\/strong><\/p>\n<p><strong>Nom de l\u2019institution\u00a0<\/strong>: <strong>Pauls\u2019s Computer Higher Institute of Technology (PC-HITECH) <\/strong><br \/>\n<strong>Nom du promoteur<\/strong>\u00a0: <em>Paul\u2019s Computer Institute, repr\u00e9sent\u00e9e par <strong>MUMBARI Joseph FURCHU<\/strong><\/em><br \/>\n<strong>R\u00e9gion\u00a0<\/strong>: Nord-Ouest<br \/>\n<strong>D\u00e9partement\u00a0<\/strong>: Mezam<br \/>\n<strong>Arrondissement\u00a0<\/strong>: Bamenda 3<br \/>\n<strong>Site de localisation\u00a0<\/strong>: <strong>Bamenda <\/strong>(Mankon)<br \/>\n<strong>Adresse postale<\/strong>\u00a0: <strong>B.P<\/strong>.\u00a0643<br \/>\n<strong>T\u00e9l\u00e9phone\u00a0<\/strong>: +237 677 26 47 80<br \/>\n<strong>Email<\/strong>\u00a0:\u00a0<em><a href=\"mailto:jmumbari@gmail.com\">jmumbari@gmail.com<\/a><\/em><br \/>\n<strong>Site web<\/strong>\u00a0:<br \/>\n<strong>Adresse dans les r\u00e9seaux sociaux\u00a0<\/strong>:<\/p>\n<p><strong>INFORMATIONS SUR LE STATUT D\u2019ACCR\u00c9DITATION<\/strong><\/p>\n<p><strong>Arr\u00eat\u00e9s portant cr\u00e9ation <\/strong>: N\u00b015\/00760\/MINESUP\/SG\/DDES\/ESUP\/SDA\/NJN du 30 janvier 2015<br \/>\n<strong>Autorisation d\u2019ouverture<\/strong>\u00a0: N\u00b015\/00760\/MINESUP\/SG\/DDES\/ESUP\/SDA\/NJN du 30 janvier 2015<\/p>\n<p><strong>FILI\u00c8RES, SP\u00c9CIALIT\u00c9S ET DIPL\u00d4MES AUTORIS\u00c9S<\/strong><\/p>\n<p><strong>Dipl\u00f4me HND<\/strong><\/p>\n<p><strong><u>Fili\u00e8re 1<\/u><\/strong> :<strong> Engineering and Technology<\/strong><\/p>\n<p><strong><u>Sp\u00e9cialit\u00e9s<\/u><\/strong>\u00a0: Computer Engineering &#8211; Software and Hardware Maintenance &#8211; Electrical and Electronics Engineering &#8211; Civil and Structural Engineering.<\/p>\n<p><strong><u>Fili\u00e8re 2<\/u><\/strong> :<strong> Business, Finance and Management<\/strong><\/p>\n<p><strong><u>Sp\u00e9cialit\u00e9s<\/u><\/strong><strong>\u00a0<\/strong>: Accountancy &#8211; Banking and Finance &#8211; Marketing &#8211; Management &#8211; Secretarial Studies, Public Service and Administration.<\/p>\n<p><strong><u>Fili\u00e8re 3<\/u><\/strong> : <strong>Educational and Professional Development <\/strong><\/p>\n<p><strong><u>Sp\u00e9cialit\u00e9s<\/u><\/strong><strong>\u00a0<\/strong>: Education &#8211; (Options : Vocational Guidance and Counseling ; Professional Studies in Education) &#8211; Didactics.<\/p>\n<p><strong>Dipl\u00f4me HPD<\/strong><\/p>\n<p><strong><u>Fili\u00e8re<\/u><\/strong> : <strong>Enterprises and Organizations <\/strong><\/p>\n<p><strong><u>Sp\u00e9cialit\u00e9<\/u><\/strong><strong>\u00a0<\/strong>: Human Resource Management.<\/p>\n<p>&nbsp;<\/p>\n<p>&nbsp;<\/p>\n","protected":false},"excerpt":{"rendered":"<p>&#46;&#46;&#46;<\/p>\n","protected":false},"author":2,"featured_media":0,"parent":1747,"menu_order":0,"comment_status":"closed","ping_status":"closed","template":"","meta":[],"_links":{"self":[{"href":"https:\/\/www.minesup.gov.cm\/index.php\/wp-json\/wp\/v2\/pages\/7801"}],"collection":[{"href":"https:\/\/www.minesup.gov.cm\/index.php\/wp-json\/wp\/v2\/pages"}],"about":[{"href":"https:\/\/www.minesup.gov.cm\/index.php\/wp-json\/wp\/v2\/types\/page"}],"author":[{"embeddable":true,"href":"https:\/\/www.minesup.gov.cm\/index.php\/wp-json\/wp\/v2\/users\/2"}],"replies":[{"embeddable":true,"href":"https:\/\/www.minesup.gov.cm\/index.php\/wp-json\/wp\/v2\/comments?post=7801"}],"version-history":[{"count":0,"href":"https:\/\/www.minesup.gov.cm\/index.php\/wp-json\/wp\/v2\/pages\/7801\/revisions"}],"up":[{"embeddable":true,"href":"https:\/\/www.minesup.gov.cm\/index.php\/wp-json\/wp\/v2\/pages\/1747"}],"wp:attachment":[{"href":"https:\/\/www.minesup.gov.cm\/index.php\/wp-json\/wp\/v2\/media?parent=7801"}],"curies":[{"name":"wp","href":"https:\/\/api.w.org\/{rel}","templated":true}]}}