{"id":7805,"date":"2019-06-24T11:43:39","date_gmt":"2019-06-24T09:43:39","guid":{"rendered":"https:\/\/minesup.gov.cm\/?page_id=7805"},"modified":"2019-06-24T11:43:39","modified_gmt":"2019-06-24T09:43:39","slug":"saint-louis-higher-institute-of-health-and-biomedical-sciences","status":"publish","type":"page","link":"https:\/\/www.minesup.gov.cm\/index.php\/region-nord-ouest\/saint-louis-higher-institute-of-health-and-biomedical-sciences\/","title":{"rendered":"Saint Louis Higher Institute of Health and Biomedical Sciences"},"content":{"rendered":"<p><strong>INFORMATIONS D\u2019IDENTIFICATION<\/strong><\/p>\n<p><strong>Nom de l\u2019institution\u00a0<\/strong>: <strong>Saint Louis Higher Institute of Health and Biomedical Sciences<\/strong><br \/>\n<strong>Nom du promoteur<\/strong>\u00a0: <strong><em>Nick NGWANYAM<\/em><\/strong><br \/>\n<strong>R\u00e9gion\u00a0<\/strong>: Nord-Ouest<br \/>\n<strong>D\u00e9partement\u00a0<\/strong>: Mezam<br \/>\n<strong>Arrondissement\u00a0<\/strong>:<br \/>\n<strong>Site de localisation\u00a0<\/strong>: <strong>Bamenda <\/strong>(Mile 3 Nkwen)<br \/>\n<strong>Adresse postale<\/strong>\u00a0: <strong>B.P<\/strong>.\u00a0126<br \/>\n<strong>T\u00e9l\u00e9phone\u00a0<\/strong>: +237 677 76 46 74\/ 677 81 48 27<br \/>\n<strong>Email<\/strong>\u00a0:<br \/>\n<strong>Site web<\/strong>\u00a0:<br \/>\n<strong>Adresse dans les r\u00e9seaux sociaux\u00a0<\/strong>:<\/p>\n<p><strong>INFORMATIONS SUR LE STATUT D\u2019ACCR\u00c9DITATION<\/strong><\/p>\n<p><strong>Arr\u00eat\u00e9s portant cr\u00e9ation <\/strong>: N\u00b005\/0010\/MINESUP du <strong>12 janvier\u00a0 2005<\/strong><br \/>\n<strong>Autorisation d\u2019ouverture<\/strong>\u00a0: N\u00b006\/0056\/MINESUP du 02\u00a0juin 2006,<strong> compl\u00e9t\u00e9e par l\u2019arr\u00eat\u00e9<\/strong> N\u00b013\/0049\/MINSUP du 09 janvier 2013<\/p>\n<p><strong>FILI\u00c8RES, SP\u00c9CIALIT\u00c9S ET DIPL\u00d4MES AUTORIS\u00c9S<\/strong><\/p>\n<p><strong>Dipl\u00f4me HND<\/strong><\/p>\n<p><strong><u>Fili\u00e8re\u00a01<\/u><\/strong><strong> :\u00a0<\/strong><strong>Medical and Biomedical Studies<\/strong><\/p>\n<p><strong><u>Sp\u00e9cialit\u00e9s<\/u><\/strong> : Nursing &#8211;\u00a0M\u00e9dical Laboratory &#8211; Health Care Management<\/p>\n<p><strong>Dipl\u00f4me HPD\/DSEP<\/strong><\/p>\n<p><strong><u>Fili\u00e8re 2<\/u><\/strong><strong> : <\/strong><strong>Professions M\u00e9dico-Sanitaires et Pharmaceutiques<\/strong><\/p>\n<p><strong><u>Sp\u00e9cialit\u00e9s<\/u><\/strong> : Kin\u00e9sith\u00e9rapie &#8211; Etudes Pharmaceutiques &#8211; Etudes M\u00e9dicales\u00a0&#8211; Techniques de Sant\u00e9 Publique &#8211; Radiology (Option : Medical Diagnostic Imaging\u00a0; Radio Therapy) &#8211; Midwifery.<\/p>\n<p><strong>Dipl\u00f4me <\/strong>Professional Bachelor degree\u00a0 de\u00a0 l\u2019Universit\u00e9 de Buea<\/p>\n<p><strong><u>Fili\u00e8re<\/u><\/strong><strong> : <\/strong><strong>Medical and Biomedical Studies<\/strong><\/p>\n<p><strong><u>Sp\u00e9cialit\u00e9s<\/u> <\/strong>: Nursing &#8211; Physiotherapy &#8211; Dental Therapy &#8211; Medical Laboratory Sciences<\/p>\n","protected":false},"excerpt":{"rendered":"<p>&#46;&#46;&#46;<\/p>\n","protected":false},"author":2,"featured_media":0,"parent":1747,"menu_order":0,"comment_status":"closed","ping_status":"closed","template":"","meta":[],"_links":{"self":[{"href":"https:\/\/www.minesup.gov.cm\/index.php\/wp-json\/wp\/v2\/pages\/7805"}],"collection":[{"href":"https:\/\/www.minesup.gov.cm\/index.php\/wp-json\/wp\/v2\/pages"}],"about":[{"href":"https:\/\/www.minesup.gov.cm\/index.php\/wp-json\/wp\/v2\/types\/page"}],"author":[{"embeddable":true,"href":"https:\/\/www.minesup.gov.cm\/index.php\/wp-json\/wp\/v2\/users\/2"}],"replies":[{"embeddable":true,"href":"https:\/\/www.minesup.gov.cm\/index.php\/wp-json\/wp\/v2\/comments?post=7805"}],"version-history":[{"count":0,"href":"https:\/\/www.minesup.gov.cm\/index.php\/wp-json\/wp\/v2\/pages\/7805\/revisions"}],"up":[{"embeddable":true,"href":"https:\/\/www.minesup.gov.cm\/index.php\/wp-json\/wp\/v2\/pages\/1747"}],"wp:attachment":[{"href":"https:\/\/www.minesup.gov.cm\/index.php\/wp-json\/wp\/v2\/media?parent=7805"}],"curies":[{"name":"wp","href":"https:\/\/api.w.org\/{rel}","templated":true}]}}