{"id":7807,"date":"2019-06-24T11:44:58","date_gmt":"2019-06-24T09:44:58","guid":{"rendered":"https:\/\/minesup.gov.cm\/?page_id=7807"},"modified":"2019-06-24T11:44:58","modified_gmt":"2019-06-24T09:44:58","slug":"st-judes-higher-institute-of-nursing-and-biomedical-studies","status":"publish","type":"page","link":"https:\/\/www.minesup.gov.cm\/index.php\/region-nord-ouest\/st-judes-higher-institute-of-nursing-and-biomedical-studies\/","title":{"rendered":"ST Jude\u2019s Higher Institute of Nursing and Biomedical Studies"},"content":{"rendered":"<p><strong>INFORMATIONS D\u2019IDENTIFICATION<\/strong><\/p>\n<p><strong>Nom de l\u2019institution\u00a0<\/strong>: <strong>ST Jude\u2019s Higher Institute of Nursing and Biomedical Studies<\/strong><br \/>\n<strong>Nom du promoteur<\/strong>\u00a0: <strong><em>Jude Bonaventure APPAWNAW OYEBOG<\/em><\/strong><br \/>\n<strong>R\u00e9gion\u00a0<\/strong>: Nord-Ouest<br \/>\n<strong>D\u00e9partement\u00a0<\/strong>: Mezam<br \/>\n<strong>Arrondissement\u00a0<\/strong>:<br \/>\n<strong>Site de localisation\u00a0<\/strong>: <strong>Bamenda <\/strong>(Nitob II)<br \/>\n<strong>Adresse postale<\/strong>\u00a0: <strong>B.P<\/strong>.\u00a0488<br \/>\n<strong>T\u00e9l\u00e9phone\u00a0<\/strong>: +237 677 94 87 14<br \/>\n<strong>Email<\/strong>\u00a0:\u00a0<em><a href=\"mailto:info@stjudetraining.org\">info@stjudetraining.org<\/a><\/em><br \/>\n<strong>Site web<\/strong>\u00a0:<br \/>\n<strong>Adresse dans les r\u00e9seaux sociaux\u00a0<\/strong>:<\/p>\n<p><strong>INFORMATIONS SUR LE STATUT D\u2019ACCR\u00c9DITATION<\/strong><\/p>\n<p><strong>Arr\u00eat\u00e9s portant cr\u00e9ation <\/strong>: N\u00b007\/0135\/MINESUP du 21 septembre 2007<br \/>\n<strong>Autorisation d\u2019ouverture<\/strong>\u00a0: N\u00b007\/0144\/MINESUP du 21 septembre 2007<\/p>\n<p><strong>Extension de fili\u00e8res<\/strong>\u00a0: \u00a0N\u00b016-07065\/L\/MINESUP\/SG\/DDES\/ESUP\/SDA\/OAGS du 07 juillet 2016<\/p>\n<p><strong>FILI\u00c8RES, SP\u00c9CIALIT\u00c9S ET DIPL\u00d4MES AUTORIS\u00c9S<\/strong><\/p>\n<p><strong>Dipl\u00f4me HND<\/strong><\/p>\n<p><strong><u>Fili\u00e8re1<\/u><\/strong><strong> :\u00a0 Medical and Biomedical Studies<\/strong><\/p>\n<p><strong><u>Sp\u00e9cialit\u00e9s<\/u><\/strong> : Nursing &#8211;\u00a0M\u00e9dical Laboratory Studies &#8211; Health Care Management &#8211; Nutrition and Dietetics<\/p>\n<p>&nbsp;<\/p>\n<p>&nbsp;<\/p>\n<p>&nbsp;<\/p>\n","protected":false},"excerpt":{"rendered":"<p>&#46;&#46;&#46;<\/p>\n","protected":false},"author":2,"featured_media":0,"parent":1747,"menu_order":0,"comment_status":"closed","ping_status":"closed","template":"","meta":[],"_links":{"self":[{"href":"https:\/\/www.minesup.gov.cm\/index.php\/wp-json\/wp\/v2\/pages\/7807"}],"collection":[{"href":"https:\/\/www.minesup.gov.cm\/index.php\/wp-json\/wp\/v2\/pages"}],"about":[{"href":"https:\/\/www.minesup.gov.cm\/index.php\/wp-json\/wp\/v2\/types\/page"}],"author":[{"embeddable":true,"href":"https:\/\/www.minesup.gov.cm\/index.php\/wp-json\/wp\/v2\/users\/2"}],"replies":[{"embeddable":true,"href":"https:\/\/www.minesup.gov.cm\/index.php\/wp-json\/wp\/v2\/comments?post=7807"}],"version-history":[{"count":0,"href":"https:\/\/www.minesup.gov.cm\/index.php\/wp-json\/wp\/v2\/pages\/7807\/revisions"}],"up":[{"embeddable":true,"href":"https:\/\/www.minesup.gov.cm\/index.php\/wp-json\/wp\/v2\/pages\/1747"}],"wp:attachment":[{"href":"https:\/\/www.minesup.gov.cm\/index.php\/wp-json\/wp\/v2\/media?parent=7807"}],"curies":[{"name":"wp","href":"https:\/\/api.w.org\/{rel}","templated":true}]}}