{"id":7809,"date":"2019-06-24T11:46:36","date_gmt":"2019-06-24T09:46:36","guid":{"rendered":"https:\/\/minesup.gov.cm\/?page_id=7809"},"modified":"2019-06-24T11:46:36","modified_gmt":"2019-06-24T09:46:36","slug":"higher-institute-for-professional-development-and-training-hipdet","status":"publish","type":"page","link":"https:\/\/www.minesup.gov.cm\/index.php\/region-nord-ouest\/higher-institute-for-professional-development-and-training-hipdet\/","title":{"rendered":"Higher Institute for Professional Development and Training (HIPDET)"},"content":{"rendered":"<p><strong>INFORMATIONS D\u2019IDENTIFICATION<\/strong><\/p>\n<p><strong>Nom de l\u2019institution\u00a0<\/strong>: <strong>Higher Institute for Professional Development and Training (HIPDET)<\/strong><br \/>\n<strong>Nom du promoteur<\/strong>\u00a0: <strong>NTAINTAIN Benjamin Yang <\/strong><br \/>\n<strong>R\u00e9gion\u00a0<\/strong>: Nord-Ouest<br \/>\n<strong>D\u00e9partement\u00a0<\/strong>: Mezam<br \/>\n<strong>Arrondissement\u00a0<\/strong>:<br \/>\n<strong>Site de localisation\u00a0<\/strong>: <strong>Bamenda <\/strong>(Mile 4 Nkwen)<br \/>\n<strong>Adresse postale<\/strong>\u00a0: <strong>B.P<\/strong>.\u00a098<br \/>\n<strong>T\u00e9l\u00e9phone\u00a0<\/strong>: +237\u00a0675\u00a0063 967<br \/>\n<strong>Email<\/strong>\u00a0:<br \/>\n<strong>Site web<\/strong>\u00a0:<br \/>\n<strong>Adresse dans les r\u00e9seaux sociaux\u00a0<\/strong>:<\/p>\n<p><strong>INFORMATIONS SUR LE STATUT D\u2019ACCR\u00c9DITATION<\/strong><\/p>\n<p><strong>Arr\u00eat\u00e9s portant cr\u00e9ation <\/strong>: N\u00b016-13298\/N\/MINESUP\/DDES\/ESUP\/SDA\/NJN\/ebm du 08d\u00e9cembre 2016<br \/>\n<strong>Autorisation d\u2019ouverture<\/strong>\u00a0: N\u00b016-13298\/N\/MINESUP\/DDES\/ESUP\/SDA\/NJN\/ebm du 08d\u00e9cembre 2016<\/p>\n<p><strong>FILI\u00c8RES, SP\u00c9CIALIT\u00c9S ET DIPL\u00d4MES AUTORIS\u00c9S<\/strong><\/p>\n<p><strong>Dipl\u00f4me HND<\/strong><\/p>\n<p><strong><u>Fili\u00e8re 1<\/u><\/strong><strong> :\u00a0 Business Finance and Management<\/strong><\/p>\n<p><strong><u>Sp\u00e9cialit\u00e9s<\/u><\/strong> : Accountancy \u2013 Banking and Finance \u2013 Management \u2013 Marketing \u2013 Insurance \u2013 Executive Secretarial Studies \u2013 Transport and Logistic \u2013 Human Resource Management \u2013 Shipping Administration and Marine Studies.<\/p>\n<p><strong><u>Fili\u00e8re 2<\/u><\/strong><strong> : Education and Vocational Development<\/strong><\/p>\n<p><strong><u>Sp\u00e9cialit\u00e9<\/u><\/strong> : Didactics<\/p>\n<p><strong><u>Fili\u00e8re 3<\/u><\/strong><strong> : Engineering and Technology<\/strong><\/p>\n<p><strong><u>Sp\u00e9cialit\u00e9<\/u><\/strong> : Civil and Structural Engineering<\/p>\n<p><strong><u>Fili\u00e8re 4<\/u><\/strong><strong> : Biomedical Sciences<\/strong><\/p>\n<p><strong><u>Sp\u00e9cialit\u00e9s<\/u><\/strong> : Nursing \u2013 Medical Laboratory Studies<\/p>\n<p><strong><u>Fili\u00e8re 5<\/u><\/strong><strong> : Home Economics, Tourism and Hotel Management<\/strong><\/p>\n<p><strong><u>Sp\u00e9cialit\u00e9s<\/u><\/strong> : Tourism and Hotel Management (Options: Food Management \u2013 Catering \u2013 Hospitality Management)<\/p>\n<p><strong>\u00a0<\/strong><\/p>\n","protected":false},"excerpt":{"rendered":"<p>&#46;&#46;&#46;<\/p>\n","protected":false},"author":2,"featured_media":0,"parent":1747,"menu_order":0,"comment_status":"closed","ping_status":"closed","template":"","meta":[],"_links":{"self":[{"href":"https:\/\/www.minesup.gov.cm\/index.php\/wp-json\/wp\/v2\/pages\/7809"}],"collection":[{"href":"https:\/\/www.minesup.gov.cm\/index.php\/wp-json\/wp\/v2\/pages"}],"about":[{"href":"https:\/\/www.minesup.gov.cm\/index.php\/wp-json\/wp\/v2\/types\/page"}],"author":[{"embeddable":true,"href":"https:\/\/www.minesup.gov.cm\/index.php\/wp-json\/wp\/v2\/users\/2"}],"replies":[{"embeddable":true,"href":"https:\/\/www.minesup.gov.cm\/index.php\/wp-json\/wp\/v2\/comments?post=7809"}],"version-history":[{"count":0,"href":"https:\/\/www.minesup.gov.cm\/index.php\/wp-json\/wp\/v2\/pages\/7809\/revisions"}],"up":[{"embeddable":true,"href":"https:\/\/www.minesup.gov.cm\/index.php\/wp-json\/wp\/v2\/pages\/1747"}],"wp:attachment":[{"href":"https:\/\/www.minesup.gov.cm\/index.php\/wp-json\/wp\/v2\/media?parent=7809"}],"curies":[{"name":"wp","href":"https:\/\/api.w.org\/{rel}","templated":true}]}}