{"id":7811,"date":"2019-06-24T11:53:03","date_gmt":"2019-06-24T09:53:03","guid":{"rendered":"https:\/\/minesup.gov.cm\/?page_id=7811"},"modified":"2019-06-24T11:53:03","modified_gmt":"2019-06-24T09:53:03","slug":"baptist-institute-of-higher-learning","status":"publish","type":"page","link":"https:\/\/www.minesup.gov.cm\/index.php\/region-nord-ouest\/baptist-institute-of-higher-learning\/","title":{"rendered":"Baptist Institute of Higher Learning"},"content":{"rendered":"<p><strong>INFORMATIONS D\u2019IDENTIFICATION<\/strong><\/p>\n<p><strong>Nom de l\u2019institution\u00a0<\/strong>: <strong>Baptist Institute of Higher Learning<\/strong><\/p>\n<p><strong>R\u00e9gion\u00a0<\/strong>: Nord-Ouest<br \/>\n<strong>D\u00e9partement\u00a0<\/strong>: Mezam<\/p>\n<p><strong>Arrondissement\u00a0<\/strong>:<br \/>\n<strong>Site de localisation\u00a0<\/strong>: Bamenda<\/p>\n<p><strong>Adresse postale<\/strong>\u00a0: <strong>B.P<\/strong>.\u00a0 1<br \/>\n<strong>T\u00e9l\u00e9phone\u00a0<\/strong>: +237\u00a0 676\u00a0405\u00a0806\/ 677\u00a0500 487<br \/>\n<strong>Email<\/strong>\u00a0:<br \/>\n<strong>Site web<\/strong>\u00a0:<br \/>\n<strong>Adresse dans les r\u00e9seaux sociaux\u00a0<\/strong>:<\/p>\n<p><strong>INFORMATIONS SUR LE STATUT D\u2019ACCR\u00c9DITATION<\/strong><\/p>\n<p><strong>Arr\u00eat\u00e9s portant cr\u00e9ation <\/strong>: 19-043372\/L\/MINESUP\/SG\/DDES\/ESUP\/SDA\/OAGS du 12 avril 2019<br \/>\n<strong>Autorisation d\u2019ouverture<\/strong>\u00a0: 19-043372\/L\/MINESUP\/SG\/DDES\/ESUP\/SDA\/OAGS du 12 avril 2019<\/p>\n<p><strong>FILI\u00c8RES, SP\u00c9CIALIT\u00c9S ET DIPL\u00d4MES AUTORIS\u00c9S<\/strong><\/p>\n<p><strong>Dipl\u00f4me\u00a0: Bachelor of Science <\/strong><\/p>\n<p><u>Fili\u00e8re 1<\/u>\u00a0: <strong>Clinical Psychology<\/strong><\/p>\n<p><u>Fili\u00e8re 2<\/u> : <strong>Sociology and Antropology<\/strong><\/p>\n<p><u>Fili\u00e8re 3<\/u>\u00a0: <strong>Curriculum Studies and Teaching<\/strong><\/p>\n<p><u>Fili\u00e8re 4<\/u>\u00a0: <strong>Work, Community, and Family Education<\/strong><\/p>\n<p><u>Fili\u00e8re 5<\/u>\u00a0: <strong>Elementary Education<\/strong><\/p>\n<p><u>Fili\u00e8re 6<\/u>\u00a0: <strong>Translation<\/strong><\/p>\n<p><strong>Dipl\u00f4me: Master of Science <\/strong><\/p>\n<p><u>Fili\u00e8re<\/u>\u00a0: <strong>Clinical Psychology<\/strong><\/p>\n<p><u>Fili\u00e8re<\/u>\u00a0: <strong>Translation<\/strong><\/p>\n","protected":false},"excerpt":{"rendered":"<p>&#46;&#46;&#46;<\/p>\n","protected":false},"author":2,"featured_media":0,"parent":1747,"menu_order":0,"comment_status":"closed","ping_status":"closed","template":"","meta":[],"_links":{"self":[{"href":"https:\/\/www.minesup.gov.cm\/index.php\/wp-json\/wp\/v2\/pages\/7811"}],"collection":[{"href":"https:\/\/www.minesup.gov.cm\/index.php\/wp-json\/wp\/v2\/pages"}],"about":[{"href":"https:\/\/www.minesup.gov.cm\/index.php\/wp-json\/wp\/v2\/types\/page"}],"author":[{"embeddable":true,"href":"https:\/\/www.minesup.gov.cm\/index.php\/wp-json\/wp\/v2\/users\/2"}],"replies":[{"embeddable":true,"href":"https:\/\/www.minesup.gov.cm\/index.php\/wp-json\/wp\/v2\/comments?post=7811"}],"version-history":[{"count":0,"href":"https:\/\/www.minesup.gov.cm\/index.php\/wp-json\/wp\/v2\/pages\/7811\/revisions"}],"up":[{"embeddable":true,"href":"https:\/\/www.minesup.gov.cm\/index.php\/wp-json\/wp\/v2\/pages\/1747"}],"wp:attachment":[{"href":"https:\/\/www.minesup.gov.cm\/index.php\/wp-json\/wp\/v2\/media?parent=7811"}],"curies":[{"name":"wp","href":"https:\/\/api.w.org\/{rel}","templated":true}]}}