{"id":7818,"date":"2019-06-24T12:08:00","date_gmt":"2019-06-24T10:08:00","guid":{"rendered":"https:\/\/minesup.gov.cm\/?page_id=7818"},"modified":"2019-06-24T12:08:00","modified_gmt":"2019-06-24T10:08:00","slug":"taniform-higher-institute-of-learning-thil","status":"publish","type":"page","link":"https:\/\/www.minesup.gov.cm\/index.php\/region-nord-ouest\/taniform-higher-institute-of-learning-thil\/","title":{"rendered":"Taniform Higher Institute of Learning (THIL)"},"content":{"rendered":"<p><strong>INFORMATIONS D\u2019IDENTIFICATION<\/strong><\/p>\n<p><strong>Nom de l\u2019institution\u00a0<\/strong>: <strong>Taniform Higher Institute of Learning (THIL)<\/strong><br \/>\n<strong>Nom du promoteur<\/strong>\u00a0: <strong>Protus NKWANA TANIFORM <\/strong><br \/>\n<strong>R\u00e9gion\u00a0<\/strong>: Nord-Ouest<br \/>\n<strong>D\u00e9partement\u00a0<\/strong>: Mezam<br \/>\n<strong>Arrondissement\u00a0<\/strong>:<br \/>\n<strong>Site de localisation\u00a0<\/strong>: Bamenda<\/p>\n<p><strong>Adresse postale<\/strong>\u00a0: <strong>B.P<\/strong>.<br \/>\n<strong>T\u00e9l\u00e9phone\u00a0<\/strong>: +237\u00a0675\u00a0180 464\/ 001-310-818-6592<br \/>\n<strong>Email<\/strong>\u00a0:<br \/>\n<strong>Site web<\/strong>\u00a0:<br \/>\n<strong>Adresse dans les r\u00e9seaux sociaux\u00a0<\/strong>:<\/p>\n<p><strong>INFORMATIONS SUR LE STATUT D\u2019ACCR\u00c9DITATION<\/strong><\/p>\n<p><strong>Arr\u00eat\u00e9s portant cr\u00e9ation <\/strong>: N\u00b019-04400\/L\/MINESUP\/DDES\/ESUP\/SSIPES\/LMN du 15 avril 2019<br \/>\n<strong>Autorisation d\u2019ouverture<\/strong>\u00a0: N\u00b019-04400\/L\/MINESUP\/DDES\/ESUP\/SSIPES\/LMN du 15 avril 2019<\/p>\n<p><strong>FILI\u00c8RES, SP\u00c9CIALIT\u00c9S ET DIPL\u00d4MES AUTORIS\u00c9S<\/strong><\/p>\n<p><strong>Dipl\u00f4mes\u00a0: BTS et HND<\/strong><\/p>\n<p><strong>Pour le BTS<\/strong><\/p>\n<p><strong><u>Fili\u00e8re 1<\/u><\/strong> : <strong>Agriculture et Elevage<\/strong><\/p>\n<p><strong><u>Sp\u00e9cialit\u00e9s<\/u><\/strong> : <em>Production Animale &#8211; Production V\u00e9g\u00e9tale &#8211; Techniques commerciales agricoles &#8211; Entrepreneuriat Agropastoral &#8211; Conseiller Agropastoral.<\/em><\/p>\n<p><strong><u>Fili\u00e8re 2<\/u><\/strong> : <strong>G\u00e9nie Electrique <\/strong><\/p>\n<p><strong><u>Sp\u00e9cialit\u00e9s<\/u><\/strong> : <em>Electrotechnique &#8211; Maintenance des Syst\u00e8mes Electroniques &#8211; Energies Renouvelables &#8211; Maintenance des Appareils Biom\u00e9dicaux.<\/em><\/p>\n<p><strong><u>Fili\u00e8re 3<\/u><\/strong> : <strong>G\u00e9nie Civil<\/strong><\/p>\n<p><strong><u>Sp\u00e9cialit\u00e9s<\/u><\/strong> : <em>B\u00e2timent &#8211; Travaux Publics -Topographie &#8211; Menuiserie et Eb\u00e9nisterie.<\/em><\/p>\n<p><strong><u>Fili\u00e8re 4<\/u><\/strong> : <strong>G\u00e9nie Biologique<\/strong><\/p>\n<p><strong><u>Sp\u00e9cialit\u00e9s<\/u><\/strong> : <em>Analyses Biologiques et Biochimiques.<\/em><\/p>\n<p><strong><u>Fili\u00e8re 5<\/u><\/strong> : <strong>Commerce-Vente<\/strong><\/p>\n<p><strong><u>Fili\u00e8re 6<\/u><\/strong> :<strong> Gestion<\/strong><\/p>\n<p><strong><u>Fili\u00e8re 7<\/u><\/strong> : <strong>Information et Communication<\/strong><\/p>\n<p><strong><u>Sp\u00e9cialit\u00e9s<\/u><\/strong> : <em>Journalisme &#8211; Communication des Organisations.<\/em><\/p>\n<p><strong><u>Fili\u00e8re 8<\/u><\/strong> : <strong>Sciences de l\u2019Education<\/strong><\/p>\n<p><strong><u>Sp\u00e9cialit\u00e9s<\/u><\/strong> : <em>Administration scolaire &#8211; Orientation scolaire &#8211; Enseignement des d\u00e9ficients auditifs.<\/em><\/p>\n<p><strong><u>Fili\u00e8re 9<\/u><\/strong> : <strong>Etudes M\u00e9dico-sanitaires<\/strong><\/p>\n<p><strong><u>Sp\u00e9cialit\u00e9s<\/u><\/strong> : <em>Sage-femme &#8211; Sciences Infirmi\u00e8res &#8211; Kin\u00e9sith\u00e9rapie.<\/em><\/p>\n<p><strong><u>Fili\u00e8re 10<\/u><\/strong> : <strong>Sciences et Techniques Biom\u00e9dicales<\/strong><\/p>\n<p><strong><u>Sp\u00e9cialit\u00e9s<\/u><\/strong> : <em>Techniques de Laboratoire et d\u2019Analyse M\u00e9dicale &#8211; Radiologie et Imagerie &#8211; Techniques Pharmaceutiques.<\/em><\/p>\n<p><strong><u>Fili\u00e8re 11<\/u><\/strong> : <strong>R\u00e9seaux et T\u00e9l\u00e9communications<\/strong><\/p>\n<p><strong><u>Sp\u00e9cialit\u00e9s<\/u><\/strong> : <em>T\u00e9l\u00e9communications &#8211; R\u00e9seaux et S\u00e9curit\u00e9.<\/em><\/p>\n<p><strong>Pour le HND <\/strong><\/p>\n<p><strong><u>Fili\u00e8re 1<\/u><\/strong><strong>\u00a0<\/strong>: <strong>Management<\/strong><\/p>\n<p><strong><u>Sp\u00e9cialit\u00e9<\/u><\/strong>\u00a0: <em>Assistant Management &#8211; Human Resource Management &#8211; Logistics and Transport Management &#8211; Information Systems Management &#8211; Port Shipping Management<\/em>.<\/p>\n<p><strong><u>Fili\u00e8re 2<\/u><\/strong><strong>\u00a0<\/strong>:<strong> Business and Finance Management<\/strong><\/p>\n<p><strong>Sp\u00e9cialit\u00e9s<\/strong>\u00a0: <em>Banking and Finance &#8211; Marketing, Trade, Sale &#8211; Insurance &#8211; Accountancy<\/em>.<\/p>\n<p><strong><u>Fili\u00e8re 3<\/u><\/strong>\u00a0: <strong>Agriculture and Food Sciences<\/strong><\/p>\n<p><strong><u>Sp\u00e9cialit\u00e9s<\/u><\/strong>\u00a0: <em>Animal Production Technology &#8211; Crop Production Technology &#8211; Agro-pastoral Adviser &#8211; Agro-pastoral Entrepreneurship &#8211; Agricultural Business Technics.<\/em><\/p>\n<p><strong><u>Fili\u00e8re 4<\/u><\/strong> : <strong>Civil Engineering<\/strong><\/p>\n<p><strong><u>Sp\u00e9cialit\u00e9s<\/u><\/strong>: <em>Civil Engineering Technology &#8211; Topography &#8211; Urban Planning &#8211; Geotechnics &#8211; Building Science and Technology &#8211; Wood Works (Options : Carpentry ; Cabinetmaking) &#8211; Roads and Civil Engineering.<\/em><\/p>\n<p><strong><u>Fili\u00e8re 5<\/u><\/strong> : <strong>Chemical Engineering<\/strong><\/p>\n<p><strong><u>Sp\u00e9cialit\u00e9s<\/u><\/strong> : <em>Chemical Manufacturing &#8211; Chemical Process Technology &#8211; Chemical Laboratory Technology.<\/em><\/p>\n<p><strong><u>Fili\u00e8re 6<\/u><\/strong> : <strong>Electrical Engineering<\/strong><\/p>\n<p><strong><u>Sp\u00e9cialit\u00e9s<\/u><\/strong> : <em>Electronics &#8211; Electrotechnics &#8211; Electrical Power System &#8211; Maintenance of Biomedical Equipment &#8211; Control, Instrumentation and Regulation.<\/em><\/p>\n<p><strong><u>Fili\u00e8re 7<\/u><\/strong> : <strong>Thermal and Energy Engineering<\/strong><\/p>\n<p><strong><u>Sp\u00e9cialit\u00e9s<\/u><\/strong> : Air Conditioning and Refrigeration &#8211; Maintenance and Management of Fluid System.<\/p>\n<p><strong><u>Fili\u00e8re 8<\/u><\/strong>: <strong>Networks and Telecommunication<\/strong><\/p>\n<p><strong><u>Sp\u00e9cialit\u00e9s<\/u><\/strong> : <em>Telecommunication &#8211; Network and Security.<\/em><\/p>\n<p><strong><u>Fili\u00e8re 9<\/u><\/strong> : <strong>Computer Engineering<\/strong><\/p>\n<p><strong><u>Sp\u00e9cialit\u00e9s<\/u><\/strong> : <em>Computer Engineering<\/em> (<em>Options : Software Engineering ; Computer Science and Networks ; Date Base Management<\/em>) &#8211;<em>Computer Maintenance (Option : Hardware Maintenance) &#8211; Industrial Computing and Automation &#8211; Computer Graphics and Web Design &#8211; E-commerce and Digital Marketing.<\/em><\/p>\n<p><strong><u>Fili\u00e8re 10<\/u><\/strong> : <strong>Education <\/strong><\/p>\n<p><strong><u>Sp\u00e9cialit\u00e9s<\/u><\/strong> : <em>Didactics, Curriculum Development and Teaching &#8211; Education Management and Administration &#8211; Special Education -Distance and Continuing Education &#8211; Vocational Guidance and Counseling &#8211; Andragogy.<\/em><\/p>\n<p><strong><u>Fili\u00e8re 11<\/u><\/strong> : <strong>Communication<\/strong><\/p>\n<p><strong><u>Sp\u00e9cialit\u00e9s<\/u><\/strong> : <em>Journalism &#8211; Corporate Communication &#8211; Printing, Editing and Publishing &#8211; Media Photography and Audio visual.<\/em><\/p>\n<p><strong><u>Fili\u00e8re 12<\/u><\/strong>: <strong>Medical and Biomedical Studies<\/strong><\/p>\n<p><strong><u>Sp\u00e9cialit\u00e9s<\/u><\/strong> : <em>Medical Imaging &#8211; Physiotherapy &#8211; Midwifery &#8211; Nursing &#8211; Medical Laboratory Studies &#8211; Pharmacy Technology.<\/em><\/p>\n<p><strong><u>Fili\u00e8re 13<\/u><\/strong><strong>: Home Economics and Social Work<\/strong><\/p>\n<p><strong><u>Sp\u00e9cialit\u00e9s<\/u><\/strong>: Bakery<em> and Food Processing &#8211; Fashion, Clothing and Textiles &#8211; Beauty-Esthetics (Options : Beauty Care and Cosmetics ; Hairdressing Professions) &#8211; Social Work<\/em>.<\/p>\n<p><strong><u>Fili\u00e8re 14<\/u><\/strong><strong>: Tourism and Hotel Management<\/strong><\/p>\n<p><strong><u>Sp\u00e9cialit\u00e9s<\/u><\/strong>: Tourism<em> and Travel Agency Management &#8211; Hotel Management and Catering<\/em>.<\/p>\n<p><strong>\u00a0<\/strong><\/p>\n","protected":false},"excerpt":{"rendered":"<p>&#46;&#46;&#46;<\/p>\n","protected":false},"author":2,"featured_media":0,"parent":1747,"menu_order":0,"comment_status":"closed","ping_status":"closed","template":"","meta":[],"_links":{"self":[{"href":"https:\/\/www.minesup.gov.cm\/index.php\/wp-json\/wp\/v2\/pages\/7818"}],"collection":[{"href":"https:\/\/www.minesup.gov.cm\/index.php\/wp-json\/wp\/v2\/pages"}],"about":[{"href":"https:\/\/www.minesup.gov.cm\/index.php\/wp-json\/wp\/v2\/types\/page"}],"author":[{"embeddable":true,"href":"https:\/\/www.minesup.gov.cm\/index.php\/wp-json\/wp\/v2\/users\/2"}],"replies":[{"embeddable":true,"href":"https:\/\/www.minesup.gov.cm\/index.php\/wp-json\/wp\/v2\/comments?post=7818"}],"version-history":[{"count":0,"href":"https:\/\/www.minesup.gov.cm\/index.php\/wp-json\/wp\/v2\/pages\/7818\/revisions"}],"up":[{"embeddable":true,"href":"https:\/\/www.minesup.gov.cm\/index.php\/wp-json\/wp\/v2\/pages\/1747"}],"wp:attachment":[{"href":"https:\/\/www.minesup.gov.cm\/index.php\/wp-json\/wp\/v2\/media?parent=7818"}],"curies":[{"name":"wp","href":"https:\/\/api.w.org\/{rel}","templated":true}]}}