{"id":7821,"date":"2019-06-24T12:11:23","date_gmt":"2019-06-24T10:11:23","guid":{"rendered":"https:\/\/minesup.gov.cm\/?page_id=7821"},"modified":"2019-06-24T12:11:23","modified_gmt":"2019-06-24T10:11:23","slug":"saint-michael-higher-institute-of-professional-studies-ships","status":"publish","type":"page","link":"https:\/\/www.minesup.gov.cm\/index.php\/region-nord-ouest\/saint-michael-higher-institute-of-professional-studies-ships\/","title":{"rendered":"Saint Michael Higher Institute of Professional Studies (SHIPS)"},"content":{"rendered":"<p><strong>INFORMATIONS D\u2019IDENTIFICATION<\/strong><\/p>\n<p><strong>Nom de l\u2019institution\u00a0<\/strong>: <strong>Saint Michael Higher Institute of Professional Studies (SHIPS)<\/strong><br \/>\n<strong>Nom du promoteur<\/strong>\u00a0: <strong>NFI LON Joseph <\/strong><br \/>\n<strong>R\u00e9gion\u00a0<\/strong>: Nord-Ouest<br \/>\n<strong>D\u00e9partement\u00a0<\/strong>: Mezam<br \/>\n<strong>Arrondissement\u00a0<\/strong>:<br \/>\n<strong>Site de localisation\u00a0<\/strong>: Bamenda<\/p>\n<p><strong>Adresse postale<\/strong>\u00a0: <strong>B.P<\/strong>.\u00a0 98<br \/>\n<strong>T\u00e9l\u00e9phone\u00a0<\/strong>: +237\u00a0675\u00a0063 967<br \/>\n<strong>Email<\/strong>\u00a0:<br \/>\n<strong>Site web<\/strong>\u00a0:<br \/>\n<strong>Adresse dans les r\u00e9seaux sociaux\u00a0<\/strong>:<\/p>\n<p><strong>INFORMATIONS SUR LE STATUT D\u2019ACCR\u00c9DITATION<\/strong><\/p>\n<p><strong>Arr\u00eat\u00e9s portant cr\u00e9ation <\/strong>: N\u00b019-04625\/L\/MINESUP\/DDES\/ESUP\/SSIPES\/LMN du 17 avril 2019<br \/>\n<strong>Autorisation d\u2019ouverture<\/strong>\u00a0: N\u00b019-04625\/L\/MINESUP\/DDES\/ESUP\/SSIPES\/LMN du 17 avril 2019<\/p>\n<p><strong>FILI\u00c8RES, SP\u00c9CIALIT\u00c9S ET DIPL\u00d4MES AUTORIS\u00c9S<\/strong><\/p>\n<p><strong>Dipl\u00f4me\u00a0: HND<\/strong><\/p>\n<p><strong><u>Fili\u00e8re 1<\/u><\/strong> : <strong>Management<\/strong><\/p>\n<p><strong><u>Sp\u00e9cialit\u00e9s<\/u><\/strong> : <em>Assistant Manager \u2013 Human Resource Management \u2013 Logistics and Transport Management \u2013 Information System Management.<\/em><\/p>\n<p><strong><u>Fili\u00e8re 2<\/u><\/strong> : <strong>Business and Finance <\/strong><\/p>\n<p><strong><u>Sp\u00e9cialit\u00e9s<\/u><\/strong> : <em>Banking and Finance \u2013 Marketing, Trade, Sale \u2013 Insurance \u2013 Accountancy &#8211; Microfinance<\/em><\/p>\n<p><strong><u>Fili\u00e8re 2<\/u><\/strong> : <strong>Education<\/strong><\/p>\n<p><strong><u>Sp\u00e9cialit\u00e9s<\/u><\/strong> : <em>Didactics, Curriculum and Teaching \u2013 Education Management and Administration<\/em><\/p>\n<p><strong><u>Fili\u00e8re 2<\/u><\/strong> : <strong>Legal Careers<\/strong><\/p>\n<p><strong><u>Sp\u00e9cialit\u00e9s<\/u><\/strong> : <em>Business Law \u2013 Legal Assistant \u2013 Custom and Transit \u2013 Stock Market Career<\/em><\/p>\n<p><strong>\u00a0<\/strong><\/p>\n","protected":false},"excerpt":{"rendered":"<p>&#46;&#46;&#46;<\/p>\n","protected":false},"author":2,"featured_media":0,"parent":1747,"menu_order":0,"comment_status":"closed","ping_status":"closed","template":"","meta":[],"_links":{"self":[{"href":"https:\/\/www.minesup.gov.cm\/index.php\/wp-json\/wp\/v2\/pages\/7821"}],"collection":[{"href":"https:\/\/www.minesup.gov.cm\/index.php\/wp-json\/wp\/v2\/pages"}],"about":[{"href":"https:\/\/www.minesup.gov.cm\/index.php\/wp-json\/wp\/v2\/types\/page"}],"author":[{"embeddable":true,"href":"https:\/\/www.minesup.gov.cm\/index.php\/wp-json\/wp\/v2\/users\/2"}],"replies":[{"embeddable":true,"href":"https:\/\/www.minesup.gov.cm\/index.php\/wp-json\/wp\/v2\/comments?post=7821"}],"version-history":[{"count":0,"href":"https:\/\/www.minesup.gov.cm\/index.php\/wp-json\/wp\/v2\/pages\/7821\/revisions"}],"up":[{"embeddable":true,"href":"https:\/\/www.minesup.gov.cm\/index.php\/wp-json\/wp\/v2\/pages\/1747"}],"wp:attachment":[{"href":"https:\/\/www.minesup.gov.cm\/index.php\/wp-json\/wp\/v2\/media?parent=7821"}],"curies":[{"name":"wp","href":"https:\/\/api.w.org\/{rel}","templated":true}]}}