{"id":7823,"date":"2019-06-24T12:14:10","date_gmt":"2019-06-24T10:14:10","guid":{"rendered":"https:\/\/minesup.gov.cm\/?page_id=7823"},"modified":"2019-06-24T12:14:10","modified_gmt":"2019-06-24T10:14:10","slug":"catholic-school-of-health-sciences-shisong","status":"publish","type":"page","link":"https:\/\/www.minesup.gov.cm\/index.php\/region-nord-ouest\/catholic-school-of-health-sciences-shisong\/","title":{"rendered":"Catholic School of Health Sciences Shisong"},"content":{"rendered":"<p><strong>INFORMATIONS D\u2019IDENTIFICATION<\/strong><\/p>\n<p><strong>Nom de l\u2019institution\u00a0<\/strong>: <strong>Catholic School of Health Sciences Shisong<\/strong><\/p>\n<p><strong>Nom du promoteur<\/strong>\u00a0: Tertiary Sisters of St. Francis repr\u00e9sent\u00e9e par <strong>Sister Ilyn WIYSANYUY<\/strong><br \/>\n<strong>R\u00e9gion\u00a0<\/strong>: Nord-Ouest<br \/>\n<strong>D\u00e9partement\u00a0<\/strong>: Mbui<br \/>\n<strong>Arrondissement\u00a0<\/strong>: Kumbo<br \/>\n<strong>Site de localisation\u00a0<\/strong>: Kumbo (Shisong)<\/p>\n<p><strong>Adresse postale<\/strong>\u00a0: <strong>B.P<\/strong>.\u00a0: 08<\/p>\n<p><strong>T\u00e9l\u00e9phone\u00a0<\/strong>: +237\u00a0676 40 69 76<br \/>\n<strong>Email<\/strong>\u00a0:<br \/>\n<strong>Site web<\/strong>\u00a0:<br \/>\n<strong>Adresse dans les r\u00e9seaux sociaux\u00a0<\/strong>:<\/p>\n<p><strong>INFORMATIONS SUR LE STATUT D\u2019ACCR\u00c9DITATION<\/strong><\/p>\n<p><strong>Arr\u00eat\u00e9 portant cr\u00e9ation <\/strong>: N\u00b016-0830\/MINESUP\/SG\/DDES\/ESUP du 14 septembre 2016<br \/>\n<strong>Autorisation d\u2019ouverture<\/strong>\u00a0: N\u00b013\/0052\/MINESUP du\u00a0 09 janvier 2013<\/p>\n<p><strong>FILI\u00c8RES, SP\u00c9CIALIT\u00c9S ET DIPL\u00d4MES AUTORIS\u00c9S<\/strong><\/p>\n<p><strong>Dipl\u00f4me\u00a0: HND<\/strong><\/p>\n<p><strong><u>Fili\u00e8re <\/u><\/strong>: <strong>Biomedical Studies<\/strong><\/p>\n<p><strong><u>Sp\u00e9cialit\u00e9s<\/u><\/strong> : Nursing &#8211; Medical Laboratory Studies &#8211; Midwifery &#8211; Health Care Management<\/p>\n<p><strong><u>Fili\u00e8re<\/u><\/strong><strong> : Medico-sanitary<\/strong><\/p>\n<p><strong><u>Sp\u00e9cialit\u00e9s<\/u><\/strong> : Physiotherapy &#8211; Public Health.<\/p>\n<p>.<\/p>\n<p><strong>\u00a0<\/strong><\/p>\n<p><strong>\u00a0<\/strong><\/p>\n","protected":false},"excerpt":{"rendered":"<p>&#46;&#46;&#46;<\/p>\n","protected":false},"author":2,"featured_media":0,"parent":1747,"menu_order":0,"comment_status":"closed","ping_status":"closed","template":"","meta":[],"_links":{"self":[{"href":"https:\/\/www.minesup.gov.cm\/index.php\/wp-json\/wp\/v2\/pages\/7823"}],"collection":[{"href":"https:\/\/www.minesup.gov.cm\/index.php\/wp-json\/wp\/v2\/pages"}],"about":[{"href":"https:\/\/www.minesup.gov.cm\/index.php\/wp-json\/wp\/v2\/types\/page"}],"author":[{"embeddable":true,"href":"https:\/\/www.minesup.gov.cm\/index.php\/wp-json\/wp\/v2\/users\/2"}],"replies":[{"embeddable":true,"href":"https:\/\/www.minesup.gov.cm\/index.php\/wp-json\/wp\/v2\/comments?post=7823"}],"version-history":[{"count":0,"href":"https:\/\/www.minesup.gov.cm\/index.php\/wp-json\/wp\/v2\/pages\/7823\/revisions"}],"up":[{"embeddable":true,"href":"https:\/\/www.minesup.gov.cm\/index.php\/wp-json\/wp\/v2\/pages\/1747"}],"wp:attachment":[{"href":"https:\/\/www.minesup.gov.cm\/index.php\/wp-json\/wp\/v2\/media?parent=7823"}],"curies":[{"name":"wp","href":"https:\/\/api.w.org\/{rel}","templated":true}]}}