{"id":7825,"date":"2019-06-24T12:16:02","date_gmt":"2019-06-24T10:16:02","guid":{"rendered":"https:\/\/minesup.gov.cm\/?page_id=7825"},"modified":"2019-06-24T12:16:02","modified_gmt":"2019-06-24T10:16:02","slug":"central-higher-institute-chi","status":"publish","type":"page","link":"https:\/\/www.minesup.gov.cm\/index.php\/region-nord-ouest\/central-higher-institute-chi\/","title":{"rendered":"Central Higher Institute (CHI)"},"content":{"rendered":"<p><strong>INFORMATIONS D\u2019IDENTIFICATION<\/strong><\/p>\n<p><strong>Nom de l\u2019institution\u00a0<\/strong>: <strong>Central Higher Institute (CHI)<\/strong><\/p>\n<p><strong>Nom du promoteur<\/strong>\u00a0: <strong>AYEAH Michael YUH<\/strong><\/p>\n<p><strong>R\u00e9gion\u00a0<\/strong>: Nord-Ouest<br \/>\n<strong>D\u00e9partement\u00a0<\/strong>: Mezam<br \/>\n<strong>Arrondissement\u00a0<\/strong>:<br \/>\n<strong>Site de localisation\u00a0<\/strong>: Bamenda<\/p>\n<p><strong>Adresse postale<\/strong>\u00a0: <strong>B.P<\/strong>.<\/p>\n<p><strong>T\u00e9l\u00e9phone\u00a0<\/strong>: +237\u00a0675\u00a0006 707<br \/>\n<strong>Email<\/strong>\u00a0:<br \/>\n<strong>Site web<\/strong>\u00a0:<br \/>\n<strong>Adresse dans les r\u00e9seaux sociaux\u00a0<\/strong>:<\/p>\n<p><strong>INFORMATIONS SUR LE STATUT D\u2019ACCR\u00c9DITATION<\/strong><\/p>\n<p><strong>Arr\u00eat\u00e9 portant cr\u00e9ation <\/strong>: N\u00b016-10075\/L\/MINESUP\/SG\/DDES\/ESUP\/SDA\/OASB du 05 septembre 2016<br \/>\n<strong>Autorisation d\u2019ouverture<\/strong>\u00a0: N\u00b016-10075\/L\/MINESUP\/SG\/DDES\/ESUP\/SDA\/OASB du 05 septembre 2016<\/p>\n<p><strong>FILI\u00c8RES, SP\u00c9CIALIT\u00c9S ET DIPL\u00d4MES AUTORIS\u00c9S<\/strong><\/p>\n<p><strong>Dipl\u00f4mes\u00a0: BTS et HND<\/strong><\/p>\n<p><strong>Pour le BTS<\/strong><\/p>\n<p>Fili\u00e8re\u00a01 : Commerciale et de Gestion<\/p>\n<p><strong><u>Sp\u00e9cialit\u00e9s<\/u><\/strong><strong>\u00a0<\/strong>: Comptabilit\u00e9 et Gestion des Entreprises\u00a0\u00a0&#8211;\u00a0 Action Commerciale \u2013 Secr\u00e9tariat et Bureautique.<\/p>\n<p><strong><u>Fili\u00e8re\u00a02<\/u><\/strong><strong>: Agriculture<\/strong><\/p>\n<p><strong><u>Sp\u00e9cialit\u00e9s<\/u><\/strong><strong> : <\/strong>Production Animale &#8211; Production V\u00e9g\u00e9tale.<\/p>\n<p>; Journalisme\u00a0; Photographie Audiovisuelle).<\/p>\n<p><strong><u>Fili\u00e8re\u00a03<\/u><\/strong><strong> : Industrielle et Technologique<\/strong><\/p>\n<p><strong><u>Sp\u00e9cialit\u00e9s<\/u><\/strong> : G\u00e9nie Electrique (<em><u>Options<\/u><\/em><strong>\u00a0<\/strong>: Electronique\u00a0; Electrotechnique\u00a0; Froid et Climatisation) &#8211; G\u00e9nie M\u00e9canique (<em><u>Option<\/u><\/em><strong>\u00a0<\/strong>: Maintenance et Apr\u00e8s-Vente Automobile) &#8211; G\u00e9nie Civil (<em><u>Options<\/u><\/em><strong>\u00a0<\/strong>: B\u00e2timent\u00a0; Travaux Publics).<\/p>\n<p><strong><u>Fili\u00e8re\u00a04<\/u><\/strong><strong> : Sciences M\u00e9dico-sanitaires<\/strong><\/p>\n<p><strong><u>Sp\u00e9cialit\u00e9s<\/u><\/strong> : Techniques de Laboratoire M\u00e9dical &#8211; Soins Infirmiers &#8211; Sage-femme.<\/p>\n<p><strong><u>Fili\u00e8re\u00a05<\/u><\/strong><strong> : R\u00e9seaux et T\u00e9l\u00e9communications<\/strong><\/p>\n<p><strong>Pour le HND<\/strong><\/p>\n<p><strong><u>Fili\u00e8re 1<\/u><\/strong><strong>: Engineering and Technology.<\/strong><\/p>\n<p><strong><u>Sp\u00e9cialit\u00e9<\/u><\/strong>: Electrical and Electronics Engineering (<em><u>Option<\/u><\/em>: Electricity) &#8211; Computer Engineering (<em><u>Option<\/u><\/em>: Software Engineering and Computing) &#8211; Civil Engineering (<em><u>Options<\/u><\/em>: Building Science and Technology).<\/p>\n<p><strong><u>Fili\u00e8re 2<\/u><\/strong><strong>: Business, Finance and Management<\/strong><strong>.<\/strong><\/p>\n<p><strong><u>Sp\u00e9cialit\u00e9s<\/u><\/strong> : Banking and Finance &#8211; Management &#8211; Marketing &#8211; Accountancy &#8211; Secretarial Studies, Public Service and Administration &#8211; Transport and Logistics.<\/p>\n<p><strong><u>Fili\u00e8re 3<\/u><\/strong><strong>: Agriculture and Environmental Sciences<\/strong><\/p>\n<p><strong><u>Sp\u00e9cialit\u00e9s<\/u><\/strong>: Food Technology &#8211; Animal Production Technology &#8211; Crops Production Technology.<\/p>\n<p><strong><u>Fili\u00e8re 4<\/u><\/strong><strong>: Biomedical Sciences<\/strong><\/p>\n<p><strong><u>Sp\u00e9cialit\u00e9s<\/u><\/strong>: Nursing \u2013 Medical Laboratory Technology &#8211; Midwifery.<\/p>\n<p><strong>\u00a0<\/strong><\/p>\n","protected":false},"excerpt":{"rendered":"<p>&#46;&#46;&#46;<\/p>\n","protected":false},"author":2,"featured_media":0,"parent":1747,"menu_order":0,"comment_status":"closed","ping_status":"closed","template":"","meta":[],"_links":{"self":[{"href":"https:\/\/www.minesup.gov.cm\/index.php\/wp-json\/wp\/v2\/pages\/7825"}],"collection":[{"href":"https:\/\/www.minesup.gov.cm\/index.php\/wp-json\/wp\/v2\/pages"}],"about":[{"href":"https:\/\/www.minesup.gov.cm\/index.php\/wp-json\/wp\/v2\/types\/page"}],"author":[{"embeddable":true,"href":"https:\/\/www.minesup.gov.cm\/index.php\/wp-json\/wp\/v2\/users\/2"}],"replies":[{"embeddable":true,"href":"https:\/\/www.minesup.gov.cm\/index.php\/wp-json\/wp\/v2\/comments?post=7825"}],"version-history":[{"count":0,"href":"https:\/\/www.minesup.gov.cm\/index.php\/wp-json\/wp\/v2\/pages\/7825\/revisions"}],"up":[{"embeddable":true,"href":"https:\/\/www.minesup.gov.cm\/index.php\/wp-json\/wp\/v2\/pages\/1747"}],"wp:attachment":[{"href":"https:\/\/www.minesup.gov.cm\/index.php\/wp-json\/wp\/v2\/media?parent=7825"}],"curies":[{"name":"wp","href":"https:\/\/api.w.org\/{rel}","templated":true}]}}