{"id":7829,"date":"2019-06-24T12:24:19","date_gmt":"2019-06-24T10:24:19","guid":{"rendered":"https:\/\/minesup.gov.cm\/?page_id=7829"},"modified":"2019-06-24T12:24:19","modified_gmt":"2019-06-24T10:24:19","slug":"national-higher-institute-of-business-tourism-and-hotel-management-nahibuth","status":"publish","type":"page","link":"https:\/\/www.minesup.gov.cm\/index.php\/region-nord-ouest\/national-higher-institute-of-business-tourism-and-hotel-management-nahibuth\/","title":{"rendered":"National Higher Institute of Business, Tourism and Hotel Management (NAHIBUTH)"},"content":{"rendered":"<p><strong>INFORMATIONS D\u2019IDENTIFICATION<\/strong><\/p>\n<p><strong>Nom de l\u2019institution\u00a0<\/strong>: <strong>National Higher Institute of Business, Tourism and Hotel Management (NAHIBUTH)<\/strong><\/p>\n<p><strong>Nom du promoteur<\/strong>\u00a0: <strong><em>AWANGA Margaret ASHIME<\/em><\/strong><\/p>\n<p><strong>R\u00e9gion\u00a0<\/strong>: Nord-Ouest<br \/>\n<strong>D\u00e9partement\u00a0<\/strong>: Mezam<br \/>\n<strong>Arrondissement\u00a0<\/strong>:<br \/>\n<strong>Site de localisation\u00a0<\/strong>: Bamenda<\/p>\n<p><strong>Adresse postale<\/strong>\u00a0: <strong>B.P<\/strong>.\u00a0 386<\/p>\n<p><strong>T\u00e9l\u00e9phone\u00a0<\/strong>: +237\u00a0691\u00a0030\u00a0278\/ 661\u00a0476 834<\/p>\n<p><strong>Email<\/strong>\u00a0:<br \/>\n<strong>Site web<\/strong>\u00a0:<br \/>\n<strong>Adresse dans les r\u00e9seaux sociaux\u00a0<\/strong>:<\/p>\n<p><strong>INFORMATIONS SUR LE STATUT D\u2019ACCR\u00c9DITATION<\/strong><\/p>\n<p><strong>Arr\u00eat\u00e9 portant cr\u00e9ation <\/strong>: N\u00b017-07437\/L\/MINESUP\/SG\/DDES\/ESUP\/SDA\/OAGS du 12 juillet 2017<\/p>\n<p><strong>Autorisation d\u2019ouverture<\/strong>\u00a0: N\u00b017-07437\/L\/MINESUP\/SG\/DDES\/ESUP\/SDA\/OAGS du 12 juillet 2017<\/p>\n<p><strong>FILI\u00c8RES, SP\u00c9CIALIT\u00c9S ET DIPL\u00d4MES AUTORIS\u00c9S<\/strong><\/p>\n<p><strong>Dipl\u00f4me\u00a0: HND<\/strong><\/p>\n<p><strong><u>Fili\u00e8re 1<\/u><\/strong><strong>\u00a0: Business, Finance and Management<\/strong><\/p>\n<p><strong><u>Sp\u00e9cialit\u00e9s<\/u><\/strong>\u00a0: Banking and Finance &#8211; Marketing &#8211; Management &#8211; Insurance &#8211; Accountancy &#8211; Secretarial Studies, Public Service and Administration &#8211; Business and Information Technology &#8211; Transport and Logistic.<\/p>\n<p><strong><u>Fili\u00e8re 2<\/u><\/strong><strong>\u00a0: Home Economics, Tourism and Hotel Management<\/strong><\/p>\n<p><strong><u>Sp\u00e9cialit\u00e9s<\/u><\/strong>\u00a0: Home Economics (Options : Bakery and Food Processing ; Fashion Design ; Clothing and Textiles) &#8211; Tourism and Hotel Management (Options : Food Management and Catering ; Food Beverage and Restaurant Management ; Hospitality Management).<\/p>\n<p><strong><u>Fili\u00e8re 3<\/u><\/strong><strong>\u00a0: Agriculture<\/strong><\/p>\n<p><strong><u>Sp\u00e9cialit\u00e9s<\/u><\/strong>\u00a0: Animal Production &#8211; Crop Production &#8211; Agro-pastoral Adviser &#8211; Agro-pastoral Entrepreneurship.<\/p>\n<p><strong>\u00a0<\/strong><\/p>\n","protected":false},"excerpt":{"rendered":"<p>&#46;&#46;&#46;<\/p>\n","protected":false},"author":2,"featured_media":0,"parent":1747,"menu_order":0,"comment_status":"closed","ping_status":"closed","template":"","meta":[],"_links":{"self":[{"href":"https:\/\/www.minesup.gov.cm\/index.php\/wp-json\/wp\/v2\/pages\/7829"}],"collection":[{"href":"https:\/\/www.minesup.gov.cm\/index.php\/wp-json\/wp\/v2\/pages"}],"about":[{"href":"https:\/\/www.minesup.gov.cm\/index.php\/wp-json\/wp\/v2\/types\/page"}],"author":[{"embeddable":true,"href":"https:\/\/www.minesup.gov.cm\/index.php\/wp-json\/wp\/v2\/users\/2"}],"replies":[{"embeddable":true,"href":"https:\/\/www.minesup.gov.cm\/index.php\/wp-json\/wp\/v2\/comments?post=7829"}],"version-history":[{"count":0,"href":"https:\/\/www.minesup.gov.cm\/index.php\/wp-json\/wp\/v2\/pages\/7829\/revisions"}],"up":[{"embeddable":true,"href":"https:\/\/www.minesup.gov.cm\/index.php\/wp-json\/wp\/v2\/pages\/1747"}],"wp:attachment":[{"href":"https:\/\/www.minesup.gov.cm\/index.php\/wp-json\/wp\/v2\/media?parent=7829"}],"curies":[{"name":"wp","href":"https:\/\/api.w.org\/{rel}","templated":true}]}}