{"id":7840,"date":"2019-06-24T12:31:59","date_gmt":"2019-06-24T10:31:59","guid":{"rendered":"https:\/\/minesup.gov.cm\/?page_id=7840"},"modified":"2019-06-24T12:31:59","modified_gmt":"2019-06-24T10:31:59","slug":"douala-higher-institute-of-technology-dit","status":"publish","type":"page","link":"https:\/\/www.minesup.gov.cm\/index.php\/region-du-littoral\/douala-higher-institute-of-technology-dit\/","title":{"rendered":"Douala Higher Institute of Technology (DIT)"},"content":{"rendered":"<p><strong>INFORMATIONS D\u2019IDENTIFICATION<\/strong><\/p>\n<p><strong>Nom de l\u2019institution\u00a0<\/strong>: Douala Higher Institute of Technology (DIT)<br \/>\n<strong>Nom du promoteur<\/strong>\u00a0: NDOP Joseph<br \/>\n<strong>R\u00e9gion\u00a0<\/strong>: Littoral<br \/>\n<strong>D\u00e9partement\u00a0<\/strong>: Wouri<br \/>\n<strong>Arrondissement\u00a0<\/strong>: Douala 5<sup>\u00e8me<\/sup><br \/>\n<strong>Site de localisation\u00a0<\/strong>: Makepe, Carrefour Rhone Poulenc<br \/>\n<strong>Adresse postale<\/strong>\u00a0: 1623 Douala<br \/>\n<strong>T\u00e9l\u00e9phone\u00a0<\/strong>: +(237) 233\u00a0475\u00a0974 \/ 677\u00a0977\u00a0902 \/ 691\u00a0249 557<br \/>\n<strong>Email<\/strong>\u00a0:\u00a0<a href=\"mailto:info@douala-it.com\">info@douala-it.com<\/a> \/ douala_it@yahoo.fr<br \/>\n<strong>Site web<\/strong>\u00a0: www.douala-it.com<br \/>\n<strong>Adresse dans les r\u00e9seaux sociaux\u00a0<\/strong>:<\/p>\n<p><strong>INFORMATIONS SUR LE STATUT D\u2019ACCR\u00c9DITATION<\/strong><\/p>\n<p><strong>Arr\u00eat\u00e9s portant cr\u00e9ation <\/strong>:<br \/>\n<strong>Autorisation d\u2019ouverture<\/strong>\u00a0:<\/p>\n<p><strong>FILI\u00c8RES, SP\u00c9CIALIT\u00c9S ET DIPL\u00d4MES AUTORIS\u00c9S<\/strong><\/p>\n<p><strong><u>ANCIEN REGIME<\/u><\/strong><\/p>\n<ul>\n<li><strong>BTS <\/strong><\/li>\n<\/ul>\n<p><strong>\u00a0<\/strong><\/p>\n<p><strong><u>Fili\u00e8re\u00a01<\/u><\/strong><strong> : Commerciale et de Gestion<\/strong><\/p>\n<p><strong><u>Sp\u00e9cialit\u00e9s<\/u><\/strong><strong>\u00a0<\/strong>: Action Commerciale &#8211; Informatique de Gestion.<\/p>\n<p><strong><u>Fili\u00e8re<\/u><\/strong><strong><u>\u00a02<\/u><\/strong><strong> : Industrielle et Technologique<\/strong><\/p>\n<p><strong><u>Sp\u00e9cialit\u00e9s<\/u><\/strong> : G\u00e9nie Electrique (<em><u>Options<\/u><\/em><strong>\u00a0<\/strong>: Electronique, Electrotechnique) &#8211; Informatique Industrielle &#8211; G\u00e9nie M\u00e9canique (<em><u>Options<\/u><\/em><strong>\u00a0<\/strong>: Fabrication M\u00e9canique\u00a0; Construction M\u00e9canique).<\/p>\n<p><strong><u>Fili\u00e8re 1<\/u><\/strong><strong>\u00a0: G\u00e9nie Electrique et T\u00e9l\u00e9communication<\/strong><\/p>\n<p><strong><u>Sp\u00e9cialit\u00e9s<\/u><\/strong> : Electrique et T\u00e9l\u00e9communication (<em><u>Options<\/u><\/em><strong>\u00a0<\/strong>: Electronique\u00a0; Electrotechnique) &#8211; Automatique &#8211; Informatique Industrielle &#8211; T\u00e9l\u00e9communication et R\u00e9seaux.<\/p>\n<p><strong><u>Fili\u00e8re 2<\/u><\/strong><strong>\u00a0: Informatique<\/strong><\/p>\n<p><strong><u>Sp\u00e9cialit\u00e9s<\/u><\/strong> : G\u00e9nie Informatique &#8211; Maintenance Informatique &#8211; Informatique de Gestion.<\/p>\n<p><strong><u>Fili\u00e8re 3<\/u><\/strong><strong>\u00a0: <\/strong><strong>Marketing, Commerce et Vente<\/strong><\/p>\n<p><strong>\u00a0<\/strong><\/p>\n<p><strong>\u00a0<\/strong><\/p>\n<p><strong>\u00a0<\/strong><\/p>\n<p><strong>\u00a0<\/strong><\/p>\n","protected":false},"excerpt":{"rendered":"<p>&#46;&#46;&#46;<\/p>\n","protected":false},"author":2,"featured_media":0,"parent":1743,"menu_order":0,"comment_status":"closed","ping_status":"closed","template":"","meta":[],"_links":{"self":[{"href":"https:\/\/www.minesup.gov.cm\/index.php\/wp-json\/wp\/v2\/pages\/7840"}],"collection":[{"href":"https:\/\/www.minesup.gov.cm\/index.php\/wp-json\/wp\/v2\/pages"}],"about":[{"href":"https:\/\/www.minesup.gov.cm\/index.php\/wp-json\/wp\/v2\/types\/page"}],"author":[{"embeddable":true,"href":"https:\/\/www.minesup.gov.cm\/index.php\/wp-json\/wp\/v2\/users\/2"}],"replies":[{"embeddable":true,"href":"https:\/\/www.minesup.gov.cm\/index.php\/wp-json\/wp\/v2\/comments?post=7840"}],"version-history":[{"count":0,"href":"https:\/\/www.minesup.gov.cm\/index.php\/wp-json\/wp\/v2\/pages\/7840\/revisions"}],"up":[{"embeddable":true,"href":"https:\/\/www.minesup.gov.cm\/index.php\/wp-json\/wp\/v2\/pages\/1743"}],"wp:attachment":[{"href":"https:\/\/www.minesup.gov.cm\/index.php\/wp-json\/wp\/v2\/media?parent=7840"}],"curies":[{"name":"wp","href":"https:\/\/api.w.org\/{rel}","templated":true}]}}