{"id":7844,"date":"2019-06-24T12:36:44","date_gmt":"2019-06-24T10:36:44","guid":{"rendered":"https:\/\/minesup.gov.cm\/?page_id=7844"},"modified":"2019-06-25T22:45:43","modified_gmt":"2019-06-25T20:45:43","slug":"ecole-superieur-dingenieur-dafrique-centrale-esiac","status":"publish","type":"page","link":"https:\/\/www.minesup.gov.cm\/index.php\/region-du-littoral\/ecole-superieur-dingenieur-dafrique-centrale-esiac\/","title":{"rendered":"Ecole Sup\u00e9rieur d\u2019Ing\u00e9nieur d\u2019Afrique Centrale (ESIAC)"},"content":{"rendered":"<p style=\"text-align: center;\"><strong>INFORMATIONS D\u2019IDENTIFICATION<\/strong><\/p>\n<p style=\"text-align: justify;\"><strong>Nom de l\u2019institution\u00a0<\/strong>: Ecole Sup\u00e9rieur d\u2019Ing\u00e9nieur d\u2019Afrique Centrale (ESIAC)<br \/>\n<strong>Nom du promoteur<\/strong>\u00a0: NGWEM Jean<br \/>\n<strong>R\u00e9gion\u00a0<\/strong>: Littoral<br \/>\n<strong>D\u00e9partement\u00a0<\/strong>: Wouri<br \/>\n<strong>Arrondissement\u00a0<\/strong>: Douala 3<sup>\u00e8me<\/sup><br \/>\n<strong>Site de localisation\u00a0<\/strong>: PK8<br \/>\n<strong>Adresse postale<\/strong>\u00a0: 7229 Douala<br \/>\n<strong>T\u00e9l\u00e9phone\u00a0<\/strong>: 699 95 91 19 \/ 670 19 92 00<br \/>\n<strong>Email<\/strong>\u00a0:<br \/>\n<strong>Site web<\/strong>\u00a0:<br \/>\n<strong>Adresse dans les r\u00e9seaux sociaux\u00a0<\/strong>:<\/p>\n<p style=\"text-align: center;\"><strong>INFORMATIONS SUR LE STATUT D\u2019ACCR\u00c9DITATION<\/strong><\/p>\n<p style=\"text-align: justify;\"><strong>Arr\u00eat\u00e9s portant cr\u00e9ation <\/strong>: N\u00b008\/0064\/MINESUP du 01 avril 2008<br \/>\n<strong>Autorisation d\u2019ouverture<\/strong>\u00a0: N\u00b008\/0065\/MINESUP du 01 avril 2008<\/p>\n<p style=\"text-align: center;\"><strong>FILI\u00c8RES, SP\u00c9CIALIT\u00c9S ET DIPL\u00d4MES AUTORIS\u00c9S<\/strong><\/p>\n<ul>\n<li style=\"text-align: justify;\"><strong>ANCIEN REGIME<\/strong><\/li>\n<\/ul>\n<p><strong>BTS <\/strong><\/p>\n<p style=\"text-align: justify;\"><strong><u>Fili\u00e8re 1<\/u><\/strong><strong>\u00a0: Industrielle et Technologique<\/strong><br \/>\n<strong><u>Sp\u00e9cialit\u00e9s<\/u><\/strong> : G\u00e9nie Electrique (<em><u>Options<\/u><\/em><strong>\u00a0<\/strong>: Electronique, Electrotechnique\u00a0; Froid et Climatisation) &#8211; Maintenance des Syst\u00e8mes Informatiques &#8211; Informatique Industrielle &#8211; G\u00e9nie Civil (<em><u>Option<\/u><\/em><strong>\u00a0<\/strong>: B\u00e2timent\u00a0; Travaux Publics\u00a0; G\u00e9om\u00e8tre Topographe) &#8211; G\u00e9nie M\u00e9canique (<em><u>Option<\/u><\/em><strong>\u00a0<\/strong>: Maintenance et Apr\u00e8s-Vente Automobile\u00a0; Construction M\u00e9canique\u00a0; Fabrication M\u00e9canique) &#8211; Chaudronnerie &#8211; R\u00e9seaux et T\u00e9l\u00e9communications &#8211; Maintenance Industrielle.<br \/>\n<strong><u>Fili\u00e8re 2<\/u><\/strong><strong>\u00a0: Commerciale et de Gestion<\/strong><br \/>\n<strong><u>Sp\u00e9cialit\u00e9s<\/u><\/strong>\u00a0: Comptabilit\u00e9 et Gestion des Entreprises\u00a0\u00a0&#8211; Informatique de Gestion\u00a0&#8211; Commerce International\u00a0&#8211;\u00a0 Action Commerciale- Secr\u00e9tariat et Bureautique (<em><u>Options<\/u><\/em><strong>\u00a0<\/strong>: Secr\u00e9tariat de Direction\u00a0; Secr\u00e9tariat Bureautique Bilingue) &#8211; Banque &#8211; Gestion Logistique et Transport &#8211; Gestion des Entreprises et des organisations (Options\u00a0: Ressources Humaines\u00a0; Petites et Moyennes Organisations) &#8211; Marketing Commerce et Vente.<br \/>\n<strong><u>Fili\u00e8re 3<\/u><\/strong><strong>\u00a0:<\/strong><strong> Droit<\/strong><br \/>\n<strong><u>Sp\u00e9cialit\u00e9s<\/u><\/strong><strong>\u00a0<\/strong>: Droit des Affaires \u2013 Carri\u00e8res Juridiques<\/p>\n<ul>\n<li style=\"text-align: justify;\"><strong>NOUVEAU REGIME<\/strong><\/li>\n<\/ul>\n<p style=\"text-align: justify;\"><strong>BTS <\/strong><br \/>\n<strong>Fili\u00e8re 1\u00a0: Information-Communication<\/strong>.<br \/>\n<strong><u>Sp\u00e9cialit\u00e9<\/u><\/strong>\u00a0: <em>Communication des Organisations.<\/em><br \/>\n<strong>Fili\u00e8re 2\u00a0: Commerce-Vente<\/strong>.<br \/>\n<strong><u>Sp\u00e9cialit\u00e9s<\/u>\u00a0<\/strong>: <em>Commerce International &#8211; Marketing-Commerce-Vente<\/em>.<br \/>\n<strong><span style=\"text-decoration: underline;\">Fili\u00e8re 3\u00a0:<\/span> Gestion<\/strong>.<br \/>\n<strong><u>Sp\u00e9cialit\u00e9s<\/u>\u00a0<\/strong>: <em>Gestion des Collectivit\u00e9s territoriales &#8211; Assurance &#8211; Gestion logistique et transport &#8211; Gestion de la qualit\u00e9 &#8211; Management \u00e9v\u00e8nementiel &#8211; Micro finance &#8211; Gestion des ONG &#8211; Gestion des projets &#8211; Gestion des Syst\u00e8mes d\u2019Information &#8211; Assistant Manager &#8211; Ressources humaines &#8211; Banque et Finance &#8211; Exploitation du Transport a\u00e9rien &#8211;\u00a0 Management du sport &#8211; Comptabilit\u00e9 et Gestion des entreprises &#8211; Statistiques.<\/em>&lt;<br \/>\n<strong><span style=\"text-decoration: underline;\">Fili\u00e8re\u00a04\u00a0<\/span><span style=\"text-decoration: underline;\">:<\/span> Carri\u00e8res Juridiques<\/strong>.<br \/>\n<strong><u>Sp\u00e9cialit\u00e9<\/u><\/strong>\u00a0: <em>Droit des Affaires et de l\u2019Entreprise.<\/em><br \/>\n<strong><span style=\"text-decoration: underline;\">Fili\u00e8re 5\u00a0:<\/span> G\u00e9nie \u00e9lectrique<\/strong>.<br \/>\n<strong><u>Sp\u00e9cialit\u00e9s<\/u>\u00a0<\/strong>: <em>Electrotechnique &#8211; Maintenance des syst\u00e8mes \u00e9lectroniques &#8211; Energies renouvelables &#8211; Contr\u00f4le, Instrumentation et R\u00e9gulation &#8211; Maintenance des Equipements Industriels &#8211; Maintenance des Appareils Biom\u00e9dicaux.<\/em><br \/>\n<strong><span style=\"text-decoration: underline;\">Fili\u00e8re 6\u00a0:<\/span><\/strong> <strong>Chimie, G\u00e9nie Chimique et des proc\u00e9d\u00e9s<\/strong>.<br \/>\n<strong><u>Sp\u00e9cialit\u00e9s<\/u>\u00a0<\/strong>: <em>Chimie G\u00e9n\u00e9rale &#8211; G\u00e9nie Chimique et des Proc\u00e9d\u00e9s.<\/em><br \/>\n<strong><span style=\"text-decoration: underline;\">Fili\u00e8re 7\u00a0:<\/span> G\u00e9nie civil<\/strong>.<br \/>\n<strong><u>Sp\u00e9cialit\u00e9s<\/u><\/strong>\u00a0: <em>B\u00e2timent &#8211; Travaux publics &#8211; G\u00e9otechnique et G\u00e9ologie appliqu\u00e9e &#8211; G\u00e9om\u00e8tre Topographe &#8211; Installation sanitaire &#8211; Urbanisme &#8211; Menuiserie et Eb\u00e9nisterie.<\/em><br \/>\n<strong><span style=\"text-decoration: underline;\">Fili\u00e8re 8\u00a0:<\/span> G\u00e9nie M\u00e9canique et Productique<\/strong>.<br \/>\n<strong> <u>Sp\u00e9cialit\u00e9s<\/u><\/strong>\u00a0: <em>Construction et Fabrication M\u00e9caniques &#8211;\u00a0 M\u00e9canique et Electronique Automobiles (<u>Options<\/u>\u00a0: Maintenance apr\u00e8s-vente automobile) &#8211; Maintenance des Syst\u00e8mes Industriels &#8211; Technologies de la Marine Marchande \u2013 Chaudronnerie et Soudure \u2013 Construction et Fabrication m\u00e9canique (<u>Options<\/u>\u00a0: Fabrication m\u00e9canique \u2013 Construction m\u00e9canique)<\/em><br \/>\n<strong><span style=\"text-decoration: underline;\">Fili\u00e8re 9\u00a0:<\/span> G\u00e9nie thermique<\/strong>.<br \/>\n<strong><u>Sp\u00e9cialit\u00e9<\/u>\u00a0<\/strong>: <em>G\u00e9nie thermique et Energie (Option\u00a0: Froid et Climatisation).<\/em><br \/>\n<strong><span style=\"text-decoration: underline;\">Fili\u00e8re 10\u00a0:<\/span> G\u00e9nie Informatique<\/strong>.<br \/>\n<strong><u>Sp\u00e9cialit\u00e9s<\/u>\u00a0<\/strong>: <em>G\u00e9nie logiciel &#8211; Infographie et Web-design &#8211; Maintenance des Syst\u00e8mes Informatiques &#8211; E-Commerce et Marketing Num\u00e9rique &#8211; Informatique Industrielle et Automatisme.<\/em><br \/>\n<strong><span style=\"text-decoration: underline;\">Fili\u00e8re 11\u00a0:<\/span> R\u00e9seaux et T\u00e9l\u00e9communications<\/strong>.<br \/>\n<strong> <u>Sp\u00e9cialit\u00e9s<\/u>\u00a0<\/strong>: <em>T\u00e9l\u00e9communications &#8211; R\u00e9seaux et S\u00e9curit\u00e9<\/em><em>.<\/em><br \/>\n<strong><span style=\"text-decoration: underline;\">Fili\u00e8re 12\u00a0:<\/span><\/strong> <strong>G\u00e9nie thermique<\/strong><br \/>\n<strong><u>Sp\u00e9cialit\u00e9<\/u>\u00a0:<\/strong> <em>G\u00e9nie thermique et Energie \u2013 <u>Option<\/u>\u00a0: Froid et Climatisation<\/em>.<br \/>\n<strong>Pour le HND<\/strong><br \/>\nFili\u00e8re 1<strong>\u00a0<\/strong>:<strong> Management<\/strong>.<strong> <u>Sp\u00e9cialit\u00e9<\/u><\/strong>\u00a0: <em>Assistant Management<\/em>.<br \/>\nFili\u00e8re 2<strong>\u00a0<\/strong>:<strong> Business and Finance<\/strong>.<strong> <u>Sp\u00e9cialit\u00e9s<\/u><\/strong>\u00a0: <em>Banking and Finance &#8211; Marketing, Trade, Sale &#8211; Insurance &#8211; Accountancy<\/em>.<br \/>\nFili\u00e8re 3 :<strong> Civil Engineering<\/strong>.<strong> <u>Sp\u00e9cialit\u00e9s<\/u><\/strong> : <em>Building Science and Technology ; Urban Planning &#8211; Civil Engineering Technology &#8211; Topography &#8211; Wood Works.<\/em><br \/>\nFili\u00e8re 4 :<strong> Mechanical Engineering<\/strong>.<strong> <u>Sp\u00e9cialit\u00e9s<\/u><\/strong> : <em>Mechanical Construction &#8211; Mechanical Manufacturing.<\/em><br \/>\nFili\u00e8re 5 :<strong> Electrical and Electronics Engineering<\/strong>.<strong> <u>Sp\u00e9cialit\u00e9<\/u><\/strong> : <em>Electrical Power System.<\/em><br \/>\nFili\u00e8re 6 :<strong> Thermal and Energy Engineering<\/strong>. <strong><u>Sp\u00e9cialit\u00e9<\/u><\/strong> : <em>Air Conditioning and Refrigeration<\/em><br \/>\nFili\u00e8re 7 :<strong> Computer Engineering<\/strong>.<strong> <u>Sp\u00e9cialit\u00e9s<\/u><\/strong> : <em>Computer Engineering &#8211; Computer Maintenance.<\/em><\/p>\n<p>FORMATIONS SOUS TUTELLES<\/p>\n<p><strong>Ing\u00e9nieur sous la tutelle acad\u00e9mique de l\u2019Ecole Nationale Sup\u00e9rieure des Mines de DOUAI. L\u2019Institut Galil\u00e9e Paris Nord\u00a0; l\u2019Institut des Sciences Yvelines<\/strong><\/p>\n<p style=\"text-align: justify;\"><em><u>Dipl\u00f4mes \u00e9trangers<\/u><\/em><br \/>\n<strong><u>Fili\u00e8re 1<\/u><\/strong><strong>\u00a0: T\u00e9l\u00e9communications <\/strong><em>Institut Galil\u00e9e Paris Nord<\/em>)<br \/>\n<strong><u>Fili\u00e8re 2<\/u><\/strong><strong>\u00a0: G\u00e9nie Energ\u00e9tique<\/strong> (<em>Ecole Nationale Sup\u00e9rieure des Mines de DOUAI<\/em>).<br \/>\nFili\u00e8re 3<strong>\u00a0: Informatique<\/strong> (<em>Institut des Sciences Yvelines\u00a0; Institut de Formation d\u2019Ing\u00e9nieurs Paris Sud<\/em>)<br \/>\nFili\u00e8re 4<strong>\u00a0: Environnement et Industries <\/strong>(<em>Ecole <\/em><em>Nationale Sup\u00e9rieure des Mines de DOUAI<\/em>)<\/p>\n<p>&nbsp;<\/p>\n","protected":false},"excerpt":{"rendered":"<p>&#46;&#46;&#46;<\/p>\n","protected":false},"author":2,"featured_media":0,"parent":1743,"menu_order":0,"comment_status":"closed","ping_status":"closed","template":"","meta":[],"_links":{"self":[{"href":"https:\/\/www.minesup.gov.cm\/index.php\/wp-json\/wp\/v2\/pages\/7844"}],"collection":[{"href":"https:\/\/www.minesup.gov.cm\/index.php\/wp-json\/wp\/v2\/pages"}],"about":[{"href":"https:\/\/www.minesup.gov.cm\/index.php\/wp-json\/wp\/v2\/types\/page"}],"author":[{"embeddable":true,"href":"https:\/\/www.minesup.gov.cm\/index.php\/wp-json\/wp\/v2\/users\/2"}],"replies":[{"embeddable":true,"href":"https:\/\/www.minesup.gov.cm\/index.php\/wp-json\/wp\/v2\/comments?post=7844"}],"version-history":[{"count":1,"href":"https:\/\/www.minesup.gov.cm\/index.php\/wp-json\/wp\/v2\/pages\/7844\/revisions"}],"predecessor-version":[{"id":16665,"href":"https:\/\/www.minesup.gov.cm\/index.php\/wp-json\/wp\/v2\/pages\/7844\/revisions\/16665"}],"up":[{"embeddable":true,"href":"https:\/\/www.minesup.gov.cm\/index.php\/wp-json\/wp\/v2\/pages\/1743"}],"wp:attachment":[{"href":"https:\/\/www.minesup.gov.cm\/index.php\/wp-json\/wp\/v2\/media?parent=7844"}],"curies":[{"name":"wp","href":"https:\/\/api.w.org\/{rel}","templated":true}]}}