{"id":7846,"date":"2019-06-24T12:38:56","date_gmt":"2019-06-24T10:38:56","guid":{"rendered":"https:\/\/minesup.gov.cm\/?page_id=7846"},"modified":"2019-06-24T12:38:56","modified_gmt":"2019-06-24T10:38:56","slug":"ecole-superieure-de-commerce-et-de-management-pigier-cameroun-effica-cameroun","status":"publish","type":"page","link":"https:\/\/www.minesup.gov.cm\/index.php\/region-du-littoral\/ecole-superieure-de-commerce-et-de-management-pigier-cameroun-effica-cameroun\/","title":{"rendered":"Ecole Sup\u00e9rieure de Commerce et de Management PIGIER Cameroun (EFFICA Cameroun)"},"content":{"rendered":"<p><strong>INFORMATIONS D\u2019IDENTIFICATION<\/strong><\/p>\n<p><strong>Nom de l\u2019institution\u00a0<\/strong>: Ecole Sup\u00e9rieure de Commerce et de Management PIGIER Cameroun (EFFICA Cameroun)<br \/>\n<strong>Nom du Repr\u00e9sentant du promoteur<\/strong>\u00a0: TAFOU TCHOUATO Henri<br \/>\n<strong>R\u00e9gion\u00a0<\/strong>: Littoral<br \/>\n<strong>D\u00e9partement\u00a0<\/strong>: Wouri<br \/>\n<strong>Arrondissement\u00a0<\/strong>: Douala 1<sup>er<\/sup><br \/>\n<strong>Site de localisation\u00a0<\/strong>: Akwa<br \/>\n<strong>Adresse postale<\/strong>\u00a0: 11333 Douala<br \/>\n<strong>T\u00e9l\u00e9phone\u00a0<\/strong>: 696 70 39 76<br \/>\n<strong>Email<\/strong>\u00a0:<br \/>\n<strong>Site web<\/strong>\u00a0:<br \/>\n<strong>Adresse dans les r\u00e9seaux sociaux\u00a0<\/strong>:<\/p>\n<p><strong>INFORMATIONS SUR LE STATUT D\u2019ACCR\u00c9DITATION<\/strong><\/p>\n<p><strong>Arr\u00eat\u00e9s portant cr\u00e9ation <\/strong>: N\u00b012\/0665\/MINESUP\/SG\/DDES du 23 novembre 2012, compl\u00e9t\u00e9 par l\u2019arr\u00eat\u00e9 N\u00b013\/0088\/SG\/DDES du 01 f\u00e9vrier 2013.<br \/>\n<strong>Autorisation d\u2019ouverture<\/strong>\u00a0: N\u00b013\/0583\/MINESUP du 02 d\u00e9cembre 2013<\/p>\n<p><strong>FILI\u00c8RES, SP\u00c9CIALIT\u00c9S ET DIPL\u00d4MES AUTORIS\u00c9S<\/strong><\/p>\n<p><strong><u>FORMATIONS SOUS TUTELLES<\/u><\/strong><\/p>\n<ul>\n<li><strong>Licence professionnelle du Groupe PIGIER France<\/strong><\/li>\n<\/ul>\n<p><strong>\u00a0<\/strong><\/p>\n<p><strong><u>Fili\u00e8re 1<\/u><\/strong><strong>\u00a0: Assistant de direction<\/strong><\/p>\n<p><strong><u>Fili\u00e8re 2<\/u><\/strong><strong> : N\u00e9gociation et communication multim\u00e9dia<\/strong><\/p>\n<p><strong><u>Fili\u00e8re 3<\/u><\/strong><strong>\u00a0: Banque et finance d\u2019Entreprises<\/strong><\/p>\n<p><strong><u>Fili\u00e8re 4<\/u><\/strong><strong>\u00a0: Audit et contr\u00f4le de Gestion<\/strong><\/p>\n<p>&nbsp;<\/p>\n<p><strong>Dipl\u00f4me\u00a0: Master professionnel du Groupe PIGIER France<\/strong><\/p>\n<p>&nbsp;<\/p>\n<p><strong><u>Fili\u00e8re 1<\/u><\/strong><strong>\u00a0: Management des Entreprises<\/strong><\/p>\n<p><strong><u>Fili\u00e8re 2<\/u><\/strong><strong>\u00a0: communication et marketing<\/strong><\/p>\n<p><strong><u>Fili\u00e8re 3<\/u><\/strong><strong>\u00a0: Audit et Contr\u00f4le de Gestion<\/strong><\/p>\n<p><strong><u>Fili\u00e8re 4<\/u><\/strong><strong>\u00a0: Ressources Humaines<\/strong><\/p>\n<p>&nbsp;<\/p>\n","protected":false},"excerpt":{"rendered":"<p>&#46;&#46;&#46;<\/p>\n","protected":false},"author":2,"featured_media":0,"parent":1743,"menu_order":0,"comment_status":"closed","ping_status":"closed","template":"","meta":[],"_links":{"self":[{"href":"https:\/\/www.minesup.gov.cm\/index.php\/wp-json\/wp\/v2\/pages\/7846"}],"collection":[{"href":"https:\/\/www.minesup.gov.cm\/index.php\/wp-json\/wp\/v2\/pages"}],"about":[{"href":"https:\/\/www.minesup.gov.cm\/index.php\/wp-json\/wp\/v2\/types\/page"}],"author":[{"embeddable":true,"href":"https:\/\/www.minesup.gov.cm\/index.php\/wp-json\/wp\/v2\/users\/2"}],"replies":[{"embeddable":true,"href":"https:\/\/www.minesup.gov.cm\/index.php\/wp-json\/wp\/v2\/comments?post=7846"}],"version-history":[{"count":0,"href":"https:\/\/www.minesup.gov.cm\/index.php\/wp-json\/wp\/v2\/pages\/7846\/revisions"}],"up":[{"embeddable":true,"href":"https:\/\/www.minesup.gov.cm\/index.php\/wp-json\/wp\/v2\/pages\/1743"}],"wp:attachment":[{"href":"https:\/\/www.minesup.gov.cm\/index.php\/wp-json\/wp\/v2\/media?parent=7846"}],"curies":[{"name":"wp","href":"https:\/\/api.w.org\/{rel}","templated":true}]}}