{"id":7848,"date":"2019-06-24T12:40:20","date_gmt":"2019-06-24T10:40:20","guid":{"rendered":"https:\/\/minesup.gov.cm\/?page_id=7848"},"modified":"2019-06-24T12:40:20","modified_gmt":"2019-06-24T10:40:20","slug":"ecole-superieure-des-sciences-et-techniques-esset","status":"publish","type":"page","link":"https:\/\/www.minesup.gov.cm\/index.php\/region-du-littoral\/ecole-superieure-des-sciences-et-techniques-esset\/","title":{"rendered":"Ecole Sup\u00e9rieure des Sciences et Techniques (ESSET)"},"content":{"rendered":"<p><strong>INFORMATIONS D\u2019IDENTIFICATION<\/strong><\/p>\n<p><strong>Nom de l\u2019institution\u00a0<\/strong>: Ecole Sup\u00e9rieure des Sciences et Techniques (ESSET)<br \/>\n<strong>Nom du promoteur<\/strong>\u00a0: WOMONOU Robert<br \/>\n<strong>R\u00e9gion\u00a0<\/strong>: Littoral<br \/>\n<strong>D\u00e9partement\u00a0<\/strong>: Wouri<br \/>\n<strong>Arrondissement\u00a0<\/strong>: Douala 3<sup>\u00e8me<\/sup><br \/>\n<strong>Site de localisation\u00a0<\/strong>: Douala Ndogbong<br \/>\n<strong>Adresse postale<\/strong>\u00a0: 13244 Douala<br \/>\n<strong>T\u00e9l\u00e9phone\u00a0<\/strong>: 33 00 87 90 \/ 33 05 64 37 \/ 699 32 72 15<br \/>\n<strong>Email<\/strong>\u00a0:<br \/>\n<strong>Site web<\/strong>\u00a0:<br \/>\n<strong>Adresse dans les r\u00e9seaux sociaux\u00a0<\/strong>:<\/p>\n<p><strong>INFORMATIONS SUR LE STATUT D\u2019ACCR\u00c9DITATION<\/strong><\/p>\n<p><strong>Arr\u00eat\u00e9s portant cr\u00e9ation <\/strong>: N\u00b002\/0052\/MINESUP du 12 juin 2002<br \/>\n<strong>Autorisation d\u2019ouverture<\/strong>\u00a0: N\u00b0 02\/0061\/MINESUP du 16 juillet 2002, compl\u00e9t\u00e9 par l\u2019arr\u00eat\u00e9 N\u00b011\/0051\/MINESUP du 12 janvier 2011.<\/p>\n<p><strong>FILI\u00c8RES, SP\u00c9CIALIT\u00c9S ET DIPL\u00d4MES AUTORIS\u00c9S<\/strong><\/p>\n<p><strong><u>ANCIEN REGIME<\/u><\/strong><\/p>\n<ul>\n<li><strong>BTS<\/strong><\/li>\n<\/ul>\n<p><strong><u>Fili\u00e8re\u00a01<\/u><\/strong><strong> :\u00a0Commerciale et de Gestion<\/strong><\/p>\n<p><strong><u>Sp\u00e9cialit\u00e9s<\/u><\/strong>\u00a0: Comptabilit\u00e9 et Gestion des Entreprises\u00a0\u00a0&#8211; Informatique de Gestion\u00a0&#8211; Commerce International\u00a0&#8211; Secr\u00e9tariat et Bureautique (<em><u>Options<\/u><\/em>\u00a0: Secr\u00e9tariat de Direction\u00a0; Secr\u00e9tariat Bureautique et Bilingue) &#8211; Assurances &#8211;\u00a0 Banque &#8211; Action Commerciale.<\/p>\n<p><strong><u>Fili\u00e8re\u00a02<\/u><\/strong><strong> : Industrielle et Technologique<\/strong><\/p>\n<p><strong><u>Sp\u00e9cialit\u00e9s<\/u><\/strong> : G\u00e9nie Electrique (<em><u>Option<\/u>s<\/em>\u00a0: Electronique\u00a0; Froid et Climatisation\u00a0; Electrique) &#8211; Informatique Industrielle &#8211; G\u00e9nie Civil.<\/p>\n<p><strong><u>Fili\u00e8re\u00a03<\/u><\/strong> <strong>: Communication<\/strong><\/p>\n<p><strong><u>Sp\u00e9cialit\u00e9s<\/u><\/strong> : Information-Communication (<em><u>Options<\/u><\/em> : Communication d\u2019Entreprise\u00a0; Journalisme).<\/p>\n<p><strong><u>FORMATIONS SOUS TUTELLES<\/u><\/strong><\/p>\n<p><strong>\u00a0<\/strong><\/p>\n<ul>\n<li><strong>Licence professionnelle de l\u2019Universit\u00e9 de Dschang<\/strong><\/li>\n<\/ul>\n<p><strong><u>Fili\u00e8re\u00a01<\/u><\/strong><strong> : Sciences et Techniques\u00a0 Industrielles<\/strong><\/p>\n<p><strong><u>Sp\u00e9cialit\u00e9s<\/u><\/strong> : Informatique Industrielle\u00a0&#8211; G\u00e9nie Electrique (<em><u>Options<\/u><\/em> : Froid et Climatisation\u00a0; Electrotechnique\u00a0; Electronique) &#8211; G\u00e9nie Civil &#8211; G\u00e9nie Logiciel &#8211; R\u00e9seaux et T\u00e9l\u00e9coms &#8211; Maintenance des Syst\u00e8mes Informatiques &#8211; Informatique et Multim\u00e9dia &#8211; Syst\u00e8me et R\u00e9seaux &#8211; G\u00e9nie Industriel et Maintenance.<\/p>\n<p><strong><u>Fili\u00e8re\u00a0 2<\/u><\/strong><strong> : Gestion et Management<\/strong><\/p>\n<p><strong><u>Sp\u00e9cialit\u00e9s<\/u><\/strong><strong> : <\/strong>Banque et Finance &#8211; Comptabilit\u00e9 et Finance (<em><u>Option<\/u><\/em><strong>\u00a0<\/strong>: Contr\u00f4le et Gestion) &#8211; Logistique et Transport &#8211; Marketing et Techniques de Commercialisation.<\/p>\n<p><strong><u>Fili\u00e8re\u00a0 3<\/u><\/strong><strong> : Communication<\/strong><\/p>\n<p><strong><u>Sp\u00e9cialit\u00e9<\/u><\/strong> : Publicit\u00e9<\/p>\n","protected":false},"excerpt":{"rendered":"<p>&#46;&#46;&#46;<\/p>\n","protected":false},"author":2,"featured_media":0,"parent":1743,"menu_order":0,"comment_status":"closed","ping_status":"closed","template":"","meta":[],"_links":{"self":[{"href":"https:\/\/www.minesup.gov.cm\/index.php\/wp-json\/wp\/v2\/pages\/7848"}],"collection":[{"href":"https:\/\/www.minesup.gov.cm\/index.php\/wp-json\/wp\/v2\/pages"}],"about":[{"href":"https:\/\/www.minesup.gov.cm\/index.php\/wp-json\/wp\/v2\/types\/page"}],"author":[{"embeddable":true,"href":"https:\/\/www.minesup.gov.cm\/index.php\/wp-json\/wp\/v2\/users\/2"}],"replies":[{"embeddable":true,"href":"https:\/\/www.minesup.gov.cm\/index.php\/wp-json\/wp\/v2\/comments?post=7848"}],"version-history":[{"count":0,"href":"https:\/\/www.minesup.gov.cm\/index.php\/wp-json\/wp\/v2\/pages\/7848\/revisions"}],"up":[{"embeddable":true,"href":"https:\/\/www.minesup.gov.cm\/index.php\/wp-json\/wp\/v2\/pages\/1743"}],"wp:attachment":[{"href":"https:\/\/www.minesup.gov.cm\/index.php\/wp-json\/wp\/v2\/media?parent=7848"}],"curies":[{"name":"wp","href":"https:\/\/api.w.org\/{rel}","templated":true}]}}