{"id":7850,"date":"2019-06-24T12:43:07","date_gmt":"2019-06-24T10:43:07","guid":{"rendered":"https:\/\/minesup.gov.cm\/?page_id=7850"},"modified":"2019-06-24T12:43:07","modified_gmt":"2019-06-24T10:43:07","slug":"ecole-superieure-technique-la-salle-est","status":"publish","type":"page","link":"https:\/\/www.minesup.gov.cm\/index.php\/region-du-littoral\/ecole-superieure-technique-la-salle-est\/","title":{"rendered":"Ecole Sup\u00e9rieure Technique la Salle (EST)"},"content":{"rendered":"<p><strong>INFORMATIONS D\u2019IDENTIFICATION<\/strong><\/p>\n<p><strong>Nom de l\u2019institution\u00a0<\/strong>: Ecole Sup\u00e9rieure Technique la Salle (EST)<br \/>\n<strong>Nom du Repr\u00e9sentant du promoteur<\/strong>\u00a0: <strong>Fr\u00e8re Blaise Marie DJEUKAM<\/strong><br \/>\n<strong>R\u00e9gion\u00a0<\/strong>: Littoral<br \/>\n<strong>D\u00e9partement\u00a0<\/strong>: Wouri<br \/>\n<strong>Arrondissement\u00a0<\/strong>: Douala 1<sup>er<\/sup><br \/>\n<strong>Site de localisation\u00a0<\/strong>: Akwa<br \/>\n<strong>Adresse postale<\/strong>\u00a0: 5377 Douala<br \/>\n<strong>T\u00e9l\u00e9phone\u00a0<\/strong>: 698 04 71 87<br \/>\n<strong>Email<\/strong>\u00a0:<br \/>\n<strong>Site web<\/strong>\u00a0:<br \/>\n<strong>Adresse dans les r\u00e9seaux sociaux\u00a0<\/strong>:<\/p>\n<p><strong>INFORMATIONS SUR LE STATUT D\u2019ACCR\u00c9DITATION<\/strong><\/p>\n<p><strong>Arr\u00eat\u00e9s portant cr\u00e9ation <\/strong>: N\u00b016-04349\/L\/MINESUP\/SG\/DDES\/ESUP\/SSIPES\/AOSB du 27 avril 2016<br \/>\n<strong>Autorisation d\u2019ouverture<\/strong>\u00a0: N\u00b016-04349\/L\/MINESUP\/SG\/DDES\/ESUP\/SSIPES\/AOSB du 27 avril 2016<\/p>\n<p><strong>FILI\u00c8RES, SP\u00c9CIALIT\u00c9S ET DIPL\u00d4MES AUTORIS\u00c9S<\/strong><\/p>\n<p><strong><u>NOUVEAU REGIME<\/u><\/strong><\/p>\n<ul>\n<li><strong>BTS<\/strong><\/li>\n<\/ul>\n<p><strong><u>Fili\u00e8re<\/u><\/strong><strong>\u00a0: Gestion<\/strong><\/p>\n<p><strong><u>Sp\u00e9cialit\u00e9s<\/u>\u00a0<\/strong>: Comptabilit\u00e9 et Gestion des Entreprises\u00a0\u00a0&#8211; Gestion Logistique et Transport &#8211; Ressources Humaines &#8211; Assistant Manager \u2013 Gestion de la Qualit\u00e9 \u2013 Gestion des ONG \u2013 Gestion des Projets \u2013 Banque et Finance.<\/p>\n<p><strong><u>\u00a0<\/u><\/strong><\/p>\n<p><strong><u>Fili\u00e8re<\/u><\/strong><strong>\u00a0: G\u00e9nie Electrique<\/strong><\/p>\n<p><strong><u>Sp\u00e9cialit\u00e9s<\/u><\/strong> : Maintenance des Syst\u00e8mes Electroniques \u2013 Energies Renouvelables \u2013 Maintenance des Equipements Industriels &#8211; Electrotechnique &#8211; Contr\u00f4le, Instrumentation et R\u00e9gulation.<\/p>\n<p><strong><u>Fili\u00e8re<\/u><\/strong><strong>\u00a0: G\u00e9nie Civil<\/strong><\/p>\n<p><strong><u>Sp\u00e9cialit\u00e9s<\/u><\/strong> : B\u00e2timent\u00a0&#8211; Travaux Publics\u00a0&#8211; G\u00e9om\u00e8tre-Topographe<\/p>\n<p><strong><u>Fili\u00e8re<\/u><\/strong><strong>\u00a0: G\u00e9nie M\u00e9canique et Productique<\/strong><\/p>\n<p><strong><u>Sp\u00e9cialit\u00e9s<\/u><\/strong> : M\u00e9canique et Electronique Automobiles (<strong><u>Options<\/u><\/strong>\u00a0: Maintenance apr\u00e8s-vente automobile, M\u00e9catronique) \u2013 Maintenance des Syst\u00e8mes Industriels (Option\u00a0: Maintenance industrielle et productive) &#8211; Construction M\u00e9tallique\u00a0&#8211; Chaudronnerie et Soudure.<\/p>\n<p><strong><u>Fili\u00e8re<\/u><\/strong><strong>\u00a0: G\u00e9nie Informatique<\/strong><\/p>\n<p><strong><u>Sp\u00e9cialit\u00e9s<\/u><\/strong>\u00a0: G\u00e9nie Logiciel \u2013 Infographie et Web-design \u2013 Maintenance des Syst\u00e8mes Informatiques \u2013 E-Commerce et Marketing num\u00e9rique &#8211; Informatique Industrielle et Automatisme<\/p>\n<p><strong><u>Fili\u00e8re<\/u><\/strong><strong>\u00a0: R\u00e9seaux et T\u00e9l\u00e9communications<\/strong><\/p>\n<p><strong><u>Sp\u00e9cialit\u00e9<\/u><\/strong>\u00a0: T\u00e9l\u00e9communications &#8211; R\u00e9seaux et S\u00e9curit\u00e9.<\/p>\n<p><strong><u>FORMATIONS SOUS TUTELLES<\/u><\/strong><\/p>\n<p>&nbsp;<\/p>\n<ul>\n<li><strong>Licence professionnelle (sous la tutelle acad\u00e9mique de l\u2019Universit\u00e9 de Douala)<\/strong><\/li>\n<\/ul>\n<p><strong><u>Fili\u00e8re<\/u><\/strong>\u00a0: <strong>G\u00e9nie m\u00e9canique et productique<\/strong><\/p>\n<p><strong><u>Sp\u00e9cialit\u00e9s<\/u><\/strong>\u00a0: Conception et R\u00e9alisation en Chaudronnerie Industrielle \u2013 Conception et R\u00e9alisation des Ouvrages M\u00e9talliques<\/p>\n<p><strong><u>Fili\u00e8re<\/u><\/strong>\u00a0: <strong>G\u00e9nie Electrique<\/strong><\/p>\n<p><strong><u>Sp\u00e9cialit\u00e9s<\/u><\/strong>\u00a0: Conception et R\u00e9alisation des Syst\u00e8mes Automatiques\/Robotique Industrielle \u2013 Electrotechnique \u2013 Informatique Industrielle et Automatisme.<\/p>\n<p><strong><u>Fili\u00e8re<\/u><\/strong>\u00a0: <strong>R\u00e9seaux et T\u00e9l\u00e9communications<\/strong><\/p>\n<p><strong><u>Sp\u00e9cialit\u00e9<\/u><\/strong>\u00a0: R\u00e9seaux et S\u00e9curit\u00e9<\/p>\n<p><strong><u>Fili\u00e8re<\/u><\/strong>\u00a0: <strong>G\u00e9nie Civil<\/strong><\/p>\n<p><strong><u>Sp\u00e9cialit\u00e9s<\/u><\/strong>\u00a0: Travaux Publics \u2013 G\u00e9om\u00e8tre Topographe<\/p>\n<p><strong><u>Fili\u00e8re<\/u><\/strong><strong>\u00a0<\/strong>:<strong> Gestion<\/strong><\/p>\n<p><strong><u>Sp\u00e9cialit\u00e9s<\/u><\/strong><strong>\u00a0<\/strong>: Gestion des Ressources Humaines \u2013 Gestion Logistique et Transport \u2013 Finance et Comptabilit\u00e9 \u2013 Banque et Finance \u2013 Comptabilit\u00e9, Contr\u00f4le et Audit.<\/p>\n<p>&nbsp;<\/p>\n<ul>\n<li><strong>Master professionnel<\/strong><\/li>\n<\/ul>\n<p><strong><u>Fili\u00e8re<\/u><\/strong>\u00a0: <strong>G\u00e9nie m\u00e9canique et productique<\/strong><\/p>\n<p><strong><u>Sp\u00e9cialit\u00e9s<\/u><\/strong>\u00a0: Conception et R\u00e9alisation en Chaudronnerie Industrielle \u2013 Conception et R\u00e9alisation des Ouvrages M\u00e9talliques<\/p>\n<p><strong><u>Fili\u00e8re<\/u><\/strong>\u00a0: <strong>G\u00e9nie Electrique<\/strong><\/p>\n<p><strong><u>Sp\u00e9cialit\u00e9s<\/u><\/strong>\u00a0: Robotique Industrielle \u2013 Ing\u00e9nierie Electrique &#8211; Informatique Industrielle et Automatisme.<\/p>\n<p><strong><u>Fili\u00e8re<\/u><\/strong>\u00a0: <strong>R\u00e9seaux et T\u00e9l\u00e9communications<\/strong><\/p>\n<p><strong><u>Sp\u00e9cialit\u00e9<\/u><\/strong>\u00a0: R\u00e9seaux et S\u00e9curit\u00e9<\/p>\n<p><strong><u>Fili\u00e8re<\/u><\/strong>\u00a0: <strong>G\u00e9nie Civil<\/strong><\/p>\n<p><strong><u>Sp\u00e9cialit\u00e9s<\/u><\/strong>\u00a0: Travaux Publics \u2013 G\u00e9om\u00e8tre Topographe<\/p>\n<p><strong><u>Fili\u00e8re<\/u><\/strong><strong>\u00a0<\/strong>:<strong> Gestion<\/strong><\/p>\n<p><strong><u>Sp\u00e9cialit\u00e9s<\/u><\/strong><strong>\u00a0<\/strong>: Gestion des Ressources Humaines \u2013 Gestion Logistique et Transport \u2013 Finance et Comptabilit\u00e9 \u2013 Banque et Finance \u2013 Comptabilit\u00e9, Contr\u00f4le et Audit.<\/p>\n","protected":false},"excerpt":{"rendered":"<p>&#46;&#46;&#46;<\/p>\n","protected":false},"author":2,"featured_media":0,"parent":1743,"menu_order":0,"comment_status":"closed","ping_status":"closed","template":"","meta":[],"_links":{"self":[{"href":"https:\/\/www.minesup.gov.cm\/index.php\/wp-json\/wp\/v2\/pages\/7850"}],"collection":[{"href":"https:\/\/www.minesup.gov.cm\/index.php\/wp-json\/wp\/v2\/pages"}],"about":[{"href":"https:\/\/www.minesup.gov.cm\/index.php\/wp-json\/wp\/v2\/types\/page"}],"author":[{"embeddable":true,"href":"https:\/\/www.minesup.gov.cm\/index.php\/wp-json\/wp\/v2\/users\/2"}],"replies":[{"embeddable":true,"href":"https:\/\/www.minesup.gov.cm\/index.php\/wp-json\/wp\/v2\/comments?post=7850"}],"version-history":[{"count":0,"href":"https:\/\/www.minesup.gov.cm\/index.php\/wp-json\/wp\/v2\/pages\/7850\/revisions"}],"up":[{"embeddable":true,"href":"https:\/\/www.minesup.gov.cm\/index.php\/wp-json\/wp\/v2\/pages\/1743"}],"wp:attachment":[{"href":"https:\/\/www.minesup.gov.cm\/index.php\/wp-json\/wp\/v2\/media?parent=7850"}],"curies":[{"name":"wp","href":"https:\/\/api.w.org\/{rel}","templated":true}]}}