{"id":7854,"date":"2019-06-24T12:48:27","date_gmt":"2019-06-24T10:48:27","guid":{"rendered":"https:\/\/minesup.gov.cm\/?page_id=7854"},"modified":"2019-06-25T10:15:17","modified_gmt":"2019-06-25T08:15:17","slug":"7854-2","status":"publish","type":"page","link":"https:\/\/www.minesup.gov.cm\/index.php\/region-du-littoral\/7854-2\/","title":{"rendered":"Higher Institute of Business"},"content":{"rendered":"<p><strong>INFORMATIONS D\u2019IDENTIFICATION<\/strong><\/p>\n<p><strong>Nom de l\u2019institution\u00a0<\/strong>: Higher Institute of Business<br \/>\n<strong>Nom du promoteur<\/strong>\u00a0: DIMA Gabriel<br \/>\n<strong>R\u00e9gion\u00a0<\/strong>: Littoral<br \/>\n<strong>D\u00e9partement\u00a0<\/strong>: Wouri<br \/>\n<strong>Arrondissement\u00a0<\/strong>: Douala 3<sup>\u00e8me<\/sup><br \/>\n<strong>Site de localisation\u00a0<\/strong>: Ndogbong<br \/>\n<strong>Adresse postale<\/strong>\u00a0: 7875 Douala<br \/>\n<strong>T\u00e9l\u00e9phone\u00a0<\/strong>: 33 03 14 79 \/ 33 03 14 58<br \/>\n<strong>Email<\/strong>\u00a0:<br \/>\n<strong>Site web<\/strong>\u00a0:<br \/>\n<strong>Adresse dans les r\u00e9seaux sociaux\u00a0<\/strong>:<\/p>\n<p><strong>INFORMATIONS SUR LE STATUT D\u2019ACCR\u00c9DITATION<\/strong><\/p>\n<p><strong>Arr\u00eat\u00e9s portant cr\u00e9ation <\/strong>: N\u00b007\/0015\/MINESUP du 20 f\u00e9vrier 2007, compl\u00e9t\u00e9 par l\u2019arr\u00eat\u00e9 N\u00b008\/0039\/MINESUP du 17 d\u00e9cembre 2008<br \/>\n<strong>Autorisation d\u2019ouverture<\/strong>\u00a0: N\u00b012\/0400\/MINESUP du 17 ao\u00fbt 2012<\/p>\n<p><strong>FILI\u00c8RES, SP\u00c9CIALIT\u00c9S ET DIPL\u00d4MES AUTORIS\u00c9S<\/strong><\/p>\n<p><strong><u>ANCIEN REGIME<\/u><\/strong><\/p>\n<ul>\n<li><strong>BTS<\/strong><\/li>\n<\/ul>\n<p><strong><u>Fili\u00e8re 1<\/u><\/strong><strong>\u00a0: Commerciale et de Gestion<\/strong><\/p>\n<p><strong><u>Sp\u00e9cialit\u00e9s<\/u>\u00a0<\/strong>: Comptabilit\u00e9 et Gestion des Entreprises\u00a0\u00a0&#8211; Informatique de Gestion\u00a0&#8211; Commerce International\u00a0&#8211;\u00a0 Action Commerciale &#8211; Banque Secr\u00e9tariat et Bureautique (<em><u>Options<\/u><\/em>\u00a0: Secr\u00e9tariat de Direction\u00a0; Secr\u00e9tariat Bureautique Bilingue) &#8211; Assurances\u00a0 &#8211; Transport et Logistique.<\/p>\n<p><strong><u>Fili\u00e8re 2<\/u><\/strong><strong>\u00a0: Communication<\/strong><\/p>\n<p><strong><u>Sp\u00e9cialit\u00e9<\/u><\/strong><strong>\u00a0:<\/strong> Information &#8211; Communication (<em><u>Option<\/u><\/em><strong>\u00a0: <\/strong>Communication d\u2019Entreprise).<\/p>\n<p><strong><u>Fili\u00e8re 3<\/u><\/strong><strong>\u00a0: Industrielle et Technologique<\/strong><\/p>\n<p><strong><u>Sp\u00e9cialit\u00e9s<\/u><\/strong> : G\u00e9nie Electrique (<em><u>Option<\/u><\/em><strong>\u00a0:<\/strong> Electronique) &#8211; Maintenance des Syst\u00e8mes Informatiques &#8211;\u00a0 Informatique Industrielle &#8211; G\u00e9nie Civil &#8211; G\u00e9nie M\u00e9canique.<\/p>\n<p><strong><u>Fili\u00e8re 4<\/u><\/strong><strong>\u00a0: Touristique et Social<\/strong><\/p>\n<p><strong><u>Sp\u00e9cialit\u00e9s<\/u><\/strong> : Tourisme et Loisirs &#8211; H\u00f4tellerie et Restauration.<\/p>\n<p><strong>\u00a0<\/strong><\/p>\n<ul>\n<li><strong>HND<\/strong><\/li>\n<\/ul>\n<p><strong><u>\u00a0<\/u><\/strong><\/p>\n<p><strong><u>Fili\u00e8re 1<\/u><\/strong><strong> : Business, Finance and Management<\/strong><\/p>\n<p><strong><u>Sp\u00e9cialit\u00e9s<\/u><\/strong> : Banking and Finance &#8211; Management &#8211; Marketing &#8211; Accountancy &#8211; Insurance &#8211; Logistics and Transports &#8211; Secretarial Studies, Public Service and Administration (<em><u>Options<\/u><\/em> : Executive Secretarial Studies ; Public Service and Administration).<\/p>\n<p><strong><u>Fili\u00e8re 2<\/u><\/strong><strong> : Engineering and Technology<\/strong><\/p>\n<p><strong><u>Sp\u00e9cialit\u00e9s<\/u><\/strong> : \u00a0Computer Engineering &#8211; Electrical and Electronics Engineering &#8211; Mechanical Engineering<strong>.<\/strong><\/p>\n<p><strong><u>Fili\u00e8re 3<\/u><\/strong><strong> : Home Economics, Tourism and Hotel Management<\/strong><\/p>\n<p><strong><u>Sp\u00e9cialit\u00e9s<\/u><\/strong> : \u00a0Tourism and Hotel Management.<\/p>\n<p><strong><u>Fili\u00e8re 4<\/u><\/strong><strong> : Tourism and Media<\/strong><\/p>\n<p><strong><u>Sp\u00e9cialit\u00e9<\/u><\/strong><strong> : <\/strong>\u00a0Journalism.<\/p>\n<p>&nbsp;<\/p>\n<p><strong><u>FORMATIONS SOUS TUTELLES<\/u><\/strong><\/p>\n<p>&nbsp;<\/p>\n<ul>\n<li><strong>Licence professionnelle de l\u2019Universit\u00e9 de Douala<\/strong><\/li>\n<\/ul>\n<p><strong><u>\u00a0<\/u><\/strong><\/p>\n<p><strong><u>Fili\u00e8re 1<\/u><\/strong><strong> : Gestion des Ressources Humaines<\/strong><\/p>\n<p><strong><u>Fili\u00e8re 2<\/u><\/strong><strong> : Management<\/strong><\/p>\n<p><strong><u>Fili\u00e8re 3<\/u><\/strong><strong> : Merchandising<\/strong><\/p>\n<p><strong><u>Fili\u00e8re 4<\/u><\/strong><strong> : Marketing Op\u00e9rationnel<\/strong><\/p>\n<p><strong><u>Fili\u00e8re 5<\/u><\/strong><strong> : Communication<\/strong><\/p>\n<p><strong><u>Fili\u00e8re 6<\/u><\/strong><strong> : N\u00e9gociation Vente<\/strong><\/p>\n<p><strong><u>Fili\u00e8re 7<\/u><\/strong><strong> : Audit et Contr\u00f4le de Gestion<\/strong><\/p>\n<p><strong><u>Fili\u00e8re 8<\/u><\/strong><strong> : Organisation et Gestion des Entreprises<\/strong><\/p>\n<p><strong><u>Fili\u00e8re 9<\/u><\/strong><strong> : M\u00e9thodes Informatiques Appliqu\u00e9es<\/strong><\/p>\n<p><strong><u>Fili\u00e8re 10<\/u><\/strong><strong> : R\u00e9seaux et T\u00e9l\u00e9communications<\/strong><\/p>\n<p><strong><u>Fili\u00e8re 11<\/u><\/strong><strong> : Syst\u00e8mes Embarques<\/strong><\/p>\n<p><strong><u>Fili\u00e8re 12<\/u><\/strong><strong> : Gestion des Stocks<\/strong><\/p>\n<p><strong><u>Fili\u00e8re 13<\/u><\/strong><strong> : Logistique Industrielle<\/strong><\/p>\n<p><strong><u>Fili\u00e8re 14<\/u> : Management Logistiques et Techniques Multim\u00e9dia<\/strong><\/p>\n","protected":false},"excerpt":{"rendered":"<p>&#46;&#46;&#46;<\/p>\n","protected":false},"author":2,"featured_media":0,"parent":1743,"menu_order":0,"comment_status":"closed","ping_status":"closed","template":"","meta":[],"_links":{"self":[{"href":"https:\/\/www.minesup.gov.cm\/index.php\/wp-json\/wp\/v2\/pages\/7854"}],"collection":[{"href":"https:\/\/www.minesup.gov.cm\/index.php\/wp-json\/wp\/v2\/pages"}],"about":[{"href":"https:\/\/www.minesup.gov.cm\/index.php\/wp-json\/wp\/v2\/types\/page"}],"author":[{"embeddable":true,"href":"https:\/\/www.minesup.gov.cm\/index.php\/wp-json\/wp\/v2\/users\/2"}],"replies":[{"embeddable":true,"href":"https:\/\/www.minesup.gov.cm\/index.php\/wp-json\/wp\/v2\/comments?post=7854"}],"version-history":[{"count":0,"href":"https:\/\/www.minesup.gov.cm\/index.php\/wp-json\/wp\/v2\/pages\/7854\/revisions"}],"up":[{"embeddable":true,"href":"https:\/\/www.minesup.gov.cm\/index.php\/wp-json\/wp\/v2\/pages\/1743"}],"wp:attachment":[{"href":"https:\/\/www.minesup.gov.cm\/index.php\/wp-json\/wp\/v2\/media?parent=7854"}],"curies":[{"name":"wp","href":"https:\/\/api.w.org\/{rel}","templated":true}]}}