{"id":7856,"date":"2019-06-24T13:18:08","date_gmt":"2019-06-24T11:18:08","guid":{"rendered":"https:\/\/minesup.gov.cm\/?page_id=7856"},"modified":"2019-06-24T13:18:08","modified_gmt":"2019-06-24T11:18:08","slug":"higher-institute-of-professional-excellence-hipe","status":"publish","type":"page","link":"https:\/\/www.minesup.gov.cm\/index.php\/region-du-littoral\/higher-institute-of-professional-excellence-hipe\/","title":{"rendered":"Higher Institute of Professional Excellence (HIPE)"},"content":{"rendered":"<p><strong>INFORMATIONS D\u2019IDENTIFICATION<\/strong><\/p>\n<p><strong>Nom de l\u2019institution\u00a0<\/strong>: Higher Institute of Professional Excellence (HIPE)<br \/>\n<strong>Nom du promoteur<\/strong>\u00a0: NDE SARAKANG Christopher<br \/>\n<strong>R\u00e9gion\u00a0<\/strong>: \u00a0Littoral<br \/>\n<strong>D\u00e9partement\u00a0<\/strong>: Wouri<br \/>\n<strong>Arrondissement\u00a0<\/strong>: Douala 4<sup>\u00e8me<\/sup><br \/>\n<strong>Site de localisation\u00a0<\/strong>: Bonab\u00e9ri<br \/>\n<strong>Adresse postale<\/strong>\u00a0: 9496 Douala<br \/>\n<strong>T\u00e9l\u00e9phone\u00a0<\/strong>: 677 77 80 44<br \/>\n<strong>Email<\/strong>\u00a0:<br \/>\n<strong>Site web<\/strong>\u00a0:<br \/>\n<strong>Adresse dans les r\u00e9seaux sociaux\u00a0<\/strong>:<\/p>\n<p><strong>INFORMATIONS SUR LE STATUT D\u2019ACCR\u00c9DITATION<\/strong><\/p>\n<p><strong>Arr\u00eat\u00e9s portant cr\u00e9ation <\/strong>: N\u00b017-05219\/L\/MINESUP\/SG\/DDES\/ESUP\/SDA\/OPC du 22 mai 2017<br \/>\n<strong>Autorisation d\u2019ouverture<\/strong>\u00a0: N\u00b017-05219\/L\/MINESUP\/SG\/DDES\/ESUP\/SDA\/OPC du 22 mai 2017<\/p>\n<p><strong>FILI\u00c8RES, SP\u00c9CIALIT\u00c9S ET DIPL\u00d4MES AUTORIS\u00c9S<\/strong><\/p>\n<p><strong><u>ANCIEN REGIME<\/u><\/strong><\/p>\n<ul>\n<li><strong>HND<\/strong><\/li>\n<\/ul>\n<p><strong><u>Fili\u00e8re 1<\/u><\/strong><strong>\u00a0: Business, Finance and Managment<\/strong><\/p>\n<p><strong><u>Sp\u00e9cialit\u00e9s<\/u><\/strong><strong>\u00a0<\/strong>: Accountancy &#8211; Banking and Finance &#8211; Insurance &#8211; Marketing &#8211; Management &#8211; Secretarial Studies, Public Service and Administration &#8211; Transport and Logistic.<\/p>\n<p><strong><u>Fili\u00e8re 2<\/u><\/strong><strong>\u00a0: Engineering and Technology<\/strong><\/p>\n<p><strong><u>Sp\u00e9cialit\u00e9s<\/u><\/strong><strong>\u00a0<\/strong>: Electrical and Electronic Engineering (<em><u>Option<\/u><\/em> : Telecommunication) &#8211; Computer Engineering.<\/p>\n<p><strong><u>NOUVEAU REGIME<\/u><\/strong><\/p>\n<p><strong>\u00a0<\/strong><strong>BTS<\/strong><\/p>\n<p><strong><u>Fili\u00e8re 1<\/u><\/strong><strong>\u00a0: Commerce-Vente<\/strong><\/p>\n<p><strong><u>Sp\u00e9cialit\u00e9s<\/u><\/strong><strong>\u00a0<\/strong>: Commerce International &#8211; Marketing, Commerce, Vente<\/p>\n<p><strong><u>Fili\u00e8re 2<\/u><\/strong><strong>\u00a0: Gestion<\/strong><\/p>\n<p><strong><u>Sp\u00e9cialit\u00e9s<\/u><\/strong><strong>\u00a0<\/strong>: Assurance &#8211; Gestion Logistique et Transport &#8211; Banque et Finance &#8211; Ressources Humaines &#8211; Comptabilit\u00e9 et Gestion des Entreprises.<\/p>\n<p><strong><u>Fili\u00e8re 3<\/u><\/strong><strong>\u00a0: G\u00e9nie Electrique<\/strong><\/p>\n<p><strong><u>Sp\u00e9cialit\u00e9s<\/u><\/strong><strong>\u00a0<\/strong>: Electrotechnique &#8211; Maintenance des Syst\u00e8mes Electroniques &#8211; Contr\u00f4le, Instrumentation et R\u00e9gulation.<\/p>\n<p><strong><u>Fili\u00e8re 4<\/u><\/strong><strong>\u00a0: G\u00e9nie Informatique<\/strong><\/p>\n<p><strong><u>Sp\u00e9cialit\u00e9s<\/u>\u00a0<\/strong>: Maintenance des Syst\u00e8mes Informatiques &#8211; Informatique Industrielle et Automatisme<\/p>\n","protected":false},"excerpt":{"rendered":"<p>&#46;&#46;&#46;<\/p>\n","protected":false},"author":2,"featured_media":0,"parent":1743,"menu_order":0,"comment_status":"closed","ping_status":"closed","template":"","meta":[],"_links":{"self":[{"href":"https:\/\/www.minesup.gov.cm\/index.php\/wp-json\/wp\/v2\/pages\/7856"}],"collection":[{"href":"https:\/\/www.minesup.gov.cm\/index.php\/wp-json\/wp\/v2\/pages"}],"about":[{"href":"https:\/\/www.minesup.gov.cm\/index.php\/wp-json\/wp\/v2\/types\/page"}],"author":[{"embeddable":true,"href":"https:\/\/www.minesup.gov.cm\/index.php\/wp-json\/wp\/v2\/users\/2"}],"replies":[{"embeddable":true,"href":"https:\/\/www.minesup.gov.cm\/index.php\/wp-json\/wp\/v2\/comments?post=7856"}],"version-history":[{"count":0,"href":"https:\/\/www.minesup.gov.cm\/index.php\/wp-json\/wp\/v2\/pages\/7856\/revisions"}],"up":[{"embeddable":true,"href":"https:\/\/www.minesup.gov.cm\/index.php\/wp-json\/wp\/v2\/pages\/1743"}],"wp:attachment":[{"href":"https:\/\/www.minesup.gov.cm\/index.php\/wp-json\/wp\/v2\/media?parent=7856"}],"curies":[{"name":"wp","href":"https:\/\/api.w.org\/{rel}","templated":true}]}}