{"id":7858,"date":"2019-06-24T13:20:21","date_gmt":"2019-06-24T11:20:21","guid":{"rendered":"https:\/\/minesup.gov.cm\/?page_id=7858"},"modified":"2019-06-24T13:20:21","modified_gmt":"2019-06-24T11:20:21","slug":"institut-des-etudes-superieures-de-science-dindustrie-et-des-techniques-de-gestion-ihes-sitg","status":"publish","type":"page","link":"https:\/\/www.minesup.gov.cm\/index.php\/region-du-littoral\/institut-des-etudes-superieures-de-science-dindustrie-et-des-techniques-de-gestion-ihes-sitg\/","title":{"rendered":"Institut des Etudes Sup\u00e9rieures de Science, d\u2019Industrie et des Techniques de Gestion (IHES-SITG)"},"content":{"rendered":"<p><strong>INFORMATIONS D\u2019IDENTIFICATION<\/strong><\/p>\n<p><strong>Nom de l\u2019institution\u00a0<\/strong>: <strong>Institut des Etudes Sup\u00e9rieures de Science, d\u2019Industrie et des Techniques de Gestion (IHES-SITG)<\/strong><\/p>\n<p><strong>Nom du promoteur<\/strong>\u00a0: NANTSA Augustin<br \/>\n<strong>R\u00e9gion\u00a0<\/strong>: Littoral<br \/>\n<strong>D\u00e9partement\u00a0<\/strong>: Wouri<br \/>\n<strong>Arrondissement\u00a0<\/strong>: Douala 1<sup>er<\/sup><br \/>\n<strong>Site de localisation\u00a0<\/strong>: Akwa<br \/>\n<strong>Adresse postale<\/strong>\u00a0: 8939 Douala<br \/>\n<strong>T\u00e9l\u00e9phone\u00a0<\/strong>: 677 61 33 80<br \/>\n<strong>Email<\/strong>\u00a0:<br \/>\n<strong>Site web<\/strong>\u00a0:<br \/>\n<strong>Adresse dans les r\u00e9seaux sociaux\u00a0<\/strong>:<\/p>\n<p><strong>INFORMATIONS SUR LE STATUT D\u2019ACCR\u00c9DITATION<\/strong><\/p>\n<p><strong>Arr\u00eat\u00e9s portant cr\u00e9ation <\/strong>: N\u00b012\/0640\/MINESUP\/SG\/DDES du 23 novembre 2012<br \/>\n<strong>Autorisation d\u2019ouverture<\/strong>\u00a0: N\u00b014\/0396\/MINESUP\/SG\/DDES\/ du 04 juillet 2014<\/p>\n<p><strong>FILI\u00c8RES, SP\u00c9CIALIT\u00c9S ET DIPL\u00d4MES AUTORIS\u00c9S<\/strong><\/p>\n<p><strong><u>ANCIEN REGIME<\/u><\/strong><\/p>\n<ul>\n<li><strong>BTS<\/strong><\/li>\n<\/ul>\n<p><strong><u>\u00a0<\/u><\/strong><\/p>\n<p><strong><u>Fili\u00e8re 1<\/u><\/strong><strong>\u00a0: Commerciale et de Gestion<\/strong><\/p>\n<p><strong><u>Sp\u00e9cialit\u00e9s<\/u><\/strong><strong>\u00a0<\/strong>: Action Commerciale\u00a0&#8211; Banque\u00a0&#8211; Commerce International\u00a0&#8211; Comptabilit\u00e9 et Gestion de Entreprises\u00a0&#8211; Informatique de Gestion.<\/p>\n<p><strong><u>Fili\u00e8re 2<\/u><\/strong><strong>\u00a0: Touristique et Sociale<\/strong><\/p>\n<p><strong><u>Sp\u00e9cialit\u00e9<\/u><\/strong><strong>\u00a0<\/strong>: H\u00f4tellerie et Restauration.<\/p>\n","protected":false},"excerpt":{"rendered":"<p>&#46;&#46;&#46;<\/p>\n","protected":false},"author":2,"featured_media":0,"parent":1743,"menu_order":0,"comment_status":"closed","ping_status":"closed","template":"","meta":[],"_links":{"self":[{"href":"https:\/\/www.minesup.gov.cm\/index.php\/wp-json\/wp\/v2\/pages\/7858"}],"collection":[{"href":"https:\/\/www.minesup.gov.cm\/index.php\/wp-json\/wp\/v2\/pages"}],"about":[{"href":"https:\/\/www.minesup.gov.cm\/index.php\/wp-json\/wp\/v2\/types\/page"}],"author":[{"embeddable":true,"href":"https:\/\/www.minesup.gov.cm\/index.php\/wp-json\/wp\/v2\/users\/2"}],"replies":[{"embeddable":true,"href":"https:\/\/www.minesup.gov.cm\/index.php\/wp-json\/wp\/v2\/comments?post=7858"}],"version-history":[{"count":0,"href":"https:\/\/www.minesup.gov.cm\/index.php\/wp-json\/wp\/v2\/pages\/7858\/revisions"}],"up":[{"embeddable":true,"href":"https:\/\/www.minesup.gov.cm\/index.php\/wp-json\/wp\/v2\/pages\/1743"}],"wp:attachment":[{"href":"https:\/\/www.minesup.gov.cm\/index.php\/wp-json\/wp\/v2\/media?parent=7858"}],"curies":[{"name":"wp","href":"https:\/\/api.w.org\/{rel}","templated":true}]}}