{"id":7862,"date":"2019-06-24T13:25:43","date_gmt":"2019-06-24T11:25:43","guid":{"rendered":"https:\/\/minesup.gov.cm\/?page_id=7862"},"modified":"2019-06-24T13:25:43","modified_gmt":"2019-06-24T11:25:43","slug":"institut-superieur-africain-denseignement-managerial-et-technologique-isa-emt","status":"publish","type":"page","link":"https:\/\/www.minesup.gov.cm\/index.php\/region-du-littoral\/institut-superieur-africain-denseignement-managerial-et-technologique-isa-emt\/","title":{"rendered":"Institut Sup\u00e9rieur Africain d\u2019Enseignement Manag\u00e9rial et Technologique (ISA-EMT)"},"content":{"rendered":"<p><strong>INFORMATIONS D\u2019IDENTIFICATION<\/strong><\/p>\n<p><strong>Nom de l\u2019institution\u00a0<\/strong>: <strong>Institut Sup\u00e9rieur Africain d\u2019Enseignement Manag\u00e9rial et Technologique (ISA-EMT)<\/strong><br \/>\n<strong>Nom du promoteur<\/strong>\u00a0: <strong>Gabriel KUIATSE<\/strong><br \/>\n<strong>R\u00e9gion\u00a0<\/strong>: Littoral<br \/>\n<strong>D\u00e9partement\u00a0<\/strong>: Wouri<br \/>\n<strong>Arrondissement\u00a0<\/strong>: Douala 5<sup>\u00e8me<\/sup><br \/>\n<strong>Site de localisation\u00a0<\/strong>: Makepe<br \/>\n<strong>Adresse postale<\/strong>\u00a0: 1215 Douala<strong><br \/>\nT\u00e9l\u00e9phone\u00a0<\/strong>: 699 92 52 13 \/ 679 11 11 23<br \/>\n<strong>Email<\/strong>\u00a0:<br \/>\n<strong>Site web<\/strong>\u00a0:<br \/>\n<strong>Adresse dans les r\u00e9seaux sociaux\u00a0<\/strong>:<\/p>\n<p><strong>INFORMATIONS SUR LE STATUT D\u2019ACCR\u00c9DITATION<\/strong><\/p>\n<p><strong>Arr\u00eat\u00e9s portant cr\u00e9ation <\/strong>: N\u00b011\/0039\/MINESUP du 12 janvier 2011<br \/>\n<strong>Autorisation d\u2019ouverture<\/strong>\u00a0: N\u00b012\/0360\/MINESUP du 17 ao\u00fbt 2012<\/p>\n<p><strong>FILI\u00c8RES, SP\u00c9CIALIT\u00c9S ET DIPL\u00d4MES AUTORIS\u00c9S<\/strong><\/p>\n<p><strong><u>NOUVEAU REGIME<\/u><\/strong><\/p>\n<ul>\n<li><strong>BTS<\/strong><\/li>\n<\/ul>\n<p><u>Fili\u00e8re 1<\/u> : Agriculture et Elevage<\/p>\n<p><u>Sp\u00e9cialit\u00e9<\/u> : Technique Commerciale Agricole.<\/p>\n<p><strong><u>Fili\u00e8re 2<\/u><\/strong><strong>\u00a0: G\u00e9nie biologique<\/strong><\/p>\n<p><u>Sp\u00e9cialit\u00e9s<\/u>\u00a0: Analyses biologiques et biochimiques &#8211; Industries alimentaires &#8211; Di\u00e9t\u00e9tique &#8211; Biotechnologie agricole.<\/p>\n<p><strong><u>Fili\u00e8re 3<\/u><\/strong><strong>\u00a0: G\u00e9nie g\u00e9ologique et p\u00e9trolier<\/strong><\/p>\n<p><strong><u>Sp\u00e9cialit\u00e9s<\/u><\/strong>\u00a0: Mines et G\u00e9ologies appliqu\u00e9es &#8211; Ing\u00e9nierie p\u00e9troli\u00e8re.<\/p>\n<p><strong><u>Fili\u00e8re 4<\/u><\/strong><strong>\u00a0: G\u00e9nie m\u00e9canique et Productique<\/strong><\/p>\n<p><strong><u>Sp\u00e9cialit\u00e9s<\/u><\/strong>\u00a0: Construction et fabrication m\u00e9caniques (<em><u>Options<\/u><\/em><strong>\u00a0<\/strong>: Construction M\u00e9canique\u00a0; Fabrication M\u00e9canique) &#8211; Chaudronnerie et Soudure &#8211; M\u00e9canique et \u00e9lectronique automobiles (<em><u>Options<\/u><\/em><strong>\u00a0<\/strong>: Maintenance et Apr\u00e8s-Vente Automobile\u00a0; M\u00e9catronique) &#8211; Maintenance des syst\u00e8mes industriels (<em><u>Option<\/u><\/em><strong>\u00a0<\/strong>: Maintenance industrielle et Productique)\u00a0 &#8211;\u00a0 Technologie de la Marine marchande (<em><u>Option<\/u><\/em><strong>\u00a0<\/strong>:<em> Hygi\u00e8ne, Qualit\u00e9, S\u00e9curit\u00e9 et Environnement<\/em>)<\/p>\n<p><strong><u>Fili\u00e8re 5<\/u><\/strong><strong>\u00a0: G\u00e9nie \u00e9lectrique<\/strong><\/p>\n<p><strong><u>Sp\u00e9cialit\u00e9s<\/u><\/strong><strong>\u00a0<\/strong>: Electrotechnique &#8211; Maintenance des syst\u00e8mes \u00e9lectroniques &#8211; Energies renouvelables &#8211; Maintenance des \u00e9quipements industriels.<\/p>\n<p><strong><u>Fili\u00e8re 6<\/u><\/strong><strong>\u00a0: G\u00e9nie thermique<\/strong><\/p>\n<p><strong><u>Sp\u00e9cialit\u00e9<\/u><\/strong><strong>\u00a0<\/strong>: G\u00e9nie thermique Energie (Option\u00a0: Froid et Climatisation).<\/p>\n<p><strong><u>Fili\u00e8re 7<\/u><\/strong><strong>\u00a0: G\u00e9nie civil<\/strong><\/p>\n<p><strong><u>Sp\u00e9cialit\u00e9s<\/u><\/strong>\u00a0: B\u00e2timent &#8211; Travaux publics &#8211; G\u00e9om\u00e8tre Topographe.<\/p>\n<p><strong><u>Fili\u00e8re 8<\/u><\/strong><strong>\u00a0: G\u00e9nie Informatique<\/strong><\/p>\n<p><strong><u>Sp\u00e9cialit\u00e9s<\/u><\/strong><strong>\u00a0<\/strong>: G\u00e9nie logiciel &#8211; Infographie et Web-design &#8211; Maintenance des syst\u00e8mes informatiques &#8211; Informatique industrielle et Automatisme &#8211; E-Commerce et Marketing num\u00e9rique.<\/p>\n<p><strong><u>Fili\u00e8re 9<\/u><\/strong><strong>\u00a0: R\u00e9seaux et T\u00e9l\u00e9communications<\/strong><\/p>\n<p><strong><u>Sp\u00e9cialit\u00e9s<\/u><\/strong><strong>\u00a0<\/strong>: T\u00e9l\u00e9communications &#8211; R\u00e9seaux et S\u00e9curit\u00e9.<\/p>\n<p><strong><u>Fili\u00e8re 10<\/u><\/strong><strong>\u00a0: Commerce-Vente<\/strong><\/p>\n<p><strong><u>Sp\u00e9cialit\u00e9s<\/u><\/strong><strong>\u00a0<\/strong>: Commerce International<\/p>\n<p><strong><u>Fili\u00e8re 11<\/u><\/strong><strong>\u00a0: Gestion<\/strong><\/p>\n<p><strong><u>Sp\u00e9cialit\u00e9s<\/u><\/strong><strong>\u00a0<\/strong>: Assurance &#8211; Gestion logistique et transport &#8211; Gestion de la qualit\u00e9 &#8211; Gestion des Syst\u00e8mes d\u2019Information &#8211; Assistant Manager &#8211; Ressources humaines &#8211; Banque et Finance &#8211; Comptabilit\u00e9 et Gestion des entreprises.<\/p>\n<p><strong><u>Fili\u00e8re 12<\/u><\/strong><strong>\u00a0: Information-Communication<\/strong><\/p>\n<p><strong><u>Sp\u00e9cialit\u00e9<\/u><\/strong>\u00a0: Communication des Organisations.<\/p>\n<p><strong><u>Fili\u00e8re 13<\/u><\/strong><strong>\u00a0: Tourisme, H\u00f4tellerie et Restauration<\/strong><\/p>\n<p><strong><u>Sp\u00e9cialit\u00e9s<\/u><\/strong><strong>\u00a0:<\/strong> H\u00f4tellerie &#8211; Restauration.<\/p>\n<p><strong><u>Fili\u00e8re 14<\/u><\/strong><strong>\u00a0: Etudes m\u00e9dico-sanitaires<\/strong><\/p>\n<p><strong><u>Sp\u00e9cialit\u00e9s<\/u><\/strong><strong>\u00a0<\/strong>: Sage-femme &#8211; Sciences infirmi\u00e8res.<\/p>\n<p><strong><u>Fili\u00e8re 15<\/u><\/strong><strong>\u00a0: Sciences et Techniques biom\u00e9dicales<\/strong><\/p>\n<p><strong><u>Sp\u00e9cialit\u00e9s<\/u><\/strong><strong>\u00a0<\/strong>: Techniques de laboratoire et d\u2019analyse m\u00e9dicale &#8211; Techniques pharmaceutiques.<\/p>\n<p>&nbsp;<\/p>\n<p><strong><u>ANCIEN REGIME<\/u><\/strong><\/p>\n<p><strong>\u00a0<\/strong><\/p>\n<ul>\n<li><strong>HND<\/strong><\/li>\n<\/ul>\n<p><strong><u>Fili\u00e8re 1<\/u><\/strong><strong> : Business, Finance and Management<\/strong><\/p>\n<p><strong><u>Sp\u00e9cialit\u00e9s<\/u><\/strong> : Banking and Finance &#8211; Management &#8211; Marketing &#8211; Accountancy &#8211; Insurance &#8211; Logistics and Transports &#8211; Secretarial Studies, Public Service and Administration (<em><u>Options<\/u><\/em> : Executive Secretarial Studies ; Public Service and Administration).<\/p>\n<p><strong><u>Fili\u00e8re 1<\/u><\/strong><strong> : Medical and Biomedical Studies<\/strong><\/p>\n<p><strong><u>Sp\u00e9cialit\u00e9s<\/u><\/strong> : Nursing &#8211; Medical Laboratory Studies &#8211; Health Care Management &#8211; Nutrition and Dietetics &#8211; Midwiefery &#8211; Physiotherapy.<\/p>\n","protected":false},"excerpt":{"rendered":"<p>&#46;&#46;&#46;<\/p>\n","protected":false},"author":2,"featured_media":0,"parent":1743,"menu_order":0,"comment_status":"closed","ping_status":"closed","template":"","meta":[],"_links":{"self":[{"href":"https:\/\/www.minesup.gov.cm\/index.php\/wp-json\/wp\/v2\/pages\/7862"}],"collection":[{"href":"https:\/\/www.minesup.gov.cm\/index.php\/wp-json\/wp\/v2\/pages"}],"about":[{"href":"https:\/\/www.minesup.gov.cm\/index.php\/wp-json\/wp\/v2\/types\/page"}],"author":[{"embeddable":true,"href":"https:\/\/www.minesup.gov.cm\/index.php\/wp-json\/wp\/v2\/users\/2"}],"replies":[{"embeddable":true,"href":"https:\/\/www.minesup.gov.cm\/index.php\/wp-json\/wp\/v2\/comments?post=7862"}],"version-history":[{"count":0,"href":"https:\/\/www.minesup.gov.cm\/index.php\/wp-json\/wp\/v2\/pages\/7862\/revisions"}],"up":[{"embeddable":true,"href":"https:\/\/www.minesup.gov.cm\/index.php\/wp-json\/wp\/v2\/pages\/1743"}],"wp:attachment":[{"href":"https:\/\/www.minesup.gov.cm\/index.php\/wp-json\/wp\/v2\/media?parent=7862"}],"curies":[{"name":"wp","href":"https:\/\/api.w.org\/{rel}","templated":true}]}}