{"id":7866,"date":"2019-06-24T13:29:56","date_gmt":"2019-06-24T11:29:56","guid":{"rendered":"https:\/\/minesup.gov.cm\/?page_id=7866"},"modified":"2019-06-24T13:29:56","modified_gmt":"2019-06-24T11:29:56","slug":"institut-superieur-dinformatique-et-de-la-communication-isicom","status":"publish","type":"page","link":"https:\/\/www.minesup.gov.cm\/index.php\/region-du-littoral\/institut-superieur-dinformatique-et-de-la-communication-isicom\/","title":{"rendered":"Institut Sup\u00e9rieur d\u2019Informatique et de la Communication  (ISICOM)"},"content":{"rendered":"<p><strong>INFORMATIONS D\u2019IDENTIFICATION<\/strong><\/p>\n<p><strong>Nom de l\u2019institution\u00a0<\/strong>: <strong>Institut Sup\u00e9rieur d\u2019Informatique et de la Communication\u00a0 (ISICOM)<\/strong><\/p>\n<p><strong>Nom du promoteur<\/strong>\u00a0: NGUETCHOM n\u00e9e TCHAMBOU Florence<br \/>\n<strong>R\u00e9gion\u00a0<\/strong>: Littoral<br \/>\n<strong>D\u00e9partement\u00a0<\/strong>: Wouri<br \/>\n<strong>Arrondissement\u00a0<\/strong>: Douala 5<sup>\u00e8me<\/sup><br \/>\n<strong>Site de localisation\u00a0<\/strong>: Logbessou<br \/>\n<strong>Adresse postale<\/strong>\u00a0: 4285 Douala<br \/>\n<strong>T\u00e9l\u00e9phone\u00a0<\/strong>: 675 29 42 85<\/p>\n<p><strong>Email<\/strong>\u00a0:<br \/>\n<strong>Site web<\/strong>\u00a0:<br \/>\n<strong>Adresse dans les r\u00e9seaux sociaux\u00a0<\/strong>:<\/p>\n<p><strong>INFORMATIONS SUR LE STATUT D\u2019ACCR\u00c9DITATION<\/strong><\/p>\n<p><strong>Arr\u00eat\u00e9s portant cr\u00e9ation <\/strong>: N\u00b011\/0030\/MINESUP\u00a0 du <strong>12 janvier 2011<\/strong><\/p>\n<p><strong>Autorisation d\u2019ouverture<\/strong>\u00a0: N\u00b011\/0049\/MINESUP du 12 janvier 2011<\/p>\n<p><strong>FILI\u00c8RES, SP\u00c9CIALIT\u00c9S ET DIPL\u00d4MES AUTORIS\u00c9S<\/strong><\/p>\n<p><strong><u>ANCIEN REGIME<\/u><\/strong><\/p>\n<ul>\n<li><strong>BTS<\/strong><\/li>\n<\/ul>\n<p><strong><u>Fili\u00e8re 1<\/u><\/strong><strong>\u00a0: Commerciale et de Gestion<\/strong><\/p>\n<p><strong><u>Sp\u00e9cialit\u00e9s<\/u>\u00a0<\/strong>: Comptabilit\u00e9 et Gestion des Entreprises\u00a0\u00a0&#8211; Informatique de Gestion\u00a0&#8211; Commerce International\u00a0&#8211; Action Commerciale &#8211; Secr\u00e9tariat et Bureautique (<em><u>Options<\/u><\/em>\u00a0: Secr\u00e9tariat de Direction\u00a0; Secr\u00e9tariat Bureautique Bilingue) &#8211; Assurance &#8211; Banque &#8211; Gestion Logistique et Transport.<\/p>\n<p><strong><u>Fili\u00e8re 2<\/u><\/strong><strong>\u00a0: Communication<\/strong><\/p>\n<p><strong><u>Sp\u00e9cialit\u00e9<\/u><\/strong><strong>\u00a0<\/strong>: Information-Communication<strong> (<\/strong><em><u>Option<\/u><\/em><strong>\u00a0<\/strong>: Communication d\u2019Entreprise\u00a0; Journalisme\u00a0; Photographie et Audiovisuel).<\/p>\n<p><strong><u>Fili\u00e8re 3<\/u><\/strong><strong>\u00a0: Industrielle et Technologique<\/strong><\/p>\n<p><strong><u>Sp\u00e9cialit\u00e9s<\/u><\/strong>\u00a0: G\u00e9nie M\u00e9canique (<em><u>Options<\/u><\/em>\u00a0: Maintenance Apr\u00e8s-Vente Automobile\u00a0; Fabrication M\u00e9canique\u00a0; Construction M\u00e9canique) &#8211; Maintenance des Syst\u00e8mes Informatiques &#8211; G\u00e9nie Civil (<em><u>Options<\/u><\/em>\u00a0: B\u00e2timent\u00a0; Travaux Publics\u00a0; G\u00e9om\u00e8tre Topographe) &#8211; G\u00e9nie Bois &#8211; G\u00e9nie Electrique (<em><u>Options<\/u><\/em>\u00a0: Electronique\u00a0; Electrotechnique\u00a0; Froid et Climatisation).<\/p>\n<p><strong><u>Fili\u00e8re 4<\/u><\/strong><strong>\u00a0: Touristique et Sociale<\/strong><\/p>\n<p><strong><u>Sp\u00e9cialit\u00e9<\/u><\/strong>\u00a0: Tourisme et Loisirs &#8211; H\u00f4tellerie et Restauration<\/p>\n<ul>\n<li><strong>DSEP<\/strong><\/li>\n<\/ul>\n<p><strong><u>Fili\u00e8re 1<\/u><\/strong><strong>\u00a0: Finance et Comptabilit\u00e9<\/strong><\/p>\n<p><strong><u>Fili\u00e8re 2<\/u><\/strong><strong>\u00a0: Marketing, Commerce et Vente<\/strong><\/p>\n<p><strong><u>Fili\u00e8re 3<\/u><\/strong><strong>\u00a0: Informatique<\/strong><\/p>\n<p><strong><u>Sp\u00e9cialit\u00e9s<\/u><\/strong><strong>\u00a0<\/strong>: G\u00e9nie Informatique<\/p>\n<p><strong><u>Fili\u00e8re 1<\/u><\/strong><strong>\u00a0: Expertise Comptable<\/strong><\/p>\n<p><strong><u>Fili\u00e8re 2<\/u><\/strong><strong>\u00a0: Droit<\/strong><\/p>\n<p><strong><u>Sp\u00e9cialit\u00e9s<\/u><\/strong>\u00a0: Carri\u00e8re Juridique &#8211; Droit des Affaires<\/p>\n<p><strong><u>Fili\u00e8re 3<\/u><\/strong><strong>\u00a0: G\u00e9nie \u00c9lectrique et T\u00e9l\u00e9communications<\/strong><\/p>\n<p><strong><u>Sp\u00e9cialit\u00e9s<\/u><\/strong>\u00a0: R\u00e9seaux et T\u00e9l\u00e9communications<\/p>\n<p><strong><u>Fili\u00e8re 4<\/u><\/strong><strong>\u00a0: Gestion des Entreprises et des Administrations<\/strong><\/p>\n<p><strong><u>Sp\u00e9cialit\u00e9s<\/u><\/strong>\u00a0: Ressources Humaines &#8211; Petites et Moyennes Organisation<\/p>\n<p><strong><u>Fili\u00e8re 5<\/u><\/strong><strong>\u00a0: Banque<\/strong><\/p>\n<p><strong>\u00a0<\/strong><strong>HND<\/strong><\/p>\n<p><strong><u>Fili\u00e8re 1<\/u><\/strong><strong>\u00a0: Business, Finance and Management<\/strong><\/p>\n<p><strong><u>Sp\u00e9cialit\u00e9s<\/u><\/strong>\u00a0: Banking and Finance &#8211; Marketing &#8211; Management &#8211; Insurance &#8211; Accountancy &#8211; Business and Information Technology &#8211; Secretarial Studies, Public Service and Administration.<\/p>\n<p><strong><u>Fili\u00e8re 2<\/u><\/strong><strong>\u00a0: Information and Media<\/strong><\/p>\n<p><strong><u>Sp\u00e9cialit\u00e9<\/u><\/strong>\u00a0: Journalism.<\/p>\n<p><strong><u>Fili\u00e8re 3<\/u><\/strong><strong>\u00a0: Engineering and Technology<\/strong><\/p>\n<p><strong><u>Sp\u00e9cialit\u00e9s<\/u><\/strong>\u00a0: Computer Engineering (<u>Options<\/u>\u00a0: Software Engineering\u00a0; Hardware Maintenance) Electrical and Electronics Engineering (<u>Option<\/u>\u00a0: Information and Communication Technology\u00a0; Telecommunication) &#8211; Mechanical Engineering &#8211; Civil and Structural Engineering (<u>Options<\/u>\u00a0: Civil Engineering\u00a0; Publics Works) &#8211; Wood Engineering &#8211; Electrical Power System &#8211; Air Conditioning and Cooling System.<\/p>\n<p><strong><u>Fili\u00e8re 4<\/u><\/strong><strong>\u00a0: Home Economics, Tourism and Hotel Management<\/strong><\/p>\n<p><strong><u>Sp\u00e9cialit\u00e9s<\/u><\/strong>\u00a0: Home Economics (<u>Options<\/u> : Bakery and Food Processing &#8211; Fashion Design, Clothing and Textiles) &#8211; Tourism and Hotel Management &#8211; Hospitality Management &#8211; Transport and Logistics &#8211; Shipping Management.<\/p>\n","protected":false},"excerpt":{"rendered":"<p>&#46;&#46;&#46;<\/p>\n","protected":false},"author":2,"featured_media":0,"parent":1743,"menu_order":0,"comment_status":"closed","ping_status":"closed","template":"","meta":[],"_links":{"self":[{"href":"https:\/\/www.minesup.gov.cm\/index.php\/wp-json\/wp\/v2\/pages\/7866"}],"collection":[{"href":"https:\/\/www.minesup.gov.cm\/index.php\/wp-json\/wp\/v2\/pages"}],"about":[{"href":"https:\/\/www.minesup.gov.cm\/index.php\/wp-json\/wp\/v2\/types\/page"}],"author":[{"embeddable":true,"href":"https:\/\/www.minesup.gov.cm\/index.php\/wp-json\/wp\/v2\/users\/2"}],"replies":[{"embeddable":true,"href":"https:\/\/www.minesup.gov.cm\/index.php\/wp-json\/wp\/v2\/comments?post=7866"}],"version-history":[{"count":0,"href":"https:\/\/www.minesup.gov.cm\/index.php\/wp-json\/wp\/v2\/pages\/7866\/revisions"}],"up":[{"embeddable":true,"href":"https:\/\/www.minesup.gov.cm\/index.php\/wp-json\/wp\/v2\/pages\/1743"}],"wp:attachment":[{"href":"https:\/\/www.minesup.gov.cm\/index.php\/wp-json\/wp\/v2\/media?parent=7866"}],"curies":[{"name":"wp","href":"https:\/\/api.w.org\/{rel}","templated":true}]}}