{"id":7874,"date":"2019-06-24T13:36:34","date_gmt":"2019-06-24T11:36:34","guid":{"rendered":"https:\/\/minesup.gov.cm\/?page_id=7874"},"modified":"2019-06-24T13:36:34","modified_gmt":"2019-06-24T11:36:34","slug":"institut-superieur-de-comptabilite-et-management-iscm","status":"publish","type":"page","link":"https:\/\/www.minesup.gov.cm\/index.php\/region-du-littoral\/institut-superieur-de-comptabilite-et-management-iscm\/","title":{"rendered":"Institut Sup\u00e9rieur de Comptabilit\u00e9 et Management  (ISCM)"},"content":{"rendered":"<p><strong>INFORMATIONS D\u2019IDENTIFICATION<\/strong><\/p>\n<p><strong>Nom de l\u2019institution\u00a0<\/strong>: <strong>Institut Sup\u00e9rieur de Comptabilit\u00e9 et Management\u00a0 (ISCM)<\/strong><\/p>\n<p><strong>Nom du promoteur<\/strong>\u00a0: <strong>NGUE Remy Emmanuel<\/strong><br \/>\n<strong>R\u00e9gion\u00a0<\/strong>: Littoral<br \/>\n<strong>D\u00e9partement\u00a0<\/strong>: Wouri<br \/>\n<strong>Arrondissement\u00a0<\/strong>: Douala 1<sup>er<\/sup><br \/>\n<strong>Site de localisation\u00a0<\/strong>: Avenue de Gaulle<br \/>\n<strong>Adresse postale<\/strong>\u00a0: 3015 Douala<br \/>\n<strong>T\u00e9l\u00e9phone\u00a0<\/strong>: 33 43 67 93 \/ 677 73 10 12<br \/>\n<strong>Email<\/strong>\u00a0:<br \/>\n<strong>Site web<\/strong>\u00a0:<br \/>\n<strong>Adresse dans les r\u00e9seaux sociaux\u00a0<\/strong>:<\/p>\n<p><strong>INFORMATIONS SUR LE STATUT D\u2019ACCR\u00c9DITATION<\/strong><\/p>\n<p><strong>Arr\u00eat\u00e9s portant cr\u00e9ation <\/strong>: N\u00b011\/0033\/MINESUP du 12 janvier 2011<\/p>\n<p><strong>Autorisation d\u2019ouverture<\/strong>\u00a0: N\u00b013\/0588\/MINESUP du 02 d\u00e9cembre 2013<\/p>\n<p><strong>FILI\u00c8RES, SP\u00c9CIALIT\u00c9S ET DIPL\u00d4MES AUTORIS\u00c9S<\/strong><\/p>\n<p><strong><u>ANCIEN REGIME<\/u><\/strong><\/p>\n<ul>\n<li><strong>BTS <\/strong><\/li>\n<\/ul>\n<p><strong><u>Fili\u00e8re 1<\/u><\/strong><strong>\u00a0: Commerciale et de Gestion<\/strong><\/p>\n<p><strong><u>Sp\u00e9cialit\u00e9s<\/u><\/strong> : Banque &#8211; Secr\u00e9tariat Bureautique (<em><u>Options<\/u><\/em><strong>\u00a0<\/strong>: Secr\u00e9tariat de Direction, Secr\u00e9tariat Bureautique Bilingue) &#8211;\u00a0 Action Commerciale &#8211; Commerce International &#8211; Comptabilit\u00e9 et Gestion des Entreprises &#8211; Assurances &#8211; Informatique<\/p>\n<p><strong><u>Fili\u00e8re 2<\/u><\/strong><strong>\u00a0: Communication<\/strong><\/p>\n<p><strong><u>Sp\u00e9cialit\u00e9<\/u><\/strong> : Information-Communication (<em><u>Option<\/u><\/em>\u00a0: Communication d\u2019Entreprise).<\/p>\n<p><strong>\u00a0<\/strong><strong>DSEP<\/strong><\/p>\n<p><strong><u>Fili\u00e8re 1<\/u><\/strong><strong>\u00a0: Expertise Comptable<\/strong><\/p>\n<p><strong><u>Fili\u00e8re 2<\/u><\/strong><strong>\u00a0: Informatique<\/strong><\/p>\n<p><strong><u>Sp\u00e9cialit\u00e9<\/u><\/strong> : G\u00e9nie Informatique &#8211; Informatique de Gestion &#8211; Maintenance Informatique<\/p>\n<p><strong><u>Fili\u00e8re 3<\/u><\/strong><strong>\u00a0: Gestion des Entreprises et des Administrations<\/strong><\/p>\n<p><strong><u>Sp\u00e9cialit\u00e9<\/u><\/strong> : Ressources Humaines<\/p>\n<p><strong><u>Fili\u00e8re 4<\/u><\/strong><strong>\u00a0: Marketing, Commerce et vente<\/strong><\/p>\n<p><strong><u>Fili\u00e8re 5<\/u><\/strong><strong>\u00a0: Droit<\/strong><\/p>\n<p><strong><u>Fili\u00e8re 6<\/u><\/strong><strong>\u00a0:<\/strong> <strong>Finance \u00a0et Comptabilit\u00e9<\/strong><\/p>\n","protected":false},"excerpt":{"rendered":"<p>&#46;&#46;&#46;<\/p>\n","protected":false},"author":2,"featured_media":0,"parent":1743,"menu_order":0,"comment_status":"closed","ping_status":"closed","template":"","meta":[],"_links":{"self":[{"href":"https:\/\/www.minesup.gov.cm\/index.php\/wp-json\/wp\/v2\/pages\/7874"}],"collection":[{"href":"https:\/\/www.minesup.gov.cm\/index.php\/wp-json\/wp\/v2\/pages"}],"about":[{"href":"https:\/\/www.minesup.gov.cm\/index.php\/wp-json\/wp\/v2\/types\/page"}],"author":[{"embeddable":true,"href":"https:\/\/www.minesup.gov.cm\/index.php\/wp-json\/wp\/v2\/users\/2"}],"replies":[{"embeddable":true,"href":"https:\/\/www.minesup.gov.cm\/index.php\/wp-json\/wp\/v2\/comments?post=7874"}],"version-history":[{"count":0,"href":"https:\/\/www.minesup.gov.cm\/index.php\/wp-json\/wp\/v2\/pages\/7874\/revisions"}],"up":[{"embeddable":true,"href":"https:\/\/www.minesup.gov.cm\/index.php\/wp-json\/wp\/v2\/pages\/1743"}],"wp:attachment":[{"href":"https:\/\/www.minesup.gov.cm\/index.php\/wp-json\/wp\/v2\/media?parent=7874"}],"curies":[{"name":"wp","href":"https:\/\/api.w.org\/{rel}","templated":true}]}}