{"id":7876,"date":"2019-06-24T13:37:56","date_gmt":"2019-06-24T11:37:56","guid":{"rendered":"https:\/\/minesup.gov.cm\/?page_id=7876"},"modified":"2019-06-24T13:37:56","modified_gmt":"2019-06-24T11:37:56","slug":"institut-superieur-de-gestion-isg","status":"publish","type":"page","link":"https:\/\/www.minesup.gov.cm\/index.php\/region-du-littoral\/institut-superieur-de-gestion-isg\/","title":{"rendered":"Institut Sup\u00e9rieur de Gestion (ISG)"},"content":{"rendered":"<p><strong>INFORMATIONS D\u2019IDENTIFICATION<\/strong><\/p>\n<p><strong>Nom de l\u2019institution\u00a0<\/strong>: <strong>Institut Sup\u00e9rieur de Gestion (ISG)<\/strong><\/p>\n<p><strong>Nom du promoteur<\/strong>\u00a0: <strong>NKEFACK Christian<\/strong><br \/>\n<strong>R\u00e9gion\u00a0<\/strong>: Littoral<br \/>\n<strong>D\u00e9partement\u00a0<\/strong>: Wouri<br \/>\n<strong>Arrondissement\u00a0<\/strong>: Douala 1<sup>er<\/sup><br \/>\n<strong>Site de localisation\u00a0<\/strong>: Feu rouge Bessengue<br \/>\n<strong>Adresse postale<\/strong>\u00a0: 3014 Douala<br \/>\n<strong>B.P<\/strong>.\u00a0:<br \/>\n<strong>T\u00e9l\u00e9phone\u00a0<\/strong>: 696 20 50 88 \/ 670 28 32 71<br \/>\n<strong>Email<\/strong>\u00a0:<br \/>\n<strong>Site web<\/strong>\u00a0:<br \/>\n<strong>Adresse dans les r\u00e9seaux sociaux\u00a0<\/strong>:<\/p>\n<p><strong>INFORMATIONS SUR LE STATUT D\u2019ACCR\u00c9DITATION<\/strong><\/p>\n<p><strong>Arr\u00eat\u00e9s portant cr\u00e9ation <\/strong>: N\u00b012\/0654\/MINESUP\/SG\/DDES du 23 novembre 2012<\/p>\n<p><strong>Autorisation d\u2019ouverture<\/strong>\u00a0: N\u00b015\/0139\/MINESUP\/SG\/DDES du 02 avril 2015<\/p>\n<p><strong>FILI\u00c8RES, SP\u00c9CIALIT\u00c9S ET DIPL\u00d4MES AUTORIS\u00c9S<\/strong><\/p>\n<p><strong><u>ANCIEN REGIME<\/u><\/strong><\/p>\n<ul>\n<li><strong>BTS<\/strong><\/li>\n<\/ul>\n<p><strong><u>Fili\u00e8re 1<\/u><\/strong><strong>\u00a0: Commerciale et Gestion<\/strong><\/p>\n<p><strong><u>Sp\u00e9cialit\u00e9s<\/u><\/strong><strong>\u00a0<\/strong>: Action Commerciale\u00a0&#8211; Banque\u00a0&#8211; Commerce International\u00a0&#8211; Comptabilit\u00e9 et Gestion de Entreprises\u00a0&#8211; Informatique de Gestion\u00a0&#8211; Assurances &#8211; Secr\u00e9tariat Bureautique (<em><u>Options<\/u><\/em>\u00a0: Secr\u00e9tariat de Direction\u00a0; Secr\u00e9tariat Bureautique Bilingue)\u00a0&#8211; Gestion Logistique et Transport.<\/p>\n<p><strong><u>Fili\u00e8re 2<\/u><\/strong>\u00a0<strong>: Communication<\/strong><\/p>\n<p><strong><u>Sp\u00e9cialit\u00e9<\/u><\/strong><strong>\u00a0<\/strong>: Information-Communication\u00a0(<em><u>Options<\/u><\/em>\u00a0: Communication d\u2019Entreprise\u00a0; Journalisme).<\/p>\n<p><strong>\u00a0<\/strong><\/p>\n<ul>\n<li><strong>DSEP<\/strong><\/li>\n<\/ul>\n<p><strong><u>Fili\u00e8re 1<\/u><\/strong><strong>\u00a0: Finance et Comptabilit\u00e9<\/strong><\/p>\n<p><strong><u>Fili\u00e8re 2<\/u><\/strong><strong>\u00a0: Gestion des Entreprises et Organisations<\/strong><\/p>\n<p><strong><u>Sp\u00e9cialit\u00e9s<\/u><\/strong><strong>\u00a0<\/strong>: Ressources Humaines &#8211; Petites et Moyennes Organisations.<\/p>\n<p><strong><u>Fili\u00e8re 3<\/u><\/strong><strong>\u00a0: Banque<\/strong><\/p>\n<p><strong><u>Fili\u00e8re 4<\/u><\/strong><strong>\u00a0: G\u00e9nie Electrique et T\u00e9l\u00e9communications<\/strong><\/p>\n<p><strong><u>Sp\u00e9cialit\u00e9<\/u><\/strong><strong>\u00a0<\/strong>: T\u00e9l\u00e9communications et R\u00e9seaux<\/p>\n<p><strong><u>Fili\u00e8re 5<\/u><\/strong><strong>\u00a0: Marketing Commerce Vente<\/strong><\/p>\n<p><strong>\u00a0<\/strong><\/p>\n<ul>\n<li><strong>HND<\/strong><\/li>\n<\/ul>\n<p><strong><u>Fili\u00e8re 1<\/u><\/strong><strong>\u00a0: Business, Finance and Management<\/strong><\/p>\n<p><strong><u>Sp\u00e9cialit\u00e9s<\/u><\/strong> : Accountancy &#8211; Banking and Finance &#8211; Management &#8211; Marketing &#8211; Secretarial Studies &#8211; Public services and\u00a0 Administration (<em><u>Options<\/u><\/em> : Executive Secretarial Studies ; Bilingual Secretarial Studies ; Public Services and Administration) &#8211; Insurance &#8211; Business and Information.<\/p>\n<p><strong><u>Fili\u00e8re 2<\/u><\/strong><strong>\u00a0: Journalism and Media<\/strong><\/p>\n<p><u>Sp\u00e9cialit\u00e9<\/u> Journalism.<\/p>\n","protected":false},"excerpt":{"rendered":"<p>&#46;&#46;&#46;<\/p>\n","protected":false},"author":2,"featured_media":0,"parent":1743,"menu_order":0,"comment_status":"closed","ping_status":"closed","template":"","meta":[],"_links":{"self":[{"href":"https:\/\/www.minesup.gov.cm\/index.php\/wp-json\/wp\/v2\/pages\/7876"}],"collection":[{"href":"https:\/\/www.minesup.gov.cm\/index.php\/wp-json\/wp\/v2\/pages"}],"about":[{"href":"https:\/\/www.minesup.gov.cm\/index.php\/wp-json\/wp\/v2\/types\/page"}],"author":[{"embeddable":true,"href":"https:\/\/www.minesup.gov.cm\/index.php\/wp-json\/wp\/v2\/users\/2"}],"replies":[{"embeddable":true,"href":"https:\/\/www.minesup.gov.cm\/index.php\/wp-json\/wp\/v2\/comments?post=7876"}],"version-history":[{"count":0,"href":"https:\/\/www.minesup.gov.cm\/index.php\/wp-json\/wp\/v2\/pages\/7876\/revisions"}],"up":[{"embeddable":true,"href":"https:\/\/www.minesup.gov.cm\/index.php\/wp-json\/wp\/v2\/pages\/1743"}],"wp:attachment":[{"href":"https:\/\/www.minesup.gov.cm\/index.php\/wp-json\/wp\/v2\/media?parent=7876"}],"curies":[{"name":"wp","href":"https:\/\/api.w.org\/{rel}","templated":true}]}}