{"id":7880,"date":"2019-06-24T13:41:24","date_gmt":"2019-06-24T11:41:24","guid":{"rendered":"https:\/\/minesup.gov.cm\/?page_id=7880"},"modified":"2019-06-24T13:41:24","modified_gmt":"2019-06-24T11:41:24","slug":"institut-superieur-de-gestion-et-de-technologieisget","status":"publish","type":"page","link":"https:\/\/www.minesup.gov.cm\/index.php\/region-du-littoral\/institut-superieur-de-gestion-et-de-technologieisget\/","title":{"rendered":"Institut Sup\u00e9rieur de Gestion et de Technologie(ISGET)"},"content":{"rendered":"<p><strong>INFORMATIONS D\u2019IDENTIFICATION<\/strong><\/p>\n<p><strong>Nom de l\u2019institution\u00a0<\/strong>: <strong>Institut Sup\u00e9rieur de Gestion et de Technologie(ISGET)<\/strong><\/p>\n<p><strong>Nom du promoteur<\/strong>\u00a0: <strong>ETOUNDI Joseph<\/strong><br \/>\n<strong>R\u00e9gion\u00a0<\/strong>: Littoral<br \/>\n<strong>D\u00e9partement\u00a0<\/strong>: Wouri<br \/>\n<strong>Arrondissement\u00a0<\/strong>: Douala 1<sup>er<\/sup><br \/>\n<strong>Site de localisation\u00a0<\/strong>: Deido<br \/>\n<strong>Adresse postale<\/strong>\u00a0:8606 Douala<br \/>\n<strong>B.P<\/strong>.\u00a0:<br \/>\n<strong>T\u00e9l\u00e9phone\u00a0<\/strong>: 33 00 45 03 \/ 699 60 13 58 \/695 70 06 67<br \/>\n<strong>Email<\/strong>\u00a0:<br \/>\n<strong>Site web<\/strong>\u00a0:<br \/>\n<strong>Adresse dans les r\u00e9seaux sociaux\u00a0<\/strong>:<\/p>\n<p><strong><em>\u00a0<\/em><\/strong><\/p>\n<p><strong>INFORMATIONS SUR LE STATUT D\u2019ACCR\u00c9DITATION<\/strong><\/p>\n<p><strong>Arr\u00eat\u00e9s portant cr\u00e9ation <\/strong>: N\u00b006\/0118\/MINESUP du 02 octobre 2006.<\/p>\n<p><strong>Autorisation d\u2019ouverture<\/strong>\u00a0: N\u00b007\/0011\/MINESUP du 26 f\u00e9vrier\u00a0 2007<\/p>\n<p><strong>compl\u00e9t\u00e9e par l\u2019arr\u00eat\u00e9\u00a0: <\/strong>N\u00b012\/0412\/MINESUP du 17 ao\u00fbt 2012.<\/p>\n<p><strong>FILI\u00c8RES, SP\u00c9CIALIT\u00c9S ET DIPL\u00d4MES AUTORIS\u00c9S<\/strong><\/p>\n<p><strong><u>ANCIEN REGIME<\/u><\/strong><\/p>\n<ul>\n<li><strong>BTS<\/strong><\/li>\n<\/ul>\n<p><strong><u>Fili\u00e8re\u00a01<\/u><\/strong><strong> : Commerciale et de Gestion<\/strong><\/p>\n<p><strong><u>Sp\u00e9cialit\u00e9s<\/u><\/strong><strong>\u00a0<\/strong>: Comptabilit\u00e9 et Gestion des Entreprises\u00a0\u00a0&#8211; Informatique de Gestion\u00a0&#8211; Commerce International\u00a0&#8211; Action Commerciale &#8211; Secr\u00e9tariat et Bureautique (<em><u>Options<\/u><\/em><strong>\u00a0<\/strong>: Secr\u00e9tariat de Direction\u00a0; Secr\u00e9tariat Bureautique Bilingue) &#8211; Banque.<\/p>\n<p><u>Fili\u00e8re\u00a02<\/u> : Industrielle Technologique<\/p>\n<p><strong><u>Sp\u00e9cialit\u00e9s<\/u><\/strong> : G\u00e9nie Electrique (<em><u>Options<\/u><\/em>\u00a0: Electronique, Electrotechnique) &#8211; Maintenance des Syst\u00e8mes Informatiques &#8211; Informatique Industrielle.<\/p>\n<p><u>Fili\u00e8re\u00a03<\/u> : Communication<\/p>\n<p><strong><u>Sp\u00e9cialit\u00e9<\/u><\/strong><strong>\u00a0<\/strong>: Information-Communication<strong> (<\/strong><em><u>Option<\/u><\/em><strong>\u00a0<\/strong>: Communication d\u2019Entreprise).<\/p>\n<p>&nbsp;<\/p>\n<p><strong><u>FORMATIONS SOUS TUTELLES<\/u><\/strong><\/p>\n<p><strong>\u00a0<\/strong><\/p>\n<ul>\n<li><strong>Licence et Master Professionnels de l\u2019Universit\u00e9 de Douala<\/strong>.<\/li>\n<\/ul>\n<p><strong><u>Fili\u00e8re 1<\/u><\/strong><strong> : Commerciale et de Gestion<\/strong><\/p>\n<p><strong><u>Sp\u00e9cialit\u00e9s<\/u><\/strong> : Gestion Technico-commercial &#8211; Transport et Logistique &#8211; Gestion des Ressources Humaines &#8211; Finance et Comptabilit\u00e9 &#8211; Finance-Audit<\/p>\n<p><strong><u>Fili\u00e8re\u00a02<\/u><\/strong><strong> : Industrielle et Technologique<\/strong><\/p>\n<p><strong><u>Sp\u00e9cialit\u00e9s<\/u><\/strong> : G\u00e9nie Civil &#8211; Gestion des Projets Informatiques<strong>.<\/strong><\/p>\n<p><strong>\u00a0<\/strong><\/p>\n","protected":false},"excerpt":{"rendered":"<p>&#46;&#46;&#46;<\/p>\n","protected":false},"author":2,"featured_media":0,"parent":1743,"menu_order":0,"comment_status":"closed","ping_status":"closed","template":"","meta":[],"_links":{"self":[{"href":"https:\/\/www.minesup.gov.cm\/index.php\/wp-json\/wp\/v2\/pages\/7880"}],"collection":[{"href":"https:\/\/www.minesup.gov.cm\/index.php\/wp-json\/wp\/v2\/pages"}],"about":[{"href":"https:\/\/www.minesup.gov.cm\/index.php\/wp-json\/wp\/v2\/types\/page"}],"author":[{"embeddable":true,"href":"https:\/\/www.minesup.gov.cm\/index.php\/wp-json\/wp\/v2\/users\/2"}],"replies":[{"embeddable":true,"href":"https:\/\/www.minesup.gov.cm\/index.php\/wp-json\/wp\/v2\/comments?post=7880"}],"version-history":[{"count":0,"href":"https:\/\/www.minesup.gov.cm\/index.php\/wp-json\/wp\/v2\/pages\/7880\/revisions"}],"up":[{"embeddable":true,"href":"https:\/\/www.minesup.gov.cm\/index.php\/wp-json\/wp\/v2\/pages\/1743"}],"wp:attachment":[{"href":"https:\/\/www.minesup.gov.cm\/index.php\/wp-json\/wp\/v2\/media?parent=7880"}],"curies":[{"name":"wp","href":"https:\/\/api.w.org\/{rel}","templated":true}]}}