{"id":7882,"date":"2019-06-24T13:42:52","date_gmt":"2019-06-24T11:42:52","guid":{"rendered":"https:\/\/minesup.gov.cm\/?page_id=7882"},"modified":"2019-06-24T13:42:52","modified_gmt":"2019-06-24T11:42:52","slug":"institut-superieur-de-gestion-et-du-design-isgd","status":"publish","type":"page","link":"https:\/\/www.minesup.gov.cm\/index.php\/region-du-littoral\/institut-superieur-de-gestion-et-du-design-isgd\/","title":{"rendered":"Institut Sup\u00e9rieur de Gestion et du Design (ISGD)"},"content":{"rendered":"<p><strong>INFORMATIONS D\u2019IDENTIFICATION<\/strong><\/p>\n<p><strong>Nom de l\u2019institution\u00a0<\/strong>: <strong>Institut Sup\u00e9rieur de Gestion et du Design (ISGD)<\/strong><\/p>\n<p><strong>Nom du promoteur<\/strong>\u00a0: <strong>EMENI Martine \u00e9pouse DEUTOU<\/strong><br \/>\n<strong>R\u00e9gion\u00a0<\/strong>: Littoral<br \/>\n<strong>D\u00e9partement\u00a0<\/strong>: Wouri<br \/>\n<strong>Arrondissement\u00a0<\/strong>:<br \/>\n<strong>Site de localisation\u00a0<\/strong>:<br \/>\n<strong>Adresse postale<\/strong>\u00a0: 4338 Douala<br \/>\n<strong>T\u00e9l\u00e9phone\u00a0<\/strong>: 675 13 13 20 \/ 695 36 20 28<br \/>\n<strong>Email<\/strong>\u00a0:<br \/>\n<strong>Site web<\/strong>\u00a0:<br \/>\n<strong>Adresse dans les r\u00e9seaux sociaux\u00a0<\/strong>:<\/p>\n<p><strong>INFORMATIONS SUR LE STATUT D\u2019ACCR\u00c9DITATION<\/strong><\/p>\n<p><strong>Arr\u00eat\u00e9s portant cr\u00e9ation <\/strong>: N\u00b016\/02033\/L\/MINESUP\/SG\/DDES\/ESUP\/SDA\/MM du 03 mars 2016<\/p>\n<p><strong>Autorisation d\u2019ouverture<\/strong>\u00a0: N\u00b016\/02033\/L\/MINESUP\/SG\/DDES\/ESUP\/SDA\/MM du 03 mars 2016<\/p>\n<p><strong>FILI\u00c8RES, SP\u00c9CIALIT\u00c9S ET DIPL\u00d4MES AUTORIS\u00c9S<\/strong><\/p>\n<p><strong><u>ANCIEN REGIME<\/u><\/strong><\/p>\n<ul>\n<li><strong>BTS<\/strong><\/li>\n<\/ul>\n<p><strong><u>Fili\u00e8re 1<\/u><\/strong><strong>\u00a0: Arts et M\u00e9tiers de la Culture<\/strong><\/p>\n<p><strong><u>Sp\u00e9cialit\u00e9<\/u><\/strong><strong>s\u00a0<\/strong>: M\u00e9tiers du Design et de Cr\u00e9ation (<em><u>Options<\/u><\/em>\u00a0: Design de Mode &#8211; Dessin Anim\u00e9 &#8211; Architecture d\u2019Int\u00e9rieur et Design de Cr\u00e9ation) &#8211; M\u00e9tiers Techniques et de Mode (<em><u>Options<\/u><\/em>\u00a0: Mod\u00e9lisme et Organisation de Production de l\u2019Habillement).<\/p>\n<p><strong><u>Fili\u00e8re\u00a02<\/u><\/strong><strong> : Commerciale et de Gestion<\/strong><\/p>\n<p><strong><u>Sp\u00e9cialit\u00e9s<\/u><\/strong><strong>\u00a0<\/strong>: Comptabilit\u00e9 et Gestion des Entreprises\u00a0\u00a0&#8211; Informatique de Gestion\u00a0&#8211; Action Commerciale &#8211; Secr\u00e9tariat et Bureautique (<em><u>Options<\/u><\/em><strong>\u00a0<\/strong>: Secr\u00e9tariat de Direction\u00a0; Secr\u00e9tariat Bureautique Bilingue) &#8211; Banque.<\/p>\n<p><strong>\u00a0<\/strong><strong>DESP<\/strong><\/p>\n<p><strong><u>Fili\u00e8re 1<\/u><\/strong><strong>\u00a0: Finance et Comptabilit\u00e9<\/strong><\/p>\n<p><strong><u>Fili\u00e8re 2<\/u><\/strong><strong>\u00a0: Gestion des Entreprises et Organisations<\/strong><\/p>\n<p><strong><u>Sp\u00e9cialit\u00e9s<\/u><\/strong><strong>\u00a0<\/strong>: Ressources Humaines &#8211; Petites et Moyennes Organisations.<\/p>\n<p><strong><u>Fili\u00e8re 3<\/u><\/strong><strong>\u00a0: Marketing Commerce Vente<\/strong><\/p>\n<ul>\n<li><strong>HND<\/strong><\/li>\n<\/ul>\n<p><strong><u>Fili\u00e8re 1<\/u><\/strong><strong>\u00a0: Business, Finance and Management<\/strong><\/p>\n<p><strong><u>Sp\u00e9cialit\u00e9s<\/u><\/strong> : Accountancy &#8211; Banking and Finance &#8211; Management &#8211; Marketing<\/p>\n<p><strong><u>Fili\u00e8re 2<\/u><\/strong><strong>\u00a0: Fashion Arts<\/strong><\/p>\n<p><strong><u>Sp\u00e9cialit\u00e9s<\/u><\/strong>\u00a0: Creative Arts &#8211; Interior Designing and Architectural Design &#8211; Fashion Design &#8211; Cartoons &#8211; Model Production of Dressing.<\/p>\n","protected":false},"excerpt":{"rendered":"<p>&#46;&#46;&#46;<\/p>\n","protected":false},"author":2,"featured_media":0,"parent":1743,"menu_order":0,"comment_status":"closed","ping_status":"closed","template":"","meta":[],"_links":{"self":[{"href":"https:\/\/www.minesup.gov.cm\/index.php\/wp-json\/wp\/v2\/pages\/7882"}],"collection":[{"href":"https:\/\/www.minesup.gov.cm\/index.php\/wp-json\/wp\/v2\/pages"}],"about":[{"href":"https:\/\/www.minesup.gov.cm\/index.php\/wp-json\/wp\/v2\/types\/page"}],"author":[{"embeddable":true,"href":"https:\/\/www.minesup.gov.cm\/index.php\/wp-json\/wp\/v2\/users\/2"}],"replies":[{"embeddable":true,"href":"https:\/\/www.minesup.gov.cm\/index.php\/wp-json\/wp\/v2\/comments?post=7882"}],"version-history":[{"count":0,"href":"https:\/\/www.minesup.gov.cm\/index.php\/wp-json\/wp\/v2\/pages\/7882\/revisions"}],"up":[{"embeddable":true,"href":"https:\/\/www.minesup.gov.cm\/index.php\/wp-json\/wp\/v2\/pages\/1743"}],"wp:attachment":[{"href":"https:\/\/www.minesup.gov.cm\/index.php\/wp-json\/wp\/v2\/media?parent=7882"}],"curies":[{"name":"wp","href":"https:\/\/api.w.org\/{rel}","templated":true}]}}