{"id":7884,"date":"2019-06-24T13:45:20","date_gmt":"2019-06-24T11:45:20","guid":{"rendered":"https:\/\/minesup.gov.cm\/?page_id=7884"},"modified":"2019-06-24T13:45:20","modified_gmt":"2019-06-24T11:45:20","slug":"institut-superieur-de-lentreprise-et-du-management-isem","status":"publish","type":"page","link":"https:\/\/www.minesup.gov.cm\/index.php\/region-du-littoral\/institut-superieur-de-lentreprise-et-du-management-isem\/","title":{"rendered":"Institut Sup\u00e9rieur de l\u2019Entreprise et du Management (ISEM)"},"content":{"rendered":"<p><strong>INFORMATIONS D\u2019IDENTIFICATION<\/strong><\/p>\n<p><strong>Nom de l\u2019institution\u00a0<\/strong>: <strong>Institut Sup\u00e9rieur de l\u2019Entreprise et du Management (ISEM)<\/strong><\/p>\n<p><strong>Nom du promoteur<\/strong>\u00a0: <strong>BONA BONA<\/strong><br \/>\n<strong>R\u00e9gion\u00a0<\/strong>: Littoral<br \/>\n<strong>D\u00e9partement\u00a0<\/strong>: Wouri<br \/>\n<strong>Arrondissement\u00a0<\/strong>: Douala 1<sup>er<\/sup><br \/>\n<strong>Site de localisation\u00a0<\/strong>: Face Coll\u00e8ge de la Salle<\/p>\n<p><strong>Adresse postale<\/strong>\u00a0:<br \/>\n<strong>T\u00e9l\u00e9phone\u00a0<\/strong>: 33 43 71 16 \/ 33 43 03 88 \/ 699 96 86 83 \/ 699 42 91 43<\/p>\n<p><strong>Email<\/strong>\u00a0:<br \/>\n<strong>Site web<\/strong>\u00a0:<br \/>\n<strong>Adresse dans les r\u00e9seaux sociaux\u00a0<\/strong>:<\/p>\n<p><strong>INFORMATIONS SUR LE STATUT D\u2019ACCR\u00c9DITATION<\/strong><\/p>\n<p><strong>Arr\u00eat\u00e9s portant cr\u00e9ation <\/strong>: N\u00b008\/00103\/MINESUP du 05 mai 2008<\/p>\n<p><strong>Autorisation d\u2019ouverture<\/strong>\u00a0: N\u00b008\/0111\/MINESUP du 05 mai 2008<\/p>\n<p><strong>FILI\u00c8RES, SP\u00c9CIALIT\u00c9S ET DIPL\u00d4MES AUTORIS\u00c9S<\/strong><\/p>\n<p><strong><u>NOUVEAU REGIME<\/u><\/strong><\/p>\n<ul>\n<li><strong>BTS<\/strong><\/li>\n<\/ul>\n<p><strong><u>Fili\u00e8re\u00a01<\/u><\/strong><strong> : Commerce-Vente<\/strong><\/p>\n<p><strong><u>Sp\u00e9cialit\u00e9s<\/u>\u00a0<\/strong>: Marketing, Commerce et Vente\u00a0&#8211; Commerce International.<\/p>\n<p><strong><u>Fili\u00e8re\u00a02<\/u><\/strong><strong> : Gestion<\/strong><\/p>\n<p><strong><u>Sp\u00e9cialit\u00e9s<\/u>\u00a0<\/strong>: Comptabilit\u00e9 et Gestion des Entreprises\u00a0\u00a0&#8211; Maintenance des Syst\u00e8mes d\u2019Information &#8211; Assistant Manager &#8211; Banque et Finance &#8211; Gestion Logistique et Transport &#8211; Assurances &#8211; Gestion des Collectivit\u00e9s Territoriales (<em><u>Options<\/u><\/em><strong>\u00a0<\/strong>: Comptabilit\u00e9 et Finance Publiques\u00a0; Fiscalit\u00e9 des Collectivit\u00e9s Territoriales\u00a0; Administration des Collectivit\u00e9s Territoriales)\u00a0&#8211; Gestion de la Qualit\u00e9 &#8211; Management Ev\u00e9nementiel &#8211; Micro Finance &#8211; Gestion des ONG &#8211; Ressources Humaines &#8211; Management du Sport.<\/p>\n<p><strong><u>Fili\u00e8re\u00a03<\/u><\/strong><strong> : Carri\u00e8res Juridiques<\/strong><\/p>\n<p><strong><u>Sp\u00e9cialit\u00e9s<\/u>\u00a0<\/strong>: Assistanat Judiciaire &#8211; Droit des Affaires et de l\u2019Entreprise &#8211; Droit Foncier et Domanial &#8211; M\u00e9tiers de la Bourse &#8211; Gestion Fiscale &#8211; Douane et Transit.<\/p>\n<p><strong><u>Fili\u00e8re\u00a04<\/u><\/strong><strong> : Arts et M\u00e9tiers de la Culture<\/strong><\/p>\n<p><strong><u>Sp\u00e9cialit\u00e9s<\/u>\u00a0<\/strong>: Caricature, Illustration, Bandes Dessin\u00e9es &#8211; Dessin Anim\u00e9.<\/p>\n<p><strong><u>Fili\u00e8re\u00a05<\/u><\/strong><strong> : Sciences de l\u2019Education<\/strong><\/p>\n<p><strong><u>Sp\u00e9cialit\u00e9s<\/u>\u00a0<\/strong>: Administration Scolaire &#8211; Orientation Scolaire et Professionnelle.<\/p>\n<p><strong><u>Fili\u00e8re\u00a06<\/u><\/strong><strong> : G\u00e9nie Informatique<\/strong><\/p>\n<p><strong><u>Sp\u00e9cialit\u00e9s<\/u><\/strong><strong>\u00a0<\/strong>: Infographie et Web-design &#8211; G\u00e9nie Logiciel &#8211; Maintenance des Syst\u00e8mes Informatiques &#8211; Informatique Industrielle et Automatisme.<\/p>\n<p><strong><u>Fili\u00e8re\u00a07<\/u><\/strong><strong> : G\u00e9nie M\u00e9canique et Productique<\/strong><\/p>\n<p><strong><u>Sp\u00e9cialit\u00e9s<\/u><\/strong><strong>\u00a0<\/strong>: M\u00e9canique et Electronique Automobiles (<em><u>Option<\/u><\/em>\u00a0: Maintenance et Apr\u00e8s-Vente Automobile) &#8211; Technologies de la Marine Marchande.<\/p>\n<p><strong><u>Fili\u00e8re\u00a08<\/u><\/strong><strong> : R\u00e9seaux et T\u00e9l\u00e9communications<\/strong><\/p>\n<p><strong><u>Sp\u00e9cialit\u00e9s<\/u><\/strong><strong>\u00a0<\/strong>: T\u00e9l\u00e9communications &#8211; R\u00e9seaux et S\u00e9curit\u00e9<\/p>\n<p><strong><u>Fili\u00e8re\u00a09<\/u><\/strong><strong> : Agriculture<\/strong><\/p>\n<p><strong><u>Sp\u00e9cialit\u00e9s<\/u><\/strong><strong>\u00a0<\/strong>: Entrepreneuriat Agropastoral &#8211; Production Animale &#8211; Production V\u00e9g\u00e9tale.<\/p>\n<p><strong><u>Fili\u00e8re\u00a010<\/u><\/strong><strong> : G\u00e9nie Civil<\/strong><\/p>\n<p><strong><u>Sp\u00e9cialit\u00e9s<\/u><\/strong><strong>\u00a0<\/strong>: B\u00e2timent &#8211; Travaux Publics.<\/p>\n<p><strong><u>Fili\u00e8re\u00a011<\/u><\/strong><strong> : G\u00e9nie Electrique<\/strong><\/p>\n<p><strong><u>Sp\u00e9cialit\u00e9s<\/u><\/strong><strong>\u00a0<\/strong>: Electrotechnique &#8211; Maintenance des Syst\u00e8mes Electroniques.<\/p>\n<p><strong><u>Fili\u00e8re\u00a012<\/u><\/strong><strong> : G\u00e9nie Thermique<\/strong><\/p>\n<p><strong><u>Sp\u00e9cialit\u00e9s<\/u><\/strong><strong>\u00a0<\/strong>: G\u00e9nie Thermique et Energie (<em><u>Option<\/u><\/em>\u00a0: Froid et Climatisation).<\/p>\n<p><strong><u>Fili\u00e8re\u00a013<\/u><\/strong><strong>\u00a0: Information-Communication<\/strong><\/p>\n<p><strong><u>Sp\u00e9cialit\u00e9s<\/u><\/strong><strong>\u00a0<\/strong>: Communication d\u2019Entreprise\u00a0&#8211; Journalisme.<\/p>\n<p><strong><u>Fili\u00e8re\u00a014<\/u><\/strong><strong>\u00a0: Tourisme, H\u00f4tellerie, Restauration<\/strong><\/p>\n<p><strong><u>Sp\u00e9cialit\u00e9s<\/u><\/strong><strong>\u00a0<\/strong>: Tourisme\u00a0 et Loisirs &#8211; H\u00f4tellerie &#8211; Restauration.<\/p>\n<p><strong><u>Fili\u00e8re\u00a015<\/u><\/strong><strong> : Etudes <\/strong><strong>M\u00e9dico-Sanitaires<\/strong><\/p>\n<p><strong><u>Sp\u00e9cialit\u00e9s<\/u><\/strong><strong>\u00a0: <\/strong>Sage-Femme &#8211;\u00a0 Sciences Infirmi\u00e8res &#8211; Kin\u00e9sith\u00e9rapie<\/p>\n<p><strong><u>Fili\u00e8re\u00a016<\/u><\/strong><strong> : Sciences et Techniques Biom\u00e9dicales<\/strong><\/p>\n<p><strong><u>Sp\u00e9cialit\u00e9s<\/u><\/strong><strong>\u00a0: <\/strong>Techniques de Laboratoire et d\u2019Analyse M\u00e9dicale &#8211; Techniques Pharmaceutiques.<\/p>\n<p>&nbsp;<\/p>\n<p><strong><u>ANCIEN REGIME<\/u><\/strong><\/p>\n<p><strong>\u00a0<\/strong><\/p>\n<ul>\n<li><strong>HND<\/strong><\/li>\n<\/ul>\n<p><strong><u>Fili\u00e8re<\/u><\/strong><strong> : Business, Finance and Management.<\/strong><\/p>\n<p><strong><u>Sp\u00e9cialit\u00e9s<\/u><\/strong> : Banking and Finance &#8211; Marketing &#8211; Accountancy &#8211;\u00a0Management &#8211; Secretarial Studies, Public Service and Administration (<em><u>Option<\/u><\/em> : Executive Secretarial Studies) &#8211; Insurance<strong>.<\/strong><\/p>\n<p>&nbsp;<\/p>\n<p><strong>\u00a0\u00a0\u00a0\u00a0\u00a0\u00a0\u00a0\u00a0\u00a0\u00a0\u00a0\u00a0\u00a0\u00a0\u00a0\u00a0\u00a0\u00a0\u00a0\u00a0\u00a0\u00a0\u00a0\u00a0\u00a0\u00a0\u00a0\u00a0\u00a0\u00a0\u00a0\u00a0\u00a0\u00a0\u00a0\u00a0\u00a0\u00a0\u00a0\u00a0\u00a0\u00a0\u00a0\u00a0\u00a0\u00a0\u00a0\u00a0\u00a0\u00a0\u00a0\u00a0\u00a0\u00a0\u00a0\u00a0\u00a0\u00a0\u00a0 <\/strong><strong><u>FORMATIONS SOUS TUTELLES<\/u><\/strong><\/p>\n<p><strong><u>\u00a0<\/u><\/strong><\/p>\n<ul>\n<li><strong>Licence Professionnelle de l\u2019Universit\u00e9 de Douala<\/strong><\/li>\n<\/ul>\n<p><strong><u>Fili\u00e8re 1<\/u><\/strong><strong> : Commerciale et de Gestion<\/strong><\/p>\n<p><strong><u>Sp\u00e9cialit\u00e9s<\/u><\/strong><strong>\u00a0<\/strong>: Comptabilit\u00e9 et Finance &#8211; Marketing &#8211; Commerce International &#8211; Assurances &#8211; Audit et Contr\u00f4le de Gestion &#8211; Banque &#8211; Gestion Transport et Logistique &#8211;\u00a0 Gestion des Ressources Humaines.<\/p>\n<p><strong><u>Fili\u00e8re 2<\/u><\/strong><strong> : Industrielle et Technologique<\/strong><\/p>\n<p><strong><u>Sp\u00e9cialit\u00e9s<\/u><\/strong><strong>\u00a0<\/strong>: Automatisme et Informatique Industrielle &#8211; R\u00e9seaux et T\u00e9l\u00e9communications &#8211; Qualit\u00e9, Hygi\u00e8ne, S\u00e9curit\u00e9, Environnement.<\/p>\n<p><strong><u>Fili\u00e8re 3<\/u><\/strong><strong> : Communication<\/strong><\/p>\n<p><strong><u>Sp\u00e9cialit\u00e9s<\/u><\/strong><strong>\u00a0<\/strong>: Communication-Information (<em><u>Option<\/u><\/em>\u00a0: Communication d\u2019Entreprise).<\/p>\n<p>&nbsp;<\/p>\n<ul>\n<li><strong>Master Professionnel de l\u2019Universit\u00e9 de Douala<\/strong><\/li>\n<\/ul>\n<p><strong><u>Fili\u00e8re 1<\/u><\/strong><strong>\u00a0: Commerciale et Gestion<\/strong><\/p>\n<p><strong><u>Sp\u00e9cialit\u00e9s<\/u><\/strong><strong>\u00a0<\/strong>: Banque et Finance &#8211; Audit et Contr\u00f4le de Gestion &#8211; Comptabilit\u00e9, Contr\u00f4le et Audit &#8211; Comptabilit\u00e9 et Finance &#8211; Ressources Humaines &#8211; MBA (Ex\u00e9cutive MBA) &#8211; Logistique et Transport &#8211; Commerce International &#8211; Communication d\u2019Entreprise &#8211; Marketing &#8211; Assurance &#8211; Gestion et Evaluation des Projets.<\/p>\n<p><strong><u>Fili\u00e8re 2<\/u><\/strong><strong> : Communication<\/strong><\/p>\n<p><strong><u>Sp\u00e9cialit\u00e9<\/u><\/strong><strong>\u00a0<\/strong>: Communication d\u2019Entreprise.<\/p>\n<p><strong><u>Fili\u00e8re 3<\/u><\/strong><strong>\u00a0: Industrielle et Technologique<\/strong><\/p>\n<p><strong><u>Sp\u00e9cialit\u00e9s<\/u>\u00a0<\/strong>: R\u00e9seaux et T\u00e9l\u00e9communications &#8211; G\u00e9nie Logiciel.<\/p>\n","protected":false},"excerpt":{"rendered":"<p>&#46;&#46;&#46;<\/p>\n","protected":false},"author":2,"featured_media":0,"parent":1743,"menu_order":0,"comment_status":"closed","ping_status":"closed","template":"","meta":[],"_links":{"self":[{"href":"https:\/\/www.minesup.gov.cm\/index.php\/wp-json\/wp\/v2\/pages\/7884"}],"collection":[{"href":"https:\/\/www.minesup.gov.cm\/index.php\/wp-json\/wp\/v2\/pages"}],"about":[{"href":"https:\/\/www.minesup.gov.cm\/index.php\/wp-json\/wp\/v2\/types\/page"}],"author":[{"embeddable":true,"href":"https:\/\/www.minesup.gov.cm\/index.php\/wp-json\/wp\/v2\/users\/2"}],"replies":[{"embeddable":true,"href":"https:\/\/www.minesup.gov.cm\/index.php\/wp-json\/wp\/v2\/comments?post=7884"}],"version-history":[{"count":0,"href":"https:\/\/www.minesup.gov.cm\/index.php\/wp-json\/wp\/v2\/pages\/7884\/revisions"}],"up":[{"embeddable":true,"href":"https:\/\/www.minesup.gov.cm\/index.php\/wp-json\/wp\/v2\/pages\/1743"}],"wp:attachment":[{"href":"https:\/\/www.minesup.gov.cm\/index.php\/wp-json\/wp\/v2\/media?parent=7884"}],"curies":[{"name":"wp","href":"https:\/\/api.w.org\/{rel}","templated":true}]}}