{"id":7888,"date":"2019-06-24T13:49:33","date_gmt":"2019-06-24T11:49:33","guid":{"rendered":"https:\/\/minesup.gov.cm\/?page_id=7888"},"modified":"2019-06-24T13:49:33","modified_gmt":"2019-06-24T11:49:33","slug":"institut-superieur-de-management-isma","status":"publish","type":"page","link":"https:\/\/www.minesup.gov.cm\/index.php\/region-du-littoral\/institut-superieur-de-management-isma\/","title":{"rendered":"Institut Sup\u00e9rieur de Management  (ISMA)"},"content":{"rendered":"<p><strong>INFORMATIONS D\u2019IDENTIFICATION<\/strong><\/p>\n<p><strong>Nom de l\u2019institution\u00a0<\/strong>: <strong>Institut Sup\u00e9rieur de Management\u00a0 (ISMA)<\/strong><\/p>\n<p><strong>Nom du promoteur<\/strong>\u00a0: <strong>NGAMOE Bob<\/strong><br \/>\n<strong>R\u00e9gion\u00a0<\/strong>: Littoral<br \/>\n<strong>D\u00e9partement\u00a0<\/strong>: Wouri<br \/>\n<strong>Arrondissement\u00a0<\/strong>: Douala 1<sup>er<\/sup><br \/>\n<strong>Site de localisation\u00a0<\/strong>: Akwa, Coll\u00e8ge Liberman et Bali<\/p>\n<p><strong>Adresse postale<\/strong>\u00a0: 5739 Douala<br \/>\n<strong>Fax <\/strong>: 33 47 33 55<br \/>\n<strong>T\u00e9l\u00e9phone\u00a0<\/strong>: 33 43 12 51 \/ 33 43 22 43 \/ 677 60 40 69 \/ 699 00 43 76<br \/>\n<strong>Email<\/strong>\u00a0:<br \/>\n<strong>Site web<\/strong>\u00a0:<br \/>\n<strong>Adresse dans les r\u00e9seaux sociaux\u00a0<\/strong>:<\/p>\n<p><strong>INFORMATIONS SUR LE STATUT D\u2019ACCR\u00c9DITATION<\/strong><\/p>\n<p><strong>Arr\u00eat\u00e9s portant cr\u00e9ation <\/strong>: N\u00b002\/0054\/MINESUP du 12 juin 2002<\/p>\n<p><strong>Autorisation d\u2019ouverture<\/strong>\u00a0: N\u00b002\/0060\/MINESUP du 16 juillet 2002<strong>\u00a0 <\/strong><strong>compl\u00e9t\u00e9e par l\u2019arr\u00eat\u00e9\u00a0 <\/strong>N\u00b005\/0061\/MINESUP du 27 avril 2005<\/p>\n<p><strong>Et l\u2019arr\u00eat\u00e9\u00a0 <\/strong>N\u00b008\/0130\/MINESUP du 06 mai 2008<\/p>\n<p><strong>FILI\u00c8RES, SP\u00c9CIALIT\u00c9S ET DIPL\u00d4MES AUTORIS\u00c9S<\/strong><\/p>\n<p><strong><u>ANCIEN REGIME<\/u><\/strong><\/p>\n<ul>\n<li><strong>BTS<\/strong><\/li>\n<\/ul>\n<p><strong><u>Fili\u00e8re 1<\/u><\/strong><strong>\u00a0: Commerciale et de Gestion<\/strong><\/p>\n<p><strong><u>Sp\u00e9cialit\u00e9s<\/u><\/strong><strong>\u00a0<\/strong>: Comptabilit\u00e9 et Gestion des Entreprises\u00a0\u00a0&#8211; Informatique de Gestion\u00a0&#8211; Commerce International\u00a0&#8211; Secr\u00e9tariat et Bureautique (<em><u>Options<\/u><\/em>\u00a0: Secr\u00e9tariat de Direction\u00a0; Secr\u00e9tariat Bureautique et Bilingue) &#8211; Assurances &#8211;\u00a0 Banque &#8211; Action Commerciale &#8211; Transport et Logistique.<\/p>\n<p><strong><u>Fili\u00e8re\u00a02<\/u> : Communication<\/strong><\/p>\n<p><strong><u>Sp\u00e9cialit\u00e9<\/u><\/strong> : Information-Communication (<em><u>Options<\/u><\/em> : Communication d\u2019Entreprise)<\/p>\n<p><strong><u>Fili\u00e8re 3<\/u>\u00a0: Industrielle et Technologique<\/strong><\/p>\n<p><strong><u>Sp\u00e9cialit\u00e9<\/u><\/strong> : Maintenance des Syst\u00e8mes Informatiques<\/p>\n<p>&nbsp;<\/p>\n<p><strong><u>FORMATIONS SOUS TUTELLES<\/u><\/strong><\/p>\n<p><strong><u>\u00a0<\/u><\/strong><\/p>\n<ul>\n<li><strong>Licence professionnelle de l\u2019Universit\u00e9 de Dschang<\/strong><\/li>\n<\/ul>\n<p><strong><u>Fili\u00e8re 1<\/u>\u00a0: Commerciale et de Gestion<\/strong><\/p>\n<p><strong><u>Sp\u00e9cialit\u00e9s<\/u>\u00a0<\/strong>: Gestion des Ressources Humaines &#8211; Banque (<em><u>Option<\/u><\/em>\u00a0: Conseiller Gestionnaire de Client\u00e8le) &#8211; Merchandising &#8211; Gestion de la Qualit\u00e9 &#8211; Comptabilit\u00e9 (<em><u>Option<\/u><\/em><strong>\u00a0<\/strong>: Contr\u00f4le et Audit) &#8211; Logistique et Transport &#8211; Marketing Manager Op\u00e9rationnel.<\/p>\n<p><strong><u>Fili\u00e8re\u00a02<\/u> : Industrielle et Technologique<\/strong><\/p>\n<p><strong><u>Sp\u00e9cialit\u00e9<\/u>\u00a0<\/strong>: Informatique (<em><u>Option<\/u><\/em><strong>\u00a0<\/strong>: R\u00e9seaux et Multim\u00e9dia\u00a0; G\u00e9nie Logiciel).<\/p>\n<p><strong><u>Fili\u00e8re\u00a03<\/u> : Communication<\/strong><\/p>\n<p><strong><u>Sp\u00e9cialit\u00e9<\/u><\/strong><strong>\u00a0<\/strong>: Publicit\u00e9.<\/p>\n<ul>\n<li><strong>Master professionnel de l\u2019Universit\u00e9 de Dschang<\/strong><\/li>\n<\/ul>\n<p><strong><u>Fili\u00e8re<\/u><\/strong><strong>\u00a0: Commerciale et de Gestion<\/strong><\/p>\n<p><strong><u>Sp\u00e9cialit\u00e9s<\/u><\/strong> : Management &#8211; Finance\u00a0Comptabilit\u00e9.<\/p>\n<p><strong>\u00a0<\/strong><strong>Licence et Master des <\/strong><strong>Universit\u00e9s de Paris &#8211; Est Maines la Vall\u00e9e<\/strong><strong> et <\/strong><strong>de Poitiers<\/strong><\/p>\n<p><em><u>Dipl\u00f4mes\u00a0 \u00e9trangers<\/u><\/em><\/p>\n<p><strong><u>Fili\u00e8re 1<\/u><\/strong> <strong>: R\u00e9seaux et T\u00e9l\u00e9communications<\/strong><\/p>\n<p><strong><u>Fili\u00e8re 2<\/u><\/strong> <strong>: Management des Projets Qualit\u00e9 dans l\u2019Organisation<\/strong><\/p>\n<p><strong><u>Fili\u00e8re 3<\/u><\/strong> <strong>: Gestion<\/strong><\/p>\n<p><strong><u>Fili\u00e8re 4<\/u> <\/strong><strong>: Administration des Entreprises<\/strong><\/p>\n","protected":false},"excerpt":{"rendered":"<p>&#46;&#46;&#46;<\/p>\n","protected":false},"author":2,"featured_media":0,"parent":1743,"menu_order":0,"comment_status":"closed","ping_status":"closed","template":"","meta":[],"_links":{"self":[{"href":"https:\/\/www.minesup.gov.cm\/index.php\/wp-json\/wp\/v2\/pages\/7888"}],"collection":[{"href":"https:\/\/www.minesup.gov.cm\/index.php\/wp-json\/wp\/v2\/pages"}],"about":[{"href":"https:\/\/www.minesup.gov.cm\/index.php\/wp-json\/wp\/v2\/types\/page"}],"author":[{"embeddable":true,"href":"https:\/\/www.minesup.gov.cm\/index.php\/wp-json\/wp\/v2\/users\/2"}],"replies":[{"embeddable":true,"href":"https:\/\/www.minesup.gov.cm\/index.php\/wp-json\/wp\/v2\/comments?post=7888"}],"version-history":[{"count":0,"href":"https:\/\/www.minesup.gov.cm\/index.php\/wp-json\/wp\/v2\/pages\/7888\/revisions"}],"up":[{"embeddable":true,"href":"https:\/\/www.minesup.gov.cm\/index.php\/wp-json\/wp\/v2\/pages\/1743"}],"wp:attachment":[{"href":"https:\/\/www.minesup.gov.cm\/index.php\/wp-json\/wp\/v2\/media?parent=7888"}],"curies":[{"name":"wp","href":"https:\/\/api.w.org\/{rel}","templated":true}]}}