{"id":7894,"date":"2019-06-24T13:55:36","date_gmt":"2019-06-24T11:55:36","guid":{"rendered":"https:\/\/minesup.gov.cm\/?page_id=7894"},"modified":"2019-06-24T13:55:36","modified_gmt":"2019-06-24T11:55:36","slug":"institut-superieur-de-psychopedagogie-appliquee-isppa-association-orchidee-home","status":"publish","type":"page","link":"https:\/\/www.minesup.gov.cm\/index.php\/region-du-littoral\/institut-superieur-de-psychopedagogie-appliquee-isppa-association-orchidee-home\/","title":{"rendered":"Institut Sup\u00e9rieur de Psychop\u00e9dagogie Appliqu\u00e9e (ISPPA) Association Orchid\u00e9e Home"},"content":{"rendered":"<p><strong>INFORMATIONS D\u2019IDENTIFICATION<\/strong><\/p>\n<p><strong>Nom de l\u2019institution\u00a0<\/strong>: <strong>Institut Sup\u00e9rieur de Psychop\u00e9dagogie Appliqu\u00e9e (ISPPA) Association Orchid\u00e9e Home<\/strong><\/p>\n<p><strong>Nom du promoteur<\/strong>\u00a0: <strong>Marie M\u00e9lanie BELL<\/strong><br \/>\n<strong>R\u00e9gion\u00a0<\/strong>: Littoral<br \/>\n<strong>D\u00e9partement\u00a0<\/strong>: Wouri<br \/>\n<strong>Arrondissement\u00a0<\/strong>: Douala 5<sup>\u00e8me<\/sup><br \/>\n<strong>Site de localisation\u00a0<\/strong>: Bonamoussadi<br \/>\n<strong>Adresse postale<\/strong>\u00a0: 17134<br \/>\n<strong>T\u00e9l\u00e9phone\u00a0<\/strong>: 699 92 61 86 \/ 33 47 80 48<br \/>\n<strong>Email<\/strong>\u00a0:<br \/>\n<strong>Site web<\/strong>\u00a0:<br \/>\n<strong>Adresse dans les r\u00e9seaux sociaux\u00a0<\/strong>:<\/p>\n<p><strong>INFORMATIONS SUR LE STATUT D\u2019ACCR\u00c9DITATION<\/strong><\/p>\n<p><strong>Arr\u00eat\u00e9s portant cr\u00e9ation <\/strong>: N\u00b014\/0034\/MINESUP\/SG\/DDES du 11 mars 2014<br \/>\n<strong>Autorisation d\u2019ouverture<\/strong>\u00a0: Provisoire N\u00b013\/07893\/L\/MINESUP\/SG\/DDES\/ESUP\/OAGS du 18 novembre 2013<\/p>\n<p><strong>FILI\u00c8RES, SP\u00c9CIALIT\u00c9S ET DIPL\u00d4MES AUTORIS\u00c9S<\/strong><\/p>\n<p><strong><u>FORMATION SOUS TUTELLE<\/u><\/strong><\/p>\n<ul>\n<li><strong>Licence Professionnelle<\/strong><\/li>\n<\/ul>\n<p><strong><u>Fili\u00e8re<\/u><\/strong><strong>\u00a0: Education Sp\u00e9cialis\u00e9e<\/strong><\/p>\n","protected":false},"excerpt":{"rendered":"<p>&#46;&#46;&#46;<\/p>\n","protected":false},"author":2,"featured_media":0,"parent":1743,"menu_order":0,"comment_status":"closed","ping_status":"closed","template":"","meta":[],"_links":{"self":[{"href":"https:\/\/www.minesup.gov.cm\/index.php\/wp-json\/wp\/v2\/pages\/7894"}],"collection":[{"href":"https:\/\/www.minesup.gov.cm\/index.php\/wp-json\/wp\/v2\/pages"}],"about":[{"href":"https:\/\/www.minesup.gov.cm\/index.php\/wp-json\/wp\/v2\/types\/page"}],"author":[{"embeddable":true,"href":"https:\/\/www.minesup.gov.cm\/index.php\/wp-json\/wp\/v2\/users\/2"}],"replies":[{"embeddable":true,"href":"https:\/\/www.minesup.gov.cm\/index.php\/wp-json\/wp\/v2\/comments?post=7894"}],"version-history":[{"count":0,"href":"https:\/\/www.minesup.gov.cm\/index.php\/wp-json\/wp\/v2\/pages\/7894\/revisions"}],"up":[{"embeddable":true,"href":"https:\/\/www.minesup.gov.cm\/index.php\/wp-json\/wp\/v2\/pages\/1743"}],"wp:attachment":[{"href":"https:\/\/www.minesup.gov.cm\/index.php\/wp-json\/wp\/v2\/media?parent=7894"}],"curies":[{"name":"wp","href":"https:\/\/api.w.org\/{rel}","templated":true}]}}