{"id":7896,"date":"2019-06-24T13:59:04","date_gmt":"2019-06-24T11:59:04","guid":{"rendered":"https:\/\/minesup.gov.cm\/?page_id=7896"},"modified":"2019-06-24T13:59:04","modified_gmt":"2019-06-24T11:59:04","slug":"institut-superieur-de-technologie-avancee-et-du-management-douala-istama","status":"publish","type":"page","link":"https:\/\/www.minesup.gov.cm\/index.php\/region-du-littoral\/institut-superieur-de-technologie-avancee-et-du-management-douala-istama\/","title":{"rendered":"Institut Sup\u00e9rieur de Technologie Avanc\u00e9e et du Management Douala (ISTAMA)"},"content":{"rendered":"<p><strong>INFORMATIONS D\u2019IDENTIFICATION<\/strong><\/p>\n<p><strong>Nom de l\u2019institution\u00a0<\/strong>: <strong>Institut Sup\u00e9rieur de Technologie Avanc\u00e9e et du Management Douala (ISTAMA)<\/strong><\/p>\n<p><strong>Nom du promoteur<\/strong>\u00a0: <strong>NJANTA Ebenezer<\/strong><br \/>\n<strong>R\u00e9gion\u00a0<\/strong>: Littoral<br \/>\n<strong>D\u00e9partement\u00a0<\/strong>: Wouri<br \/>\n<strong>Arrondissement\u00a0<\/strong>: Douala 5<sup>\u00e8me<\/sup><br \/>\n<strong>Site de localisation\u00a0<\/strong>: Nouvelle Route Bonamoussadi<\/p>\n<p><strong>Adresse postale<\/strong>\u00a0: 3223 Douala<br \/>\n<strong>T\u00e9l\u00e9phone\u00a0<\/strong>: 33 42 16 98 \/ 33 42 73 30<\/p>\n<p><strong>Fax<\/strong>\u00a0: 33 42 16<\/p>\n<p><strong>Email<\/strong>\u00a0:<br \/>\n<strong>Site web<\/strong>\u00a0:<br \/>\n<strong>Adresse dans les r\u00e9seaux sociaux\u00a0<\/strong>:<\/p>\n<p><strong>INFORMATIONS SUR LE STATUT D\u2019ACCR\u00c9DITATION<\/strong><\/p>\n<p><strong>\u00a0Arr\u00eat\u00e9s portant cr\u00e9ation <\/strong>: N\u00b006\/0119\/MINESUP du 02 octobre 2006<\/p>\n<p><strong>Autorisation d\u2019ouverture<\/strong>\u00a0: N\u00b008\/0110\/MINESUP du 05 mai 2008<\/p>\n<p><strong>Compl\u00e9t\u00e9 par l\u2019arr\u00eat\u00e9\u00a0: <\/strong>N\u00b012\/0411\/MINESUP du 17 ao\u00fbt 2012<\/p>\n<p><strong>\u00a0FILI\u00c8RES, SP\u00c9CIALIT\u00c9S ET DIPL\u00d4MES AUTORIS\u00c9S<\/strong><\/p>\n<p><strong>\u00a0<u>ANCIEN REGIME<\/u><\/strong><\/p>\n<ul>\n<li><strong>BTS<\/strong><\/li>\n<\/ul>\n<p><strong><u>Fili\u00e8re 1<\/u><\/strong><strong>\u00a0: Commerciale et de Gestion<\/strong><\/p>\n<p><strong><u>Sp\u00e9cialit\u00e9s<\/u>\u00a0<\/strong>: Comptabilit\u00e9 et Gestion des Entreprises\u00a0\u00a0&#8211; Informatique de Gestion\u00a0&#8211; Commerce International\u00a0&#8211;\u00a0 Action Commerciale &#8211; Secr\u00e9tariat et Bureautique (<em><u>Options<\/u><\/em><strong>\u00a0<\/strong>: Secr\u00e9tariat de Direction\u00a0; Secr\u00e9tariat Bureautique Bilingue) &#8211; Banque &#8211; Assurances &#8211; Gestion Logistique et Transports.<\/p>\n<p><strong><u>Fili\u00e8re 2<\/u>\u00a0: Industrielle et Technologique<\/strong><\/p>\n<p><strong><u>Sp\u00e9cialit\u00e9s<\/u><\/strong> : G\u00e9nie Electrique (<em><u>Options<\/u><\/em><strong>\u00a0<\/strong>: Electronique\u00a0; Electrotechnique\u00a0; Construction M\u00e9canique) &#8211; Maintenance des Syst\u00e8mes Informatiques &#8211; G\u00e9nie M\u00e9canique (<em><u>Options<\/u><\/em><strong>\u00a0<\/strong>: Fabrication M\u00e9canique\u00a0; Maintenance et Apr\u00e8s-Vente Automobile) &#8211; Informatique Industrielle &#8211; G\u00e9nie Forestier (<em><u>Option<\/u><\/em><strong>\u00a0<\/strong>: Menuiserie Eb\u00e9nisterie) &#8211; Maintenance Informatique &#8211; G\u00e9nie Informatique &#8211; T\u00e9l\u00e9communications et R\u00e9seaux &#8211; G\u00e9nie Civil &#8211; Industrie de l\u2019Habillement &#8211; Chaudronnerie.<\/p>\n<p><strong><u>Fili\u00e8re\u00a03<\/u><\/strong><strong> : Communication<\/strong><\/p>\n<p><strong><u>Sp\u00e9cialit\u00e9<\/u><\/strong>\u00a0: Information-Communication (<em><u>Options<\/u><\/em><strong>\u00a0<\/strong>: Communication d\u2019Entreprise\u00a0; Journalisme).<\/p>\n<p><strong><u>Fili\u00e8re\u00a04<\/u><\/strong><strong> : Touristique et Sociale<\/strong><\/p>\n<p><strong><u>Sp\u00e9cialit\u00e9<\/u><\/strong>\u00a0: Economie Sociale et Familiale.<\/p>\n<p><strong>\u00a0<\/strong><strong>HND<\/strong><\/p>\n<p><strong><u>Fili\u00e8re\u00a01<\/u><\/strong><strong> : Business, Finance and Management<\/strong><\/p>\n<p><strong><u>Sp\u00e9cialit\u00e9s<\/u><\/strong>\u00a0: Management &#8211; Marketing &#8211; Banking and Finance &#8211; Accountancy.<\/p>\n<p><strong><u>Fili\u00e8re\u00a02<\/u><\/strong><strong> : Engineering and Technology<\/strong><\/p>\n<p><strong><u>Sp\u00e9cialit\u00e9s<\/u><\/strong>\u00a0: Civil Engineering &#8211; Mechanical Engineering &#8211; Computer Engineering &#8211; Electrical and Electronics Engineering &#8211; Industry and Textile &#8211; Mechanical Engineering &#8211; Logistics and Transport &#8211; Telecommunication.<\/p>\n<p>&nbsp;<\/p>\n<p><strong><u>FORMATIONS SOUS TUTELLES<\/u><\/strong><\/p>\n<p>&nbsp;<\/p>\n<ul>\n<li><strong>Capacit\u00e9 en Droit<\/strong><\/li>\n<\/ul>\n<p><strong><u>Fili\u00e8re\u00a01<\/u><\/strong><strong> : Sciences Juridiques<\/strong><\/p>\n<p><strong><u>Sp\u00e9cialit\u00e9s<\/u><\/strong> : Fiscalit\u00e9 &#8211; M\u00e9tier du Droit (<em><u>Options<\/u><\/em>\u00a0: M\u00e9tier du Barreau\u00a0; M\u00e9tier du Notaire\u00a0; M\u00e9tier d\u2019Huissier).<\/p>\n<p><u>Fili\u00e8re\u00a02<\/u> : Sciences de Gestion<\/p>\n<p><u>Sp\u00e9cialit\u00e9s<\/u> : Audit et Contr\u00f4le de Gestion &#8211; Gestion des Ressources Humaines &#8211; Marketing Manager Op\u00e9rationnel &#8211; Organisation et Gestion Administrative &#8211; Administration Publique &#8211; Comptabilit\u00e9 et Finance &#8211; Transport et Logistique &#8211; Banque (<em><u>Options<\/u><\/em>\u00a0: Conseiller\/Gestion de la Client\u00e8le\u00a0; M\u00e9tier des Biblioth\u00e8ques et de la Documentation) &#8211; Finances Publiques &#8211; Administration Hospitali\u00e8re &#8211; D\u00e9veloppement Durable.<\/p>\n<p><u>Fili\u00e8re\u00a03<\/u> : Industrielle et Technologique<\/p>\n<p><strong><u>Sp\u00e9cialit\u00e9s<\/u><\/strong> : Qualit\u00e9, S\u00e9curit\u00e9, Environnement &#8211; G\u00e9nie Industriel et Maintenance &#8211; Ameublement et Construction Bois &#8211; Production et Gestion d\u2019Energie &#8211; G\u00e9nie Logiciel &#8211; G\u00e9nie M\u00e9canique et Productique &#8211; G\u00e9nie Electrique et Informatique Industrielle &#8211; Technologie de Construction Industrielle\u00a0 &#8211; G\u00e9nie de l\u2019Environnement &#8211; Industrie Textile et Mode Habillement &#8211; Ing\u00e9nierie P\u00e9troli\u00e8re &#8211; G\u00e9nie Civil &#8211; G\u00e9nie Informatique et Logiciel &#8211; Technologie de Construction Industrielle &#8211; R\u00e9seaux et T\u00e9l\u00e9communications &#8211; G\u00e9nie de l\u2019Environnement.<\/p>\n<p>&nbsp;<\/p>\n<ul>\n<li><strong>Licence Professionnelle de l\u2019Universit\u00e9 de Douala.<\/strong><\/li>\n<\/ul>\n<p><strong><u>Fili\u00e8re<\/u><\/strong><strong>\u00a0<\/strong>:<strong> Industrielle et Technologique<\/strong><\/p>\n<p><strong><u>Sp\u00e9cialit\u00e9s<\/u><\/strong>\u00a0: Technologie Automobile &#8211; R\u00e9seaux et T\u00e9l\u00e9coms &#8211; G\u00e9nie Civil (Options\u00a0: B\u00e2timent\u00a0; Travaux Publics\u00a0; G\u00e9om\u00e8tre Topographe).<\/p>\n<ul>\n<li><strong>Bachelor sous la tutelle acad\u00e9mique de l\u2019Universit\u00e9 de Bamenda<\/strong><\/li>\n<\/ul>\n<p><strong><u>Fili\u00e8re<\/u><\/strong><strong> : Business, Finance and Management<\/strong><\/p>\n<p><strong><u>Sp\u00e9cialit\u00e9s<\/u><\/strong>\u00a0: Chartered Accounting &#8211; Banking and Finance &#8211; Audit and Management Control &#8211; Marketing Transport and Logistics.<\/p>\n<p>&nbsp;<\/p>\n<p>&nbsp;<\/p>\n<ul>\n<li><strong>Master Professionnel de l\u2019Universit\u00e9 de Douala<\/strong>.<\/li>\n<\/ul>\n<p><strong><u>Fili\u00e8re\u00a01<\/u><\/strong><strong>\u00a0: Sciences de Gestion<\/strong><\/p>\n<p><strong><u>Sp\u00e9cialit\u00e9s<\/u><\/strong>\u00a0: Fiscalit\u00e9 Appliqu\u00e9e\u00a0&#8211; Comptabilit\u00e9, Contr\u00f4le et Audit\u00a0&#8211; Gestion des Ressources Humaines\u00a0&#8211; Management Public\u00a0&#8211; Banque-Finance\u00a0&#8211; Expertise-Comptable\u00a0&#8211; Gestion Logistique et Transport &#8211; Finances Publiques &#8211; Gestion et Evaluation des Projets &#8211; D\u00e9veloppement Durable.<\/p>\n<p><strong><u>Fili\u00e8re 2<\/u><\/strong><strong>\u00a0: Industrielle et Technologique<\/strong><\/p>\n<p><strong><u>Sp\u00e9cialit\u00e9s<\/u><\/strong>\u00a0: Qualit\u00e9, S\u00e9curit\u00e9 et Environnement\u00a0&#8211; G\u00e9nie Industriel et Maintenance\u00a0&#8211; G\u00e9nie M\u00e9canique et Productique &#8211; G\u00e9nie Informatique et Logiciel &#8211; G\u00e9nie Civil &#8211; G\u00e9nie Electrique et Informatique Industrielle &#8211; Technologie de Construction Industrielle &#8211; R\u00e9seaux et T\u00e9l\u00e9communications &#8211; Technologie Automobile.<\/p>\n<p><strong><u>Fili\u00e8re 3<\/u><\/strong><strong>\u00a0: M\u00e9tiers du Droit<\/strong><strong><br \/>\n<\/strong><\/p>\n","protected":false},"excerpt":{"rendered":"<p>&#46;&#46;&#46;<\/p>\n","protected":false},"author":2,"featured_media":0,"parent":1743,"menu_order":0,"comment_status":"closed","ping_status":"closed","template":"","meta":[],"_links":{"self":[{"href":"https:\/\/www.minesup.gov.cm\/index.php\/wp-json\/wp\/v2\/pages\/7896"}],"collection":[{"href":"https:\/\/www.minesup.gov.cm\/index.php\/wp-json\/wp\/v2\/pages"}],"about":[{"href":"https:\/\/www.minesup.gov.cm\/index.php\/wp-json\/wp\/v2\/types\/page"}],"author":[{"embeddable":true,"href":"https:\/\/www.minesup.gov.cm\/index.php\/wp-json\/wp\/v2\/users\/2"}],"replies":[{"embeddable":true,"href":"https:\/\/www.minesup.gov.cm\/index.php\/wp-json\/wp\/v2\/comments?post=7896"}],"version-history":[{"count":0,"href":"https:\/\/www.minesup.gov.cm\/index.php\/wp-json\/wp\/v2\/pages\/7896\/revisions"}],"up":[{"embeddable":true,"href":"https:\/\/www.minesup.gov.cm\/index.php\/wp-json\/wp\/v2\/pages\/1743"}],"wp:attachment":[{"href":"https:\/\/www.minesup.gov.cm\/index.php\/wp-json\/wp\/v2\/media?parent=7896"}],"curies":[{"name":"wp","href":"https:\/\/api.w.org\/{rel}","templated":true}]}}