{"id":7899,"date":"2019-06-24T14:00:45","date_gmt":"2019-06-24T12:00:45","guid":{"rendered":"https:\/\/minesup.gov.cm\/?page_id=7899"},"modified":"2019-06-24T14:00:45","modified_gmt":"2019-06-24T12:00:45","slug":"institut-superieur-de-technologie-et-de-gestion","status":"publish","type":"page","link":"https:\/\/www.minesup.gov.cm\/index.php\/region-du-littoral\/institut-superieur-de-technologie-et-de-gestion\/","title":{"rendered":"Institut Sup\u00e9rieur de Technologie et de Gestion"},"content":{"rendered":"<p><strong>INFORMATIONS D\u2019IDENTIFICATION<\/strong><\/p>\n<p><strong>Nom de l\u2019institution\u00a0<\/strong>: <strong>Institut Sup\u00e9rieur de Technologie et de Gestion<\/strong><\/p>\n<p><strong>Nom du promoteur<\/strong>\u00a0: <strong>BELL n\u00e9e NGO NGUIMBOUS Oligue Viviane<\/strong><br \/>\n<strong>R\u00e9gion\u00a0<\/strong>: Littoral<br \/>\n<strong>D\u00e9partement\u00a0<\/strong>: Sanaga-Maritime.<br \/>\n<strong>Arrondissement\u00a0<\/strong>:<br \/>\n<strong>Site de localisation\u00a0<\/strong>: <strong>Ed\u00e9a\u00a0 <\/strong>Ancien Coll\u00e8ge Protestant<br \/>\n<strong>Adresse postale<\/strong>\u00a0: 513 Ed\u00e9a<br \/>\n<strong>T\u00e9l\u00e9phone\u00a0<\/strong>: 699\u00a0997 326<br \/>\n<strong>Email<\/strong>\u00a0:<br \/>\n<strong>Site web<\/strong>\u00a0:<br \/>\n<strong>Adresse dans les r\u00e9seaux sociaux\u00a0<\/strong>:<\/p>\n<p><strong>INFORMATIONS SUR LE STATUT D\u2019ACCR\u00c9DITATION<\/strong><\/p>\n<p><strong>Arr\u00eat\u00e9s portant cr\u00e9ation <\/strong>: N\u00b006\/0116\/MINESUP du 02 octobre 2006<\/p>\n<p><strong>Autorisation d\u2019ouverture<\/strong>\u00a0: N\u00b007\/0125\/MINESUP du 21 septembre 2007<\/p>\n<p><strong>FILI\u00c8RES, SP\u00c9CIALIT\u00c9S ET DIPL\u00d4MES AUTORIS\u00c9S<\/strong><\/p>\n<p><strong><u>ANCIEN REGIME<\/u><\/strong><\/p>\n<ul>\n<li><strong>BTS<\/strong><\/li>\n<\/ul>\n<p><strong><u>Fili\u00e8re<\/u><\/strong><strong>\u00a0: Commerciale et de Gestion<\/strong><\/p>\n<p><strong><u>Sp\u00e9cialit\u00e9s<\/u><\/strong><strong>\u00a0<\/strong>: Comptabilit\u00e9 et Gestion des Entreprises\u00a0\u00a0&#8211; Informatique de Gestion\u00a0&#8211; Commerce International\u00a0&#8211;\u00a0 Action Commerciale &#8211; Secr\u00e9tariat et Bureautique (<em><u>Options<\/u><\/em><strong>\u00a0<\/strong>: Secr\u00e9tariat de Direction\u00a0; Secr\u00e9tariat Bureautique Bilingue) &#8211; Banque.<\/p>\n<p><strong>\u00a0<\/strong><\/p>\n<ul>\n<li><strong>DSEP<\/strong><\/li>\n<\/ul>\n<p><strong><u>Fili\u00e8re<\/u><\/strong><strong>\u00a0: Finance et Comptabilit\u00e9<\/strong><\/p>\n<p><strong>\u00a0<\/strong><\/p>\n<p><strong>\u00a0\u00a0\u00a0\u00a0\u00a0\u00a0\u00a0\u00a0\u00a0\u00a0\u00a0\u00a0\u00a0\u00a0\u00a0\u00a0\u00a0\u00a0\u00a0\u00a0\u00a0\u00a0\u00a0\u00a0\u00a0\u00a0\u00a0\u00a0\u00a0\u00a0\u00a0\u00a0\u00a0\u00a0\u00a0\u00a0\u00a0\u00a0\u00a0\u00a0\u00a0\u00a0\u00a0\u00a0\u00a0\u00a0\u00a0\u00a0\u00a0\u00a0\u00a0\u00a0\u00a0\u00a0\u00a0\u00a0\u00a0\u00a0\u00a0\u00a0\u00a0\u00a0\u00a0\u00a0\u00a0\u00a0\u00a0\u00a0\u00a0 <u>FORMATIONS SOUS TUTELLES<\/u><\/strong><\/p>\n<p><strong>\u00a0<\/strong><\/p>\n<ul>\n<li><strong>Licence Professionnelle de l\u2019Universit\u00e9 de Dschang<\/strong><\/li>\n<\/ul>\n<p><strong><u>Fili\u00e8re<\/u><\/strong><strong> : Commerciale et de Gestion<\/strong><\/p>\n<p><strong><u>Sp\u00e9cialit\u00e9s<\/u><\/strong>\u00a0: Banque (<em><u>Options<\/u><\/em>\u00a0: Gestion de client\u00e8le\u00a0; Gestion de la Qualit\u00e9) &#8211; Marketing (<em><u>Options<\/u><\/em><strong>\u00a0<\/strong>: Merchandising\u00a0; Commerce, Vente) &#8211; Publicit\u00e9 &#8211; Comptabilit\u00e9 (<em><u>Options<\/u><\/em><strong>\u00a0<\/strong>: Contr\u00f4le et Audit\u00a0; Finance et Comptabilit\u00e9) &#8211; Gestion des Entreprises et des Administrations &#8211; Logistique et Transport &#8211; Gestion des Ressources Humaines.<\/p>\n<p><strong>INFORMATIONS D\u2019IDENTIFICATION<\/strong><\/p>\n<p><strong>Nom de l\u2019institution\u00a0<\/strong>: <strong>Institut\u00a0 Sup\u00e9rieur de Technologie et de Gestion d\u2019Afrique centrale (ISTG-AC)<\/strong><\/p>\n<p><strong>Nom du promoteur<\/strong>\u00a0: <strong>NGEND NGEND Samuel<\/strong><br \/>\n<strong>R\u00e9gion\u00a0<\/strong>: Littoral<br \/>\n<strong>D\u00e9partement\u00a0<\/strong>: Wouri<br \/>\n<strong>Arrondissement\u00a0<\/strong>: Douala 5<sup>\u00e8me<\/sup><br \/>\n<strong>Site de localisation\u00a0<\/strong>: Kotto<\/p>\n<p><strong>Adresse postale<\/strong>\u00a0: 2826 Douala<br \/>\n<strong>T\u00e9l\u00e9phone\u00a0<\/strong>: 33 39 47 08<\/p>\n<p><strong>Fax\u00a0<\/strong>: 33 39 47 09<\/p>\n<p><strong>Email<\/strong>\u00a0:<br \/>\n<strong>Site web<\/strong>\u00a0:<br \/>\n<strong>Adresse dans les r\u00e9seaux sociaux\u00a0<\/strong>:<\/p>\n<p><strong>INFORMATIONS SUR LE STATUT D\u2019ACCR\u00c9DITATION<\/strong><\/p>\n<p><strong>Arr\u00eat\u00e9s portant cr\u00e9ation <\/strong>: N\u00b0011\/0519\/MINESUP du 05 octobre 2011<\/p>\n<p><strong>Autorisation d\u2019ouverture<\/strong>\u00a0: N\u00b013\/0591\/MINESUP du 02 d\u00e9cembre 2013<\/p>\n<p><strong>FILI\u00c8RES, SP\u00c9CIALIT\u00c9S ET DIPL\u00d4MES AUTORIS\u00c9S<\/strong><\/p>\n<p><strong><u>ANCIEN REGIME<\/u><\/strong><\/p>\n<ul>\n<li><strong>BTS<\/strong><\/li>\n<\/ul>\n<p><strong><u>\u00a0<\/u><\/strong><\/p>\n<p><strong><u>Fili\u00e8res 1<\/u><\/strong><strong>\u00a0: Commerciale et de Gestion<\/strong><\/p>\n<p><strong><u>Sp\u00e9cialit\u00e9s<\/u><\/strong>\u00a0: Action Commerciale &#8211; Banque &#8211; Commerce International &#8211; Comptabilit\u00e9 et Gestion des Entreprises &#8211; Informatique de Gestion &#8211; Secr\u00e9tariat Bureautique (<em><u>Options<\/u><\/em><strong>\u00a0<\/strong>: Secr\u00e9tariat de Direction, Secr\u00e9tariat) &#8211; Assurance.<\/p>\n<p><strong><u>Fili\u00e8res 2<\/u><\/strong><strong>\u00a0: Touristique et Sociale<\/strong><\/p>\n<p><strong><u>Sp\u00e9cialit\u00e9s<\/u><\/strong><strong>\u00a0<\/strong>:\u00a0H\u00f4tellerie\u00a0 et Restauration &#8211; Economie Sociale et Familiale &#8211; Tourisme et Loisirs.<\/p>\n<p><strong><u>Fili\u00e8res 3<\/u><\/strong><strong>\u00a0: Communication<\/strong><\/p>\n<p><strong><u>Sp\u00e9cialit\u00e9<\/u><\/strong><strong>\u00a0<\/strong>: Information &#8211; Communication (<em><u>Options<\/u><\/em><strong>\u00a0<\/strong>: Communication d\u2019Entreprises, Journalisme).<\/p>\n<p><strong><u>Fili\u00e8res 4<\/u><\/strong><strong>\u00a0: Industrielle et Technologique<\/strong><\/p>\n<p><strong><u>Sp\u00e9cialit\u00e9s<\/u><\/strong><strong>\u00a0<\/strong>: Informatique Industrielle &#8211; Maintenance des Syst\u00e8mes Informatiques &#8211; G\u00e9nie Electrique (<em><u>Options<\/u><\/em><strong>\u00a0<\/strong>: Electronique, Electrotechnique, Froid et Climatisation).<\/p>\n<p>&nbsp;<\/p>\n<p>&nbsp;<\/p>\n","protected":false},"excerpt":{"rendered":"<p>&#46;&#46;&#46;<\/p>\n","protected":false},"author":2,"featured_media":0,"parent":1743,"menu_order":0,"comment_status":"closed","ping_status":"closed","template":"","meta":[],"_links":{"self":[{"href":"https:\/\/www.minesup.gov.cm\/index.php\/wp-json\/wp\/v2\/pages\/7899"}],"collection":[{"href":"https:\/\/www.minesup.gov.cm\/index.php\/wp-json\/wp\/v2\/pages"}],"about":[{"href":"https:\/\/www.minesup.gov.cm\/index.php\/wp-json\/wp\/v2\/types\/page"}],"author":[{"embeddable":true,"href":"https:\/\/www.minesup.gov.cm\/index.php\/wp-json\/wp\/v2\/users\/2"}],"replies":[{"embeddable":true,"href":"https:\/\/www.minesup.gov.cm\/index.php\/wp-json\/wp\/v2\/comments?post=7899"}],"version-history":[{"count":0,"href":"https:\/\/www.minesup.gov.cm\/index.php\/wp-json\/wp\/v2\/pages\/7899\/revisions"}],"up":[{"embeddable":true,"href":"https:\/\/www.minesup.gov.cm\/index.php\/wp-json\/wp\/v2\/pages\/1743"}],"wp:attachment":[{"href":"https:\/\/www.minesup.gov.cm\/index.php\/wp-json\/wp\/v2\/media?parent=7899"}],"curies":[{"name":"wp","href":"https:\/\/api.w.org\/{rel}","templated":true}]}}