{"id":7907,"date":"2019-06-24T14:09:01","date_gmt":"2019-06-24T12:09:01","guid":{"rendered":"https:\/\/minesup.gov.cm\/?page_id=7907"},"modified":"2019-06-24T14:09:01","modified_gmt":"2019-06-24T12:09:01","slug":"institut-superieur-de-transport-de-tourisme-des-affaires-et-de-management-isttam","status":"publish","type":"page","link":"https:\/\/www.minesup.gov.cm\/index.php\/region-du-littoral\/institut-superieur-de-transport-de-tourisme-des-affaires-et-de-management-isttam\/","title":{"rendered":"Institut Sup\u00e9rieur de Transport, de Tourisme, des Affaires et de Management (ISTTAM)"},"content":{"rendered":"<p><strong>INFORMATIONS D\u2019IDENTIFICATION<\/strong><\/p>\n<p><strong>Nom de l\u2019institution\u00a0<\/strong>: <strong>Institut Sup\u00e9rieur de Transport, de Tourisme, des Affaires et de Management (ISTTAM)<\/strong><\/p>\n<p><strong>Nom du promoteur<\/strong>\u00a0: <strong>NGASSA HAPPI<\/strong><br \/>\n<strong>R\u00e9gion\u00a0<\/strong>: Littoral<br \/>\n<strong>D\u00e9partement\u00a0<\/strong>: Wouri<br \/>\n<strong>Arrondissement\u00a0<\/strong>: Douala 3<sup>\u00e8me<\/sup><br \/>\n<strong>Site de localisation\u00a0<\/strong>: Ndogbong &#8211; Bassa, face Socaver<\/p>\n<p><strong>Adresse postale<\/strong>\u00a0: 1302 Douala<br \/>\n<strong>T\u00e9l\u00e9phone\u00a0<\/strong>: 674 76 76 76 \/ 33 42 20 62 \/ 697 25 25 25<\/p>\n<p><strong>Fax<\/strong>\u00a0: 33 42 65 20<\/p>\n<p><strong>Email<\/strong>\u00a0:<br \/>\n<strong>Site web<\/strong>\u00a0:<br \/>\n<strong>Adresse dans les r\u00e9seaux sociaux\u00a0<\/strong>:<\/p>\n<p><strong>INFORMATIONS SUR LE STATUT D\u2019ACCR\u00c9DITATION<\/strong><\/p>\n<p><strong>Arr\u00eat\u00e9s portant cr\u00e9ation <\/strong>: N\u00b005\/002\/ MINESUP du 03 janvier 2005<\/p>\n<p><strong>Autorisation d\u2019ouverture<\/strong>\u00a0: N\u00b006\/0047\/MINESUP du 02\u00a0juin 2006.<\/p>\n<p><strong>Autorisation d\u2019ouverture<\/strong><u>\u00a0<\/u>: N\u00b006\/0054\/MINESUP du 02\u00a0juin 2006<\/p>\n<p><strong>FILI\u00c8RES, SP\u00c9CIALIT\u00c9S ET DIPL\u00d4MES AUTORIS\u00c9S<\/strong><\/p>\n<p><strong><u>ANCIEN REGIME<\/u><\/strong><\/p>\n<ul>\n<li><strong>BTS<\/strong><\/li>\n<\/ul>\n<p><strong><u>Fili\u00e8re<\/u><\/strong><strong><u>\u00a02<\/u><\/strong><strong> : Industrielle Technologique<\/strong><\/p>\n<p><strong><u>Sp\u00e9cialit\u00e9s<\/u><\/strong> : G\u00e9nie Electrique (<em><u>Options<\/u><\/em><strong>\u00a0<\/strong>: Electronique, Electrotechnique) &#8211; Maintenance des Syst\u00e8mes Informatiques &#8211; G\u00e9nie M\u00e9canique (<em><u>Options<\/u><\/em><strong>\u00a0<\/strong>: Fabrication M\u00e9canique\u00a0;\u00a0 Maintenance et Apr\u00e8s-Vente Automobile).<\/p>\n<p><strong><u>Fili\u00e8re 3<\/u><\/strong><strong>\u00a0: Communication<\/strong><\/p>\n<p><strong><u>Sp\u00e9cialit\u00e9<\/u><\/strong><strong>\u00a0<\/strong>: Information-Communication<strong> (<\/strong><em><u>Options<\/u><\/em>\u00a0: Communication d\u2019Entreprise\u00a0; Journalisme\u00a0; Photographie Audiovisuelle).<\/p>\n<p><strong><u>Fili\u00e8re 4<\/u><\/strong><strong> : Commerciale et de Gestion<\/strong><\/p>\n<p><strong><u>Sp\u00e9cialit\u00e9s<\/u><\/strong><strong>\u00a0<\/strong>: Comptabilit\u00e9 et Gestion des Entreprises\u00a0&#8211; Banque\u00a0&#8211; Informatique de Gestion\u00a0&#8211; Commerce International\u00a0&#8211; Assurances\u00a0&#8211; Action Commerciale- Secr\u00e9tariat et Bureautique (<em><u>Options<\/u><\/em>\u00a0: Secr\u00e9tariat de Direction\u00a0; Secr\u00e9tariat Bureautique Bilingue) &#8211; Transport et Logistique.<\/p>\n","protected":false},"excerpt":{"rendered":"<p>&#46;&#46;&#46;<\/p>\n","protected":false},"author":2,"featured_media":0,"parent":1743,"menu_order":0,"comment_status":"closed","ping_status":"closed","template":"","meta":[],"_links":{"self":[{"href":"https:\/\/www.minesup.gov.cm\/index.php\/wp-json\/wp\/v2\/pages\/7907"}],"collection":[{"href":"https:\/\/www.minesup.gov.cm\/index.php\/wp-json\/wp\/v2\/pages"}],"about":[{"href":"https:\/\/www.minesup.gov.cm\/index.php\/wp-json\/wp\/v2\/types\/page"}],"author":[{"embeddable":true,"href":"https:\/\/www.minesup.gov.cm\/index.php\/wp-json\/wp\/v2\/users\/2"}],"replies":[{"embeddable":true,"href":"https:\/\/www.minesup.gov.cm\/index.php\/wp-json\/wp\/v2\/comments?post=7907"}],"version-history":[{"count":0,"href":"https:\/\/www.minesup.gov.cm\/index.php\/wp-json\/wp\/v2\/pages\/7907\/revisions"}],"up":[{"embeddable":true,"href":"https:\/\/www.minesup.gov.cm\/index.php\/wp-json\/wp\/v2\/pages\/1743"}],"wp:attachment":[{"href":"https:\/\/www.minesup.gov.cm\/index.php\/wp-json\/wp\/v2\/media?parent=7907"}],"curies":[{"name":"wp","href":"https:\/\/api.w.org\/{rel}","templated":true}]}}