{"id":7909,"date":"2019-06-24T14:11:28","date_gmt":"2019-06-24T12:11:28","guid":{"rendered":"https:\/\/minesup.gov.cm\/?page_id=7909"},"modified":"2019-06-24T14:11:28","modified_gmt":"2019-06-24T12:11:28","slug":"institut-superieur-des-formations-appliquees-isfa","status":"publish","type":"page","link":"https:\/\/www.minesup.gov.cm\/index.php\/region-du-littoral\/institut-superieur-des-formations-appliquees-isfa\/","title":{"rendered":"Institut Sup\u00e9rieur des Formations Appliqu\u00e9es (ISFA)"},"content":{"rendered":"<p><strong>INFORMATIONS D\u2019IDENTIFICATION<\/strong><\/p>\n<p><strong>Nom de l\u2019institution\u00a0<\/strong>: <strong>Institut Sup\u00e9rieur des Formations Appliqu\u00e9es (ISFA)<\/strong><\/p>\n<p><strong>Nom du promoteur<\/strong>\u00a0: <strong>NEGOU<\/strong><br \/>\n<strong>R\u00e9gion\u00a0<\/strong>: Littoral<br \/>\n<strong>D\u00e9partement\u00a0<\/strong>: Wouri<br \/>\n<strong>Arrondissement\u00a0<\/strong>: Douala 1<sup>er<\/sup><br \/>\n<strong>Site de localisation\u00a0<\/strong>: Bonandjo<br \/>\n<strong>Adresse postale<\/strong>\u00a0: 5501 Douala<br \/>\n<strong>T\u00e9l\u00e9phone\u00a0<\/strong>: 699\u00a0973\u00a0795 \/<br \/>\n<strong>Email<\/strong>\u00a0:<br \/>\n<strong>Site web<\/strong>\u00a0:<br \/>\n<strong>Adresse dans les r\u00e9seaux sociaux\u00a0<\/strong>:<\/p>\n<p><strong>INFORMATIONS SUR LE STATUT D\u2019ACCR\u00c9DITATION<\/strong><\/p>\n<p><strong>Arr\u00eat\u00e9s portant cr\u00e9ation <\/strong>: N\u00b016-13465\/MINESUP\/SG\/DDES\/ESUP\/SDA\/LMN du 16 d\u00e9cembre 2016<\/p>\n<p><strong>Autorisation d\u2019ouverture<\/strong>\u00a0: N\u00b016-13465\/MINESUP\/SG\/DDES\/ESUP\/SDA\/LMN du 16 d\u00e9cembre 2016<\/p>\n<p><strong>FILI\u00c8RES, SP\u00c9CIALIT\u00c9S ET DIPL\u00d4MES AUTORIS\u00c9S<\/strong><\/p>\n<p><strong><u>NOUVEAU REGIME<\/u><\/strong><\/p>\n<ul>\n<li><strong>BTS<\/strong><\/li>\n<\/ul>\n<p><strong><u>Fili\u00e8re 1<\/u><\/strong><strong>\u00a0: Commerciale Vente<\/strong><\/p>\n<p><strong><u>Sp\u00e9cialit\u00e9s<\/u><\/strong><strong>\u00a0<\/strong>: Commerce International &#8211; Marketing, Commerce, Vente.<\/p>\n<p><strong><u>Fili\u00e8re 2<\/u><\/strong><strong>\u00a0: Gestion<\/strong><\/p>\n<p><strong><u>Sp\u00e9cialit\u00e9s<\/u><\/strong><strong>\u00a0<\/strong>: Banque et Finance\u00a0&#8211; Comptabilit\u00e9 et Gestion de Entreprises\u00a0&#8211; Gestion des Syst\u00e8mes d\u2019Information\u00a0&#8211; Assistant Manager &#8211; Gestion Logistique et Transport &#8211; Assurance.<\/p>\n<p><strong><u>Fili\u00e8re 3<\/u><\/strong>\u00a0: Carri\u00e8res Juridiques<\/p>\n<p><strong><u>Sp\u00e9cialit\u00e9<\/u><\/strong>\u00a0: Douane et Transit<\/p>\n<p>&nbsp;<\/p>\n<p><strong><u>ANCIEN REGIME<\/u><\/strong><\/p>\n<p><strong>\u00a0<\/strong><\/p>\n<ul>\n<li><strong>HND<\/strong><\/li>\n<\/ul>\n<p><strong><u>Fili\u00e8re<\/u><\/strong><strong> : Business, Finance and Management<\/strong><\/p>\n<p><strong><u>Sp\u00e9cialit\u00e9s<\/u><\/strong> : Banking and Finance &#8211; Management &#8211; Marketing &#8211; Accountancy &#8211; Secretarial Studies, Public Service and Administration (<em><u>Options<\/u><\/em> : Public Service and Administration; Executive Secretarial Studies) &#8211; Insurance &#8211; Transport an Logistics.<\/p>\n<p>&nbsp;<\/p>\n","protected":false},"excerpt":{"rendered":"<p>&#46;&#46;&#46;<\/p>\n","protected":false},"author":2,"featured_media":0,"parent":1743,"menu_order":0,"comment_status":"closed","ping_status":"closed","template":"","meta":[],"_links":{"self":[{"href":"https:\/\/www.minesup.gov.cm\/index.php\/wp-json\/wp\/v2\/pages\/7909"}],"collection":[{"href":"https:\/\/www.minesup.gov.cm\/index.php\/wp-json\/wp\/v2\/pages"}],"about":[{"href":"https:\/\/www.minesup.gov.cm\/index.php\/wp-json\/wp\/v2\/types\/page"}],"author":[{"embeddable":true,"href":"https:\/\/www.minesup.gov.cm\/index.php\/wp-json\/wp\/v2\/users\/2"}],"replies":[{"embeddable":true,"href":"https:\/\/www.minesup.gov.cm\/index.php\/wp-json\/wp\/v2\/comments?post=7909"}],"version-history":[{"count":0,"href":"https:\/\/www.minesup.gov.cm\/index.php\/wp-json\/wp\/v2\/pages\/7909\/revisions"}],"up":[{"embeddable":true,"href":"https:\/\/www.minesup.gov.cm\/index.php\/wp-json\/wp\/v2\/pages\/1743"}],"wp:attachment":[{"href":"https:\/\/www.minesup.gov.cm\/index.php\/wp-json\/wp\/v2\/media?parent=7909"}],"curies":[{"name":"wp","href":"https:\/\/api.w.org\/{rel}","templated":true}]}}