{"id":7913,"date":"2019-06-24T14:15:06","date_gmt":"2019-06-24T12:15:06","guid":{"rendered":"https:\/\/minesup.gov.cm\/?page_id=7913"},"modified":"2019-06-24T14:15:06","modified_gmt":"2019-06-24T12:15:06","slug":"institut-superieur-des-metiers-ismet","status":"publish","type":"page","link":"https:\/\/www.minesup.gov.cm\/index.php\/region-du-littoral\/institut-superieur-des-metiers-ismet\/","title":{"rendered":"Institut Sup\u00e9rieur des M\u00e9tiers (ISMET)"},"content":{"rendered":"<p><strong>INFORMATIONS D\u2019IDENTIFICATION<\/strong><\/p>\n<p><strong>Nom de l\u2019institution\u00a0<\/strong>:<strong> Institut Sup\u00e9rieur des M\u00e9tiers (ISMET)<\/strong><br \/>\n<strong>Nom du promoteur<\/strong>\u00a0: <strong>HIENG Olivier<\/strong><br \/>\n<strong>R\u00e9gion\u00a0<\/strong>: Littoral<br \/>\n<strong>D\u00e9partement\u00a0<\/strong>: Wouri<br \/>\n<strong>Arrondissement\u00a0<\/strong>: Douala 3<sup>\u00e8me<\/sup><br \/>\n<strong>Site de localisation\u00a0<\/strong>: PK8<br \/>\n<strong>Adresse postale<\/strong>\u00a0: 2506<br \/>\n<strong>T\u00e9l\u00e9phone\u00a0<\/strong>: 33 37 56 30 \/ 699 90 51 31<br \/>\n<strong>Email<\/strong>\u00a0:<br \/>\n<strong>Site web<\/strong>\u00a0:<br \/>\n<strong>Adresse dans les r\u00e9seaux sociaux\u00a0<\/strong>:<\/p>\n<p><strong>INFORMATIONS SUR LE STATUT D\u2019ACCR\u00c9DITATION<\/strong><\/p>\n<p><strong>Arr\u00eat\u00e9s portant cr\u00e9ation <\/strong>: N\u00b007\/0120\/MINESUP du 02 octobre 2006<\/p>\n<p><strong>Autorisation d\u2019ouverture<\/strong>\u00a0: N\u00b008\/0115\/MINESUP du 05 mai 2008<\/p>\n<p><strong>FILI\u00c8RES, SP\u00c9CIALIT\u00c9S ET DIPL\u00d4MES AUTORIS\u00c9S<\/strong><\/p>\n<p><strong><u>ANCIEN REGIME<\/u><\/strong><\/p>\n<ul>\n<li><strong>BTS<\/strong><\/li>\n<\/ul>\n<p><strong><u>Fili\u00e8re<\/u><\/strong><strong>\u00a0: Industrielle et Technologique.<\/strong><\/p>\n<p><strong><u>Sp\u00e9cialit\u00e9s<\/u><\/strong> : G\u00e9nie Electrique (<em><u>options<\/u><\/em>\u00a0: Electronique\u00a0; Electrotechnique) &#8211; Maintenance des Syst\u00e8mes Informatiques &#8211; G\u00e9nie Civil (<em><u>Options<\/u><\/em><strong>\u00a0:<\/strong> Travaux Publics\u00a0; B\u00e2timent) &#8211; Informatique Industrielle.<\/p>\n<p><strong>\u00a0<\/strong><strong>DSEP<\/strong><\/p>\n<p><strong><u>Fili\u00e8re\u00a01<\/u><\/strong><strong> : G\u00e9nie Civil<\/strong><\/p>\n<p><strong><u>Sp\u00e9cialit\u00e9s<\/u><\/strong> : G\u00e9nie Civil (<em><u>Options<\/u><\/em><strong>\u00a0<\/strong>: Travaux Publics\u00a0; B\u00e2timent)<\/p>\n<p><strong><u>Fili\u00e8re\u00a02<\/u><\/strong><strong> : G\u00e9nie Electrique et T\u00e9l\u00e9communication<\/strong><\/p>\n<p><strong><u>Sp\u00e9cialit\u00e9s<\/u><\/strong> : Electrique et Electrotechnique (<em><u>Options<\/u><\/em><strong>\u00a0<\/strong>: Electronique\u00a0; Electrotechnique\u00a0; T\u00e9l\u00e9communication et R\u00e9seaux) &#8211; Informatique Industrielle (<em><u>Option<\/u><\/em><strong>\u00a0<\/strong>: Informatique Industrielle).<\/p>\n<p>&nbsp;<\/p>\n<p>&nbsp;<\/p>\n","protected":false},"excerpt":{"rendered":"<p>&#46;&#46;&#46;<\/p>\n","protected":false},"author":2,"featured_media":0,"parent":1743,"menu_order":0,"comment_status":"closed","ping_status":"closed","template":"","meta":[],"_links":{"self":[{"href":"https:\/\/www.minesup.gov.cm\/index.php\/wp-json\/wp\/v2\/pages\/7913"}],"collection":[{"href":"https:\/\/www.minesup.gov.cm\/index.php\/wp-json\/wp\/v2\/pages"}],"about":[{"href":"https:\/\/www.minesup.gov.cm\/index.php\/wp-json\/wp\/v2\/types\/page"}],"author":[{"embeddable":true,"href":"https:\/\/www.minesup.gov.cm\/index.php\/wp-json\/wp\/v2\/users\/2"}],"replies":[{"embeddable":true,"href":"https:\/\/www.minesup.gov.cm\/index.php\/wp-json\/wp\/v2\/comments?post=7913"}],"version-history":[{"count":0,"href":"https:\/\/www.minesup.gov.cm\/index.php\/wp-json\/wp\/v2\/pages\/7913\/revisions"}],"up":[{"embeddable":true,"href":"https:\/\/www.minesup.gov.cm\/index.php\/wp-json\/wp\/v2\/pages\/1743"}],"wp:attachment":[{"href":"https:\/\/www.minesup.gov.cm\/index.php\/wp-json\/wp\/v2\/media?parent=7913"}],"curies":[{"name":"wp","href":"https:\/\/api.w.org\/{rel}","templated":true}]}}