{"id":7915,"date":"2019-06-24T14:16:44","date_gmt":"2019-06-24T12:16:44","guid":{"rendered":"https:\/\/minesup.gov.cm\/?page_id=7915"},"modified":"2019-06-24T14:16:44","modified_gmt":"2019-06-24T12:16:44","slug":"institut-superieur-des-sciences-appliquees-au-management-issam-essama","status":"publish","type":"page","link":"https:\/\/www.minesup.gov.cm\/index.php\/region-du-littoral\/institut-superieur-des-sciences-appliquees-au-management-issam-essama\/","title":{"rendered":"Institut Sup\u00e9rieur des Sciences Appliqu\u00e9es  au  Management (ISSAM-ESSAMA)"},"content":{"rendered":"<p><strong>INFORMATIONS D\u2019IDENTIFICATION<\/strong><\/p>\n<p><strong>Nom de l\u2019institution\u00a0<\/strong>:<strong> Institut Sup\u00e9rieur des Sciences Appliqu\u00e9es\u00a0 au\u00a0 Management (ISSAM-ESSAMA)<\/strong><br \/>\n<strong>Nom du promoteur<\/strong>\u00a0: <strong>ESSAMA MENGUE Denis<\/strong><br \/>\n<strong>R\u00e9gion\u00a0<\/strong>: Littoral<br \/>\n<strong>D\u00e9partement\u00a0<\/strong>: Wouri<br \/>\n<strong>Arrondissement\u00a0<\/strong>: Douala 3<sup>\u00e8me<\/sup><br \/>\n<strong>Site de localisation\u00a0<\/strong>: Beedi \u00e0 c\u00f4t\u00e9 de l\u2019H\u00f4pital G\u00e9n\u00e9ral<br \/>\n<strong>Adresse postale<\/strong>\u00a0: 8787 Douala<br \/>\n<strong>T\u00e9l\u00e9phone\u00a0<\/strong>: 677 76 36 37<br \/>\n<strong>Email<\/strong>\u00a0:<br \/>\n<strong>Site web<\/strong>\u00a0:<br \/>\n<strong>Adresse dans les r\u00e9seaux sociaux\u00a0<\/strong>:<\/p>\n<p><strong>\u00a0<\/strong><\/p>\n<p><strong>INFORMATIONS SUR LE STATUT D\u2019ACCR\u00c9DITATION<\/strong><\/p>\n<p><strong>Arr\u00eat\u00e9s portant cr\u00e9ation <\/strong>: N\u00b002\/0197\/MINESUP\/DDES\/ESUP du 18 septembre 2002<\/p>\n<p><strong>Compl\u00e9t\u00e9e par l\u2019arr\u00eat\u00e9\u00a0: <\/strong>N\u00b005\/0021MINESUP du 02 janvier 2005.<\/p>\n<p><strong>Autorisation d\u2019ouverture<\/strong>\u00a0: N\u00b0 05\/0040\/MINESUP du 12 janvier 2005.<\/p>\n<p><strong>FILI\u00c8RES, SP\u00c9CIALIT\u00c9S ET DIPL\u00d4MES AUTORIS\u00c9S<\/strong><\/p>\n<p><strong><u>ANCIEN REGIME<\/u><\/strong><\/p>\n<ul>\n<li><strong>BTS<\/strong><\/li>\n<\/ul>\n<p><strong><u>Fili\u00e8re\u00a01<\/u><\/strong><strong> : Commerciale\u00a0 et de Gestion<\/strong><\/p>\n<p><strong><u>Sp\u00e9cialit\u00e9s<\/u><\/strong><strong>\u00a0<\/strong>: Comptabilit\u00e9 et Gestion des Entreprises\u00a0&#8211; Banque\u00a0&#8211; Informatique de Gestion\u00a0&#8211; Commerce International\u00a0&#8211; Assurances\u00a0&#8211; Action Commerciale &#8211; Secr\u00e9tariat et Bureautique (<em><u>Options<\/u><\/em><strong>\u00a0<\/strong>: Secr\u00e9tariat de Direction\u00a0; Secr\u00e9tariat Bureautique et Bilingue) &#8211; Gestion Logistique et Transport.<\/p>\n<p><u>Fili\u00e8re 2<\/u>\u00a0: Industrielle et Technologique<\/p>\n<p><strong><u>Sp\u00e9cialit\u00e9s<\/u><\/strong><strong>\u00a0:<\/strong> Maintenance des Syst\u00e8mes Informatiques.<\/p>\n<p><strong><u>Fili\u00e8re<\/u><\/strong><strong><u> 3<\/u><\/strong><strong> : Communication<\/strong><\/p>\n<p><strong><u>Sp\u00e9cialit\u00e9<\/u><\/strong>\u00a0: Information-Communication (<em><u>Options<\/u><\/em><strong>\u00a0<\/strong>: Photographie\u00a0;\u00a0 Audio-Visuel).<\/p>\n<p>&nbsp;<\/p>\n<p>&nbsp;<\/p>\n<p>&nbsp;<\/p>\n","protected":false},"excerpt":{"rendered":"<p>&#46;&#46;&#46;<\/p>\n","protected":false},"author":2,"featured_media":0,"parent":1743,"menu_order":0,"comment_status":"closed","ping_status":"closed","template":"","meta":[],"_links":{"self":[{"href":"https:\/\/www.minesup.gov.cm\/index.php\/wp-json\/wp\/v2\/pages\/7915"}],"collection":[{"href":"https:\/\/www.minesup.gov.cm\/index.php\/wp-json\/wp\/v2\/pages"}],"about":[{"href":"https:\/\/www.minesup.gov.cm\/index.php\/wp-json\/wp\/v2\/types\/page"}],"author":[{"embeddable":true,"href":"https:\/\/www.minesup.gov.cm\/index.php\/wp-json\/wp\/v2\/users\/2"}],"replies":[{"embeddable":true,"href":"https:\/\/www.minesup.gov.cm\/index.php\/wp-json\/wp\/v2\/comments?post=7915"}],"version-history":[{"count":0,"href":"https:\/\/www.minesup.gov.cm\/index.php\/wp-json\/wp\/v2\/pages\/7915\/revisions"}],"up":[{"embeddable":true,"href":"https:\/\/www.minesup.gov.cm\/index.php\/wp-json\/wp\/v2\/pages\/1743"}],"wp:attachment":[{"href":"https:\/\/www.minesup.gov.cm\/index.php\/wp-json\/wp\/v2\/media?parent=7915"}],"curies":[{"name":"wp","href":"https:\/\/api.w.org\/{rel}","templated":true}]}}