{"id":7921,"date":"2019-06-24T14:23:07","date_gmt":"2019-06-24T12:23:07","guid":{"rendered":"https:\/\/minesup.gov.cm\/?page_id=7921"},"modified":"2023-09-07T11:00:30","modified_gmt":"2023-09-07T10:00:30","slug":"institut-superieur-des-techniques-tertiaires-et-industrielles-istti","status":"publish","type":"page","link":"https:\/\/www.minesup.gov.cm\/index.php\/region-du-littoral\/institut-superieur-des-techniques-tertiaires-et-industrielles-istti\/","title":{"rendered":"Institut Universitaires des Grandes Ecoles des Tropiques (IUGET)"},"content":{"rendered":"<p style=\"text-align: center;\"><strong>INFORMATIONS D\u2019IDENTIFICATION<\/strong><\/p>\n<p><strong>Nom de l\u2019institution\u00a0<\/strong>: Institut Universitaires des Grandes Ecoles des Tropiques (IUGET)<br \/>\n<strong>Nom du promoteur<\/strong>\u00a0: NGUEPI Joseph<br \/>\n<strong>R\u00e9gion\u00a0<\/strong>: Littoral<br \/>\n<strong>D\u00e9partement\u00a0<\/strong>: Wouri<br \/>\n<strong>Arrondissement\u00a0<\/strong>: Douala 5<sup>\u00e8me<\/sup><br \/>\n<strong>Site de localisation\u00a0<\/strong>: Bonamoussadi (Rond-point MAETUR)<strong><br \/>\nAdresse postale<\/strong>\u00a0: 5419 Douala<br \/>\n<strong>T\u00e9l\u00e9phone\u00a0<\/strong>: 699 90 94 49 \/ 699 56 28 42 \/ 677 95 85 04 \/ 679 77 94 51<br \/>\n<strong>Email<\/strong>\u00a0:<br \/>\n<strong>Site web<\/strong>\u00a0:<br \/>\n<strong>Adresse dans les r\u00e9seaux sociaux\u00a0<\/strong>:<\/p>\n<p style=\"text-align: justify;\">L&rsquo;Institut Universitaires des Grandes Ecoles des Tropiques (IUGET) comprends les \u00e9tablissements ci-apr\u00e8s :<\/p>\n<ul>\n<li><em><strong>L&rsquo;Institut Sup\u00e9rieur des Techniques Tertiaires et Industrielles (ISTTI)<\/strong><\/em><\/li>\n<li><em><strong>La South Polytech (SP)<\/strong><\/em><\/li>\n<li><em><strong>School of Health Sciences (SHS).<\/strong><\/em><\/li>\n<\/ul>\n<p style=\"text-align: center;\"><strong>INFORMATIONS SUR LE STATUT D\u2019ACCR\u00c9DITATION<\/strong><\/p>\n<p><strong>Arr\u00eat\u00e9s portant cr\u00e9ation <\/strong>: N\u00b008\/0095\/MINESUP du 05 mai 2008<br \/>\n<strong>Autorisation d\u2019ouverture<\/strong>\u00a0: N\u00b014\/0402\/MINESUP\/SG\/DDES\/ du 04 juillet 2014<\/p>\n<p style=\"text-align: center;\"><strong>FILI\u00c8RES, SP\u00c9CIALIT\u00c9S ET DIPL\u00d4MES AUTORIS\u00c9S<\/strong><\/p>\n<p><strong><u>ANCIEN REGIME<\/u><\/strong><\/p>\n<ul>\n<li><strong>BTS<\/strong><\/li>\n<\/ul>\n<p style=\"text-align: justify;\"><strong><u>Fili\u00e8re 1<\/u>\u00a0<\/strong>: Commerciale et de Gestion<br \/>\n<strong><u>Sp\u00e9cialit\u00e9s<\/u><\/strong>\u00a0: Action Commerciale &#8211; Banque &#8211; Comptabilit\u00e9 et Gestion des Entreprises &#8211; Secr\u00e9tariat et Bureautique (<em><u>Options<\/u><\/em>\u00a0: Secr\u00e9tariat de Direction\u00a0; Secr\u00e9tariat Bureautique Bilingue) &#8211; Commerce International &#8211; Informatique de Gestion &#8211; Gestion Logistique et Transport.<br \/>\n<strong><u>Fili\u00e8re 2<\/u>\u00a0<\/strong>: Communication<br \/>\n<strong><u>Sp\u00e9cialit\u00e9<\/u><\/strong>\u00a0: Communication-Information (<em><u>Option<\/u><\/em>\u00a0: Communication d\u2019Entreprise).<\/p>\n<ul>\n<li><strong>DSEP<\/strong><\/li>\n<\/ul>\n<p><strong><u>Fili\u00e8re 1<\/u><\/strong><strong>\u00a0: Informatique<\/strong><br \/>\n<strong><u>Sp\u00e9cialit\u00e9s<\/u><\/strong> : G\u00e9nie Informatique &#8211; Maintenance Informatique.<br \/>\n<strong><u>Fili\u00e8re 2<\/u><\/strong><strong> : Finance et Comptabilit\u00e9<\/strong><br \/>\n<strong><u>Fili\u00e8re 3<\/u><\/strong><strong> : Marketing, Commerce et Vente<\/strong><br \/>\n<strong><u>Fili\u00e8re 4<\/u><\/strong><strong> : Banque<\/strong><br \/>\n<strong><u>Fili\u00e8re 5<\/u><\/strong><strong> : Expertise Comptable<\/strong><br \/>\n<strong><u>Fili\u00e8re 6<\/u><\/strong><strong> : Gestion des Entreprises et des Administrations<\/strong><br \/>\n<strong><u>Sp\u00e9cialit\u00e9<\/u><\/strong>\u00a0: Ressources Humaines.<\/p>\n<ul>\n<li><strong>HND<\/strong><\/li>\n<\/ul>\n<p><strong><u>Fili\u00e8re<\/u><\/strong><strong> : Business, Finance and Management<\/strong><br \/>\n<strong><u>Sp\u00e9cialit\u00e9s<\/u><\/strong> : Banking and Finance &#8211; Management &#8211; Marketing &#8211; Accountancy &#8211; Secretarial Studies, Public Service and Administration (<em><u>Options<\/u><\/em> : Public Service and Administration; Executive Secretarial Studies).<br \/>\n<strong>\u00a0<\/strong><strong>\u00a0 \u00a0 \u00a0 \u00a0 \u00a0 \u00a0 \u00a0 \u00a0 \u00a0 \u00a0 \u00a0 \u00a0 \u00a0 \u00a0 \u00a0 \u00a0 \u00a0 \u00a0 \u00a0 \u00a0 \u00a0 \u00a0 \u00a0 \u00a0 \u00a0 \u00a0 \u00a0<\/strong><strong><u>FORMATIONS SOUS TUTELLES<\/u><\/strong><\/p>\n<p><strong style=\"color: initial;\">Licence Professionnelle de l\u2019Universit\u00e9 de Douala<\/strong><\/p>\n<p><strong><u>Fili\u00e8re 1<\/u><\/strong> :<strong> Commerciale et de Gestion<\/strong><\/p>\n<p style=\"text-align: justify;\"><strong><u>Sp\u00e9cialit\u00e9s<\/u><\/strong>\u00a0: Banque et Finance &#8211; Comptabilit\u00e9 et Finance &#8211; Audit et Contr\u00f4le de Gestion \u2013 Marketing, Commerce, Vente &#8211; Marketing Manager Op\u00e9rationnel &#8211; Ing\u00e9nierie de la Communication &#8211; Communication d\u2019Entreprise &#8211; Gestion des Ressources Humaines, Logistique et Transport &#8211; Assurance &#8211; Commerce International.<br \/>\n<strong><u>Fili\u00e8re 2<\/u><\/strong> :<strong> Communication<\/strong><br \/>\n<strong><u>Sp\u00e9cialit\u00e9s<\/u><\/strong>\u00a0: Ing\u00e9nierie de la Communication &#8211; Communication d\u2019Entreprise.<\/p>\n<ul>\n<li><strong>Profesional Bachelor de l\u2019Universit\u00e9 de Douala<\/strong><\/li>\n<\/ul>\n<p><strong><u>Fili\u00e8re<\/u><\/strong>\u00a0: <strong>Business, Finance and Management<\/strong><br \/>\n<strong><u>Sp\u00e9cialit\u00e9s<\/u><\/strong> : Banking and Finance &#8211; Management &#8211; Marketing &#8211; Accounting &#8211; Insurance<\/p>\n<ul>\n<li><strong>Master Professionnel de l\u2019Universit\u00e9 de Douala<\/strong><\/li>\n<\/ul>\n<p><strong><u>Fili\u00e8re<\/u><\/strong>\u00a0: <strong>Commerciale et de Gestion<\/strong><\/p>\n<p><strong><u>Sp\u00e9cialit\u00e9s<\/u><\/strong><strong>\u00a0<\/strong>: Banque &#8211; Contr\u00f4le et Audit &#8211; Marketing et Communication &#8211; Gestion des Ressources Humaines &#8211; Finance et Management des Organisations &#8211; Supply Chain Management &#8211; Commerce International.<br \/>\n<u><\/u><\/p>\n<p><strong><u>REORGANISATION PLUS CHANGEMENT DE DENOMINATION<\/u><\/strong><br \/>\n<u>Nouvelle d\u00e9nomination<\/u> : <strong>Institut Universitaires des Grandes Ecoles des Tropiques (IUGET)<\/strong><br \/>\n<u>Les Etablissements<\/u>\u00a0: <strong>Institut Sup\u00e9rieur des Techniques Tertiaires et Industrielles (ISTTI) \u2013 South Polytech<\/strong> <strong>(SP)<\/strong>.<\/p>\n<ul>\n<li><strong><u>Institut Sup\u00e9rieur des Techniques Tertiaires et Industrielles<\/u> (ISTTI)<\/strong><\/li>\n<\/ul>\n<p><u>Cycles de formation<\/u><strong>\u00a0<\/strong>:<strong> 1<sup>er<\/sup> et 2<sup>nd<\/sup> <\/strong><\/p>\n<p><u>Dipl\u00f4mes autoris\u00e9s<\/u> <strong>: BTS, HND, Capacit\u00e9 en Droit, Bachelor, Licence Professionnelle, Master Professionnel.<\/strong><\/p>\n<p><u>Tutelles Acad\u00e9miques<\/u><strong>\u00a0: Universit\u00e9s de Douala et de Bamenda.<\/strong><\/p>\n<ul>\n<li><strong>Pour le BTS (nouveau r\u00e9gime)<\/strong><\/li>\n<\/ul>\n<p><u>Fili\u00e8re<\/u>\u00a0: <strong>Commerce-Vente<\/strong><\/p>\n<p><u>Sp\u00e9cialit\u00e9s<\/u>\u00a0: Commerce International <strong>\u2013<\/strong> Marketing-Commerce-Vente<\/p>\n<p style=\"text-align: justify;\"><u>Fili\u00e8re<\/u> : <strong>Gestion<\/strong><br \/>\n<u>Sp\u00e9cialit\u00e9s<\/u>\u00a0: Gestion des Collectivit\u00e9s Territoriales (<u>Option<\/u>\u00a0: Comptabilit\u00e9 et Finances Publiques, Fiscalit\u00e9 des Collectivit\u00e9s Territoriales, Administration des Collectivit\u00e9s Territoriales) &#8211; Assurance \u2013 Gestion Logistique et Transport &#8211; Micro finance \u2013 Gestion de la Qualit\u00e9 \u2013 Gestion des ONG \u2013 Gestion des Projets \u2013 Management du Sport \u2013 Comptabilit\u00e9 et Gestion des Entreprises \u2013 Banque et Finance &#8211; Statistiques \u2013 Management Ev\u00e9nementiel \u2013 Gestion des Syst\u00e8mes d\u2019Information \u2013 Assistant Manager \u2013 Ressources Humaines.<br \/>\n<u>Fili\u00e8re<\/u>: <strong>Carri\u00e8res Juridiques<\/strong><br \/>\n<u>Sp\u00e9cialit\u00e9s<\/u>\u00a0: Assistant Judiciaire \u2013 Droit des Affaires et de l\u2019Entreprise \u2013 Droit Foncier et Domanial \u2013 M\u00e9tier de la Bourse \u2013 Gestion Fiscale \u2013 Douane et Transit.<br \/>\n<u>Fili\u00e8re<\/u> : <strong>Tourisme H\u00f4tellerie et Restauration<\/strong><br \/>\n<u>Sp\u00e9cialit\u00e9s<\/u>\u00a0: Tourisme et Loisirs (<u>Option<\/u>\u00a0: Management Touristique)<br \/>\n<u>Fili\u00e8re<\/u> : <strong>Arts et M\u00e9tiers de la Culture<\/strong><br \/>\n<u>Sp\u00e9cialit\u00e9s<\/u>\u00a0: Design (<u>Options<\/u>\u00a0: Design Int\u00e9rieur, Design Graphique, Design Produit)<br \/>\n<u>Fili\u00e8re<\/u> : <strong>Information et Communication<\/strong><br \/>\n<u>Sp\u00e9cialit\u00e9s<\/u>\u00a0: Journalisme \u2013 Communication des Organisations.<br \/>\n<u>Fili\u00e8re<\/u>\u00a0: <strong>Sciences de l\u2019Education<\/strong><br \/>\n<u>Sp\u00e9cialit\u00e9s<\/u>\u00a0: Administration Scolaire \u2013 Orientation Scolaire et Professionnelle \u2013 Andragogie.<\/p>\n<ul>\n<li><strong>Pour le HND (ancien r\u00e9gime)<\/strong><\/li>\n<\/ul>\n<p style=\"text-align: justify;\"><u>Fili\u00e8re<\/u>: <strong>Business, Finance and Management<\/strong><br \/>\n<u>Sp\u00e9cialit\u00e9s<\/u>: Banking and Finance \u2013 Management \u2013 Marketing \u2013 Accountancy \u2013 Secretarial Studies \u2013 Public Service and Administration (<u>Option<\/u>: Public Service and Administration, Executive Secretarial Studies) &#8211; Transport and Logistics \u2013 International Trade \u2013 Insurance \u2013 Human Resource.<\/p>\n<ul>\n<li><strong>Pour le Bachelor<\/strong> (Sous la tutelle Acad\u00e9mique de l\u2019Universit\u00e9 de Bamenda)<\/li>\n<\/ul>\n<p><strong>\u00a0<\/strong><strong>Higher Institute of Commerce and Management (HICM)<\/strong><\/p>\n<p><u>Fili\u00e8re<\/u>: Business Finance and Management<\/p>\n<p style=\"text-align: justify;\"><u>Sp\u00e9cialit\u00e9s<\/u>: Banking and Finance \u2013 Management \u2013 Marketing \u2013 Accounting \u2013 Insurance &#8211; Human Ressources Management \u2013 International Trade.<\/p>\n<p><strong>\u00a0<\/strong><strong>Higher Institute of Transport and Logistics (HITL)<\/strong><\/p>\n<p><u>Fili\u00e8re<\/u>\u00a0: Business Finance and Management<\/p>\n<p><u>Sp\u00e9cialit\u00e9s<\/u>\u00a0: Transport and Logistics.<\/p>\n<ul>\n<li><strong>Pour la Capacit\u00e9 en Droit<\/strong> (Sous la Tutelle Acad\u00e9mique de l\u2019Universit\u00e9 de Douala) \u2013<\/li>\n<\/ul>\n<p><strong>Facult\u00e9 des Sciences Juridiques et Politiques<\/strong> (FSJP)<\/p>\n<p><u>Sp\u00e9cialit\u00e9<\/u>\u00a0: Capacit\u00e9 en Droit.<\/p>\n<p><strong style=\"color: initial;\">Pour la Licence Professionnelle<\/strong><span style=\"color: initial;\"> (Sous la Tutelle Acad\u00e9mique de l\u2019Universit\u00e9 de Douala)<\/span><\/p>\n<p><strong>\u00a0<\/strong><strong>Facult\u00e9 des Sciences Juridiques et Politiques <\/strong>(FSJP)<\/p>\n<p><u>Fili\u00e8re<\/u>\u00a0: Droit<\/p>\n<p><u>Sp\u00e9cialit\u00e9s<\/u>\u00a0: Droit des Affaires<\/p>\n<p><strong>\u00a0<\/strong><strong>Facult\u00e9 des Sciences Economiques et de Gestion Appliqu\u00e9e<\/strong> (FSEGA)<\/p>\n<p><u>Fili\u00e8re<\/u>\u00a0: Commerciale et de Gestion<\/p>\n<p><u>Sp\u00e9cialit\u00e9s<\/u>\u00a0: Banque et Finance \u2013 Comptabilit\u00e9 et Finance \u2013 Audit et Contr\u00f4le de Gestion \u2013 Marketing, Commerce, Vente \u2013 Marketing Management Op\u00e9rationnel \u2013 Communication d\u2019Entreprise \u2013 Gestion des Ressources Humaines \u2013 Gestion Logistique et Transport \u2013 Assurance \u2013 Commerce International \u2013 Marketing et Communication.<\/p>\n<p><strong>Facult\u00e9 des Lettres et Sciences Humaines<\/strong> (FLSH)<\/p>\n<p><u>Fili\u00e8re<\/u>\u00a0: Sciences Humaines et Communication<\/p>\n<p><u>Sp\u00e9cialit\u00e9s<\/u>\u00a0: Gestion des Ressources Humaines \u2013 Communication d\u2019Entreprise.<\/p>\n<p><strong>Facult\u00e9 du G\u00e9nie Industriel<\/strong>\u00a0(FGI)<\/p>\n<p><u>Fili\u00e8re<\/u>\u00a0: Industrielle et Technologique<\/p>\n<p><u>Sp\u00e9cialit\u00e9<\/u>\u00a0: Transport et Logistique<\/p>\n<ul>\n<li><strong>Pour le Master Professionnel<\/strong> (Sous la Tutelle Acad\u00e9mique de l\u2019Universit\u00e9 de Douala)<\/li>\n<\/ul>\n<p><strong>Facult\u00e9 des Sciences Juridiques et Politiques <\/strong>(FSJP)<\/p>\n<p><u>Fili\u00e8re<\/u>\u00a0: Gestion et Droit<\/p>\n<p><u>Sp\u00e9cialit\u00e9s<\/u>\u00a0: Fiscalit\u00e9 \u2013 Droit des Affaires.<\/p>\n<p><strong>Facult\u00e9 des Lettres et Sciences Humaines<\/strong> (FLSH)<\/p>\n<p><u>Fili\u00e8re<\/u>\u00a0: Sciences Humaines et Communication<\/p>\n<p><u>Sp\u00e9cialit\u00e9s<\/u>\u00a0: Communication des Organisations \u2013 Gestion des Ressources Humaines (<u>Options<\/u>\u00a0: Psychologie Appliqu\u00e9e \u00e0 la GRH, Management des Ressources Humaines)<\/p>\n<p><strong>Facult\u00e9 des Sciences Economiques et de Gestion Appliqu\u00e9e<\/strong> (FSEGA)<\/p>\n<p><u>Fili\u00e8re<\/u>\u00a0: Commerciale et de Gestion<\/p>\n<p>Sp\u00e9cialit\u00e9s\u00a0: Banque \u2013 Contr\u00f4le et Audit \u2013 Marketing et Communication \u2013 Gestion des Ressources Humaines \u2013 Finance et Management des Organisations \u2013 Commerce International.<\/p>\n<ul>\n<li><strong><u>South Polytech<\/u><\/strong><strong> (SP)<\/strong><\/li>\n<\/ul>\n<p><u>Cycles de formation<\/u>\u00a0: 1<sup>er<\/sup> et 2<sup>nd<\/sup><\/p>\n<p><u>Dipl\u00f4mes autoris\u00e9s<\/u>\u00a0: <strong>BTS, Licence Professionnelle, Master Professionnel<\/strong><\/p>\n<p><u>Tutelles Acad\u00e9miques<\/u>\u00a0: <strong>Universit\u00e9s de Douala <\/strong><\/p>\n<p><strong style=\"color: initial;\">Pour le BTS<\/strong><\/p>\n<p><u>Fili\u00e8re<\/u>: <strong>G\u00e9nie Electrique<\/strong><\/p>\n<p><u>Sp\u00e9cialit\u00e9s<\/u>\u00a0: Electrotechnique &#8211; Maintenance des Syst\u00e8mes Electroniques \u2013 Energies Renouvelables \u2013 Contr\u00f4le Instrumentation et R\u00e9gulation \u2013 Maintenance des Equipements Industriels.<\/p>\n<p><u>Fili\u00e8re<\/u>: <strong>G\u00e9nie Civil<\/strong><\/p>\n<p><u>Sp\u00e9cialit\u00e9s<\/u>\u00a0: B\u00e2timent \u2013 Travaux Public \u2013 G\u00e9om\u00e8tre Topographe &#8211; G\u00e9otechnique et G\u00e9ologie Appliqu\u00e9e \u2013 Urbanisme.<\/p>\n<p><u>Fili\u00e8re<\/u>: <strong>G\u00e9nie M\u00e9canique et Productique<\/strong><\/p>\n<p><u>Sp\u00e9cialit\u00e9s<\/u>\u00a0: Chaudronnerie et Soudure \u2013 Construction M\u00e9tallique \u2013 Maintenance des Syst\u00e8mes Industriels (<u>Option<\/u>\u00a0: Maintenance Industrielle et Productique) \u2013 M\u00e9canique et Electronique Automobile (<u>Option<\/u>\u00a0: M\u00e9catronique, Maintenance Apr\u00e8s-Vente Automobile) \u2013 Fabrication M\u00e9canique \u2013 Construction M\u00e9canique.<\/p>\n<p><u>Fili\u00e8re<\/u>: <strong>G\u00e9nie Thermique <\/strong><\/p>\n<p><u>Sp\u00e9cialit\u00e9s<\/u>\u00a0: G\u00e9nie Thermique et Energie (<u>Options<\/u>\u00a0: Froid et Climatisation, Maintenance des Syst\u00e8mes Fluides)<\/p>\n<p><u>Fili\u00e8re<\/u>: <strong>G\u00e9nie G\u00e9ologique et P\u00e9trolier<\/strong><\/p>\n<p><u>Sp\u00e9cialit\u00e9s<\/u>\u00a0: Mines et G\u00e9ologie Appliqu\u00e9es \u2013 Ing\u00e9nierie P\u00e9troli\u00e8re.<\/p>\n<p><u>Fili\u00e8re<\/u> : <strong>G\u00e9nie Informatique<\/strong><\/p>\n<p><u>Sp\u00e9cialit\u00e9s<\/u>\u00a0: G\u00e9nie Logiciel \u2013 Infographie et Webdesign \u2013 Maintenance des Syst\u00e8mes Informatiques &#8211; Informatique Industrielle et Automatisme \u2013 E-commerce et Marketing Num\u00e9rique.<\/p>\n<p><u>Fili\u00e8re<\/u>\u00a0: <strong>R\u00e9seaux et T\u00e9l\u00e9communication<\/strong><\/p>\n<p><u>Sp\u00e9cialit\u00e9<\/u>\u00a0: T\u00e9l\u00e9communication \u2013 R\u00e9seaux et S\u00e9curit\u00e9.<\/p>\n<ul>\n<li><strong><u>Pour la Licence Professionnelle<\/u><\/strong> (Sous la Tutelle Acad\u00e9mique de l\u2019Universit\u00e9 de Douala)<\/li>\n<\/ul>\n<p><strong><u>Facult\u00e9 du G\u00e9nie Industrielle <\/u><\/strong>(FGI)<\/p>\n<p><u>Fili\u00e8re<\/u>\u00a0: Industrielle et Technologique<\/p>\n<p><u>Sp\u00e9cialit\u00e9<\/u>\u00a0: R\u00e9seaux et Multim\u00e9dia \u2013 G\u00e9nie Civil et Environnement \u2013 Syst\u00e8me Informatique et R\u00e9seaux \u2013 Qualit\u00e9, Hygi\u00e8ne, S\u00e9curit\u00e9, Environnement \u2013 G\u00e9nie Informatique Industrielle et M\u00e9catronique \u2013 G\u00e9nie Electrique.<strong>\u00a0\u00a0\u00a0\u00a0\u00a0\u00a0 <\/strong><\/p>\n<ul>\n<li><strong><u>Pour le Master Professionnel<\/u><\/strong> (Sous la Tutelle Acad\u00e9mique de l\u2019Universit\u00e9 de Douala)<\/li>\n<\/ul>\n<p><strong><u>Facult\u00e9 du G\u00e9nie Industriel<\/u><\/strong> (FGI)<\/p>\n<p><u>Fili\u00e8re<\/u>\u00a0: Industrielle et Technologique<\/p>\n<p><u>Sp\u00e9cialit\u00e9<\/u>\u00a0: Syst\u00e8me Informatique et R\u00e9seaux \u2013 G\u00e9nie Electrique &#8211; G\u00e9nie Civil et Environnement.<\/p>\n","protected":false},"excerpt":{"rendered":"<p>&#46;&#46;&#46;<\/p>\n","protected":false},"author":2,"featured_media":0,"parent":1743,"menu_order":0,"comment_status":"closed","ping_status":"closed","template":"","meta":[],"_links":{"self":[{"href":"https:\/\/www.minesup.gov.cm\/index.php\/wp-json\/wp\/v2\/pages\/7921"}],"collection":[{"href":"https:\/\/www.minesup.gov.cm\/index.php\/wp-json\/wp\/v2\/pages"}],"about":[{"href":"https:\/\/www.minesup.gov.cm\/index.php\/wp-json\/wp\/v2\/types\/page"}],"author":[{"embeddable":true,"href":"https:\/\/www.minesup.gov.cm\/index.php\/wp-json\/wp\/v2\/users\/2"}],"replies":[{"embeddable":true,"href":"https:\/\/www.minesup.gov.cm\/index.php\/wp-json\/wp\/v2\/comments?post=7921"}],"version-history":[{"count":1,"href":"https:\/\/www.minesup.gov.cm\/index.php\/wp-json\/wp\/v2\/pages\/7921\/revisions"}],"predecessor-version":[{"id":17472,"href":"https:\/\/www.minesup.gov.cm\/index.php\/wp-json\/wp\/v2\/pages\/7921\/revisions\/17472"}],"up":[{"embeddable":true,"href":"https:\/\/www.minesup.gov.cm\/index.php\/wp-json\/wp\/v2\/pages\/1743"}],"wp:attachment":[{"href":"https:\/\/www.minesup.gov.cm\/index.php\/wp-json\/wp\/v2\/media?parent=7921"}],"curies":[{"name":"wp","href":"https:\/\/api.w.org\/{rel}","templated":true}]}}