{"id":7923,"date":"2019-06-24T14:25:31","date_gmt":"2019-06-24T12:25:31","guid":{"rendered":"https:\/\/minesup.gov.cm\/?page_id=7923"},"modified":"2019-06-24T14:25:31","modified_gmt":"2019-06-24T12:25:31","slug":"institut-superieur-du-genie-thermique-et-energetique","status":"publish","type":"page","link":"https:\/\/www.minesup.gov.cm\/index.php\/region-du-littoral\/institut-superieur-du-genie-thermique-et-energetique\/","title":{"rendered":"Institut Sup\u00e9rieur du G\u00e9nie Thermique et \u00c9nerg\u00e9tique"},"content":{"rendered":"<p><strong>INFORMATIONS D\u2019IDENTIFICATION<\/strong><\/p>\n<p><strong>Nom de l\u2019institution\u00a0<\/strong>: <strong>Institut Sup\u00e9rieur du G\u00e9nie Thermique et \u00c9nerg\u00e9tique<\/strong><\/p>\n<p><strong>Nom du promoteur<\/strong>\u00a0: <strong>KEMAJOU Alexis<\/strong><br \/>\n<strong>R\u00e9gion\u00a0<\/strong>: Littoral<br \/>\n<strong>D\u00e9partement\u00a0<\/strong>: Wouri<br \/>\n<strong>Arrondissement\u00a0<\/strong>: Douala 3<sup>\u00e8me<\/sup><br \/>\n<strong>Site de localisation\u00a0<\/strong>: Ndogbong<br \/>\n<strong>Adresse postale<\/strong>\u00a0: 15687 Douala<br \/>\n<strong>T\u00e9l\u00e9phone\u00a0<\/strong>: 677 76 74 80<br \/>\n<strong>Email<\/strong>\u00a0:<br \/>\n<strong>Site web<\/strong>\u00a0:<br \/>\n<strong>Adresse dans les r\u00e9seaux sociaux\u00a0<\/strong>:<\/p>\n<p><strong>INFORMATIONS SUR LE STATUT D\u2019ACCR\u00c9DITATION<\/strong><\/p>\n<p><strong>Arr\u00eat\u00e9s portant cr\u00e9ation <\/strong>: N\u00b008\/0099\/MINESUP du 05 mai 2008<br \/>\n<strong>Autorisation d\u2019ouverture<\/strong>\u00a0: N\u00b013\/0594\/MINESUP du 02 d\u00e9cembre 2013<\/p>\n<p><strong>FILI\u00c8RES, SP\u00c9CIALIT\u00c9S ET DIPL\u00d4MES AUTORIS\u00c9S<\/strong><\/p>\n<p><strong><u>ANCIEN REGIME<\/u><\/strong><\/p>\n<ul>\n<li><strong>BTS<\/strong><\/li>\n<\/ul>\n<p><strong><u>Fili\u00e8re 1<\/u><\/strong><strong>\u00a0: Commerciale et de Gestion<\/strong><\/p>\n<p><strong><u>Sp\u00e9cialit\u00e9s<\/u><\/strong> : Comptabilit\u00e9 et Gestion des Entreprises &#8211; Banque &#8211; Commerce International &#8211; Assurances &#8211; Informatique de Gestion &#8211; Action Commerciale.<\/p>\n<p><strong><u>Fili\u00e8re 2<\/u><\/strong><strong>\u00a0: Industrielle et Technologique<\/strong><\/p>\n<p><strong><u>Sp\u00e9cialit\u00e9s<\/u><\/strong> : Maintenance des Syst\u00e8mes Informatiques &#8211; Informatique Industrielle &#8211; Automatismes Industrielle &#8211; G\u00e9nie Electrique (<em><u>Options<\/u><\/em>\u00a0: Electronique, Electrotechnique).<\/p>\n<p><strong>\u00a0<\/strong><strong>DSEP<\/strong><\/p>\n<p><strong><u>Fili\u00e8re 1<\/u><\/strong><strong>\u00a0: informatique<\/strong><\/p>\n<p><strong><u>Sp\u00e9cialit\u00e9<\/u><\/strong><strong> : <\/strong>G\u00e9nie Informatique.<\/p>\n<p><strong><u>Fili\u00e8re 2<\/u><\/strong><strong>\u00a0: G\u00e9nie M\u00e9canique<\/strong><\/p>\n<p><strong>\u00a0<\/strong><\/p>\n<p>&nbsp;<\/p>\n<p>&nbsp;<\/p>\n","protected":false},"excerpt":{"rendered":"<p>&#46;&#46;&#46;<\/p>\n","protected":false},"author":2,"featured_media":0,"parent":1743,"menu_order":0,"comment_status":"closed","ping_status":"closed","template":"","meta":[],"_links":{"self":[{"href":"https:\/\/www.minesup.gov.cm\/index.php\/wp-json\/wp\/v2\/pages\/7923"}],"collection":[{"href":"https:\/\/www.minesup.gov.cm\/index.php\/wp-json\/wp\/v2\/pages"}],"about":[{"href":"https:\/\/www.minesup.gov.cm\/index.php\/wp-json\/wp\/v2\/types\/page"}],"author":[{"embeddable":true,"href":"https:\/\/www.minesup.gov.cm\/index.php\/wp-json\/wp\/v2\/users\/2"}],"replies":[{"embeddable":true,"href":"https:\/\/www.minesup.gov.cm\/index.php\/wp-json\/wp\/v2\/comments?post=7923"}],"version-history":[{"count":0,"href":"https:\/\/www.minesup.gov.cm\/index.php\/wp-json\/wp\/v2\/pages\/7923\/revisions"}],"up":[{"embeddable":true,"href":"https:\/\/www.minesup.gov.cm\/index.php\/wp-json\/wp\/v2\/pages\/1743"}],"wp:attachment":[{"href":"https:\/\/www.minesup.gov.cm\/index.php\/wp-json\/wp\/v2\/media?parent=7923"}],"curies":[{"name":"wp","href":"https:\/\/api.w.org\/{rel}","templated":true}]}}