{"id":7925,"date":"2019-06-24T14:32:54","date_gmt":"2019-06-24T12:32:54","guid":{"rendered":"https:\/\/minesup.gov.cm\/?page_id=7925"},"modified":"2019-06-24T14:32:54","modified_gmt":"2019-06-24T12:32:54","slug":"institut-superieur-du-tourisme-de-lhotellerie-et-des-arts-culinaires-isthac","status":"publish","type":"page","link":"https:\/\/www.minesup.gov.cm\/index.php\/region-du-littoral\/institut-superieur-du-tourisme-de-lhotellerie-et-des-arts-culinaires-isthac\/","title":{"rendered":"Institut Sup\u00e9rieur du Tourisme, de l\u2019H\u00f4tellerie et des Arts Culinaires (ISTHAC)"},"content":{"rendered":"<p><strong>INFORMATIONS D\u2019IDENTIFICATION<\/strong><\/p>\n<p><strong>Nom de l\u2019institution\u00a0<\/strong>:<strong> Institut Sup\u00e9rieur du Tourisme, de l\u2019H\u00f4tellerie et des Arts Culinaires (ISTHAC)<\/strong><br \/>\n<strong>Nom du promoteur<\/strong>\u00a0: <strong>TEUFACK Pascal<\/strong><br \/>\n<strong>R\u00e9gion\u00a0<\/strong>: Liottoral<br \/>\n<strong>D\u00e9partement\u00a0<\/strong>: Wouri<br \/>\n<strong>Arrondissement\u00a0<\/strong>: Douala 4<sup>\u00e8me<\/sup><br \/>\n<strong>Site de localisation\u00a0<\/strong>: Bonab\u00e9ri<br \/>\n<strong>Adresse postale<\/strong>\u00a0: 2558 Douala<br \/>\n<strong>T\u00e9l\u00e9phone\u00a0<\/strong>:343 60 24 92 \/ 656 08 98 92<br \/>\n<strong>Email<\/strong>\u00a0:<br \/>\n<strong>Site web<\/strong>\u00a0:<br \/>\n<strong>Adresse dans les r\u00e9seaux sociaux\u00a0<\/strong>:<\/p>\n<p><strong>INFORMATIONS SUR LE STATUT D\u2019ACCR\u00c9DITATION<\/strong><\/p>\n<p><strong>Arr\u00eat\u00e9s portant cr\u00e9ation <\/strong>: N\u00b011\/0042\/MINESUP du 12 janvier 2011<\/p>\n<p><strong>Autorisation d\u2019ouverture<\/strong>\u00a0: N\u00b015\/0136\/MINESUP\/SG\/DDES du 02 avril 2015<\/p>\n<p><strong>FILI\u00c8RES, SP\u00c9CIALIT\u00c9S ET DIPL\u00d4MES AUTORIS\u00c9S<\/strong><\/p>\n<p><strong><u>ANCIEN REGIME<\/u><\/strong><\/p>\n<ul>\n<li><strong>BTS<\/strong><\/li>\n<\/ul>\n<p><strong><u>Fili\u00e8re<\/u><\/strong><strong>\u00a0: Touristique et Sociale<\/strong><\/p>\n<p><strong><u>Sp\u00e9cialit\u00e9s<\/u><\/strong><strong>\u00a0<\/strong>: H\u00f4tellerie et Restauration &#8211; Tourisme et Loisirs.<\/p>\n<p>&nbsp;<\/p>\n<p><strong>NOUVEAU REGIME<\/strong><\/p>\n<p><strong><u>Fili\u00e8re<\/u><\/strong><strong>\u00a0: G\u00e9nie Biologique<\/strong><\/p>\n<p><strong><u>Sp\u00e9cialit\u00e9s<\/u><\/strong><strong>\u00a0<\/strong>: Di\u00e9t\u00e9tique.<\/p>\n<p><strong>\u00a0<\/strong><\/p>\n<p><strong>\u00a0\u00a0\u00a0\u00a0\u00a0\u00a0\u00a0\u00a0\u00a0\u00a0\u00a0\u00a0\u00a0\u00a0\u00a0\u00a0\u00a0\u00a0\u00a0\u00a0\u00a0\u00a0\u00a0\u00a0\u00a0\u00a0\u00a0\u00a0\u00a0\u00a0\u00a0\u00a0\u00a0\u00a0\u00a0\u00a0\u00a0\u00a0\u00a0\u00a0\u00a0\u00a0\u00a0\u00a0\u00a0\u00a0\u00a0\u00a0 <u>FORMATIONS SOUS TUTELLES<\/u><\/strong><\/p>\n<p><strong><u>\u00a0<\/u><\/strong><\/p>\n<ul>\n<li><strong>Licence Professionnelle sous la tutelle de l\u2019Universit\u00e9 de Cergy pontoise<\/strong><\/li>\n<\/ul>\n<p><strong><u>Fili\u00e8re 1<\/u><\/strong><strong>\u00a0: Restauration<\/strong><\/p>\n<p><strong><u>Fili\u00e8re 2<\/u><\/strong><strong>\u00a0: H\u00f4tellerie<\/strong><\/p>\n<p><strong>\u00a0<\/strong><\/p>\n<ul>\n<li><strong>Licence Professionnelle sous la tutelle de l\u2019Universit\u00e9 d\u2019Angers<\/strong><\/li>\n<\/ul>\n<p><strong><u>Fili\u00e8re<\/u><\/strong><strong> : Tourisme et Loisirs<\/strong><\/p>\n","protected":false},"excerpt":{"rendered":"<p>&#46;&#46;&#46;<\/p>\n","protected":false},"author":2,"featured_media":0,"parent":1743,"menu_order":0,"comment_status":"closed","ping_status":"closed","template":"","meta":[],"_links":{"self":[{"href":"https:\/\/www.minesup.gov.cm\/index.php\/wp-json\/wp\/v2\/pages\/7925"}],"collection":[{"href":"https:\/\/www.minesup.gov.cm\/index.php\/wp-json\/wp\/v2\/pages"}],"about":[{"href":"https:\/\/www.minesup.gov.cm\/index.php\/wp-json\/wp\/v2\/types\/page"}],"author":[{"embeddable":true,"href":"https:\/\/www.minesup.gov.cm\/index.php\/wp-json\/wp\/v2\/users\/2"}],"replies":[{"embeddable":true,"href":"https:\/\/www.minesup.gov.cm\/index.php\/wp-json\/wp\/v2\/comments?post=7925"}],"version-history":[{"count":0,"href":"https:\/\/www.minesup.gov.cm\/index.php\/wp-json\/wp\/v2\/pages\/7925\/revisions"}],"up":[{"embeddable":true,"href":"https:\/\/www.minesup.gov.cm\/index.php\/wp-json\/wp\/v2\/pages\/1743"}],"wp:attachment":[{"href":"https:\/\/www.minesup.gov.cm\/index.php\/wp-json\/wp\/v2\/media?parent=7925"}],"curies":[{"name":"wp","href":"https:\/\/api.w.org\/{rel}","templated":true}]}}