{"id":7927,"date":"2019-06-24T14:37:44","date_gmt":"2019-06-24T12:37:44","guid":{"rendered":"https:\/\/minesup.gov.cm\/?page_id=7927"},"modified":"2019-06-24T14:37:44","modified_gmt":"2019-06-24T12:37:44","slug":"institut-superieur-evangelique-des-technologies-et-de-gestion-isetag","status":"publish","type":"page","link":"https:\/\/www.minesup.gov.cm\/index.php\/region-du-littoral\/institut-superieur-evangelique-des-technologies-et-de-gestion-isetag\/","title":{"rendered":"Institut Sup\u00e9rieur Evang\u00e9lique des Technologies et de Gestion (ISETAG)"},"content":{"rendered":"<p><strong>INFORMATIONS D\u2019IDENTIFICATION<\/strong><\/p>\n<p><strong>Nom de l\u2019institution\u00a0<\/strong>:<strong> Institut Sup\u00e9rieur Evang\u00e9lique des Technologies et de Gestion (ISETAG)<\/strong><br \/>\n<strong>Nom du promoteur<\/strong>\u00a0: <strong>PAMEN Flaubert<\/strong><br \/>\n<strong>R\u00e9gion\u00a0<\/strong>: Littoral<br \/>\n<strong>D\u00e9partement\u00a0<\/strong>: Wouri<br \/>\n<strong>Arrondissement\u00a0<\/strong>: Douala 3<sup>\u00e8me<\/sup><br \/>\n<strong>Site de localisation\u00a0<\/strong>: Village<br \/>\n<strong>Adresse postale<\/strong>\u00a0: 11237 Douala<br \/>\n<strong>T\u00e9l\u00e9phone\u00a0<\/strong>: 697\u00a0409 017<br \/>\n<strong>Email<\/strong>\u00a0:<br \/>\n<strong>Site web<\/strong>\u00a0:<br \/>\n<strong>Adresse dans les r\u00e9seaux sociaux\u00a0<\/strong>:<\/p>\n<p><strong>INFORMATIONS SUR LE STATUT D\u2019ACCR\u00c9DITATION<\/strong><\/p>\n<p><strong>Arr\u00eat\u00e9s portant cr\u00e9ation <\/strong>: N\u00b015\/09096\/L\/MINESUP\/SG\/DDES\/ESUP\/SDA\/MM du 28 septembre 2015<br \/>\n<strong>Autorisation d\u2019ouverture<\/strong>\u00a0: N\u00b015\/09096\/L\/MINESUP\/SG\/DDES\/ESUP\/SDA\/MM du 28 septembre 2015<\/p>\n<p><strong>FILI\u00c8RES, SP\u00c9CIALIT\u00c9S ET DIPL\u00d4MES AUTORIS\u00c9S<\/strong><\/p>\n<p><strong><u>NOUVEAU REGIME<\/u><\/strong><\/p>\n<ul>\n<li><strong>BTS <\/strong><\/li>\n<\/ul>\n<p><strong><u>Fili\u00e8re 1<\/u><\/strong><strong>\u00a0: Commerce-Vente<\/strong><\/p>\n<p><strong><u>Sp\u00e9cialit\u00e9<\/u>\u00a0<\/strong>: Commerce International.<\/p>\n<p><strong><u>Fili\u00e8re 2<\/u><\/strong><strong>\u00a0: Gestion<\/strong><\/p>\n<p><strong><u>Sp\u00e9cialit\u00e9s<\/u>\u00a0<\/strong>: Comptabilit\u00e9 et Gestion des Entreprises\u00a0\u00a0&#8211; Assistant Manager &#8211; Banque et Finance.<\/p>\n<p><strong><u>Fili\u00e8re 3<\/u><\/strong><strong>\u00a0: G\u00e9nie Electrique<\/strong><\/p>\n<p><strong><u>Sp\u00e9cialit\u00e9s<\/u><\/strong> : Electrotechnique &#8211; Maintenance des Syst\u00e8mes Electroniques.<\/p>\n<p><strong><u>Fili\u00e8re 4<\/u><\/strong><strong>\u00a0: G\u00e9nie Thermique<\/strong><\/p>\n<p><strong><u>Sp\u00e9cialit\u00e9s<\/u><\/strong> : G\u00e9nie Termique et Energie (<em><u>Options<\/u><\/em><strong>\u00a0<\/strong>: Froid et Climatisation\u00a0; Maintenance des Syst\u00e8mes Fluides).<\/p>\n<p><strong><u>Fili\u00e8re 5<\/u><\/strong><strong>\u00a0: G\u00e9nie Civil<\/strong><\/p>\n<p><strong><u>Sp\u00e9cialit\u00e9s<\/u><\/strong> : Travaux Publics\u00a0&#8211; B\u00e2timent &#8211; Menuiserie et Eb\u00e9nisterie<\/p>\n<p><strong><u>Fili\u00e8re 6<\/u><\/strong><strong>\u00a0: G\u00e9nie M\u00e9canique et Productique<\/strong><\/p>\n<p><strong><u>Sp\u00e9cialit\u00e9s<\/u><\/strong> : Construction et Fabrication M\u00e9caniques (<em><u>Options<\/u><\/em><strong>\u00a0<\/strong>: Fabrication M\u00e9canique\u00a0; Construction M\u00e9canique)\u00a0 &#8211; Construction M\u00e9tallique &#8211; Chaudronnerie et Soudure &#8211; M\u00e9canique et Electronique Automobiles (<em><u>Option<\/u><\/em><strong>\u00a0<\/strong>: Maintenance et Apr\u00e8s-Vente Automobile).<\/p>\n<p><strong><u>Fili\u00e8re 7<\/u><\/strong><strong>\u00a0: G\u00e9nie Informatique<\/strong><\/p>\n<p><strong><u>Sp\u00e9cialit\u00e9s<\/u><\/strong> : G\u00e9nie Logiciel &#8211; Infographie et Web-design &#8211; Maintenance des Syst\u00e8mes Informatiques &#8211; Informatique Industrielle et Automatisme &#8211; E-Commerce et Marketing Num\u00e9rique.<\/p>\n","protected":false},"excerpt":{"rendered":"<p>&#46;&#46;&#46;<\/p>\n","protected":false},"author":2,"featured_media":0,"parent":1743,"menu_order":0,"comment_status":"closed","ping_status":"closed","template":"","meta":[],"_links":{"self":[{"href":"https:\/\/www.minesup.gov.cm\/index.php\/wp-json\/wp\/v2\/pages\/7927"}],"collection":[{"href":"https:\/\/www.minesup.gov.cm\/index.php\/wp-json\/wp\/v2\/pages"}],"about":[{"href":"https:\/\/www.minesup.gov.cm\/index.php\/wp-json\/wp\/v2\/types\/page"}],"author":[{"embeddable":true,"href":"https:\/\/www.minesup.gov.cm\/index.php\/wp-json\/wp\/v2\/users\/2"}],"replies":[{"embeddable":true,"href":"https:\/\/www.minesup.gov.cm\/index.php\/wp-json\/wp\/v2\/comments?post=7927"}],"version-history":[{"count":0,"href":"https:\/\/www.minesup.gov.cm\/index.php\/wp-json\/wp\/v2\/pages\/7927\/revisions"}],"up":[{"embeddable":true,"href":"https:\/\/www.minesup.gov.cm\/index.php\/wp-json\/wp\/v2\/pages\/1743"}],"wp:attachment":[{"href":"https:\/\/www.minesup.gov.cm\/index.php\/wp-json\/wp\/v2\/media?parent=7927"}],"curies":[{"name":"wp","href":"https:\/\/api.w.org\/{rel}","templated":true}]}}