{"id":7929,"date":"2019-06-24T14:41:50","date_gmt":"2019-06-24T12:41:50","guid":{"rendered":"https:\/\/minesup.gov.cm\/?page_id=7929"},"modified":"2019-06-24T14:41:50","modified_gmt":"2019-06-24T12:41:50","slug":"institut-superieur-la-perle-islape","status":"publish","type":"page","link":"https:\/\/www.minesup.gov.cm\/index.php\/region-du-littoral\/institut-superieur-la-perle-islape\/","title":{"rendered":"Institut Sup\u00e9rieur la Perle (ISLAPE)"},"content":{"rendered":"<p><strong>INFORMATIONS D\u2019IDENTIFICATION<\/strong><\/p>\n<p><strong>Nom de l\u2019institution\u00a0<\/strong>: <strong>Institut Sup\u00e9rieur la Perle (ISLAPE)<\/strong><\/p>\n<p><strong>Nom du promoteur<\/strong>\u00a0: <strong>NOAH Justine L\u00e9ocadie \u00e9pouse NDZANA MVONDO<\/strong><br \/>\n<strong>R\u00e9gion\u00a0<\/strong>: Littoral<br \/>\n<strong>D\u00e9partement\u00a0<\/strong>: Wouri<br \/>\n<strong>Arrondissement\u00a0<\/strong>: Douala 3<sup>\u00e8me<\/sup><br \/>\n<strong>Site de localisation\u00a0<\/strong>: Yassa<br \/>\n<strong>Adresse postale<\/strong>\u00a0: 760 Douala<br \/>\n<strong>T\u00e9l\u00e9phone\u00a0<\/strong>: 677\u00a0737 734<br \/>\n<strong>Email<\/strong>\u00a0:<br \/>\n<strong>Site web<\/strong>\u00a0:<br \/>\n<strong>Adresse dans les r\u00e9seaux sociaux\u00a0<\/strong>:<\/p>\n<p><strong>INFORMATIONS SUR LE STATUT D\u2019ACCR\u00c9DITATION<\/strong><\/p>\n<p><strong>Arr\u00eat\u00e9s portant cr\u00e9ation <\/strong>: N\u00b017-09460\/L\/MINESUP\/SG\/DDES\/ESUP\/SDA\/OAGS\u00a0 du 20 septembre 2017<br \/>\n<strong>Autorisation d\u2019ouverture<\/strong>\u00a0: N\u00b017-09460\/L\/MINESUP\/SG\/DDES\/ESUP\/SDA\/OAGS\u00a0 du 20 septembre 201<\/p>\n<p><strong>FILI\u00c8RES, SP\u00c9CIALIT\u00c9S ET DIPL\u00d4MES AUTORIS\u00c9S<\/strong><\/p>\n<p><strong><u>NOUVEAU REGIME<\/u><\/strong><\/p>\n<ul>\n<li><strong>BTS<\/strong><\/li>\n<\/ul>\n<p><strong><u>Fili\u00e8re 1<\/u><\/strong>\u00a0: <strong>Commerce-Vente<\/strong><\/p>\n<p><strong><u>Sp\u00e9cialit\u00e9s<\/u><\/strong><strong>\u00a0<\/strong>: Commerce International &#8211; Marketing, Commerce, Vente.<\/p>\n<p><strong><u>Fili\u00e8re 2<\/u><\/strong>\u00a0: <strong>Gestion<\/strong><\/p>\n<p><strong><u>Sp\u00e9cialit\u00e9s<\/u><\/strong><strong>\u00a0<\/strong>: Comptabilit\u00e9 et Gestion des Entreprises &#8211; Banque et Finance &#8211; Gestion Logistique et Transport &#8211; Gestion des Syst\u00e8mes d\u2019Information &#8211; Gestion des Projets &#8211; Ressources Humaines &#8211; Assurance &#8211; Assistant Manager &#8211; Statistiques.<\/p>\n<p><strong><u>Fili\u00e8re 3<\/u><\/strong><strong> : Carri\u00e8res Juridiques<\/strong><\/p>\n<p><strong><u>Sp\u00e9cialit\u00e9s<\/u><\/strong> : Assistanat Judiciaire &#8211; Droit Foncier et Domanial &#8211; Gestion Fiscale &#8211; Douane et Transit.<\/p>\n<p><strong><u>Fili\u00e8re 4<\/u><\/strong><strong>\u00a0<\/strong>: <strong>G\u00e9nie Civil<\/strong><\/p>\n<p><strong><u>Sp\u00e9cialit\u00e9s<\/u><\/strong><strong>\u00a0<\/strong>: B\u00e2timent\u00a0&#8211; Travaux Publics\u00a0&#8211; G\u00e9om\u00e8tre topographe\u00a0&#8211; G\u00e9otechnique\u00a0et G\u00e9ologie Appliqu\u00e9e &#8211; Urbanisme.<\/p>\n<p><strong><u>Fili\u00e8re 5<\/u><\/strong><strong>\u00a0<\/strong>: <strong>G\u00e9nie M\u00e9canique et Productique<\/strong><\/p>\n<p><strong><u>Sp\u00e9cialit\u00e9<\/u><\/strong><strong>\u00a0<\/strong>: Technologies de la Marine Marchande.<\/p>\n<p><strong><u>Fili\u00e8re 6<\/u><\/strong><strong>\u00a0<\/strong>: <strong>G\u00e9nie Informatique<\/strong><\/p>\n<p><strong><u>Sp\u00e9cialit\u00e9s<\/u><\/strong><strong>\u00a0<\/strong>: Maintenance des Syst\u00e8mes Informatiques &#8211; G\u00e9nie Logiciel &#8211; E-Commerce et Marketing Num\u00e9rique &#8211; Infographie et Web-Design &#8211; Informatique Industrielle et Automatisme.<\/p>\n<p><strong><u>Fili\u00e8re 7<\/u><\/strong><strong>\u00a0<\/strong>: <strong>Information et Communication<\/strong><\/p>\n<p><strong><u>Sp\u00e9cialit\u00e9s<\/u><\/strong><strong>\u00a0<\/strong>: Communication des Organisations &#8211; Journalisme.<\/p>\n<p><strong><u>Fili\u00e8re 8<\/u><\/strong><strong>\u00a0<\/strong>: <strong>R\u00e9seaux et T\u00e9l\u00e9communications<\/strong><\/p>\n<p><strong><u>Sp\u00e9cialit\u00e9s<\/u><\/strong><strong>\u00a0<\/strong>: T\u00e9l\u00e9communications &#8211; R\u00e9seaux et S\u00e9curit\u00e9.<\/p>\n<p><strong><u>Fili\u00e8re 9<\/u><\/strong><strong>\u00a0<\/strong>: <strong>Tourisme, H\u00f4tellerie et Restauration<\/strong><\/p>\n<p><strong><u>Sp\u00e9cialit\u00e9s<\/u><\/strong><strong>\u00a0<\/strong>: Tourisme et Loisir &#8211; H\u00f4tellerie \u2013 Restauration.<\/p>\n<p>&nbsp;<\/p>\n<p><strong><u>ANCIEN REGIME<\/u><\/strong><\/p>\n<p><strong>\u00a0<\/strong><\/p>\n<ul>\n<li><strong>HND<\/strong><\/li>\n<\/ul>\n<p><strong><u>Fili\u00e8re 1<\/u><\/strong>\u00a0: <strong>Business, Finance and Management<\/strong><\/p>\n<p><strong><u>Sp\u00e9cialit\u00e9s<\/u><\/strong><strong>\u00a0<\/strong>: Accountancy &#8211; Banking and Finance &#8211; Insurance &#8211; Logistic and Transport &#8211; Management &#8211; Marketing &#8211; Secretarial Studies, Public Service and Administration.<\/p>\n<p><strong><u>Fili\u00e8re 2<\/u><\/strong>\u00a0: <strong>Engineering and Technology<\/strong><\/p>\n<p><strong><u>Sp\u00e9cialit\u00e9s<\/u><\/strong><strong>\u00a0<\/strong>: Computer Engineering &#8211; Civil Engineering &#8211; Mechanical Engineering &#8211; Electrical and Electronics Engineering.<\/p>\n","protected":false},"excerpt":{"rendered":"<p>&#46;&#46;&#46;<\/p>\n","protected":false},"author":2,"featured_media":0,"parent":1743,"menu_order":0,"comment_status":"closed","ping_status":"closed","template":"","meta":[],"_links":{"self":[{"href":"https:\/\/www.minesup.gov.cm\/index.php\/wp-json\/wp\/v2\/pages\/7929"}],"collection":[{"href":"https:\/\/www.minesup.gov.cm\/index.php\/wp-json\/wp\/v2\/pages"}],"about":[{"href":"https:\/\/www.minesup.gov.cm\/index.php\/wp-json\/wp\/v2\/types\/page"}],"author":[{"embeddable":true,"href":"https:\/\/www.minesup.gov.cm\/index.php\/wp-json\/wp\/v2\/users\/2"}],"replies":[{"embeddable":true,"href":"https:\/\/www.minesup.gov.cm\/index.php\/wp-json\/wp\/v2\/comments?post=7929"}],"version-history":[{"count":0,"href":"https:\/\/www.minesup.gov.cm\/index.php\/wp-json\/wp\/v2\/pages\/7929\/revisions"}],"up":[{"embeddable":true,"href":"https:\/\/www.minesup.gov.cm\/index.php\/wp-json\/wp\/v2\/pages\/1743"}],"wp:attachment":[{"href":"https:\/\/www.minesup.gov.cm\/index.php\/wp-json\/wp\/v2\/media?parent=7929"}],"curies":[{"name":"wp","href":"https:\/\/api.w.org\/{rel}","templated":true}]}}