{"id":7931,"date":"2019-06-24T14:44:36","date_gmt":"2019-06-24T12:44:36","guid":{"rendered":"https:\/\/minesup.gov.cm\/?page_id=7931"},"modified":"2019-06-24T14:44:36","modified_gmt":"2019-06-24T12:44:36","slug":"institut-superieur-lumiere","status":"publish","type":"page","link":"https:\/\/www.minesup.gov.cm\/index.php\/region-du-littoral\/institut-superieur-lumiere\/","title":{"rendered":"Institut Sup\u00e9rieur Lumi\u00e8re"},"content":{"rendered":"<p><strong>INFORMATIONS D\u2019IDENTIFICATION<\/strong><\/p>\n<p><strong>Nom de l\u2019institution\u00a0<\/strong>: <strong>Institut Sup\u00e9rieur Lumi\u00e8re<\/strong><\/p>\n<p><strong>Nom du promoteur<\/strong>\u00a0: <strong>TAM Fr\u00e9d\u00e9ric<\/strong><br \/>\n<strong>R\u00e9gion\u00a0<\/strong>: Littoral<br \/>\n<strong>D\u00e9partement\u00a0<\/strong>: Wouri<br \/>\n<strong>Arrondissement\u00a0<\/strong>: Douala 3<sup>\u00e8me<\/sup><br \/>\n<strong>Site de localisation\u00a0<\/strong>: Ndokotti<\/p>\n<p><strong>Adresse postale<\/strong>\u00a0: 7440 Douala<br \/>\n<strong>T\u00e9l\u00e9phone\u00a0<\/strong>: 696 22 92 69<br \/>\n<strong>Email<\/strong>\u00a0:<br \/>\n<strong>Site web<\/strong>\u00a0:<br \/>\n<strong>Adresse dans les r\u00e9seaux sociaux\u00a0<\/strong>:<\/p>\n<p><strong>INFORMATIONS SUR LE STATUT D\u2019ACCR\u00c9DITATION<\/strong><\/p>\n<p><strong>Arr\u00eat\u00e9s portant cr\u00e9ation <\/strong>: N\u00b008\/0268\/MINESUP\u00a0 du 03 octobre 2008<\/p>\n<p><strong>Autorisation d\u2019ouverture<\/strong>\u00a0: N\u00b012\/0361\/MINESUP du 17 ao\u00fbt 2012<\/p>\n<p><strong>FILI\u00c8RES, SP\u00c9CIALIT\u00c9S ET DIPL\u00d4MES AUTORIS\u00c9S<\/strong><\/p>\n<p><strong><u>ANCIEN REGIME<\/u><\/strong><\/p>\n<ul>\n<li><strong>BTS<\/strong><\/li>\n<\/ul>\n<p><strong><u>Fili\u00e8re 1<\/u><\/strong><strong>\u00a0: Commerciale et de Gestion<\/strong><\/p>\n<p><strong><u>Sp\u00e9cialit\u00e9s<\/u>\u00a0<\/strong>: Comptabilit\u00e9 et Gestion des Entreprises\u00a0\u00a0&#8211; Informatique de Gestion\u00a0&#8211; Commerce International\u00a0&#8211;\u00a0 Action Commerciale &#8211; Secr\u00e9tariat et Bureautique (<em><u>Option<\/u>s<\/em><strong>\u00a0<\/strong>: Secr\u00e9tariat de Direction\u00a0; Secr\u00e9tariat Bureautique Bilingue) &#8211; Transport et Logistique &#8211; Assurances &#8211; Banque.<\/p>\n<p><strong><u>Fili\u00e8re 2<\/u><\/strong><strong>\u00a0: Communication<\/strong><\/p>\n<p><strong><u>Sp\u00e9cialit\u00e9<\/u><\/strong><strong>\u00a0<\/strong>: Information-Communication (<em><u>Options<\/u><\/em><strong>\u00a0<\/strong>: Communication d\u2019Entreprise &#8211; Journalisme\u00a0; Photographie Audiovisuelle).<\/p>\n<p><strong><u>Fili\u00e8re 3<\/u><\/strong><strong>\u00a0: Industrielle et Technologique<\/strong><\/p>\n<p><strong><u>Sp\u00e9cialit\u00e9s<\/u><\/strong> : G\u00e9nie Electrique (<em><u>Options<\/u><\/em><strong>\u00a0<\/strong>: Electronique\u00a0; Electrotechnique\u00a0; Froid et Climatisation) &#8211; Maintenance des Syst\u00e8mes Informatiques &#8211; G\u00e9nie M\u00e9canique (<em><u>Option<\/u><\/em><strong>\u00a0<\/strong>: Maintenance et Apr\u00e8s-Vente Automobile) &#8211; Informatique Industrielle &#8211; G\u00e9nie Civil (<em><u>Options<\/u><\/em><strong>\u00a0<\/strong>: Travaux Publics\u00a0; B\u00e2timent).<\/p>\n<p><strong>\u00a0<\/strong><\/p>\n<ul>\n<li><strong>DSEP<\/strong><\/li>\n<\/ul>\n<p><strong><u>Fili\u00e8re\u00a01<\/u><\/strong><strong> : Banque<\/strong><\/p>\n<p><strong><u>Fili\u00e8re 2<\/u><\/strong><strong>\u00a0: Marketing, Commerce Vente<\/strong><\/p>\n<p><strong><u>Fili\u00e8re 3<\/u><\/strong><strong>\u00a0: Informatique<\/strong><\/p>\n<p><strong><u>Fili\u00e8re 4<\/u><\/strong><strong>\u00a0: Gestion des Entreprises et des Administrations<\/strong><\/p>\n<p><strong><u>Sp\u00e9cialit\u00e9<\/u><\/strong> : Ressources Humaines.<\/p>\n<p><strong><u>Fili\u00e8re 5<\/u><\/strong><strong>\u00a0: G\u00e9nie Electrique et T\u00e9l\u00e9communications<\/strong><\/p>\n<p><strong><u>Sp\u00e9cialit\u00e9<\/u><\/strong> : T\u00e9l\u00e9communications et R\u00e9seaux.<\/p>\n<p><strong><u>Fili\u00e8re 6<\/u><\/strong><strong> : Professions\u00a0 M\u00e9dico-sanitaires<\/strong><\/p>\n<p><strong><u>Sp\u00e9cialit\u00e9s<\/u><\/strong> : Soins Infirmiers &#8211; Techniques de Laboratoire M\u00e9dicale &#8211; Kin\u00e9sith\u00e9rapie<\/p>\n","protected":false},"excerpt":{"rendered":"<p>&#46;&#46;&#46;<\/p>\n","protected":false},"author":2,"featured_media":0,"parent":1743,"menu_order":0,"comment_status":"closed","ping_status":"closed","template":"","meta":[],"_links":{"self":[{"href":"https:\/\/www.minesup.gov.cm\/index.php\/wp-json\/wp\/v2\/pages\/7931"}],"collection":[{"href":"https:\/\/www.minesup.gov.cm\/index.php\/wp-json\/wp\/v2\/pages"}],"about":[{"href":"https:\/\/www.minesup.gov.cm\/index.php\/wp-json\/wp\/v2\/types\/page"}],"author":[{"embeddable":true,"href":"https:\/\/www.minesup.gov.cm\/index.php\/wp-json\/wp\/v2\/users\/2"}],"replies":[{"embeddable":true,"href":"https:\/\/www.minesup.gov.cm\/index.php\/wp-json\/wp\/v2\/comments?post=7931"}],"version-history":[{"count":0,"href":"https:\/\/www.minesup.gov.cm\/index.php\/wp-json\/wp\/v2\/pages\/7931\/revisions"}],"up":[{"embeddable":true,"href":"https:\/\/www.minesup.gov.cm\/index.php\/wp-json\/wp\/v2\/pages\/1743"}],"wp:attachment":[{"href":"https:\/\/www.minesup.gov.cm\/index.php\/wp-json\/wp\/v2\/media?parent=7931"}],"curies":[{"name":"wp","href":"https:\/\/api.w.org\/{rel}","templated":true}]}}